{"id":7894,"date":"2026-04-14T16:06:05","date_gmt":"2026-04-14T13:06:05","guid":{"rendered":"https:\/\/goodmoodmeals.com\/?post_type=product&#038;p=7894"},"modified":"2026-04-14T16:31:24","modified_gmt":"2026-04-14T13:31:24","slug":"vistas-plovs","status":"publish","type":"product","link":"https:\/\/goodmoodmeals.com\/lv\/produkti\/vistas-plovs\/","title":{"rendered":"Vistas Plovs"},"content":{"rendered":"<h3>Sast\u0101vda\u013cas<\/h3>\n<p>R\u012bsi (75%), vistas fileja (21%), burk\u0101ni, rap\u0161u e\u013c\u013ca, kukur\u016bzas ciete, kalt\u0113ti s\u012bpoli, gar\u0161vielas, s\u0101ls.<\/p>\n<h3>Alerg\u0113ni<\/h3>\n<p><strong>Var satur\u0113t:<\/strong> olas, sojas, sinepes, sinepes, sezama, citu graudaugu.<br \/>\n<em>Izgatavots un iepakots uz\u0146\u0113mum\u0101, kas apstr\u0101d\u0101 \u0161os alerg\u0113nus.<\/em><\/p>\n","protected":false},"excerpt":{"rendered":"<p><strong>Arom\u0101tisks un mierino\u0161s vistas plovs &#8211; s\u0101t\u012bgs \u0113diens piedz\u012bvojumiem br\u012bv\u0101 dab\u0101.<\/strong> Izbaudiet s\u0101t\u012bgu un gardu <strong>liofiliz\u0113ta vistas plovu<\/strong>, kas pagatavots no maigas vistas ga\u013cas, p\u016bkainiem r\u012bsiem un r\u016bp\u012bgi atlas\u012bt\u0101m gar\u0161viel\u0101m. Neatkar\u012bgi no t\u0101, vai esat kemping\u0101, p\u0101rg\u0101jien\u0101 vai gatavojat rezerves p\u0101rtikas kr\u0101jumus, \u0161\u012b <strong>viegl\u0101 un ilgi uzglab\u0101jam\u0101 malt\u012bte<\/strong> ir gatava j\u016bsu ce\u013cojuma atbalstam. Vienk\u0101r\u0161i pievienojiet karstu \u016bdeni un izbaudiet <strong>siltu, m\u0101j\u0101s gatavotu \u0113dienu<\/strong> jebkur\u0101 viet\u0101. Esiet s\u0101t\u012bgi un pilni ener\u0123ijas ar \u0161o <strong>gar\u0161\u012bgo un \u0113rto malt\u012bti<\/strong>.<\/p>\n<p style=\"text-align: center;\">\u2713 <strong>8 gadu der\u012bguma termi\u0146\u0161<\/strong> \u2713 <strong>Viegls un \u0101tri pagatavojams<\/strong> \u2713 <strong>S\u0101t\u012bgs un ar gar\u0161u bag\u0101ts<\/strong> \u2713 <strong>Nav nepiecie\u0161ams sald\u0113t<\/strong>.<\/p>\n","protected":false},"featured_media":7926,"comment_status":"open","ping_status":"closed","template":"","meta":[],"product_brand":[],"product_cat":[116,126,198],"product_tag":[],"class_list":{"0":"post-7894","1":"product","2":"type-product","3":"status-publish","4":"has-post-thumbnail","6":"product_cat-liofilizeta-partika","7":"product_cat-pamatedieni","8":"product_cat-sale","10":"first","11":"instock","12":"taxable","13":"shipping-taxable","14":"purchasable","15":"product-type-simple"},"_links":{"self":[{"href":"https:\/\/goodmoodmeals.com\/lv\/wp-json\/wp\/v2\/product\/7894","targetHints":{"allow":["GET"]}}],"collection":[{"href":"https:\/\/goodmoodmeals.com\/lv\/wp-json\/wp\/v2\/product"}],"about":[{"href":"https:\/\/goodmoodmeals.com\/lv\/wp-json\/wp\/v2\/types\/product"}],"replies":[{"embeddable":true,"href":"https:\/\/goodmoodmeals.com\/lv\/wp-json\/wp\/v2\/comments?post=7894"}],"wp:featuredmedia":[{"embeddable":true,"href":"https:\/\/goodmoodmeals.com\/lv\/wp-json\/wp\/v2\/media\/7926"}],"wp:attachment":[{"href":"https:\/\/goodmoodmeals.com\/lv\/wp-json\/wp\/v2\/media?parent=7894"}],"wp:term":[{"taxonomy":"product_brand","embeddable":true,"href":"https:\/\/goodmoodmeals.com\/lv\/wp-json\/wp\/v2\/product_brand?post=7894"},{"taxonomy":"product_cat","embeddable":true,"href":"https:\/\/goodmoodmeals.com\/lv\/wp-json\/wp\/v2\/product_cat?post=7894"},{"taxonomy":"product_tag","embeddable":true,"href":"https:\/\/goodmoodmeals.com\/lv\/wp-json\/wp\/v2\/product_tag?post=7894"}],"curies":[{"name":"wp","href":"https:\/\/api.w.org\/{rel}","templated":true}]}}