{"id":7874,"date":"2026-04-13T11:05:53","date_gmt":"2026-04-13T08:05:53","guid":{"rendered":"https:\/\/goodmoodmeals.com\/product\/rice-pudding-with-chia-berries-and-protein\/"},"modified":"2026-04-14T16:30:51","modified_gmt":"2026-04-14T13:30:51","slug":"risu-pudins-ar-chia-ogam-un-proteinu","status":"publish","type":"product","link":"https:\/\/goodmoodmeals.com\/lv\/produkti\/risu-pudins-ar-chia-ogam-un-proteinu\/","title":{"rendered":"R\u012bsu pudi\u0146\u0161 ar chia, og\u0101m un prote\u012bnu"},"content":{"rendered":"<h3>Sast\u0101vda\u013cas<\/h3>\n<p>R\u012bsi 30%; ogas 12%; \u010dia s\u0113klas 5%; saldais <strong>kr\u0113jums<\/strong>;<strong> piens<\/strong>; cukurs; r\u012bsu prote\u012bns 2%; vanil\u012bns<\/p>\n<h3>Alerg\u0113ni<\/h3>\n<p>Satur: Piens (kr\u0113jums).<\/p>\n<p><strong>Var satur\u0113t:<\/strong> olas, sojas, sinepes, sinepes, sezama, citu graudaugu.<br \/>\n<em>Izgatavots un iepakots uz\u0146\u0113mum\u0101, kas apstr\u0101d\u0101 \u0161os alerg\u0113nus.<\/em><\/p>\n","protected":false},"excerpt":{"rendered":"<p>Sast\u0101vda\u013cas R\u012bsi 30%; ogas 12%; \u010dia s\u0113klas 5%; saldais kr\u0113jums; piens; cukurs; r\u012bsu prote\u012bns 2%; vanil\u012bns Alerg\u0113ni Satur: Piens (kr\u0113jums). Var satur\u0113t: olas, sojas, sinepes, sinepes, sezama, citu graudaugu. Izgatavots un iepakots uz\u0146\u0113mum\u0101, kas apstr\u0101d\u0101 \u0161os alerg\u0113nus.<\/p>\n","protected":false},"featured_media":7866,"comment_status":"open","ping_status":"closed","template":"","meta":[],"product_brand":[],"product_cat":[125,136,116],"product_tag":[],"class_list":{"0":"post-7874","1":"product","2":"type-product","3":"status-publish","4":"has-post-thumbnail","6":"product_cat-brokastis","7":"product_cat-deserti","8":"product_cat-liofilizeta-partika","10":"first","11":"instock","12":"taxable","13":"shipping-taxable","14":"purchasable","15":"product-type-simple"},"_links":{"self":[{"href":"https:\/\/goodmoodmeals.com\/lv\/wp-json\/wp\/v2\/product\/7874","targetHints":{"allow":["GET"]}}],"collection":[{"href":"https:\/\/goodmoodmeals.com\/lv\/wp-json\/wp\/v2\/product"}],"about":[{"href":"https:\/\/goodmoodmeals.com\/lv\/wp-json\/wp\/v2\/types\/product"}],"replies":[{"embeddable":true,"href":"https:\/\/goodmoodmeals.com\/lv\/wp-json\/wp\/v2\/comments?post=7874"}],"wp:featuredmedia":[{"embeddable":true,"href":"https:\/\/goodmoodmeals.com\/lv\/wp-json\/wp\/v2\/media\/7866"}],"wp:attachment":[{"href":"https:\/\/goodmoodmeals.com\/lv\/wp-json\/wp\/v2\/media?parent=7874"}],"wp:term":[{"taxonomy":"product_brand","embeddable":true,"href":"https:\/\/goodmoodmeals.com\/lv\/wp-json\/wp\/v2\/product_brand?post=7874"},{"taxonomy":"product_cat","embeddable":true,"href":"https:\/\/goodmoodmeals.com\/lv\/wp-json\/wp\/v2\/product_cat?post=7874"},{"taxonomy":"product_tag","embeddable":true,"href":"https:\/\/goodmoodmeals.com\/lv\/wp-json\/wp\/v2\/product_tag?post=7874"}],"curies":[{"name":"wp","href":"https:\/\/api.w.org\/{rel}","templated":true}]}}