{"id":6989,"date":"2026-03-25T18:34:00","date_gmt":"2026-03-25T16:34:00","guid":{"rendered":"https:\/\/goodmoodmeals.com\/product\/piedzivojumu-starta-komplekts\/"},"modified":"2026-03-27T13:37:26","modified_gmt":"2026-03-27T11:37:26","slug":"piedzivojumu-starta-komplekts","status":"publish","type":"product","link":"https:\/\/goodmoodmeals.com\/lv\/produkti\/piedzivojumu-starta-komplekts\/","title":{"rendered":"Piedz\u012bvojumu Starta Komplekts"},"content":{"rendered":"","protected":false},"excerpt":{"rendered":"<div style=\"max-width: 820px; margin: 0 auto; padding: 28px 24px; background: linear-gradient(135deg, #f7faf7 0%, #eef7ef 100%); border: 1px solid rgba(0,0,0,0.06); border-radius: 22px; box-shadow: 0 10px 30px rgba(0,0,0,0.06); text-align: center;\">\n<p style=\"margin: 0 0 18px; font-size: 19px; line-height: 1.65; color: #1f2a1f; font-weight: 500;\">Ide\u0101ls ievads Good Mood Meals pasaul\u0113 \u2014 m\u016bsu vislab\u0101k pirkt\u0101kais s\u0101kuma komplekts ietver 5 no m\u016bsu popul\u0101r\u0101kajiem pamat\u0113dieniem un 1 desertu, pied\u0101v\u0101jot vienk\u0101r\u0161u iesp\u0113ju izm\u0113\u0123in\u0101t da\u017eus no m\u016bsu klientu iecien\u012bt\u0101kajiem \u0113dieniem.<\/p>\n<div style=\"display: inline-block; text-align: left; margin-top: 8px;\">\n<div style=\"display: flex; align-items: center; gap: 10px; margin-bottom: 10px; font-size: 16px; color: #243224;\"><span style=\"display: inline-flex; align-items: center; justify-content: center; width: 24px; height: 24px; border-radius: 50%; background: #2f6b3b; color: #fff; font-size: 14px; font-weight: bold;\">\u2713<\/span><br \/>\n<strong>Piln\u012bgs 6 malt\u012b\u0161u s\u0101kuma komplekts<\/strong><\/div>\n<div style=\"display: flex; align-items: center; gap: 10px; margin-bottom: 10px; font-size: 16px; color: #243224;\"><span style=\"display: inline-flex; align-items: center; justify-content: center; width: 24px; height: 24px; border-radius: 50%; background: #2f6b3b; color: #fff; font-size: 14px; font-weight: bold;\">\u2713<\/span><br \/>\n<strong>Viegls p\u0101rg\u0101jieniem un ce\u013cojumiem<\/strong><\/div>\n<div style=\"display: flex; align-items: center; gap: 10px; margin-bottom: 10px; font-size: 16px; color: #243224;\"><span style=\"display: inline-flex; align-items: center; justify-content: center; width: 24px; height: 24px; border-radius: 50%; background: #2f6b3b; color: #fff; font-size: 14px; font-weight: bold;\">\u2713<\/span><br \/>\n<strong>Ilgs glab\u0101\u0161anas termi\u0146\u0161 \u2013 l\u012bdz pat 8 gadiem<\/strong><\/div>\n<div style=\"display: flex; align-items: center; gap: 10px; font-size: 16px; color: #243224;\"><span style=\"display: inline-flex; align-items: center; justify-content: center; width: 24px; height: 24px; border-radius: 50%; background: #2f6b3b; color: #fff; font-size: 14px; font-weight: bold;\">\u2713<\/span><br \/>\n<strong>Viegla pagatavo\u0161ana jebkur\u0101 viet\u0101<\/strong><\/div>\n<\/div>\n<\/div>\n","protected":false},"featured_media":6959,"comment_status":"open","ping_status":"closed","template":"","meta":[],"product_brand":[],"product_cat":[124,117,116],"product_tag":[],"class_list":{"0":"post-6989","1":"product","2":"type-product","3":"status-publish","4":"has-post-thumbnail","6":"product_cat-bestselleri","7":"product_cat-komplekti","8":"product_cat-liofilizeta-partika","10":"first","11":"instock","12":"taxable","13":"shipping-taxable","14":"purchasable","15":"product-type-simple"},"_links":{"self":[{"href":"https:\/\/goodmoodmeals.com\/lv\/wp-json\/wp\/v2\/product\/6989","targetHints":{"allow":["GET"]}}],"collection":[{"href":"https:\/\/goodmoodmeals.com\/lv\/wp-json\/wp\/v2\/product"}],"about":[{"href":"https:\/\/goodmoodmeals.com\/lv\/wp-json\/wp\/v2\/types\/product"}],"replies":[{"embeddable":true,"href":"https:\/\/goodmoodmeals.com\/lv\/wp-json\/wp\/v2\/comments?post=6989"}],"wp:featuredmedia":[{"embeddable":true,"href":"https:\/\/goodmoodmeals.com\/lv\/wp-json\/wp\/v2\/media\/6959"}],"wp:attachment":[{"href":"https:\/\/goodmoodmeals.com\/lv\/wp-json\/wp\/v2\/media?parent=6989"}],"wp:term":[{"taxonomy":"product_brand","embeddable":true,"href":"https:\/\/goodmoodmeals.com\/lv\/wp-json\/wp\/v2\/product_brand?post=6989"},{"taxonomy":"product_cat","embeddable":true,"href":"https:\/\/goodmoodmeals.com\/lv\/wp-json\/wp\/v2\/product_cat?post=6989"},{"taxonomy":"product_tag","embeddable":true,"href":"https:\/\/goodmoodmeals.com\/lv\/wp-json\/wp\/v2\/product_tag?post=6989"}],"curies":[{"name":"wp","href":"https:\/\/api.w.org\/{rel}","templated":true}]}}