{"id":6173,"date":"2026-01-19T17:36:35","date_gmt":"2026-01-19T15:36:35","guid":{"rendered":"https:\/\/goodmoodmeals.com\/product\/griki-ar-vistu-un-krejuma-merci\/"},"modified":"2026-03-26T16:06:15","modified_gmt":"2026-03-26T14:06:15","slug":"griki-ar-vistu-un-krejuma-merci","status":"publish","type":"product","link":"https:\/\/goodmoodmeals.com\/lv\/produkti\/griki-ar-vistu-un-krejuma-merci\/","title":{"rendered":"Gri\u0137i ar vistu un kr\u0113juma m\u0113rci"},"content":{"rendered":"<h3>Sast\u0101vda\u013cas<\/h3>\n<p>Gri\u0137i (40%), m\u0113rce (40%) (m\u0113rce: kaus\u0113ts <strong>siers<\/strong> ( <strong>biezpiens<\/strong>, <strong>siers<\/strong> 32,7%, sald\u0101  <strong>kr\u0113juma<\/strong> pulveris, <strong>piena<\/strong> olbaltumvielas, \u016bdens<strong>, sviests<\/strong>, emul\u0123\u0113jo\u0161ais s\u0101ls (E331)); burk\u0101ni; sald\u0101 <strong>kr\u0113juma pulveris<\/strong>; rap\u0161u e\u013c\u013ca; <strong>kvie\u0161u<\/strong> milti; kartupe\u013cu ciete; s\u012bpoli; s\u0101ls; p\u0113ters\u012b\u013ci; melnie pipari), vistas ga\u013ca (20%).   <\/p>\n<h3>Alerg\u0113ni<\/h3>\n<p><strong>Satur:<\/strong> satur: pienu, lipekli<strong>(kvie\u0161i<\/strong>)<\/p>\n<p><strong>Var satur\u0113t:<\/strong> olas, sojas, sinepes, sinepes, sezama, citu graudaugu.<\/p>\n<p><em>Izgatavots un iepakots uz\u0146\u0113mum\u0101, kas apstr\u0101d\u0101 \u0161os alerg\u0113nus.<\/em><\/p>\n","protected":false},"excerpt":{"rendered":"<p><strong>Kr\u0113m\u012bga m\u0113rce vistas ga\u013ca un gri\u0137i &#8211; s\u0101t\u012bgs un m\u0101j\u012bgs \u0113diens no Good Mood Meals<\/strong><br \/>\nIzbaudiet Gri\u0137i ar vistu kr\u0113juma m\u0113rci, kas pagatavota no gri\u0137iem, maigas vistas ga\u013cas un maigas m\u0113rces ar d\u0101rze\u0146iem un gar\u0161augiem. Viegli, ilgi uzglab\u0101jami un gatavi da\u017eu min\u016b\u0161u laik\u0101 &#8211; ide\u0101li piem\u0113roti kempingiem, p\u0101rg\u0101jieniem vai \u0101rk\u0101rtas situ\u0101cij\u0101m. <\/p>\n<p>\u2713 8 gadu glab\u0101\u0161anas termi\u0146\u0161<\/p>\n<p>\u2713 Viegls un \u0101tri pagatavojams<\/p>\n<p>\u2713 Kr\u0113m\u012bgs un barojo\u0161s<\/p>\n<p>\u2713 Nav nepiecie\u0161ama dzes\u0113\u0161ana<\/p>\n","protected":false},"featured_media":6182,"comment_status":"open","ping_status":"closed","template":"","meta":[],"product_brand":[],"product_cat":[116,126],"product_tag":[],"class_list":{"0":"post-6173","1":"product","2":"type-product","3":"status-publish","4":"has-post-thumbnail","6":"product_cat-liofilizeta-partika","7":"product_cat-pamatedieni","9":"first","10":"instock","11":"taxable","12":"shipping-taxable","13":"purchasable","14":"product-type-simple"},"_links":{"self":[{"href":"https:\/\/goodmoodmeals.com\/lv\/wp-json\/wp\/v2\/product\/6173","targetHints":{"allow":["GET"]}}],"collection":[{"href":"https:\/\/goodmoodmeals.com\/lv\/wp-json\/wp\/v2\/product"}],"about":[{"href":"https:\/\/goodmoodmeals.com\/lv\/wp-json\/wp\/v2\/types\/product"}],"replies":[{"embeddable":true,"href":"https:\/\/goodmoodmeals.com\/lv\/wp-json\/wp\/v2\/comments?post=6173"}],"wp:featuredmedia":[{"embeddable":true,"href":"https:\/\/goodmoodmeals.com\/lv\/wp-json\/wp\/v2\/media\/6182"}],"wp:attachment":[{"href":"https:\/\/goodmoodmeals.com\/lv\/wp-json\/wp\/v2\/media?parent=6173"}],"wp:term":[{"taxonomy":"product_brand","embeddable":true,"href":"https:\/\/goodmoodmeals.com\/lv\/wp-json\/wp\/v2\/product_brand?post=6173"},{"taxonomy":"product_cat","embeddable":true,"href":"https:\/\/goodmoodmeals.com\/lv\/wp-json\/wp\/v2\/product_cat?post=6173"},{"taxonomy":"product_tag","embeddable":true,"href":"https:\/\/goodmoodmeals.com\/lv\/wp-json\/wp\/v2\/product_tag?post=6173"}],"curies":[{"name":"wp","href":"https:\/\/api.w.org\/{rel}","templated":true}]}}