{"id":6172,"date":"2026-01-19T17:43:04","date_gmt":"2026-01-19T15:43:04","guid":{"rendered":"https:\/\/goodmoodmeals.com\/product\/kremiga-pasta-ar-vistu\/"},"modified":"2026-03-26T16:06:14","modified_gmt":"2026-03-26T14:06:14","slug":"kremiga-pasta-ar-vistu","status":"publish","type":"product","link":"https:\/\/goodmoodmeals.com\/lv\/produkti\/kremiga-pasta-ar-vistu\/","title":{"rendered":"Kr\u0113m\u012bga pasta ar vistu"},"content":{"rendered":"<h3>Sast\u0101vda\u013cas<\/h3>\n<p>Makaroni 45% (cieto <strong>kvie\u0161u <\/strong>manna, \u016bdens); m\u0113rce 40% (m\u0113rce ( kaus\u0113tais <strong>siers <\/strong>(<strong>biezpiens<\/strong>, siers 32,7%, saldais <strong>kr\u0113jums<\/strong>, <strong>piena <\/strong>olbaltumvielas, \u016bdens, <strong>sviests <\/strong>emul\u0123\u0113jo\u0161ais s\u0101ls (E 331)); burk\u0101ni; saldais <strong>kr\u0113jums<\/strong>, rap\u0161u e\u013c\u013ca, <strong>kvie\u0161u <\/strong>milti; kartupe\u013cu ciete; s\u012bpoli; s\u0101ls; p\u0113ters\u012b\u013ci; melnie pipari); vistas ga\u013ca 20%.   <\/p>\n<h3>Alerg\u0113ni<\/h3>\n<p><strong>Satur:<\/strong> satur: pienu, lipekli<strong>(kvie\u0161i<\/strong>)<\/p>\n<p><strong>Var satur\u0113t:<\/strong> olas, sojas, sinepes, sinepes, sezama, citu graudaugu.<\/p>\n<p><em>Izgatavots un iepakots uz\u0146\u0113mum\u0101, kas apstr\u0101d\u0101 \u0161os alerg\u0113nus.<\/em><\/p>\n","protected":false},"excerpt":{"rendered":"<p><strong>Creamy Chicken Pasta &#8211; bag\u0101t\u012bgs un gards \u0113diens, ko pied\u0101v\u0101 Good Mood Meals<\/strong><br \/>\nIzbaudiet liofiliz\u0113to Creamy Chicken Pasta, kas pagatavota no maigas vistas ga\u013cas, makaroniem un siera m\u0113rces ar d\u0101rze\u0146iem un gar\u0161augiem. Viegls, ilgi uzglab\u0101jams un gatavs da\u017eu min\u016b\u0161u laik\u0101 &#8211; ide\u0101li piem\u0113roti kempingiem, p\u0101rg\u0101jieniem vai uzglab\u0101\u0161anai \u0101rk\u0101rtas situ\u0101cij\u0101s. <\/p>\n<p>\u2713 8 gadu glab\u0101\u0161anas termi\u0146\u0161<\/p>\n<p>\u2713 Viegls un \u0101tri pagatavojams<\/p>\n<p>\u2713 Kr\u0113m\u012bga, s\u0101t\u012bga un olbaltumviel\u0101m bag\u0101ta<\/p>\n<p>\u2713 Nav nepiecie\u0161ama dzes\u0113\u0161ana<\/p>\n","protected":false},"featured_media":6185,"comment_status":"open","ping_status":"closed","template":"","meta":[],"product_brand":[],"product_cat":[116,126],"product_tag":[],"class_list":{"0":"post-6172","1":"product","2":"type-product","3":"status-publish","4":"has-post-thumbnail","6":"product_cat-liofilizeta-partika","7":"product_cat-pamatedieni","9":"first","10":"instock","11":"taxable","12":"shipping-taxable","13":"purchasable","14":"product-type-simple"},"_links":{"self":[{"href":"https:\/\/goodmoodmeals.com\/lv\/wp-json\/wp\/v2\/product\/6172","targetHints":{"allow":["GET"]}}],"collection":[{"href":"https:\/\/goodmoodmeals.com\/lv\/wp-json\/wp\/v2\/product"}],"about":[{"href":"https:\/\/goodmoodmeals.com\/lv\/wp-json\/wp\/v2\/types\/product"}],"replies":[{"embeddable":true,"href":"https:\/\/goodmoodmeals.com\/lv\/wp-json\/wp\/v2\/comments?post=6172"}],"wp:featuredmedia":[{"embeddable":true,"href":"https:\/\/goodmoodmeals.com\/lv\/wp-json\/wp\/v2\/media\/6185"}],"wp:attachment":[{"href":"https:\/\/goodmoodmeals.com\/lv\/wp-json\/wp\/v2\/media?parent=6172"}],"wp:term":[{"taxonomy":"product_brand","embeddable":true,"href":"https:\/\/goodmoodmeals.com\/lv\/wp-json\/wp\/v2\/product_brand?post=6172"},{"taxonomy":"product_cat","embeddable":true,"href":"https:\/\/goodmoodmeals.com\/lv\/wp-json\/wp\/v2\/product_cat?post=6172"},{"taxonomy":"product_tag","embeddable":true,"href":"https:\/\/goodmoodmeals.com\/lv\/wp-json\/wp\/v2\/product_tag?post=6172"}],"curies":[{"name":"wp","href":"https:\/\/api.w.org\/{rel}","templated":true}]}}