{"id":4738,"date":"2025-07-11T11:02:29","date_gmt":"2025-07-11T08:02:29","guid":{"rendered":"https:\/\/goodmoodmeals.com\/product\/sildelements\/"},"modified":"2026-03-26T16:06:15","modified_gmt":"2026-03-26T14:06:15","slug":"sildelements","status":"publish","type":"product","link":"https:\/\/goodmoodmeals.com\/lv\/produkti\/sildelements\/","title":{"rendered":"Sildelements"},"content":{"rendered":"<ol>\n<li>\n<h2 data-start=\"182\" data-end=\"234\">LIETOT\u0100JA INSTRUKCIJAS &#8211; LIOFILIZ\u0112TU \u0112DIENU SILD\u012a\u0160ANA<\/h2>\n<p data-start=\"236\" data-end=\"291\">Izbaudiet karstu malt\u012bti jebkur\u0101 laik\u0101 un jebkur\u0101 viet\u0101. Veiciet \u0161os so\u013cus: <\/p>\n<ol data-start=\"293\" data-end=\"1523\">\n<li data-start=\"293\" data-end=\"554\">\n<p data-start=\"296\" data-end=\"343\"><strong data-start=\"296\" data-end=\"341\">Pievienojiet \u016bdeni liofiliz\u0113tas malt\u012btes paci\u0146\u0101:<\/strong><\/p>\n<ul data-start=\"347\" data-end=\"554\">\n<li data-start=\"347\" data-end=\"388\">\n<p data-start=\"349\" data-end=\"388\">Atveriet <strong data-start=\"358\" data-end=\"385\">\u0113diena paci\u0146u<\/strong> .<\/p>\n<\/li>\n<li data-start=\"392\" data-end=\"490\">\n<p data-start=\"394\" data-end=\"490\">Pievienojiet <strong data-start=\"398\" data-end=\"449\">aukstu \u016bdeni l\u012bdz maisi\u0146a iek\u0161pus\u0113 eso\u0161ajai uzpildes l\u012bnijai<\/strong> (skat. \u012bpa\u0161os \u0113diena lieto\u0161anas nor\u0101d\u012bjumus).<\/p>\n<\/li>\n<li data-start=\"494\" data-end=\"554\">\n<p data-start=\"496\" data-end=\"554\">Vajadz\u012bbas gad\u012bjum\u0101 labi samaisiet un <strong data-start=\"520\" data-end=\"544\">maisi\u0146u<\/strong> dro\u0161i aiztaisiet <strong data-start=\"520\" data-end=\"544\">ar r\u0101v\u0113jsl\u0113dz\u0113ju<\/strong>.<\/p>\n<\/li>\n<\/ul>\n<\/li>\n<li data-start=\"556\" data-end=\"755\">\n<p data-start=\"559\" data-end=\"607\"><strong data-start=\"559\" data-end=\"605\">Sagatavojiet sildelementu:<\/strong><\/p>\n<ul data-start=\"611\" data-end=\"755\">\n<li data-start=\"611\" data-end=\"654\">\n<p data-start=\"613\" data-end=\"654\">Atpl\u0113st sildelementa<strong data-start=\"627\" data-end=\"638\"> maisi\u0146u<\/strong> ar iegriezumu.<\/p>\n<\/li>\n<li data-start=\"658\" data-end=\"755\">\n<p data-start=\"660\" data-end=\"755\">Ievietojiet <strong data-start=\"671\" data-end=\"692\">aizz\u012bmogoto malt\u012btes maisi\u0146u<\/strong> sild\u012bt\u0101ja uzmavas iek\u0161pus\u0113 t\u0101, lai tas atrastos tie\u0161i uz sild\u012bt\u0101ja palikt\u0146a.<\/p>\n<\/li>\n<\/ul>\n<\/li>\n<li data-start=\"757\" data-end=\"945\">\n<p data-start=\"760\" data-end=\"786\"><strong data-start=\"760\" data-end=\"784\">Aktiviz\u0113jiet sild\u012bt\u0101ju:<\/strong><\/p>\n<ul data-start=\"790\" data-end=\"945\">\n<li data-start=\"790\" data-end=\"874\">\n<p data-start=\"792\" data-end=\"874\">Ielejiet <strong data-start=\"797\" data-end=\"814\">50 ml<\/strong> \u016bdens sildelemnta maisi\u0146\u0101 &#8211; <strong data-start=\"834\" data-end=\"871\">l\u012bdz uzpildes l\u012bnijai apak\u0161\u0101<\/strong>.<\/p>\n<\/li>\n<li data-start=\"878\" data-end=\"945\">\n<p data-start=\"880\" data-end=\"945\">Pietiks auksta \u016bdens &#8211; tas izrais\u012bs \u0137\u012bmisko reakciju.<\/p>\n<\/li>\n<\/ul>\n<\/li>\n<li data-start=\"947\" data-end=\"1148\">\n<p data-start=\"950\" data-end=\"970\"><strong data-start=\"950\" data-end=\"968\">Uzkars\u0113 \u0113dienu:<\/strong><\/p>\n<ul data-start=\"974\" data-end=\"1148\">\n<li data-start=\"974\" data-end=\"1026\">\n<p data-start=\"976\" data-end=\"1026\">Lai saglab\u0101tu siltumu, pagrieziet sildelementa maisi\u0146a aug\u0161da\u013cu.<\/p>\n<\/li>\n<li data-start=\"1030\" data-end=\"1102\">\n<p data-start=\"1032\" data-end=\"1102\">Novietojiet to plakani vai le\u0146\u0137\u012b ar sild\u012bt\u0101ju <strong data-start=\"1075\" data-end=\"1099\">zem \u0113diena maisi\u0146a<\/strong>.<\/p>\n<\/li>\n<li data-start=\"1106\" data-end=\"1148\">\n<p data-start=\"1108\" data-end=\"1148\">Pagaidiet <strong data-start=\"1113\" data-end=\"1130\">12-15 min\u016btes<\/strong>, lai piln\u012bb\u0101 uzsild\u012btos.<\/p>\n<\/li>\n<\/ul>\n<\/li>\n<li data-start=\"1150\" data-end=\"1349\">\n<p data-start=\"1153\" data-end=\"1174\"><strong data-start=\"1153\" data-end=\"1172\">Iz\u0146emiet un \u0113diet:<\/strong><\/p>\n<ul data-start=\"1178\" data-end=\"1349\">\n<li data-start=\"1178\" data-end=\"1227\">\n<p data-start=\"1180\" data-end=\"1227\">Uzman\u012bgi sapl\u0113siet sildelementa maisi\u0146u mar\u0137\u0113juma viet\u0101.<\/p>\n<\/li>\n<li data-start=\"1231\" data-end=\"1269\">\n<p data-start=\"1233\" data-end=\"1269\"><strong data-start=\"1233\" data-end=\"1267\">Uzman\u012bbu: Saturs b\u016bs karsts.<\/strong><\/p>\n<\/li>\n<li data-start=\"1273\" data-end=\"1349\">\n<p data-start=\"1275\" data-end=\"1349\">Iz\u0146emiet \u0113diena maisi\u0146u un atveriet to &#8211; \u0113diens ir karsts un gatavs \u0113\u0161anai.<\/p>\n<\/li>\n<\/ul>\n<\/li>\n<li data-start=\"1351\" data-end=\"1523\">\n<p data-start=\"1354\" data-end=\"1380\"><strong data-start=\"1354\" data-end=\"1378\">Izmetiet atbild\u012bgi:<\/strong><\/p>\n<ul data-start=\"1384\" data-end=\"1523\">\n<li data-start=\"1384\" data-end=\"1443\">\n<p data-start=\"1386\" data-end=\"1443\">Pirms izme\u0161anas sild\u012bt\u0101ju vienm\u0113r aktiviz\u0113jiet ar \u016bdeni.<\/p>\n<\/li>\n<li data-start=\"1447\" data-end=\"1476\">\n<p data-start=\"1449\" data-end=\"1476\">\u013baujiet vis\u0101m da\u013c\u0101m piln\u012bb\u0101 atdzist.<\/p>\n<\/li>\n<li data-start=\"1480\" data-end=\"1523\">\n<p data-start=\"1482\" data-end=\"1523\"><strong data-start=\"1482\" data-end=\"1523\">Izmetiet k\u0101rt\u012bgi. L\u016bdzu, nem\u0113t\u0101jiet atkritumus. <\/strong><\/p>\n<\/li>\n<\/ul>\n<\/li>\n<\/ol>\n<\/li>\n<\/ol>\n","protected":false},"excerpt":{"rendered":"<p><strong data-start=\"111\" data-end=\"158\">Sildelements<\/strong><br data-start=\"158\" data-end=\"161\">Viegli sildiet sald\u0113tus \u0113dienus jebkur\u0101 viet\u0101 &#8211; nav nepiecie\u0161ama uguns vai pl\u012bts. \u0160is kompaktais, ar \u016bdeni aktiviz\u0113jamais nedego\u0161ais sild\u012bt\u0101ja maisi\u0146\u0161 uzsild\u012bs j\u016bsu nosl\u0113gto p\u0101rtikas maisi\u0146u 12-15 min\u016bt\u0113s, izmantojot tikai 50 ml \u016bdens. Ide\u0101li piem\u0113rots kempingiem, p\u0101rg\u0101jieniem, ce\u013cojumiem vai lieto\u0161anai \u0101rk\u0101rtas situ\u0101cij\u0101s. Viegls, dro\u0161s un viegli lietojams.   <\/p>\n","protected":false},"featured_media":4734,"comment_status":"open","ping_status":"closed","template":"","meta":[],"product_brand":[],"product_cat":[116],"product_tag":[],"class_list":{"0":"post-4738","1":"product","2":"type-product","3":"status-publish","4":"has-post-thumbnail","6":"product_cat-liofilizeta-partika","8":"first","9":"instock","10":"taxable","11":"shipping-taxable","12":"purchasable","13":"product-type-simple"},"_links":{"self":[{"href":"https:\/\/goodmoodmeals.com\/lv\/wp-json\/wp\/v2\/product\/4738","targetHints":{"allow":["GET"]}}],"collection":[{"href":"https:\/\/goodmoodmeals.com\/lv\/wp-json\/wp\/v2\/product"}],"about":[{"href":"https:\/\/goodmoodmeals.com\/lv\/wp-json\/wp\/v2\/types\/product"}],"replies":[{"embeddable":true,"href":"https:\/\/goodmoodmeals.com\/lv\/wp-json\/wp\/v2\/comments?post=4738"}],"wp:featuredmedia":[{"embeddable":true,"href":"https:\/\/goodmoodmeals.com\/lv\/wp-json\/wp\/v2\/media\/4734"}],"wp:attachment":[{"href":"https:\/\/goodmoodmeals.com\/lv\/wp-json\/wp\/v2\/media?parent=4738"}],"wp:term":[{"taxonomy":"product_brand","embeddable":true,"href":"https:\/\/goodmoodmeals.com\/lv\/wp-json\/wp\/v2\/product_brand?post=4738"},{"taxonomy":"product_cat","embeddable":true,"href":"https:\/\/goodmoodmeals.com\/lv\/wp-json\/wp\/v2\/product_cat?post=4738"},{"taxonomy":"product_tag","embeddable":true,"href":"https:\/\/goodmoodmeals.com\/lv\/wp-json\/wp\/v2\/product_tag?post=4738"}],"curies":[{"name":"wp","href":"https:\/\/api.w.org\/{rel}","templated":true}]}}