{"id":3932,"date":"2025-03-07T11:36:28","date_gmt":"2025-03-07T09:36:28","guid":{"rendered":"https:\/\/goodmoodmeals.com\/product\/good-mood-meals-bucket\/"},"modified":"2026-04-09T09:42:44","modified_gmt":"2026-04-09T06:42:44","slug":"good-mood-meals-bucket","status":"publish","type":"product","link":"https:\/\/goodmoodmeals.com\/lv\/produkti\/good-mood-meals-bucket\/","title":{"rendered":"Good Mood Meals Adventure Food Bucket"},"content":{"rendered":"","protected":false},"excerpt":{"rendered":"<p data-start=\"449\" data-end=\"637\"><strong data-start=\"641\" data-end=\"662\">8 gadu der\u012bguma termi\u0146\u0161<\/strong><br data-start=\"662\" data-end=\"665\" \/>Viegls un p\u0101rn\u0113s\u0101jams (3 kg)<br data-start=\"697\" data-end=\"700\" \/>Nav nepiecie\u0161ama ledusskapja uzglab\u0101\u0161ana<br data-start=\"725\" data-end=\"728\" \/>Pilnv\u0113rt\u012bgs uzturs, tikai pievienojiet karstu \u016bdeni<br data-start=\"768\" data-end=\"771\" \/>Lieliski piem\u0113rots br\u012bvdabas m\u012b\u013cot\u0101jiem, izdz\u012bvot\u0101jiem vai aiz\u0146emt\u0101m \u0123imen\u0113m u.c.<\/p>\n","protected":false},"featured_media":6889,"comment_status":"open","ping_status":"closed","template":"","meta":[],"product_brand":[],"product_cat":[117,116],"product_tag":[],"class_list":{"0":"post-3932","1":"product","2":"type-product","3":"status-publish","4":"has-post-thumbnail","6":"product_cat-komplekti","7":"product_cat-liofilizeta-partika","9":"first","10":"instock","11":"taxable","12":"shipping-taxable","13":"purchasable","14":"product-type-simple"},"_links":{"self":[{"href":"https:\/\/goodmoodmeals.com\/lv\/wp-json\/wp\/v2\/product\/3932","targetHints":{"allow":["GET"]}}],"collection":[{"href":"https:\/\/goodmoodmeals.com\/lv\/wp-json\/wp\/v2\/product"}],"about":[{"href":"https:\/\/goodmoodmeals.com\/lv\/wp-json\/wp\/v2\/types\/product"}],"replies":[{"embeddable":true,"href":"https:\/\/goodmoodmeals.com\/lv\/wp-json\/wp\/v2\/comments?post=3932"}],"wp:featuredmedia":[{"embeddable":true,"href":"https:\/\/goodmoodmeals.com\/lv\/wp-json\/wp\/v2\/media\/6889"}],"wp:attachment":[{"href":"https:\/\/goodmoodmeals.com\/lv\/wp-json\/wp\/v2\/media?parent=3932"}],"wp:term":[{"taxonomy":"product_brand","embeddable":true,"href":"https:\/\/goodmoodmeals.com\/lv\/wp-json\/wp\/v2\/product_brand?post=3932"},{"taxonomy":"product_cat","embeddable":true,"href":"https:\/\/goodmoodmeals.com\/lv\/wp-json\/wp\/v2\/product_cat?post=3932"},{"taxonomy":"product_tag","embeddable":true,"href":"https:\/\/goodmoodmeals.com\/lv\/wp-json\/wp\/v2\/product_tag?post=3932"}],"curies":[{"name":"wp","href":"https:\/\/api.w.org\/{rel}","templated":true}]}}