{"id":3514,"date":"2025-02-04T17:26:10","date_gmt":"2025-02-04T15:26:10","guid":{"rendered":"https:\/\/goodmoodmeals.com\/product\/vegetarian-lentil-soup\/"},"modified":"2026-04-07T21:49:27","modified_gmt":"2026-04-07T18:49:27","slug":"vegetarian-lentil-soup","status":"publish","type":"product","link":"https:\/\/goodmoodmeals.com\/lv\/produkti\/vegetarian-lentil-soup\/","title":{"rendered":"Ve\u0123et\u0101r\u0101 l\u0113cu zupa"},"content":{"rendered":"<h3 data-start=\"172\" data-end=\"191\"><strong data-start=\"176\" data-end=\"191\">Sast\u0101vda\u013cas<\/strong><\/h3>\n<p data-start=\"193\" data-end=\"540\">L\u0113cas (35%), m\u0113rce [kaus\u0113ts <strong>siers <\/strong><strong>(siers<\/strong> 32,7%, <strong>v\u0101jpiens<\/strong>, <strong>biezpiens<\/strong>, <strong>kr\u0113jums<\/strong>, emulg\u0113jo\u0161ie s\u0101\u013ci: E339, E450, E452; saus\u0101s <strong>s\u016bkalas<\/strong>, sausais <strong>v\u0101jpiens<\/strong>), burk\u0101ni, <strong>kr\u0113jums<\/strong>, rap\u0161u e\u013c\u013ca, <strong>kvie\u0161u<\/strong> milti, kartupe\u013cu ciete, s\u012bpoli, s\u0101ls, p\u0113ters\u012b\u013ci, citronu pipari (melnie pipari, sk\u0101buma regulators: citronsk\u0101be, s\u012bpoli, cukurs, citronu sulas pulveris)], kartupe\u013ci, za\u013cie zir\u0146i.<\/p>\n<h3 data-start=\"542\" data-end=\"559\"><strong data-start=\"546\" data-end=\"559\">Alerg\u0113ni<\/strong><\/h3>\n<p data-start=\"561\" data-end=\"628\"><strong data-start=\"561\" data-end=\"574\">Satur:<\/strong>\u00a0pienu, lipekli<\/p>\n<p data-start=\"240\" data-end=\"317\"><strong data-start=\"240\" data-end=\"266\">Var satur\u0113t:<\/strong> olas, sojas, selerijas, sinepes, sezama, citu graudaugu.<\/p>\n<p data-start=\"319\" data-end=\"392\"><em data-start=\"319\" data-end=\"392\">Izgatavots un iepakots uz\u0146\u0113mum\u0101, kas apstr\u0101d\u0101 \u0161os alerg\u0113nus.<\/em><\/p>\n","protected":false},"excerpt":{"rendered":"<p data-start=\"93\" data-end=\"341\"><strong data-start=\"93\" data-end=\"341\">Good Mood Meals ve\u0123et\u0101r\u0101 l\u0113cu zupa &#8211; gar\u0161\u012bga, barojo\u0161a, liofiliz\u0113ta. Ve\u0123et\u0101ra, ar augu izcelsmes olbaltumviel\u0101m un gatava tikai 10 min\u016bt\u0113s. Lieliski piem\u0113rota piedz\u012bvojumiem br\u012bv\u0101 dab\u0101 un \u0101rk\u0101rtas situ\u0101cij\u0101m. 7 gadu der\u012bguma termi\u0146\u0161, nav nepiecie\u0161ama uzglab\u0101\u0161ana ledusskap\u012b. <\/strong><\/p>\n<p style=\"text-align: center;\" data-start=\"343\" data-end=\"446\">\u2713 Ve\u0123et\u0101rs un augu valsts<br data-start=\"364\" data-end=\"367\" \/>\u2713 7 gadu der\u012bguma termi\u0146\u0161<br data-start=\"386\" data-end=\"389\" \/>\u2713 Viegls un gatavs 10 min\u016bt\u0113s<br data-start=\"424\" data-end=\"427\" \/>\u2713 Bag\u0101ts ar olbaltumviel\u0101m.<\/p>\n","protected":false},"featured_media":6477,"comment_status":"open","ping_status":"closed","template":"","meta":[],"product_brand":[],"product_cat":[116,145,139],"product_tag":[],"class_list":{"0":"post-3514","1":"product","2":"type-product","3":"status-publish","4":"has-post-thumbnail","6":"product_cat-liofilizeta-partika","7":"product_cat-vegetars","8":"product_cat-zupas","10":"first","11":"instock","12":"taxable","13":"shipping-taxable","14":"purchasable","15":"product-type-simple"},"_links":{"self":[{"href":"https:\/\/goodmoodmeals.com\/lv\/wp-json\/wp\/v2\/product\/3514","targetHints":{"allow":["GET"]}}],"collection":[{"href":"https:\/\/goodmoodmeals.com\/lv\/wp-json\/wp\/v2\/product"}],"about":[{"href":"https:\/\/goodmoodmeals.com\/lv\/wp-json\/wp\/v2\/types\/product"}],"replies":[{"embeddable":true,"href":"https:\/\/goodmoodmeals.com\/lv\/wp-json\/wp\/v2\/comments?post=3514"}],"wp:featuredmedia":[{"embeddable":true,"href":"https:\/\/goodmoodmeals.com\/lv\/wp-json\/wp\/v2\/media\/6477"}],"wp:attachment":[{"href":"https:\/\/goodmoodmeals.com\/lv\/wp-json\/wp\/v2\/media?parent=3514"}],"wp:term":[{"taxonomy":"product_brand","embeddable":true,"href":"https:\/\/goodmoodmeals.com\/lv\/wp-json\/wp\/v2\/product_brand?post=3514"},{"taxonomy":"product_cat","embeddable":true,"href":"https:\/\/goodmoodmeals.com\/lv\/wp-json\/wp\/v2\/product_cat?post=3514"},{"taxonomy":"product_tag","embeddable":true,"href":"https:\/\/goodmoodmeals.com\/lv\/wp-json\/wp\/v2\/product_tag?post=3514"}],"curies":[{"name":"wp","href":"https:\/\/api.w.org\/{rel}","templated":true}]}}