{"id":3171,"date":"2025-01-14T10:41:46","date_gmt":"2025-01-14T08:41:46","guid":{"rendered":"https:\/\/goodmoodmeals.com\/product\/anglu-brokastis\/"},"modified":"2026-04-10T09:54:45","modified_gmt":"2026-04-10T06:54:45","slug":"anglu-brokastis","status":"publish","type":"product","link":"https:\/\/goodmoodmeals.com\/lv\/produkti\/anglu-brokastis\/","title":{"rendered":"Ang\u013cu brokastis"},"content":{"rendered":"<h3>Sast\u0101vda\u013cas<\/h3>\n<p>Omlete<strong>(olas<\/strong> 58%, pupi\u0146as tom\u0101tu m\u0113rc\u0113 35% (pupi\u0146as, tom\u0101ti, s\u0101ls), \u016bdens, s\u0101ls, <strong>siers<\/strong>, rap\u0161u e\u013c\u013ca, s\u012bpoli, gar\u0161vielas), karsti k\u016bpin\u0101ta c\u016bkga\u013ca (c\u016bkga\u013cas \u0161\u0137i\u0146\u0137is 96%, \u016bdens, s\u0101ls, <strong>kvie\u0161u<\/strong> \u0161\u0137iedra, \u0137iploku granulas, dekstroze, melnie pipari).<\/p>\n<h3>Alerg\u0113ni<\/h3>\n<p>Satur: olas, piens, lipeklis<br \/>\nVar satur\u0113t: Sojas, selerijas, sinepes, sezama, citu graudaugu.<br \/>\n<em>Izgatavots un iepakots uz\u0146\u0113mum\u0101, kas apstr\u0101d\u0101 \u0161os alerg\u0113nus.<\/em><\/p>\n","protected":false},"excerpt":{"rendered":"<p data-start=\"240\" data-end=\"308\"><strong data-start=\"240\" data-end=\"306\">Ang\u013cu brokastis &#8211; klasiska un s\u0101t\u012bga malt\u012bte, ko pied\u0101v\u0101 Good Mood Meals<\/strong><\/p>\n<p data-start=\"310\" data-end=\"529\">Izbaudiet liofiliz\u0113tas malt\u012bti Ang\u013cu brokastis &#8211; gards olu kultenis, \u0161\u0137i\u0146\u0137is un pupi\u0146as. Viegli, ilgi uzglab\u0101jami un gatavi da\u017eu min\u016b\u0161u laik\u0101 &#8211; ide\u0101li piem\u0113roti kempingiem, p\u0101rg\u0101jieniem vai \u0101rk\u0101rtas situ\u0101cij\u0101m.<\/p>\n<p data-start=\"531\" data-end=\"645\">\u2713 7 gadu der\u012bguma termi\u0146\u0161<br data-start=\"550\" data-end=\"553\" \/>\u2713 Viegls un \u0101tri pagatavojams<br data-start=\"585\" data-end=\"588\" \/>\u2713 Olbaltumviel\u0101m bag\u0101ts un sabalans\u0113ts<br data-start=\"615\" data-end=\"618\" \/>\u2713 Nav nepiecie\u0161ams sald\u0113t.<\/p>\n","protected":false},"featured_media":6444,"comment_status":"open","ping_status":"closed","template":"","meta":[],"product_brand":[],"product_cat":[125,116],"product_tag":[],"class_list":{"0":"post-3171","1":"product","2":"type-product","3":"status-publish","4":"has-post-thumbnail","6":"product_cat-brokastis","7":"product_cat-liofilizeta-partika","9":"first","10":"instock","11":"taxable","12":"shipping-taxable","13":"purchasable","14":"product-type-simple"},"_links":{"self":[{"href":"https:\/\/goodmoodmeals.com\/lv\/wp-json\/wp\/v2\/product\/3171","targetHints":{"allow":["GET"]}}],"collection":[{"href":"https:\/\/goodmoodmeals.com\/lv\/wp-json\/wp\/v2\/product"}],"about":[{"href":"https:\/\/goodmoodmeals.com\/lv\/wp-json\/wp\/v2\/types\/product"}],"replies":[{"embeddable":true,"href":"https:\/\/goodmoodmeals.com\/lv\/wp-json\/wp\/v2\/comments?post=3171"}],"wp:featuredmedia":[{"embeddable":true,"href":"https:\/\/goodmoodmeals.com\/lv\/wp-json\/wp\/v2\/media\/6444"}],"wp:attachment":[{"href":"https:\/\/goodmoodmeals.com\/lv\/wp-json\/wp\/v2\/media?parent=3171"}],"wp:term":[{"taxonomy":"product_brand","embeddable":true,"href":"https:\/\/goodmoodmeals.com\/lv\/wp-json\/wp\/v2\/product_brand?post=3171"},{"taxonomy":"product_cat","embeddable":true,"href":"https:\/\/goodmoodmeals.com\/lv\/wp-json\/wp\/v2\/product_cat?post=3171"},{"taxonomy":"product_tag","embeddable":true,"href":"https:\/\/goodmoodmeals.com\/lv\/wp-json\/wp\/v2\/product_tag?post=3171"}],"curies":[{"name":"wp","href":"https:\/\/api.w.org\/{rel}","templated":true}]}}