{"id":3167,"date":"2025-01-14T10:37:11","date_gmt":"2025-01-14T08:37:11","guid":{"rendered":"https:\/\/goodmoodmeals.com\/product\/omlete-ar-baltajam-pupinam\/"},"modified":"2026-04-07T21:49:27","modified_gmt":"2026-04-07T18:49:27","slug":"omlete-ar-baltajam-pupinam","status":"publish","type":"product","link":"https:\/\/goodmoodmeals.com\/lv\/produkti\/omlete-ar-baltajam-pupinam\/","title":{"rendered":"Omlete ar baltaj\u0101m pupi\u0146\u0101m"},"content":{"rendered":"<h3>Sast\u0101vda\u013cas<\/h3>\n<p>Omlete <strong>(olas<\/strong> 58%, pupi\u0146as tom\u0101tu m\u0113rc\u0113 35% (pupi\u0146as, tom\u0101ti, s\u0101ls), \u016bdens, s\u0101ls, <strong>siers<\/strong>, rap\u0161u e\u013c\u013ca, s\u012bpoli, gar\u0161vielas).<\/p>\n<h3>Alerg\u0113ni<\/h3>\n<p><strong>Satur:<\/strong> olas, piens<br \/>\n<strong>Var satur\u0113t:<\/strong> Sojas, selerijas, sinepju, sezama, citu graudaugu.<br \/>\n<em>Izgatavots un iepakots iek\u0101rt\u0101, kas apstr\u0101d\u0101 \u0161os alerg\u0113nus.<\/em><\/p>\n","protected":false},"excerpt":{"rendered":"<p><strong>Omlete ar baltaj\u0101m pupi\u0146\u0101m &#8211; olbaltumviel\u0101m bag\u0101ts un s\u0101t\u012bgs \u0113diens no Good Mood Meals<\/strong><br \/>\nViegla liofiliz\u0113ta omlete ar s\u0101t\u012bg\u0101m baltaj\u0101m pupi\u0146\u0101m &#8211; barojo\u0161a, olbaltumviel\u0101m bag\u0101ta un ide\u0101li piem\u0113rota kempingiem, p\u0101rg\u0101jieniem vai \u0101rk\u0101rtas situ\u0101cij\u0101m. Gatavs da\u017eu min\u016b\u0161u laik\u0101, ar 7 gadu der\u012bguma termi\u0146u un bez nepiecie\u0161am\u012bbas uzglab\u0101t ledusskap\u012b.<\/p>\n<p>\u2713 7 gadu glab\u0101\u0161anas termi\u0146\u0161<\/p>\n<p>\u2713 Viegls un \u0101tri pagatavojams<\/p>\n<p>\u2713 Augsts olbaltumvielu un \u0161\u0137iedrvielu saturs<\/p>\n<p>\u2713 Nav nepiecie\u0161ama dzes\u0113\u0161ana<\/p>\n","protected":false},"featured_media":6510,"comment_status":"open","ping_status":"closed","template":"","meta":[],"product_brand":[],"product_cat":[124,125,116],"product_tag":[],"class_list":{"0":"post-3167","1":"product","2":"type-product","3":"status-publish","4":"has-post-thumbnail","6":"product_cat-bestselleri","7":"product_cat-brokastis","8":"product_cat-liofilizeta-partika","10":"first","11":"instock","12":"taxable","13":"shipping-taxable","14":"purchasable","15":"product-type-simple"},"_links":{"self":[{"href":"https:\/\/goodmoodmeals.com\/lv\/wp-json\/wp\/v2\/product\/3167","targetHints":{"allow":["GET"]}}],"collection":[{"href":"https:\/\/goodmoodmeals.com\/lv\/wp-json\/wp\/v2\/product"}],"about":[{"href":"https:\/\/goodmoodmeals.com\/lv\/wp-json\/wp\/v2\/types\/product"}],"replies":[{"embeddable":true,"href":"https:\/\/goodmoodmeals.com\/lv\/wp-json\/wp\/v2\/comments?post=3167"}],"wp:featuredmedia":[{"embeddable":true,"href":"https:\/\/goodmoodmeals.com\/lv\/wp-json\/wp\/v2\/media\/6510"}],"wp:attachment":[{"href":"https:\/\/goodmoodmeals.com\/lv\/wp-json\/wp\/v2\/media?parent=3167"}],"wp:term":[{"taxonomy":"product_brand","embeddable":true,"href":"https:\/\/goodmoodmeals.com\/lv\/wp-json\/wp\/v2\/product_brand?post=3167"},{"taxonomy":"product_cat","embeddable":true,"href":"https:\/\/goodmoodmeals.com\/lv\/wp-json\/wp\/v2\/product_cat?post=3167"},{"taxonomy":"product_tag","embeddable":true,"href":"https:\/\/goodmoodmeals.com\/lv\/wp-json\/wp\/v2\/product_tag?post=3167"}],"curies":[{"name":"wp","href":"https:\/\/api.w.org\/{rel}","templated":true}]}}