{"id":3163,"date":"2025-01-14T12:30:07","date_gmt":"2025-01-14T10:30:07","guid":{"rendered":"https:\/\/goodmoodmeals.com\/product\/vistas-risoto\/"},"modified":"2026-04-10T20:31:20","modified_gmt":"2026-04-10T17:31:20","slug":"vistas-risoto","status":"publish","type":"product","link":"https:\/\/goodmoodmeals.com\/lv\/produkti\/vistas-risoto\/","title":{"rendered":"Vistas risoto"},"content":{"rendered":"<h3>Sast\u0101vda\u013cas<\/h3>\n<p>R\u012bsi (55%), vistas fileja (20%), <strong>kr\u0113jums<\/strong>, rap\u0161u e\u013c\u013ca, baltv\u012bns, vistas buljons (satur <strong>seleriju<\/strong>), <strong>siers<\/strong>, kalt\u0113ti s\u012bpoli, sausi gar\u0161augi (s\u012bpoli, baziliks), pipari, s\u0101ls.<\/p>\n<h3>Alerg\u0113ni<\/h3>\n<p>Satur: Satur: pienu, seleriju<br \/>\nVar satur\u0113t: olas, soja, sinepes, sinepes, sezams, citi graudaugi.<br \/>\n<em>Izgatavots un iepakots iek\u0101rt\u0101, kas apstr\u0101d\u0101 \u0161os alerg\u0113nus.<\/em><\/p>\n","protected":false},"excerpt":{"rendered":"<p data-start=\"175\" data-end=\"244\"><strong data-start=\"175\" data-end=\"242\">Vistas risoto &#8211; kr\u0113m\u012bgs un s\u0101t\u012bgs \u0113diens, ko gatavo Good Mood Meals<\/strong><\/p>\n<p data-start=\"246\" data-end=\"457\">Izbaudiet liofiliz\u0113tas vistas risoto bag\u0101t\u012bgo, kr\u0113m\u012bgo gar\u0161u ar maigu vistas ga\u013cu, r\u012bsiem un arom\u0101tiskiem gar\u0161augiem. Viegls, ilgi uzglab\u0101jams un gatavs da\u017eu min\u016b\u0161u laik\u0101 &#8211; lieliski piem\u0113rots kempingiem, p\u0101rg\u0101jieniem vai \u0101rk\u0101rtas situ\u0101cij\u0101m.<\/p>\n<p data-start=\"459\" data-end=\"571\">\u2713 7 gadu der\u012bguma termi\u0146\u0161<br data-start=\"478\" data-end=\"481\" \/>\u2713 Viegls un \u0101tri pagatavojams<br data-start=\"513\" data-end=\"516\" \/>\u2713 Kr\u0113m\u012bgs un prote\u012bniem bag\u0101ts<br data-start=\"539\" data-end=\"542\" \/>\u2713 Nav nepiecie\u0161ams sald\u0113t.<\/p>\n","protected":false},"featured_media":6480,"comment_status":"open","ping_status":"closed","template":"","meta":[],"product_brand":[],"product_cat":[116,126],"product_tag":[],"class_list":{"0":"post-3163","1":"product","2":"type-product","3":"status-publish","4":"has-post-thumbnail","6":"product_cat-liofilizeta-partika","7":"product_cat-pamatedieni","9":"first","10":"instock","11":"taxable","12":"shipping-taxable","13":"purchasable","14":"product-type-simple"},"_links":{"self":[{"href":"https:\/\/goodmoodmeals.com\/lv\/wp-json\/wp\/v2\/product\/3163","targetHints":{"allow":["GET"]}}],"collection":[{"href":"https:\/\/goodmoodmeals.com\/lv\/wp-json\/wp\/v2\/product"}],"about":[{"href":"https:\/\/goodmoodmeals.com\/lv\/wp-json\/wp\/v2\/types\/product"}],"replies":[{"embeddable":true,"href":"https:\/\/goodmoodmeals.com\/lv\/wp-json\/wp\/v2\/comments?post=3163"}],"wp:featuredmedia":[{"embeddable":true,"href":"https:\/\/goodmoodmeals.com\/lv\/wp-json\/wp\/v2\/media\/6480"}],"wp:attachment":[{"href":"https:\/\/goodmoodmeals.com\/lv\/wp-json\/wp\/v2\/media?parent=3163"}],"wp:term":[{"taxonomy":"product_brand","embeddable":true,"href":"https:\/\/goodmoodmeals.com\/lv\/wp-json\/wp\/v2\/product_brand?post=3163"},{"taxonomy":"product_cat","embeddable":true,"href":"https:\/\/goodmoodmeals.com\/lv\/wp-json\/wp\/v2\/product_cat?post=3163"},{"taxonomy":"product_tag","embeddable":true,"href":"https:\/\/goodmoodmeals.com\/lv\/wp-json\/wp\/v2\/product_tag?post=3163"}],"curies":[{"name":"wp","href":"https:\/\/api.w.org\/{rel}","templated":true}]}}