{"id":3160,"date":"2025-01-14T10:19:23","date_gmt":"2025-01-14T08:19:23","guid":{"rendered":"https:\/\/goodmoodmeals.com\/product\/liellopa-galas-stroganovs-ar-makaroniem\/"},"modified":"2026-04-14T07:55:15","modified_gmt":"2026-04-14T04:55:15","slug":"liellopa-galas-stroganovs-ar-makaroniem","status":"publish","type":"product","link":"https:\/\/goodmoodmeals.com\/lv\/produkti\/liellopa-galas-stroganovs-ar-makaroniem\/","title":{"rendered":"Liellopa ga\u013cas stroganovs ar makaroniem"},"content":{"rendered":"<h3>Sast\u0101vda\u013cas<\/h3>\n<p>Makaronu izstr\u0101d\u0101jumi (55%, <strong>kvie\u0161i<\/strong>), m\u0113rce <strong>(piens<\/strong>, ga\u013cas buljons (satur <strong>seleriju<\/strong>), rap\u0161u e\u013c\u013ca, <strong>kvie\u0161u<\/strong> milti, sk\u0101bais <strong>kr\u0113jums<\/strong>, tom\u0101tu pasta, kalt\u0113ti s\u012bpoli, p\u0113ters\u012b\u013ci, melnie pipari, muskatrieksti), liellopu ga\u013ca (20%).<\/p>\n<h3>Alerg\u0113ni<\/h3>\n<p>Satur: pienu, lipekli, seleriju<br \/>\nVar satur\u0113t: olas, sojas, sinepes, sinepes, sezama, citu graudaugu produkti.<br \/>\n<em>Izgatavots un iepakots uz\u0146\u0113mum\u0101, kas apstr\u0101d\u0101 \u0161os alerg\u0113nus.<\/em><\/p>\n","protected":false},"excerpt":{"rendered":"<p><strong>Liellopa ga\u013cas stroganovs ar makaroniem &#8211; klasisks un s\u0101t\u012bgs \u0113diens, ko pied\u0101v\u0101 Good Mood Meals<\/strong><br \/>\nIzbaudiet bag\u0101t\u012bgu, kr\u0113m\u012bgu liofiliz\u0113tu liellopa ga\u013cas stroganova ar makaroniem gar\u0161u, ar maigu liellopu ga\u013cu, kr\u0113m\u012bgu m\u0113rci un makaroniem. Viegls, ilgi uzglab\u0101jams un gatavs da\u017eu min\u016b\u0161u laik\u0101 &#8211; lieliski piem\u0113rots kempingiem, p\u0101rg\u0101jieniem vai uzglab\u0101\u0161anai \u0101rk\u0101rtas situ\u0101cij\u0101s.<\/p>\n<p>\u2713 7 gadu glab\u0101\u0161anas termi\u0146\u0161<\/p>\n<p>\u2713 Viegls un \u0101tri pagatavojams<\/p>\n<p>\u2713 Bag\u0101t\u012bgs un olbaltumviel\u0101m bag\u0101ts<\/p>\n<p>\u2713 Nav nepiecie\u0161ama dzes\u0113\u0161ana<\/p>\n","protected":false},"featured_media":6483,"comment_status":"open","ping_status":"closed","template":"","meta":[],"product_brand":[],"product_cat":[124,116,126],"product_tag":[],"class_list":{"0":"post-3160","1":"product","2":"type-product","3":"status-publish","4":"has-post-thumbnail","6":"product_cat-bestselleri","7":"product_cat-liofilizeta-partika","8":"product_cat-pamatedieni","10":"first","11":"instock","12":"taxable","13":"shipping-taxable","14":"purchasable","15":"product-type-simple"},"_links":{"self":[{"href":"https:\/\/goodmoodmeals.com\/lv\/wp-json\/wp\/v2\/product\/3160","targetHints":{"allow":["GET"]}}],"collection":[{"href":"https:\/\/goodmoodmeals.com\/lv\/wp-json\/wp\/v2\/product"}],"about":[{"href":"https:\/\/goodmoodmeals.com\/lv\/wp-json\/wp\/v2\/types\/product"}],"replies":[{"embeddable":true,"href":"https:\/\/goodmoodmeals.com\/lv\/wp-json\/wp\/v2\/comments?post=3160"}],"wp:featuredmedia":[{"embeddable":true,"href":"https:\/\/goodmoodmeals.com\/lv\/wp-json\/wp\/v2\/media\/6483"}],"wp:attachment":[{"href":"https:\/\/goodmoodmeals.com\/lv\/wp-json\/wp\/v2\/media?parent=3160"}],"wp:term":[{"taxonomy":"product_brand","embeddable":true,"href":"https:\/\/goodmoodmeals.com\/lv\/wp-json\/wp\/v2\/product_brand?post=3160"},{"taxonomy":"product_cat","embeddable":true,"href":"https:\/\/goodmoodmeals.com\/lv\/wp-json\/wp\/v2\/product_cat?post=3160"},{"taxonomy":"product_tag","embeddable":true,"href":"https:\/\/goodmoodmeals.com\/lv\/wp-json\/wp\/v2\/product_tag?post=3160"}],"curies":[{"name":"wp","href":"https:\/\/api.w.org\/{rel}","templated":true}]}}