{"id":2979,"date":"2024-12-10T15:29:28","date_gmt":"2024-12-10T13:29:28","guid":{"rendered":"https:\/\/goodmoodmeals.com\/product\/upenu-piradzins\/"},"modified":"2026-04-04T16:28:31","modified_gmt":"2026-04-04T13:28:31","slug":"upenu-drumstalas","status":"publish","type":"product","link":"https:\/\/goodmoodmeals.com\/lv\/produkti\/upenu-drumstalas\/","title":{"rendered":"Upe\u0146u drumstalas"},"content":{"rendered":"<h3>Sast\u0101vda\u013cas<\/h3>\n<p>Drumstalas <strong>(sviests,<\/strong> cukurs, <strong>kvie\u0161u<\/strong> milti), liofiliz\u0113tas upenes (12%).<\/p>\n<h3>Alerg\u0113ni<\/h3>\n<p>Satur: pienu, lipekli<br \/>\nVar satur\u0113t: olas, sojas, selerijas, sinepes, sezama, citu graudaugu.<br \/>\n<em>Izgatavots un iepakots iek\u0101rt\u0101, kas apstr\u0101d\u0101 \u0161os alerg\u0113nus.<\/em><\/p>\n","protected":false},"excerpt":{"rendered":"<div style=\"display: flex; justify-content: center; gap: 12px; flex-wrap: wrap; margin-bottom: 10px;\"><span style=\"display: inline-flex; align-items: center; justify-content: center; background: #f0f0f0; border: 1px solid #cccccc; border-radius: 999px; padding: 8px 24px; font-size: 80%; font-weight: 500; color: #333333; box-shadow: rgba(0, 0, 0, 0.1) 0px 2px 4px; white-space: nowrap;\">Neto svars: 100 g<\/span><span style=\"display: inline-flex; align-items: center; justify-content: center; background: #f0f0f0; border: 1px solid #ccc; border-radius: 999px; padding: 8px 24px; font-size: 1em; font-weight: 500; color: #333; box-shadow: 0 2px 4px rgba(0,0,0,0.1); white-space: nowrap;\"><span style=\"font-size: 80%;\">Rehidrat\u0113ts: ~200 g<\/span><\/span><\/div>\n<h4 style=\"text-align: center;\"><strong>Good Mood Meals upe\u0146u drumstalas<\/strong><\/h4>\n<p>Izbaudiet perfektu saldi sk\u0101bo gar\u0161u l\u012bdzsvaru ar liofiliz\u0113tu upe\u0146u drumstal\u0101m, kas apvieno bag\u0101t\u012bgu upe\u0146u gar\u0161u ar krauk\u0161\u0137\u012bg\u0101m drumstal\u0101m. Viegli, ilgi uzglab\u0101jams un gatavs uzreiz &#8211; ide\u0101li piem\u0113roti kempingiem, p\u0101rg\u0101jieniem vai uzglab\u0101\u0161anai \u0101rk\u0101rtas situ\u0101cij\u0101m.<\/p>\n<p>\u2713 7 gadu glab\u0101\u0161anas termi\u0146\u0161<\/p>\n<p>\u2713 Viegls un \u0101tri pagatavojams<\/p>\n<p>\u2713 Saldi sk\u0101bs, bag\u0101ts ar dab\u012bgiem antioksidantiem<\/p>\n<p>\u2713 Nav nepiecie\u0161ama dzes\u0113\u0161ana<\/p>\n","protected":false},"featured_media":6486,"comment_status":"open","ping_status":"closed","template":"","meta":[],"product_brand":[],"product_cat":[125,136,116,145],"product_tag":[],"class_list":{"0":"post-2979","1":"product","2":"type-product","3":"status-publish","4":"has-post-thumbnail","6":"product_cat-brokastis","7":"product_cat-deserti","8":"product_cat-liofilizeta-partika","9":"product_cat-vegetars","11":"first","12":"instock","13":"taxable","14":"shipping-taxable","15":"purchasable","16":"product-type-simple"},"_links":{"self":[{"href":"https:\/\/goodmoodmeals.com\/lv\/wp-json\/wp\/v2\/product\/2979","targetHints":{"allow":["GET"]}}],"collection":[{"href":"https:\/\/goodmoodmeals.com\/lv\/wp-json\/wp\/v2\/product"}],"about":[{"href":"https:\/\/goodmoodmeals.com\/lv\/wp-json\/wp\/v2\/types\/product"}],"replies":[{"embeddable":true,"href":"https:\/\/goodmoodmeals.com\/lv\/wp-json\/wp\/v2\/comments?post=2979"}],"wp:featuredmedia":[{"embeddable":true,"href":"https:\/\/goodmoodmeals.com\/lv\/wp-json\/wp\/v2\/media\/6486"}],"wp:attachment":[{"href":"https:\/\/goodmoodmeals.com\/lv\/wp-json\/wp\/v2\/media?parent=2979"}],"wp:term":[{"taxonomy":"product_brand","embeddable":true,"href":"https:\/\/goodmoodmeals.com\/lv\/wp-json\/wp\/v2\/product_brand?post=2979"},{"taxonomy":"product_cat","embeddable":true,"href":"https:\/\/goodmoodmeals.com\/lv\/wp-json\/wp\/v2\/product_cat?post=2979"},{"taxonomy":"product_tag","embeddable":true,"href":"https:\/\/goodmoodmeals.com\/lv\/wp-json\/wp\/v2\/product_tag?post=2979"}],"curies":[{"name":"wp","href":"https:\/\/api.w.org\/{rel}","templated":true}]}}