{"id":2490,"date":"2024-11-11T15:43:04","date_gmt":"2024-11-11T13:43:04","guid":{"rendered":"https:\/\/goodmoodmeals.com\/product\/zirni-ar-sieru-un-senu-merci\/"},"modified":"2026-04-14T20:30:56","modified_gmt":"2026-04-14T17:30:56","slug":"zirni-ar-sieru-un-senu-merci","status":"publish","type":"product","link":"https:\/\/goodmoodmeals.com\/lv\/produkti\/zirni-ar-sieru-un-senu-merci\/","title":{"rendered":"Zir\u0146i ar sieru un s\u0113\u0146u m\u0113rci"},"content":{"rendered":"<p data-start=\"235\" data-end=\"541\"><strong data-start=\"235\" data-end=\"250\">Sast\u0101vda\u013cas<\/strong><br data-start=\"250\" data-end=\"253\" \/>Zir\u0146i (63%), m\u0113rce (37%) [kaus\u0113ts <strong>siers<\/strong><strong>(siers<\/strong> 17%, <strong>v\u0101jpiens<\/strong>, <strong>biezpiens, biezpiena biezpiens<\/strong>, <strong>kr\u0113jums<\/strong>, emul\u0123\u0113jo\u0161ie s\u0101\u013ci: E339, E450, E452, saus\u0101s <strong>s\u016bkalas<\/strong>, sausais <strong>v\u0101jpiens<\/strong>), s\u0113nes (\u0161ampinjoni) 11%, burk\u0101ni, <strong>kr\u0113jums<\/strong>, rap\u0161u e\u013c\u013ca, <strong>kvie\u0161u<\/strong> milti, s\u012bpoli, citronu pipari, sk\u0101buma regulators: cukurs, citronu sulas pulveris].<\/p>\n<p data-start=\"543\" data-end=\"583\"><strong data-start=\"543\" data-end=\"556\">Alerg\u0113ni<\/strong><br data-start=\"556\" data-end=\"559\" \/>Satur: pienu, lipekli<\/p>\n<p data-start=\"585\" data-end=\"660\">Var satur\u0113t: olas, sojas, selerijas, sinepes, sezama, citu graudaugu.<\/p>\n<p data-start=\"662\" data-end=\"735\"><em>Izgatavots un iepakots uz\u0146\u0113mum\u0101, kas apstr\u0101d\u0101 \u0161os alerg\u0113nus.<\/em><\/p>\n","protected":false},"excerpt":{"rendered":"<p data-start=\"191\" data-end=\"280\"><strong data-start=\"191\" data-end=\"278\">Zir\u0146i ar sieru un s\u0113\u0146u m\u0113rci &#8211; kr\u0113m\u012bgs un uzturviel\u0101m bag\u0101ts \u0113diens p\u0113c Good Mood Meals<\/strong><\/p>\n<p data-start=\"282\" data-end=\"508\">Izbaudiet bag\u0101t\u012bgo, kr\u0113m\u012bgo liofiliz\u0113tu zir\u0146u gar\u0161u ar sieru un s\u0113\u0146u m\u0113rci &#8211; gardu, olbaltumviel\u0101m un \u0161\u0137iedrviel\u0101m bag\u0101tu malt\u012bti, kas lieliski noder\u0113s kemping\u0101, p\u0101rg\u0101jienos vai \u0101rk\u0101rtas situ\u0101cij\u0101s. Viegli, ilgi uzglab\u0101jami un gatavi da\u017eu min\u016b\u0161u laik\u0101.<\/p>\n<p data-start=\"510\" data-end=\"645\">\u2713 7 gadu der\u012bguma termi\u0146\u0161<br data-start=\"529\" data-end=\"532\" \/>\u2713 Viegls un \u0101tri pagatavojams<br data-start=\"564\" data-end=\"567\" \/>\u2713 Kr\u0113m\u012bgs un arom\u0101tisks ar s\u0113n\u0113m un sieru<br data-start=\"613\" data-end=\"616\" \/>\u2713 Nav nepiecie\u0161ams sald\u0113t.<\/p>\n","protected":false},"featured_media":6528,"comment_status":"open","ping_status":"closed","template":"","meta":[],"product_brand":[],"product_cat":[116,145],"product_tag":[],"class_list":{"0":"post-2490","1":"product","2":"type-product","3":"status-publish","4":"has-post-thumbnail","6":"product_cat-liofilizeta-partika","7":"product_cat-vegetars","9":"first","10":"instock","11":"taxable","12":"shipping-taxable","13":"purchasable","14":"product-type-simple"},"_links":{"self":[{"href":"https:\/\/goodmoodmeals.com\/lv\/wp-json\/wp\/v2\/product\/2490","targetHints":{"allow":["GET"]}}],"collection":[{"href":"https:\/\/goodmoodmeals.com\/lv\/wp-json\/wp\/v2\/product"}],"about":[{"href":"https:\/\/goodmoodmeals.com\/lv\/wp-json\/wp\/v2\/types\/product"}],"replies":[{"embeddable":true,"href":"https:\/\/goodmoodmeals.com\/lv\/wp-json\/wp\/v2\/comments?post=2490"}],"wp:featuredmedia":[{"embeddable":true,"href":"https:\/\/goodmoodmeals.com\/lv\/wp-json\/wp\/v2\/media\/6528"}],"wp:attachment":[{"href":"https:\/\/goodmoodmeals.com\/lv\/wp-json\/wp\/v2\/media?parent=2490"}],"wp:term":[{"taxonomy":"product_brand","embeddable":true,"href":"https:\/\/goodmoodmeals.com\/lv\/wp-json\/wp\/v2\/product_brand?post=2490"},{"taxonomy":"product_cat","embeddable":true,"href":"https:\/\/goodmoodmeals.com\/lv\/wp-json\/wp\/v2\/product_cat?post=2490"},{"taxonomy":"product_tag","embeddable":true,"href":"https:\/\/goodmoodmeals.com\/lv\/wp-json\/wp\/v2\/product_tag?post=2490"}],"curies":[{"name":"wp","href":"https:\/\/api.w.org\/{rel}","templated":true}]}}