{"id":2105,"date":"2024-10-21T11:55:47","date_gmt":"2024-10-21T08:55:47","guid":{"rendered":"https:\/\/goodmoodmeals.com\/product\/griku-sautejums-ar-cukgalu-un-senem\/"},"modified":"2026-04-03T20:04:35","modified_gmt":"2026-04-03T17:04:35","slug":"griku-sautejums-ar-cukgalu-un-senem","status":"publish","type":"product","link":"https:\/\/goodmoodmeals.com\/lv\/produkti\/griku-sautejums-ar-cukgalu-un-senem\/","title":{"rendered":"Gri\u0137u saut\u0113jums ar c\u016bkga\u013cu un s\u0113n\u0113m"},"content":{"rendered":"<h3>Sast\u0101vda\u013cas<\/h3>\n<p><strong>Gri\u0137i<\/strong> 38%, m\u0113rce (kaus\u0113ts <strong>siers<\/strong><strong>(siers<\/strong> 32,7%, <strong>v\u0101jpiens<\/strong>, <strong>biezpiens<\/strong>, <strong>kr\u0113jums<\/strong>, emul\u0123\u0113jo\u0161ie s\u0101\u013ci (E 339, E 450, E 452), saus\u0101s s\u016bkalas, sausais v\u0101jpiens), burk\u0101ni, <strong>kr\u0113jums<\/strong>, rap\u0161u e\u013c\u013ca, <strong>kvie\u0161u<\/strong> milti, s\u012bpoli, s\u0101ls, p\u0113ters\u012b\u013ci, citronu pipari (melnie pipari, sk\u0101buma regul\u0113t\u0101js: citronsk\u0101be, s\u012bpoli, cukurs, citronu sulas pulveris), \u0137iploku pulveris), c\u016bkga\u013ca 23%, s\u0113\u0146u \u0161\u0137\u0113les 4.7 % (\u0161ampinjoni, s\u0101ls, sk\u0101buma regul\u0113t\u0101ji: citronsk\u0101be, antioksidanti: askorb\u012bnsk\u0101be).<\/p>\n<h3>Inform\u0101cija par alerg\u0113niem<\/h3>\n<p>Satur: pienu, kvie\u0161us<br \/>\nVar satur\u0113t: olas, sojas, selerijas, sinepes, sezama, graudaugu produkti.<br \/>\n<em>Izgatavots un iepakots uz\u0146\u0113mum\u0101, kas apstr\u0101d\u0101 \u0161os alerg\u0113nus. Iepakojums satur absorbentu un ir ne\u0113dams.<\/em><\/p>\n","protected":false},"excerpt":{"rendered":"<p>Izbaudiet s\u0101t\u012bgu un arom\u0101tisku <strong>gri\u0137u saut\u0113jumu ar c\u016bkga\u013cu un s\u0113n\u0113m<\/strong>, kas rad\u012bts piedz\u012bvojumu mekl\u0113t\u0101jiem, izdz\u012bvot\u0101jiem un \u0101ra entuziastiem. \u0160aj\u0101 <strong>liofiliz\u0113taj\u0101 malt\u012bt\u0113<\/strong> apvienota olbaltumviel\u0101m bag\u0101ta c\u016bkga\u013ca, zemes s\u0113nes un vesel\u012bgi gri\u0137i, lai pagatavotu s\u0101t\u012bgu, uzturviel\u0101m bag\u0101tu \u0113dienu. Vienk\u0101r\u0161i pievienojiet karstu \u016bdeni, un \u0113diens ir gatavs \u0113\u0161anai!<\/p>\n<p style=\"text-align: center;\"><strong>\u2713 Ilgnotur\u012bgs<\/strong><br \/>\n<strong>\u2713 Viegls un viegli pagatavojams<\/strong><br \/>\n<strong>\u2713 Uztur\u012bgs un s\u0101t\u012bgs<\/strong><br \/>\n<strong>\u2713 Nav nepiecie\u0161ams sald\u0113t<\/strong><\/p>\n","protected":false},"featured_media":6531,"comment_status":"open","ping_status":"closed","template":"","meta":[],"product_brand":[],"product_cat":[124,116,126],"product_tag":[],"class_list":{"0":"post-2105","1":"product","2":"type-product","3":"status-publish","4":"has-post-thumbnail","6":"product_cat-bestselleri","7":"product_cat-liofilizeta-partika","8":"product_cat-pamatedieni","10":"first","11":"instock","12":"taxable","13":"shipping-taxable","14":"purchasable","15":"product-type-simple"},"_links":{"self":[{"href":"https:\/\/goodmoodmeals.com\/lv\/wp-json\/wp\/v2\/product\/2105","targetHints":{"allow":["GET"]}}],"collection":[{"href":"https:\/\/goodmoodmeals.com\/lv\/wp-json\/wp\/v2\/product"}],"about":[{"href":"https:\/\/goodmoodmeals.com\/lv\/wp-json\/wp\/v2\/types\/product"}],"replies":[{"embeddable":true,"href":"https:\/\/goodmoodmeals.com\/lv\/wp-json\/wp\/v2\/comments?post=2105"}],"wp:featuredmedia":[{"embeddable":true,"href":"https:\/\/goodmoodmeals.com\/lv\/wp-json\/wp\/v2\/media\/6531"}],"wp:attachment":[{"href":"https:\/\/goodmoodmeals.com\/lv\/wp-json\/wp\/v2\/media?parent=2105"}],"wp:term":[{"taxonomy":"product_brand","embeddable":true,"href":"https:\/\/goodmoodmeals.com\/lv\/wp-json\/wp\/v2\/product_brand?post=2105"},{"taxonomy":"product_cat","embeddable":true,"href":"https:\/\/goodmoodmeals.com\/lv\/wp-json\/wp\/v2\/product_cat?post=2105"},{"taxonomy":"product_tag","embeddable":true,"href":"https:\/\/goodmoodmeals.com\/lv\/wp-json\/wp\/v2\/product_tag?post=2105"}],"curies":[{"name":"wp","href":"https:\/\/api.w.org\/{rel}","templated":true}]}}