{"id":2103,"date":"2024-10-21T11:55:47","date_gmt":"2024-10-21T08:55:47","guid":{"rendered":"https:\/\/goodmoodmeals.com\/product\/borscs\/"},"modified":"2026-04-03T18:12:13","modified_gmt":"2026-04-03T15:12:13","slug":"borscs","status":"publish","type":"product","link":"https:\/\/goodmoodmeals.com\/lv\/produkti\/borscs\/","title":{"rendered":"Bor\u0161\u010ds"},"content":{"rendered":"<h3>Sast\u0101vda\u013cas<\/h3>\n<p>M\u0113rce (tom\u0101tu pasta (tom\u0101ti), paprika, rap\u0161u e\u013c\u013ca, <strong>kvie\u0161u<\/strong> milti, sk\u0101bais <strong>kr\u0113jums<\/strong><strong>(piens)<\/strong>, s\u0101ls, kalt\u0113ti s\u012bpoli, kalt\u0113ti \u0137iploki, kalt\u0113ti p\u0113ters\u012b\u013ci, gar\u0161vielas (paprika, s\u012bpoli, melnie pipari, rauga ekstrakts, <strong>seleriju<\/strong> s\u0113klas, \u0137iploki), gar\u0161vielas (s\u012bpoli, burk\u0101ni, sk\u0101be (citronsk\u0101be), sarkanie pipari, roz\u0101 pipari, za\u013cie pipari, melnie pipari, cukurs, estragons, citronu sula (0,2%)), cukurs); c\u016bkga\u013ca; bietes; kartupe\u013ci; k\u0101posti.<\/p>\n<h3>Inform\u0101cija par alerg\u0113niem<\/h3>\n<p>Satur: <strong>pienu, kvie\u0161us, seleriju<\/strong><br \/>\nVar satur\u0113t: Sojas, sojas, sinepju, sinepju, sezama, graudaugu<br \/>\nRa\u017eots un iepakots uz\u0146\u0113mum\u0101, kas apstr\u0101d\u0101 \u0161os alerg\u0113nus. Iepakojums satur absorbentu un ir ne\u0113dams.<\/p>\n","protected":false},"excerpt":{"rendered":"<p data-start=\"85\" data-end=\"158\"><strong data-start=\"85\" data-end=\"158\">Liofiliz\u0113ts bor\u0161\u010ds &#8211; tradicion\u0101lais bor\u0161\u010ds ar 7 gadu der\u012bguma termi\u0146u<\/strong><\/p>\n<p data-start=\"160\" data-end=\"474\">Izbaudiet <strong data-start=\"201\" data-end=\"224\">tradicion\u0101l\u0101 bor\u0161\u010da<\/strong>&#8211; iecien\u012bt\u0101s Austrumeiropas <strong data-start=\"255\" data-end=\"268\">bie\u0161u zupas<\/strong>&#8211; drosm\u012bgo un mierino\u0161o gar\u0161u, kas tagad pieejama \u0113rt\u0101 <strong data-start=\"300\" data-end=\"323\">liofiliz\u0113t\u0101<\/strong> veid\u0101. \u0160\u012b malt\u012bte, kas pagatavota no <strong data-start=\"335\" data-end=\"358\">dab\u012bg\u0101m sast\u0101vda\u013c\u0101m<\/strong> un bez m\u0101ksl\u012bgiem konservantiem, pied\u0101v\u0101 perfektu <strong data-start=\"432\" data-end=\"473\">gar\u0161as, uzturv\u0113rt\u012bbas un ilga glab\u0101\u0161anas laika<\/strong> l\u012bdzsvaru.<\/p>\n<p style=\"text-align: center;\" data-start=\"678\" data-end=\"872\">\u2713 7 gadu der\u012bguma termi\u0146\u0161<br data-start=\"63\" data-end=\"66\" \/>\u2713 Viegls un \u0113rti pagatavojams<br data-start=\"95\" data-end=\"98\" data-is-only-node=\"\" \/>\u2713 Uztur\u012bgs un s\u0101t\u012bgs<br data-start=\"118\" data-end=\"121\" \/>\u2713 Nav nepiecie\u0161ama ledusskapja uzglab\u0101\u0161ana<\/p>\n","protected":false},"featured_media":6504,"comment_status":"open","ping_status":"closed","template":"","meta":[],"product_brand":[],"product_cat":[116,139],"product_tag":[],"class_list":{"0":"post-2103","1":"product","2":"type-product","3":"status-publish","4":"has-post-thumbnail","6":"product_cat-liofilizeta-partika","7":"product_cat-zupas","9":"first","10":"instock","11":"taxable","12":"shipping-taxable","13":"purchasable","14":"product-type-simple"},"_links":{"self":[{"href":"https:\/\/goodmoodmeals.com\/lv\/wp-json\/wp\/v2\/product\/2103","targetHints":{"allow":["GET"]}}],"collection":[{"href":"https:\/\/goodmoodmeals.com\/lv\/wp-json\/wp\/v2\/product"}],"about":[{"href":"https:\/\/goodmoodmeals.com\/lv\/wp-json\/wp\/v2\/types\/product"}],"replies":[{"embeddable":true,"href":"https:\/\/goodmoodmeals.com\/lv\/wp-json\/wp\/v2\/comments?post=2103"}],"wp:featuredmedia":[{"embeddable":true,"href":"https:\/\/goodmoodmeals.com\/lv\/wp-json\/wp\/v2\/media\/6504"}],"wp:attachment":[{"href":"https:\/\/goodmoodmeals.com\/lv\/wp-json\/wp\/v2\/media?parent=2103"}],"wp:term":[{"taxonomy":"product_brand","embeddable":true,"href":"https:\/\/goodmoodmeals.com\/lv\/wp-json\/wp\/v2\/product_brand?post=2103"},{"taxonomy":"product_cat","embeddable":true,"href":"https:\/\/goodmoodmeals.com\/lv\/wp-json\/wp\/v2\/product_cat?post=2103"},{"taxonomy":"product_tag","embeddable":true,"href":"https:\/\/goodmoodmeals.com\/lv\/wp-json\/wp\/v2\/product_tag?post=2103"}],"curies":[{"name":"wp","href":"https:\/\/api.w.org\/{rel}","templated":true}]}}