{"id":2091,"date":"2024-10-21T11:55:48","date_gmt":"2024-10-21T08:55:48","guid":{"rendered":"https:\/\/goodmoodmeals.com\/product\/tikka-masala\/"},"modified":"2026-04-01T16:19:59","modified_gmt":"2026-04-01T13:19:59","slug":"tikka-masala","status":"publish","type":"product","link":"https:\/\/goodmoodmeals.com\/lv\/produkti\/tikka-masala\/","title":{"rendered":"Vistas Tikka Masala"},"content":{"rendered":"<h3 style=\"margin-top: 24px;\">Sast\u0101vda\u013cas<\/h3>\n<p>M\u0113rce (turku jogurts <strong>(piens<\/strong>), tom\u0101ti (mizoti tom\u0101ti, tom\u0101tu sula, sk\u0101buma regulators: citronsk\u0101be), tom\u0101tu pasta (tom\u0101ti), kartupe\u013cu ciete, <strong>kr\u0113jums<\/strong>, rap\u0161u e\u013c\u013ca, s\u0101ls, cukurs, gar\u0161vielas (\u0137imenes, koriandrs, ingvers, kurkuma, kardamons, melnie pipari, kan\u0113lis, krustnagli\u0146as, kaj\u0113nas pipari, s\u0101ls, paprika, tom\u0101ti, cukurs, s\u012bpoli, koriandra lapas), r\u012bsu n\u016bdeles (r\u012bsi), vistas ga\u013ca 22,7%), r\u012bsu n\u016bdeles (r\u012bsi), vistas ga\u013ca.<\/p>\n<h3>Inform\u0101cija par alerg\u0113niem<\/h3>\n<p>Satur: Piens<br \/>\nVar satur\u0113t: Sojas, sojas, selerijas, sinepju, selerijas, sezama, graudaugu<br \/>\nRa\u017eots un iepakots uz\u0146\u0113mum\u0101, kur\u0101 apstr\u0101d\u0101 \u0161os alerg\u0113nus. Iepakojums satur absorbentu un ir ne\u0113dams.<\/p>\n","protected":false},"excerpt":{"rendered":"<p>Izbaudiet <strong>bag\u0101t\u012bgo un arom\u0101tisko<\/strong> <strong>Tikka Masala<\/strong> <strong>gar\u0161u<\/strong>, kas ir klasisks indie\u0161u iedvesmots \u0113diens, \u0113rt\u0101 <strong>liofiliz\u0113t\u0101<\/strong> veid\u0101. \u0160\u012b malt\u012bte, kas pagatavota no <strong>maigas vistas ga\u013cas, kr\u0113m\u012bgas tom\u0101tu m\u0113rces un pat\u012bkam\u0101m gar\u0161viel\u0101m<\/strong>, ir ide\u0101li piem\u0113rota <strong>kempingiem, p\u0101rg\u0101jieniem, p\u0101rtikas uzglab\u0101\u0161anai \u0101rk\u0101rtas situ\u0101cij\u0101s un milit\u0101raj\u0101m p\u0101rtikas dev\u0101m<\/strong>. Viegls, barojo\u0161s un viegli pagatavojams &#8211; tikai pievienojiet karstu \u016bdeni!<\/p>\n<p style=\"text-align: center;\"><strong>\u2713 7 gadu glab\u0101\u0161anas termi\u0146\u0161<\/strong><br \/>\n<strong>\u2713 Viegls un \u0101tri pagatavojams<\/strong><br \/>\n<strong>\u2713 Uzturviel\u0101m bag\u0101ts un s\u0101t\u012bgs<\/strong><br \/>\n<strong>\u2713 Nav nepiecie\u0161ama sald\u0113\u0161ana<\/strong><\/p>\n","protected":false},"featured_media":6456,"comment_status":"open","ping_status":"closed","template":"","meta":[],"product_brand":[],"product_cat":[124,116,126],"product_tag":[],"class_list":{"0":"post-2091","1":"product","2":"type-product","3":"status-publish","4":"has-post-thumbnail","6":"product_cat-bestselleri","7":"product_cat-liofilizeta-partika","8":"product_cat-pamatedieni","10":"first","11":"instock","12":"taxable","13":"shipping-taxable","14":"purchasable","15":"product-type-simple"},"_links":{"self":[{"href":"https:\/\/goodmoodmeals.com\/lv\/wp-json\/wp\/v2\/product\/2091","targetHints":{"allow":["GET"]}}],"collection":[{"href":"https:\/\/goodmoodmeals.com\/lv\/wp-json\/wp\/v2\/product"}],"about":[{"href":"https:\/\/goodmoodmeals.com\/lv\/wp-json\/wp\/v2\/types\/product"}],"replies":[{"embeddable":true,"href":"https:\/\/goodmoodmeals.com\/lv\/wp-json\/wp\/v2\/comments?post=2091"}],"wp:featuredmedia":[{"embeddable":true,"href":"https:\/\/goodmoodmeals.com\/lv\/wp-json\/wp\/v2\/media\/6456"}],"wp:attachment":[{"href":"https:\/\/goodmoodmeals.com\/lv\/wp-json\/wp\/v2\/media?parent=2091"}],"wp:term":[{"taxonomy":"product_brand","embeddable":true,"href":"https:\/\/goodmoodmeals.com\/lv\/wp-json\/wp\/v2\/product_brand?post=2091"},{"taxonomy":"product_cat","embeddable":true,"href":"https:\/\/goodmoodmeals.com\/lv\/wp-json\/wp\/v2\/product_cat?post=2091"},{"taxonomy":"product_tag","embeddable":true,"href":"https:\/\/goodmoodmeals.com\/lv\/wp-json\/wp\/v2\/product_tag?post=2091"}],"curies":[{"name":"wp","href":"https:\/\/api.w.org\/{rel}","templated":true}]}}