{"id":2088,"date":"2024-10-21T11:55:48","date_gmt":"2024-10-21T08:55:48","guid":{"rendered":"https:\/\/goodmoodmeals.com\/product\/vistas-karijs\/"},"modified":"2026-04-14T19:56:04","modified_gmt":"2026-04-14T16:56:04","slug":"vistas-karijs","status":"publish","type":"product","link":"https:\/\/goodmoodmeals.com\/lv\/produkti\/vistas-karijs\/","title":{"rendered":"Vistas karijs"},"content":{"rendered":"<h3>Sast\u0101vda\u013cas<\/h3>\n<p>R\u012bsi, karija m\u0113rce 30% (burk\u0101ni, s\u012bpoli, \u0137iploki, kartupe\u013cu ciete, rap\u0161u e\u013c\u013ca, karija gar\u0161vielas (koriandrs, kurkuma, \u0137imenes, lauru lapas, \u010dilli, fenhelis, zir\u0146i, melnie pipari, s\u0101ls, <strong>sinepes<\/strong>, grie\u0137u sier\u0101boli\u0146\u0161, an\u012bss, \u0137iploki, s\u0101ls, sausais mango pulveris, meln\u0101 s\u0101ls, piparm\u0113tra, gran\u0101t\u0101bols, ingvers, citronsk\u0101be, sausais za\u013cais \u010dilli, muskatrieksts, asafoetida, muskatrieksts)); vista 20%.<\/p>\n<h3>Inform\u0101cija par alerg\u0113niem<\/h3>\n<p>Satur: Sinepes<br \/>\nVar satur\u0113t: olas, soja, piens, sojas, selerijas, sezams, graudaugi.<br \/>\n<em>Izgatavots un iepakots uz\u0146\u0113mum\u0101, kas apstr\u0101d\u0101 \u0161os alerg\u0113nus. Iepakojums satur absorbentu un ir ne\u0113dams.<\/em><\/p>\n","protected":false},"excerpt":{"rendered":"<p>Izbaudiet <strong>bag\u0101t\u012bgo un arom\u0101tisko<\/strong> <strong>vistas karija<\/strong> <strong>gar\u0161u<\/strong>, kas papildin\u0101ta ar <strong>maigu vistas ga\u013cu, smar\u017e\u012bg\u0101m gar\u0161viel\u0101m un kr\u0113m\u012bgu karija m\u0113rci<\/strong>. \u0160\u012b <strong>liofiliz\u0113t\u0101 malt\u012bte<\/strong> ir ide\u0101li piem\u0113rota <strong>kempingiem, p\u0101rg\u0101jieniem, \u0101rk\u0101rtas p\u0101rtikas uzglab\u0101\u0161anai un milit\u0101raj\u0101m dev\u0101m<\/strong>. Viegls, barojo\u0161s un viegli pagatavojams &#8211; vienk\u0101r\u0161i pievienojiet karstu \u016bdeni, lai ieg\u016btu gar\u0161\u012bgu, lieto\u0161anai gatavu \u0113dienu!<\/p>\n<p style=\"text-align: center;\"><strong>\u2713 7 gadu glab\u0101\u0161anas termi\u0146\u0161<\/strong><br \/>\n<strong>\u2713 Viegls un \u0101tri pagatavojams<\/strong><br \/>\n<strong>\u2713 S\u0101t\u012bgs<\/strong><br \/>\n<strong>\u2713 Nav nepiecie\u0161ama sald\u0113\u0161ana<\/strong><\/p>\n","protected":false},"featured_media":6513,"comment_status":"open","ping_status":"closed","template":"","meta":[],"product_brand":[],"product_cat":[124,116,126],"product_tag":[],"class_list":{"0":"post-2088","1":"product","2":"type-product","3":"status-publish","4":"has-post-thumbnail","6":"product_cat-bestselleri","7":"product_cat-liofilizeta-partika","8":"product_cat-pamatedieni","10":"first","11":"instock","12":"taxable","13":"shipping-taxable","14":"purchasable","15":"product-type-simple"},"_links":{"self":[{"href":"https:\/\/goodmoodmeals.com\/lv\/wp-json\/wp\/v2\/product\/2088","targetHints":{"allow":["GET"]}}],"collection":[{"href":"https:\/\/goodmoodmeals.com\/lv\/wp-json\/wp\/v2\/product"}],"about":[{"href":"https:\/\/goodmoodmeals.com\/lv\/wp-json\/wp\/v2\/types\/product"}],"replies":[{"embeddable":true,"href":"https:\/\/goodmoodmeals.com\/lv\/wp-json\/wp\/v2\/comments?post=2088"}],"wp:featuredmedia":[{"embeddable":true,"href":"https:\/\/goodmoodmeals.com\/lv\/wp-json\/wp\/v2\/media\/6513"}],"wp:attachment":[{"href":"https:\/\/goodmoodmeals.com\/lv\/wp-json\/wp\/v2\/media?parent=2088"}],"wp:term":[{"taxonomy":"product_brand","embeddable":true,"href":"https:\/\/goodmoodmeals.com\/lv\/wp-json\/wp\/v2\/product_brand?post=2088"},{"taxonomy":"product_cat","embeddable":true,"href":"https:\/\/goodmoodmeals.com\/lv\/wp-json\/wp\/v2\/product_cat?post=2088"},{"taxonomy":"product_tag","embeddable":true,"href":"https:\/\/goodmoodmeals.com\/lv\/wp-json\/wp\/v2\/product_tag?post=2088"}],"curies":[{"name":"wp","href":"https:\/\/api.w.org\/{rel}","templated":true}]}}