{"id":2086,"date":"2024-10-21T08:55:48","date_gmt":"2024-10-21T05:55:48","guid":{"rendered":"https:\/\/goodmoodmeals.com\/product\/lecas-ar-darzeniem-un-siera-merci\/"},"modified":"2026-04-10T22:58:40","modified_gmt":"2026-04-10T19:58:40","slug":"lecas-ar-darzeniem-un-siera-merci","status":"publish","type":"product","link":"https:\/\/goodmoodmeals.com\/lv\/produkti\/lecas-ar-darzeniem-un-siera-merci\/","title":{"rendered":"L\u0113cas ar d\u0101rze\u0146iem un siera m\u0113rci"},"content":{"rendered":"<h3>Sast\u0101vda\u013cas<\/h3>\n<p>Sarkan\u0101s l\u0113cas 40%, m\u0113rce (kaus\u0113ts <strong>siers<\/strong> ( <strong>siers<\/strong> 32,7%, <strong>v\u0101jpiens<\/strong>, <strong>biezpiens<\/strong>, <strong>kr\u0113jums<\/strong>, emul\u0123\u0113jo\u0161ie s\u0101\u013ci (E 339, E 450, E 452), saus\u0101s <strong>s\u016bkalas<\/strong>, sausais <strong>v\u0101jpiens<\/strong>), burk\u0101ni, kr\u0113jums, rap\u0161u e\u013c\u013ca, <strong>kvie\u0161u<\/strong> milti, kartupe\u013cu ciete, s\u012bpoli, s\u0101ls, p\u0113ters\u012b\u013ci, citronu pipari (melnie pipari, sk\u0101buma regulators: citronsk\u0101be, s\u012bpoli, cukurs, citronu sulas pulveris)), d\u0101rze\u0146i 20% (broko\u013ci, pupi\u0146as, za\u013cie zirn\u012b\u0161i).<\/p>\n<h3>Inform\u0101cija par alerg\u0113niem<\/h3>\n<p>Satur: pienu, lipekli (kvie\u0161u)<br \/>\nVar satur\u0113t: olas, sojas, selerijas, sinepes, sezama, graudaugu produkti.<br \/>\n<em>Izgatavots un iepakots uz\u0146\u0113mum\u0101, kas apstr\u0101d\u0101 \u0161os alerg\u0113nus. Iepakojums satur absorbentu un ir ne\u0113dams.<\/em><\/p>\n","protected":false},"excerpt":{"rendered":"<p>Izbaudiet s\u0101t\u012bgu un uzturviel\u0101m <strong>piepild\u012btu<\/strong> malt\u012bti ar <strong>olbaltumviel\u0101m bag\u0101t\u0101m l\u0113c\u0101m, pilnv\u0113rt\u012bgiem d\u0101rze\u0146iem un kr\u0113mveida siera m\u0113rci<\/strong>. \u0160is <strong>liofiliz\u0113tais \u0113diens<\/strong> ir lieliski piem\u0113rots <strong>kempingiem, p\u0101rg\u0101jieniem, p\u0101rtikas uzglab\u0101\u0161anai \u0101rk\u0101rtas situ\u0101cij\u0101s un milit\u0101raj\u0101m vajadz\u012bb\u0101m<\/strong>. Viegls, arom\u0101tisks un viegli pagatavojams &#8211; tikai pievienojiet karstu \u016bdeni, lai ieg\u016btu gardu, lieto\u0161anai gatavu malt\u012bti!<\/p>\n<p style=\"text-align: center;\"><strong>\u2713 7 gadu glab\u0101\u0161anas termi\u0146\u0161<\/strong><br \/>\n<strong>\u2713 Viegls un \u0101tri pagatavojams<\/strong><br \/>\n<strong>\u2713 Barojo\u0161s un s\u0101t\u012bgs<\/strong><br \/>\n<strong>\u2713 Nav nepiecie\u0161ama sald\u0113\u0161ana<\/strong><\/p>\n","protected":false},"featured_media":6522,"comment_status":"open","ping_status":"closed","template":"","meta":[],"product_brand":[],"product_cat":[116,145],"product_tag":[],"class_list":{"0":"post-2086","1":"product","2":"type-product","3":"status-publish","4":"has-post-thumbnail","6":"product_cat-liofilizeta-partika","7":"product_cat-vegetars","9":"first","10":"instock","11":"taxable","12":"shipping-taxable","13":"purchasable","14":"product-type-simple"},"_links":{"self":[{"href":"https:\/\/goodmoodmeals.com\/lv\/wp-json\/wp\/v2\/product\/2086","targetHints":{"allow":["GET"]}}],"collection":[{"href":"https:\/\/goodmoodmeals.com\/lv\/wp-json\/wp\/v2\/product"}],"about":[{"href":"https:\/\/goodmoodmeals.com\/lv\/wp-json\/wp\/v2\/types\/product"}],"replies":[{"embeddable":true,"href":"https:\/\/goodmoodmeals.com\/lv\/wp-json\/wp\/v2\/comments?post=2086"}],"wp:featuredmedia":[{"embeddable":true,"href":"https:\/\/goodmoodmeals.com\/lv\/wp-json\/wp\/v2\/media\/6522"}],"wp:attachment":[{"href":"https:\/\/goodmoodmeals.com\/lv\/wp-json\/wp\/v2\/media?parent=2086"}],"wp:term":[{"taxonomy":"product_brand","embeddable":true,"href":"https:\/\/goodmoodmeals.com\/lv\/wp-json\/wp\/v2\/product_brand?post=2086"},{"taxonomy":"product_cat","embeddable":true,"href":"https:\/\/goodmoodmeals.com\/lv\/wp-json\/wp\/v2\/product_cat?post=2086"},{"taxonomy":"product_tag","embeddable":true,"href":"https:\/\/goodmoodmeals.com\/lv\/wp-json\/wp\/v2\/product_tag?post=2086"}],"curies":[{"name":"wp","href":"https:\/\/api.w.org\/{rel}","templated":true}]}}