{"id":2081,"date":"2024-10-21T11:55:48","date_gmt":"2024-10-21T08:55:48","guid":{"rendered":"https:\/\/goodmoodmeals.com\/product\/gulasa-zupa\/"},"modified":"2026-04-03T20:04:35","modified_gmt":"2026-04-03T17:04:35","slug":"gulasa-zupa","status":"publish","type":"product","link":"https:\/\/goodmoodmeals.com\/lv\/produkti\/gulasa-zupa\/","title":{"rendered":"Gula\u0161a zupa"},"content":{"rendered":"<h3>Sast\u0101vda\u013cas<\/h3>\n<p>Zupas m\u0113rce (burk\u0101ni, paprika, tom\u0101tu pasta (tom\u0101ti), rap\u0161u e\u013c\u013ca, <strong>kvie\u0161u<\/strong> milti, s\u012bpoli, <strong>selerijas<\/strong>, cukurs, s\u0101ls, gar\u0161vielas (s\u0101ls, paprika, s\u012bpoli, melnie pipari, rauga ekstrakts, <strong>seleriju<\/strong> s\u0113klas, \u0137iploki, kaj\u0113nas pipari, asie pipari)), kartupe\u013ci, c\u016bkga\u013ca (18 %).<\/p>\n<h3>Inform\u0101cija par alerg\u0113niem<\/h3>\n<p>Satur: satur: lipekli (kvie\u0161u), seleriju<br \/>\nVar satur\u0113t: olas, soja, piens, sinepes, sinepes, sezams, graudaugi.<br \/>\n<em>Izgatavots un iepakots iek\u0101rt\u0101, kas apstr\u0101d\u0101 \u0161os alerg\u0113nus. Iepakojums satur absorbentu un ir ne\u0113dams.<\/em><\/p>\n","protected":false},"excerpt":{"rendered":"<p>Izbaudiet <strong>tradicion\u0101l\u0101s gula\u0161a zupas, kas<\/strong> pagatavota no <strong>c\u016bkga\u013cas, paprikas un pikantiem d\u0101rze\u0146iem<\/strong>, <strong>drosm\u012bgo un mierino\u0161o gar\u0161u<\/strong>. \u0160is <strong>liofiliz\u0113tais \u0113diens<\/strong> ir lieliski piem\u0113rots <strong>kempingiem, p\u0101rg\u0101jieniem, \u0101rk\u0101rtas p\u0101rtikas kr\u0101jumiem un milit\u0101raj\u0101m dev\u0101m<\/strong>. Viegls, barojo\u0161s un viegli pagatavojams &#8211; tikai pievienojiet karstu \u016bdeni, lai pagatavotu gardu, lieto\u0161anai gatavu \u0113dienu!<\/p>\n<p style=\"text-align: center;\"><strong>\u2713 7 gadu glab\u0101\u0161anas termi\u0146\u0161<\/strong><br \/>\n<strong>\u2713 Viegls un \u0101tri pagatavojams<\/strong><br \/>\n<strong>\u2713 Uztur\u012bgs un s\u0101t\u012bgs<\/strong><br \/>\n<strong>\u2713 Nav nepiecie\u0161ama sald\u0113\u0161ana<\/strong><\/p>\n","protected":false},"featured_media":6450,"comment_status":"open","ping_status":"closed","template":"","meta":[],"product_brand":[],"product_cat":[116,139],"product_tag":[],"class_list":{"0":"post-2081","1":"product","2":"type-product","3":"status-publish","4":"has-post-thumbnail","6":"product_cat-liofilizeta-partika","7":"product_cat-zupas","9":"first","10":"instock","11":"taxable","12":"shipping-taxable","13":"purchasable","14":"product-type-simple"},"_links":{"self":[{"href":"https:\/\/goodmoodmeals.com\/lv\/wp-json\/wp\/v2\/product\/2081","targetHints":{"allow":["GET"]}}],"collection":[{"href":"https:\/\/goodmoodmeals.com\/lv\/wp-json\/wp\/v2\/product"}],"about":[{"href":"https:\/\/goodmoodmeals.com\/lv\/wp-json\/wp\/v2\/types\/product"}],"replies":[{"embeddable":true,"href":"https:\/\/goodmoodmeals.com\/lv\/wp-json\/wp\/v2\/comments?post=2081"}],"wp:featuredmedia":[{"embeddable":true,"href":"https:\/\/goodmoodmeals.com\/lv\/wp-json\/wp\/v2\/media\/6450"}],"wp:attachment":[{"href":"https:\/\/goodmoodmeals.com\/lv\/wp-json\/wp\/v2\/media?parent=2081"}],"wp:term":[{"taxonomy":"product_brand","embeddable":true,"href":"https:\/\/goodmoodmeals.com\/lv\/wp-json\/wp\/v2\/product_brand?post=2081"},{"taxonomy":"product_cat","embeddable":true,"href":"https:\/\/goodmoodmeals.com\/lv\/wp-json\/wp\/v2\/product_cat?post=2081"},{"taxonomy":"product_tag","embeddable":true,"href":"https:\/\/goodmoodmeals.com\/lv\/wp-json\/wp\/v2\/product_tag?post=2081"}],"curies":[{"name":"wp","href":"https:\/\/api.w.org\/{rel}","templated":true}]}}