{"id":2075,"date":"2024-10-21T11:55:48","date_gmt":"2024-10-21T08:55:48","guid":{"rendered":"https:\/\/goodmoodmeals.com\/product\/zirnu-biezeni-ar-galu\/"},"modified":"2026-04-02T20:41:59","modified_gmt":"2026-04-02T17:41:59","slug":"zirnu-biezeni-ar-galu","status":"publish","type":"product","link":"https:\/\/goodmoodmeals.com\/lv\/produkti\/zirnu-biezeni-ar-galu\/","title":{"rendered":"Zir\u0146u biezeni ar ga\u013cu"},"content":{"rendered":"<h3 style=\"margin-top: 24px;\">Sast\u0101vda\u013cas<\/h3>\n<p>Zir\u0146i 45%, m\u0113rce (kaus\u0113ts <strong>siers<\/strong> (siers 32.7%, <strong>piens<\/strong>, <strong>kr\u0113jums<\/strong>, emulg\u0113jo\u0161ie s\u0101\u013ci (E 339, E 450, E 452), saus\u0101s <strong>s\u016bkalas<\/strong>, sausais <strong>piens<\/strong>), burk\u0101ni, <strong>kr\u0113jums<\/strong>, rap\u0161u e\u013c\u013ca, <strong>kvie\u0161u<\/strong> milti, kartupe\u013cu ciete, s\u012bpoli, s\u0101ls, p\u0113ters\u012b\u013ci, citronu pipari (melnie pipari, sk\u0101buma regul\u0113t\u0101js: citronsk\u0101be, s\u012bpoli, cukurs, citronu sulas pulveris), c\u016bkga\u013ca 10%, c\u016bkga\u013ca 10% (c\u016bkga\u013cas \u0161\u0137i\u0146\u0137is 96%, \u016bdens, s\u0101ls, <strong>kvie\u0161u<\/strong> \u0161\u0137iedra, \u0137iploku granulas, dekstroze, melnie pipari).<\/p>\n<h3>Inform\u0101cija par alerg\u0113niem<\/h3>\n<p>Satur: pienu, lipekli (kvie\u0161u)<br \/>\nVar satur\u0113t: olas, sojas, selerijas, sinepes, sezama, graudaugu produkti.<br \/>\n<em>Izgatavots un iepakots uz\u0146\u0113mum\u0101, kas apstr\u0101d\u0101 \u0161os alerg\u0113nus. Iepakojums satur absorbentu un ir ne\u0113dams.<\/em><\/p>\n","protected":false},"excerpt":{"rendered":"<p><strong>Barojo\u0161s un gar\u0161\u012bgs \u0113diens piedz\u012bvojumiem br\u012bv\u0101 dab\u0101 &#8211; <\/strong>izbaudiet s\u0101t\u012bgu un olbaltumviel\u0101m bag\u0101tu <strong>liofiliz\u0113tu zir\u0146u biezeni ar ga\u013cu<\/strong>, kas ir ide\u0101li piem\u0113rots kempingiem, p\u0101rg\u0101jieniem vai \u0101rk\u0101rtas p\u0101rtikas uzglab\u0101\u0161anai. \u0160o vieglo, ilgi uzglab\u0101jamo malt\u012bti ir viegli pagatavot &#8211; vienk\u0101r\u0161i pievienojiet karstu \u016bdeni, lai baud\u012btu gardu un barojo\u0161u \u0113dienu. Ar <strong>7 gadu glab\u0101\u0161anas termi\u0146u<\/strong> nav nepiecie\u0161ama \u012bpa\u0161a uzglab\u0101\u0161ana. Ar \u0161o <strong>augstas kvalit\u0101tes<\/strong> un \u0113rto malt\u012bti varat uztur\u0113t ener\u0123iju ar\u012b ce\u013c\u0101.<\/p>\n<p style=\"text-align: center;\"><strong>\u2713 7 gadu glab\u0101\u0161anas termi\u0146\u0161<\/strong><br \/>\n<strong>\u2713 Viegls un \u0101tri pagatavojams<\/strong><br \/>\n<strong>\u2713 Barojo\u0161s un s\u0101t\u012bgs<\/strong><br \/>\n<strong>\u2713 Nav nepiecie\u0161ama sald\u0113\u0161ana<\/strong><\/p>\n","protected":false},"featured_media":6507,"comment_status":"open","ping_status":"closed","template":"","meta":[],"product_brand":[],"product_cat":[116,126],"product_tag":[],"class_list":{"0":"post-2075","1":"product","2":"type-product","3":"status-publish","4":"has-post-thumbnail","6":"product_cat-liofilizeta-partika","7":"product_cat-pamatedieni","9":"first","10":"instock","11":"taxable","12":"shipping-taxable","13":"purchasable","14":"product-type-simple"},"_links":{"self":[{"href":"https:\/\/goodmoodmeals.com\/lv\/wp-json\/wp\/v2\/product\/2075","targetHints":{"allow":["GET"]}}],"collection":[{"href":"https:\/\/goodmoodmeals.com\/lv\/wp-json\/wp\/v2\/product"}],"about":[{"href":"https:\/\/goodmoodmeals.com\/lv\/wp-json\/wp\/v2\/types\/product"}],"replies":[{"embeddable":true,"href":"https:\/\/goodmoodmeals.com\/lv\/wp-json\/wp\/v2\/comments?post=2075"}],"wp:featuredmedia":[{"embeddable":true,"href":"https:\/\/goodmoodmeals.com\/lv\/wp-json\/wp\/v2\/media\/6507"}],"wp:attachment":[{"href":"https:\/\/goodmoodmeals.com\/lv\/wp-json\/wp\/v2\/media?parent=2075"}],"wp:term":[{"taxonomy":"product_brand","embeddable":true,"href":"https:\/\/goodmoodmeals.com\/lv\/wp-json\/wp\/v2\/product_brand?post=2075"},{"taxonomy":"product_cat","embeddable":true,"href":"https:\/\/goodmoodmeals.com\/lv\/wp-json\/wp\/v2\/product_cat?post=2075"},{"taxonomy":"product_tag","embeddable":true,"href":"https:\/\/goodmoodmeals.com\/lv\/wp-json\/wp\/v2\/product_tag?post=2075"}],"curies":[{"name":"wp","href":"https:\/\/api.w.org\/{rel}","templated":true}]}}