{"id":2071,"date":"2024-10-21T08:55:48","date_gmt":"2024-10-21T05:55:48","guid":{"rendered":"https:\/\/goodmoodmeals.com\/product\/makaroni-ar-sieru\/"},"modified":"2026-04-02T23:16:42","modified_gmt":"2026-04-02T20:16:42","slug":"makaroni-ar-sieru","status":"publish","type":"product","link":"https:\/\/goodmoodmeals.com\/lv\/produkti\/makaroni-ar-sieru\/","title":{"rendered":"Makaroni ar sieru"},"content":{"rendered":"<h3 data-start=\"112\" data-end=\"129\">Sast\u0101vda\u013cas<\/h3>\n<p data-start=\"130\" data-end=\"391\">Makaroni 65% (cieto <strong>kvie\u0161u<\/strong> mannas putraimi, \u016bdens); <strong>siera<\/strong> m\u0113rce 45% (kaus\u0113ts <strong>siers<\/strong> ( <strong>v\u0101jpiens<\/strong>, <strong>biezpiens<\/strong>, <strong>kr\u0113jums<\/strong>, emul\u0123\u0113jo\u0161ie s\u0101\u013ci (n\u0101trija fosf\u0101ts, difosf\u0101ti, polifosf\u0101ti), saus\u0101s <strong>s\u016bkalas<\/strong>, sausais <strong>v\u0101jpiens<\/strong>), <strong>siers<\/strong>, <strong>kvie\u0161u<\/strong> milti, kartupe\u013cu ciete, s\u0101ls), cietais <strong>siers<\/strong> 10%.<\/p>\n<h3 data-start=\"393\" data-end=\"408\">Alerg\u0113ni<\/h3>\n<p data-start=\"409\" data-end=\"644\"><strong data-start=\"409\" data-end=\"422\">Satur:<\/strong> lipekli (kvie\u0161u), pienu<br data-start=\"443\" data-end=\"446\" \/><strong data-start=\"446\" data-end=\"472\">Var satur\u0113t:<\/strong> olas, sojas, selerijas, sinepes, sezama, citu graudaugu, citu graudaugu<br data-start=\"522\" data-end=\"525\" \/><em>Izgatavots un iepakots iek\u0101rt\u0101, kas apstr\u0101d\u0101 \u0161os alerg\u0113nus. Iepakojum\u0101 ir absorbents, un tas ir ne\u0113dams.<\/em><\/p>\n","protected":false},"excerpt":{"rendered":"<p><strong>Liofiliz\u0113ts Mac &amp; Cheese<\/strong><\/p>\n<p>Izbaudiet kr\u0113m\u012bgu un olbaltumviel\u0101m bag\u0101tu <strong>liofiliz\u0113tus makaronus ar sieru<\/strong>, kas lieliski piem\u0113rots kempingiem, p\u0101rg\u0101jieniem un p\u0101rtikas uzglab\u0101\u0161anai \u0101rk\u0101rtas situ\u0101cij\u0101s. \u0160o vieglo, ilgi uzglab\u0101jamo \u0113dienu var pagatavot \u0101tri un vienk\u0101r\u0161i &#8211; vienk\u0101r\u0161i pievienojiet karstu \u016bdeni, lai pagatavotu gardu un s\u0101t\u012bgu \u0113dienu. <strong>7 gadu der\u012bguma termi\u0146\u0161<\/strong> &#8211; nav nepiecie\u0161ams uzglab\u0101t ledusskap\u012b. Ar \u0161o <strong>gar\u0161\u012bgo un \u0113rto malt\u012bti<\/strong> uzmundrin\u0101siet sevi jebkur\u0101 piedz\u012bvojum\u0101.<\/p>\n<p style=\"text-align: center;\">\u2713 <strong>7 gadu der\u012bguma termi\u0146\u0161<\/strong><br \/>\n\u2713 <strong>Viegls un \u0101tri pagatavojams<\/strong><br \/>\n\u2713 <strong>Barojo\u0161s un s\u0101t\u012bgs<\/strong><br \/>\n\u2713 <strong>Nav nepiecie\u0161ams sald\u0113t<\/strong>.<\/p>\n","protected":false},"featured_media":6498,"comment_status":"open","ping_status":"closed","template":"","meta":[],"product_brand":[],"product_cat":[116,126,145],"product_tag":[],"class_list":{"0":"post-2071","1":"product","2":"type-product","3":"status-publish","4":"has-post-thumbnail","6":"product_cat-liofilizeta-partika","7":"product_cat-pamatedieni","8":"product_cat-vegetars","10":"first","11":"instock","12":"taxable","13":"shipping-taxable","14":"purchasable","15":"product-type-simple"},"_links":{"self":[{"href":"https:\/\/goodmoodmeals.com\/lv\/wp-json\/wp\/v2\/product\/2071","targetHints":{"allow":["GET"]}}],"collection":[{"href":"https:\/\/goodmoodmeals.com\/lv\/wp-json\/wp\/v2\/product"}],"about":[{"href":"https:\/\/goodmoodmeals.com\/lv\/wp-json\/wp\/v2\/types\/product"}],"replies":[{"embeddable":true,"href":"https:\/\/goodmoodmeals.com\/lv\/wp-json\/wp\/v2\/comments?post=2071"}],"wp:featuredmedia":[{"embeddable":true,"href":"https:\/\/goodmoodmeals.com\/lv\/wp-json\/wp\/v2\/media\/6498"}],"wp:attachment":[{"href":"https:\/\/goodmoodmeals.com\/lv\/wp-json\/wp\/v2\/media?parent=2071"}],"wp:term":[{"taxonomy":"product_brand","embeddable":true,"href":"https:\/\/goodmoodmeals.com\/lv\/wp-json\/wp\/v2\/product_brand?post=2071"},{"taxonomy":"product_cat","embeddable":true,"href":"https:\/\/goodmoodmeals.com\/lv\/wp-json\/wp\/v2\/product_cat?post=2071"},{"taxonomy":"product_tag","embeddable":true,"href":"https:\/\/goodmoodmeals.com\/lv\/wp-json\/wp\/v2\/product_tag?post=2071"}],"curies":[{"name":"wp","href":"https:\/\/api.w.org\/{rel}","templated":true}]}}