{"id":2068,"date":"2024-10-21T08:55:48","date_gmt":"2024-10-21T05:55:48","guid":{"rendered":"https:\/\/goodmoodmeals.com\/product\/makaroni-ar-vistas-galu-siera-merci-un-brokoliem\/"},"modified":"2026-04-02T11:30:09","modified_gmt":"2026-04-02T08:30:09","slug":"makaroni-ar-vistas-galu-siera-merci-un-brokoliem","status":"publish","type":"product","link":"https:\/\/goodmoodmeals.com\/lv\/produkti\/makaroni-ar-vistas-galu-siera-merci-un-brokoliem\/","title":{"rendered":"Makaroni ar vistas ga\u013cu, siera m\u0113rci un broko\u013ciem"},"content":{"rendered":"<h3 style=\"margin-top: 24px;\">Sast\u0101vda\u013cas<\/h3>\n<p>Makaroni 40% (cieto <strong>kvie\u0161u<\/strong> mannas putraimi, \u016bdens), m\u0113rce (kaus\u0113ts <strong>siers<\/strong> ( <strong>siers<\/strong> 32.7%, <strong>v\u0101jpiens<\/strong>, <strong>biezpiens<\/strong>, <strong>kr\u0113jums<\/strong>, emul\u0123\u0113jo\u0161ie s\u0101\u013ci (E 339, E 450, E 452), saus\u0101s <strong>s\u016bkalas<\/strong>, sausais <strong>v\u0101jpiens<\/strong>), burk\u0101ni, <strong>kr\u0113jums<\/strong>, rap\u0161u e\u013c\u013ca, <strong>kvie\u0161u<\/strong> milti, s\u012bpoli, s\u0101ls, p\u0113ters\u012b\u013ci, citronpipari (melnie pipari, sk\u0101buma regulators: citronsk\u0101be, s\u012bpoli, cukurs, citronu sulas pulveris), \u0137iploku pulveris), vistas ga\u013ca 16%, broko\u013ci 8%, cietais <strong>siers<\/strong>, maurloki.<\/p>\n<h3>Inform\u0101cija par alerg\u0113niem<\/h3>\n<p>Satur: lipekli (kvie\u0161u), pienu<br \/>\nVar satur\u0113t: olas, sojas, selerijas, sinepes, sezama, graudaugu produkti.<br \/>\n<em>Izgatavots un iepakots uz\u0146\u0113mum\u0101, kas apstr\u0101d\u0101 \u0161os alerg\u0113nus. Iepakojums satur absorbentu un ir ne\u0113dams.<\/em><\/p>\n","protected":false},"excerpt":{"rendered":"<p><strong>Maiga un barojo\u0161a malt\u012bte jebkuros apst\u0101k\u013cos<\/strong><\/p>\n<p>Izbaudiet kr\u0113mveida un olbaltumviel\u0101m bag\u0101tus <strong>liofiliz\u0113tus makaronus ar vistas ga\u013cu, siera m\u0113rci un broko\u013ciem<\/strong>, kas lieliski piem\u0113roti kempingiem, p\u0101rg\u0101jieniem vai \u0101rk\u0101rtas p\u0101rtikas uzglab\u0101\u0161anai. \u0160o vieglo, ilgi uzglab\u0101jamo \u0113dienu ir viegli pagatavot &#8211; vienk\u0101r\u0161i pievienojiet karstu \u016bdeni, lai pagatavotu gar\u0161\u012bgu un s\u0101t\u012bgu \u0113dienu. <strong>7 gadu der\u012bguma termi\u0146\u0161<\/strong> &#8211; nav nepiecie\u0161ama \u012bpa\u0161a uzglab\u0101\u0161ana. Ar \u0161o <strong>augstas kvalit\u0101tes un \u0113rto malt\u012bti<\/strong> uztur\u0113siet ener\u0123iju ce\u013c\u0101.<\/p>\n<p style=\"text-align: center;\">\u2713 <strong>7 gadu der\u012bguma termi\u0146\u0161<\/strong><br \/>\n\u2713 <strong>Viegls un \u0101tri pagatavojams<\/strong><br \/>\n\u2713 <strong>Barojo\u0161s un s\u0101t\u012bgs<\/strong><br \/>\n\u2713 <strong>Nav nepiecie\u0161ams sald\u0113t<\/strong>.<\/p>\n","protected":false},"featured_media":6519,"comment_status":"open","ping_status":"closed","template":"","meta":[],"product_brand":[],"product_cat":[116,126],"product_tag":[],"class_list":{"0":"post-2068","1":"product","2":"type-product","3":"status-publish","4":"has-post-thumbnail","6":"product_cat-liofilizeta-partika","7":"product_cat-pamatedieni","9":"first","10":"instock","11":"taxable","12":"shipping-taxable","13":"purchasable","14":"product-type-simple"},"_links":{"self":[{"href":"https:\/\/goodmoodmeals.com\/lv\/wp-json\/wp\/v2\/product\/2068","targetHints":{"allow":["GET"]}}],"collection":[{"href":"https:\/\/goodmoodmeals.com\/lv\/wp-json\/wp\/v2\/product"}],"about":[{"href":"https:\/\/goodmoodmeals.com\/lv\/wp-json\/wp\/v2\/types\/product"}],"replies":[{"embeddable":true,"href":"https:\/\/goodmoodmeals.com\/lv\/wp-json\/wp\/v2\/comments?post=2068"}],"wp:featuredmedia":[{"embeddable":true,"href":"https:\/\/goodmoodmeals.com\/lv\/wp-json\/wp\/v2\/media\/6519"}],"wp:attachment":[{"href":"https:\/\/goodmoodmeals.com\/lv\/wp-json\/wp\/v2\/media?parent=2068"}],"wp:term":[{"taxonomy":"product_brand","embeddable":true,"href":"https:\/\/goodmoodmeals.com\/lv\/wp-json\/wp\/v2\/product_brand?post=2068"},{"taxonomy":"product_cat","embeddable":true,"href":"https:\/\/goodmoodmeals.com\/lv\/wp-json\/wp\/v2\/product_cat?post=2068"},{"taxonomy":"product_tag","embeddable":true,"href":"https:\/\/goodmoodmeals.com\/lv\/wp-json\/wp\/v2\/product_tag?post=2068"}],"curies":[{"name":"wp","href":"https:\/\/api.w.org\/{rel}","templated":true}]}}