{"id":2062,"date":"2024-10-21T08:55:50","date_gmt":"2024-10-21T05:55:50","guid":{"rendered":"https:\/\/goodmoodmeals.com\/product\/risi-un-soja\/"},"modified":"2026-03-26T16:06:17","modified_gmt":"2026-03-26T14:06:17","slug":"risi-un-soja","status":"publish","type":"product","link":"https:\/\/goodmoodmeals.com\/lv\/produkti\/risi-un-soja\/","title":{"rendered":"R\u012bsi un soja"},"content":{"rendered":"<h3 data-start=\"149\" data-end=\"164\">Sast\u0101vda\u013cas<\/h3>\n<p data-start=\"165\" data-end=\"419\">R\u012bsi 50%, <strong>soja<\/strong> 15%, paprika, rap\u0161u e\u013c\u013ca, kartupe\u013cu ciete, tom\u0101tu pasta, <strong>sojas<\/strong> pupi\u0146as, <strong>kvie\u0161i<\/strong>, s\u0101ls, s\u012bpoli, citronu sula, r\u012bsu milti, sausais mango pulveris, meln\u0101 s\u0101ls, piparm\u0113tra, koriandrs, gran\u0101t\u0101bols, ingvers, \u0137imenes, citronsk\u0101be, za\u013cie \u010dili, melnie pipari, muskatrieksts.<\/p>\n<h3 data-start=\"421\" data-end=\"434\">Alerg\u0113ni<\/h3>\n<p data-start=\"435\" data-end=\"614\">Satur: lipekli (kvie\u0161u), soju<br data-start=\"464\" data-end=\"467\" \/>Var satur\u0113t: Olas, piens, selerijas, sinepes, sezams, citi graudaugi<br data-start=\"540\" data-end=\"543\" \/><em>Ra\u017eots un iepakots uz\u0146\u0113mum\u0101, kur\u0101 apstr\u0101d\u0101 \u0161os alerg\u0113nus.<\/em><\/p>\n","protected":false},"excerpt":{"rendered":"<p data-start=\"19\" data-end=\"100\"><strong data-start=\"19\" data-end=\"98\">Lieliski piem\u0113roti piedz\u012bvojumiem br\u012bv\u0101 dab\u0101 un jebkuram di\u0113tas piekrit\u0113jam!<\/strong><\/p>\n<p data-start=\"102\" data-end=\"472\">Izbaudiet vesel\u012bgu un augu izcelsmes <strong data-start=\"136\" data-end=\"170\">liofiliz\u0113tu r\u012bsu un sojas malt\u012bti<\/strong>, kas ide\u0101li piem\u0113rota kempingiem, p\u0101rg\u0101jieniem un p\u0101rtikas uzglab\u0101\u0161anai \u0101rk\u0101rtas situ\u0101cij\u0101s. \u0160is <strong data-start=\"232\" data-end=\"264\">vieglais un ilgi uzglab\u0101jamais<\/strong> \u0113diens ir bag\u0101ts ar olbaltumviel\u0101m un svar\u012bg\u0101kaj\u0101m uzturviel\u0101m, nodro\u0161inot notur\u012bgu ener\u0123iju, lai kur j\u016bs dotos. Vienk\u0101r\u0161i pievienojiet karstu \u016bdeni, lai pagatavotu gardu un s\u0101t\u012bgu veg\u0101nisku malt\u012bti. <strong data-start=\"422\" data-end=\"443\">7 gadu der\u012bguma termi\u0146\u0161<\/strong> &#8211; nav nepiecie\u0161ams uzglab\u0101t ledusskap\u012b.<\/p>\n<p style=\"text-align: center;\" data-start=\"474\" data-end=\"781\">\u2713 <strong data-start=\"476\" data-end=\"504\">100% veg\u0101ns un augu valsts<\/strong> <br data-start=\"537\" data-end=\"540\" \/>\u2713 <strong data-start=\"542\" data-end=\"563\">7 gadu der\u012bguma termi\u0146\u0161<\/strong> <br data-start=\"593\" data-end=\"596\" \/>\u2713 <strong data-start=\"598\" data-end=\"632\">Viegls un \u0101tri pagatavojams<\/strong><br data-start=\"665\" data-end=\"668\" \/>\u2713 <strong data-start=\"670\" data-end=\"697\">Barojo\u0161s un s\u0101t\u012bgs<\/strong> <br data-start=\"747\" data-end=\"750\" \/>\u2713 <strong data-start=\"752\" data-end=\"779\">Nav nepiecie\u0161ams sald\u0113t<\/strong>.<\/p>\n","protected":false},"featured_media":6534,"comment_status":"open","ping_status":"closed","template":"","meta":[],"product_brand":[],"product_cat":[116,144,145],"product_tag":[],"class_list":{"0":"post-2062","1":"product","2":"type-product","3":"status-publish","4":"has-post-thumbnail","6":"product_cat-liofilizeta-partika","7":"product_cat-vegans","8":"product_cat-vegetars","10":"first","11":"instock","12":"taxable","13":"shipping-taxable","14":"purchasable","15":"product-type-simple"},"_links":{"self":[{"href":"https:\/\/goodmoodmeals.com\/lv\/wp-json\/wp\/v2\/product\/2062","targetHints":{"allow":["GET"]}}],"collection":[{"href":"https:\/\/goodmoodmeals.com\/lv\/wp-json\/wp\/v2\/product"}],"about":[{"href":"https:\/\/goodmoodmeals.com\/lv\/wp-json\/wp\/v2\/types\/product"}],"replies":[{"embeddable":true,"href":"https:\/\/goodmoodmeals.com\/lv\/wp-json\/wp\/v2\/comments?post=2062"}],"wp:featuredmedia":[{"embeddable":true,"href":"https:\/\/goodmoodmeals.com\/lv\/wp-json\/wp\/v2\/media\/6534"}],"wp:attachment":[{"href":"https:\/\/goodmoodmeals.com\/lv\/wp-json\/wp\/v2\/media?parent=2062"}],"wp:term":[{"taxonomy":"product_brand","embeddable":true,"href":"https:\/\/goodmoodmeals.com\/lv\/wp-json\/wp\/v2\/product_brand?post=2062"},{"taxonomy":"product_cat","embeddable":true,"href":"https:\/\/goodmoodmeals.com\/lv\/wp-json\/wp\/v2\/product_cat?post=2062"},{"taxonomy":"product_tag","embeddable":true,"href":"https:\/\/goodmoodmeals.com\/lv\/wp-json\/wp\/v2\/product_tag?post=2062"}],"curies":[{"name":"wp","href":"https:\/\/api.w.org\/{rel}","templated":true}]}}