{"id":2056,"date":"2024-10-21T11:55:50","date_gmt":"2024-10-21T08:55:50","guid":{"rendered":"https:\/\/goodmoodmeals.com\/product\/griki-ar-soju\/"},"modified":"2026-04-21T17:02:03","modified_gmt":"2026-04-21T14:02:03","slug":"griki-ar-soju","status":"publish","type":"product","link":"https:\/\/goodmoodmeals.com\/lv\/produkti\/griki-ar-soju\/","title":{"rendered":"Gri\u0137i ar soju"},"content":{"rendered":"<p data-start=\"133\" data-end=\"294\"><strong data-start=\"133\" data-end=\"148\">Sast\u0101vda\u013cas<\/strong><br data-start=\"148\" data-end=\"151\" \/>Gri\u0137i 50%, karija m\u0113rce (burk\u0101ni, s\u012bpoli, \u0137iploki, kartupe\u013cu ciete, rap\u0161u e\u013c\u013ca, s\u0101ls, karija pulveris [satur <strong>sinepes<\/strong>, citronsk\u0101bi]), <strong>soja<\/strong> 20%.<\/p>\n<p data-start=\"296\" data-end=\"406\"><strong data-start=\"296\" data-end=\"309\">Alerg\u0113ni<\/strong><br data-start=\"309\" data-end=\"312\" \/>Satur: Soja, sinepes<br data-start=\"334\" data-end=\"337\" \/>Var satur\u0113t: olas, piens, selerijas, sezams, lipeklis (graudaugi).<\/p>\n<p data-start=\"408\" data-end=\"527\"><em>Izgatavots un iepakots uz\u0146\u0113mum\u0101, kas apstr\u0101d\u0101 \u0161os alerg\u0113nus. Iepakojum\u0101 ir absorbents, un tas ir ne\u0113dams.<\/em><\/p>\n","protected":false},"excerpt":{"rendered":"<p><strong>Gard\u0101 veg\u0101n\u0101 malt\u012bte Gri\u0137i ar soju &#8211; lieliski piem\u0113rota piedz\u012bvojumiem br\u012bv\u0101 dab\u0101. <\/strong>Izbaudiet pilnv\u0113rt\u012bgus un olbaltumviel\u0101m bag\u0101tus <strong>liofiliz\u0113tus veg\u0101niskus gri\u0137us ar soju<\/strong>, kas ide\u0101li piem\u0113roti kempingiem, p\u0101rg\u0101jieniem un p\u0101rtikas uzglab\u0101\u0161anai \u0101rk\u0101rtas situ\u0101cij\u0101s. \u0160\u012b 100% <strong>augu izcelsmes<\/strong> malt\u012bte ir viegla, ilgsto\u0161i uzglab\u0101jama un \u0101tri pagatavojama &#8211; vienk\u0101r\u0161i pievienojiet karstu \u016bdeni, lai pagatavotu gar\u0161\u012bgu un s\u0101t\u012bgu \u0113dienu. <strong>7 gadu der\u012bguma termi\u0146\u0161<\/strong> &#8211; nav nepiecie\u0161ams uzglab\u0101t ledusskap\u012b. Palieciet ener\u0123ijas pilni ar\u012b ce\u013c\u0101 ar \u0161o <strong>gar\u0161\u012bgo, uzturviel\u0101m bag\u0101to malt\u012bti<\/strong>.<\/p>\n<p style=\"text-align: center;\">\u2713 <strong>100% veg\u0101ns un augu valsts<\/strong><br \/>\n\u2713 <strong>7 gadu der\u012bguma termi\u0146\u0161<\/strong><br \/>\n\u2713 <strong>Viegls un \u0101tri pagatavojams<\/strong><br \/>\n\u2713 <strong>Barojo\u0161s un s\u0101t\u012bgs<\/strong><br \/>\n\u2713 <strong>Nav nepiecie\u0161ams sald\u0113t<\/strong>.<\/p>\n","protected":false},"featured_media":6540,"comment_status":"open","ping_status":"closed","template":"","meta":[],"product_brand":[],"product_cat":[116,144,145],"product_tag":[],"class_list":{"0":"post-2056","1":"product","2":"type-product","3":"status-publish","4":"has-post-thumbnail","6":"product_cat-liofilizeta-partika","7":"product_cat-vegans","8":"product_cat-vegetars","10":"first","11":"instock","12":"taxable","13":"shipping-taxable","14":"purchasable","15":"product-type-simple"},"_links":{"self":[{"href":"https:\/\/goodmoodmeals.com\/lv\/wp-json\/wp\/v2\/product\/2056","targetHints":{"allow":["GET"]}}],"collection":[{"href":"https:\/\/goodmoodmeals.com\/lv\/wp-json\/wp\/v2\/product"}],"about":[{"href":"https:\/\/goodmoodmeals.com\/lv\/wp-json\/wp\/v2\/types\/product"}],"replies":[{"embeddable":true,"href":"https:\/\/goodmoodmeals.com\/lv\/wp-json\/wp\/v2\/comments?post=2056"}],"wp:featuredmedia":[{"embeddable":true,"href":"https:\/\/goodmoodmeals.com\/lv\/wp-json\/wp\/v2\/media\/6540"}],"wp:attachment":[{"href":"https:\/\/goodmoodmeals.com\/lv\/wp-json\/wp\/v2\/media?parent=2056"}],"wp:term":[{"taxonomy":"product_brand","embeddable":true,"href":"https:\/\/goodmoodmeals.com\/lv\/wp-json\/wp\/v2\/product_brand?post=2056"},{"taxonomy":"product_cat","embeddable":true,"href":"https:\/\/goodmoodmeals.com\/lv\/wp-json\/wp\/v2\/product_cat?post=2056"},{"taxonomy":"product_tag","embeddable":true,"href":"https:\/\/goodmoodmeals.com\/lv\/wp-json\/wp\/v2\/product_tag?post=2056"}],"curies":[{"name":"wp","href":"https:\/\/api.w.org\/{rel}","templated":true}]}}