{"id":2049,"date":"2024-10-21T11:55:50","date_gmt":"2024-10-21T08:55:50","guid":{"rendered":"https:\/\/goodmoodmeals.com\/product\/pasta-alla-bolognese\/"},"modified":"2026-04-14T20:30:56","modified_gmt":"2026-04-14T17:30:56","slug":"pasta-alla-bolognese","status":"publish","type":"product","link":"https:\/\/goodmoodmeals.com\/lv\/produkti\/pasta-alla-bolognese\/","title":{"rendered":"Pasta Alla Bolognese"},"content":{"rendered":"<p data-start=\"144\" data-end=\"637\"><strong data-start=\"144\" data-end=\"159\">Sast\u0101vda\u013cas<\/strong><br data-start=\"159\" data-end=\"162\" \/>Makaroni 37% (cieto <strong>kvie\u0161u<\/strong> mannas putraimi, \u016bdens), m\u0113rce 33% (tom\u0101ti, tom\u0101tu pasta, burk\u0101ni, kaus\u0113ts <strong>siers<\/strong> [ <strong>siers<\/strong> 32.7%, <strong>v\u0101jpiens<\/strong>, <strong>biezpiens<\/strong>, <strong>kr\u0113jums<\/strong>, emulg\u0113jo\u0161ie s\u0101\u013ci (E 339, E 450, E 452), saus\u0101s <strong>s\u016bkalas<\/strong>, sausais <strong>v\u0101jpiens<\/strong>], rap\u0161u e\u013c\u013ca, <strong>kvie\u0161u<\/strong> milti, cukurs, kalt\u0113ti s\u012bpoli, s\u0101ls, gar\u0161vielas [satur <strong>seleriju<\/strong>]), ga\u013cas produkts (c\u016bkga\u013ca 53%, liellopu ga\u013ca 13%, \u016bdens, graudaugi [satur <strong>kvie\u0161us,<\/strong> <strong>rudzi<\/strong>, <strong>mie\u017ei<\/strong>], s\u012bpoli, <strong>sojas<\/strong> prote\u012bns, <strong>s\u016bkalu<\/strong> pulveris, gar\u0161vielas, augu olbaltumvielas, cietais <strong>siers<\/strong>.<\/p>\n<p data-start=\"639\" data-end=\"775\"><strong data-start=\"639\" data-end=\"652\">Alerg\u0113ni<\/strong><br data-start=\"652\" data-end=\"655\" \/>Satur: lipeklis (kvie\u0161i, rudzi, mie\u017ei), piens, biezpiens, kr\u0113jums, soja, selerija<br data-start=\"711\" data-end=\"714\" \/>Var satur\u0113t: Olas, sinepes, sezams, citi graudaugi.<\/p>\n<p data-start=\"777\" data-end=\"896\"><em>Izgatavots un iepakots uz\u0146\u0113mum\u0101, kas apstr\u0101d\u0101 \u0161os alerg\u0113nus. Iepakojum\u0101 ir absorbents, un tas ir ne\u0113dams.<\/em><\/p>\n","protected":false},"excerpt":{"rendered":"<p><strong>Barojo\u0161i un gar\u0161\u012bgi Pasta alla Bolognese &#8211; lieliski piem\u0113roti piedz\u012bvojumiem br\u012bv\u0101 dab\u0101. <\/strong>Izbaudiet s\u0101t\u012bgu un s\u0101t\u012bgu <strong>liofiliz\u0113tu Pasta alla Bolognese<\/strong>, kas ir ide\u0101li piem\u0113rots kempingiem, p\u0101rg\u0101jieniem un p\u0101rtikas uzglab\u0101\u0161anai \u0101rk\u0101rtas situ\u0101cij\u0101m. \u0160o vieglo, ilgi uzglab\u0101jamo \u0113dienu var pagatavot \u0101tri un vienk\u0101r\u0161i &#8211; vienk\u0101r\u0161i pievienojiet karstu \u016bdeni, lai pagatavotu gardu un s\u0101t\u012bgu \u0113dienu. <strong>7 gadu glab\u0101\u0161anas termi\u0146\u0161<\/strong> &#8211; nav nepiecie\u0161ams sald\u0113t. Ar \u0161o <strong>gar\u0161\u012bgo un \u0113rto malt\u012bti<\/strong> uzmundrin\u0101siet sevi ar\u012b ce\u013c\u0101.<\/p>\n<p style=\"text-align: center;\">\u2713 <strong>7 gadu der\u012bguma termi\u0146\u0161<\/strong><br \/>\n\u2713 <strong>Viegls un \u0101tri pagatavojams<\/strong><br \/>\n\u2713 <strong>Barojo\u0161s un s\u0101t\u012bgs<\/strong><br \/>\n\u2713 <strong>Nav nepiecie\u0161ams sald\u0113t<\/strong>.<\/p>\n","protected":false},"featured_media":6453,"comment_status":"open","ping_status":"closed","template":"","meta":[],"product_brand":[],"product_cat":[124,116,126],"product_tag":[],"class_list":{"0":"post-2049","1":"product","2":"type-product","3":"status-publish","4":"has-post-thumbnail","6":"product_cat-bestselleri","7":"product_cat-liofilizeta-partika","8":"product_cat-pamatedieni","10":"first","11":"instock","12":"taxable","13":"shipping-taxable","14":"purchasable","15":"product-type-simple"},"_links":{"self":[{"href":"https:\/\/goodmoodmeals.com\/lv\/wp-json\/wp\/v2\/product\/2049","targetHints":{"allow":["GET"]}}],"collection":[{"href":"https:\/\/goodmoodmeals.com\/lv\/wp-json\/wp\/v2\/product"}],"about":[{"href":"https:\/\/goodmoodmeals.com\/lv\/wp-json\/wp\/v2\/types\/product"}],"replies":[{"embeddable":true,"href":"https:\/\/goodmoodmeals.com\/lv\/wp-json\/wp\/v2\/comments?post=2049"}],"wp:featuredmedia":[{"embeddable":true,"href":"https:\/\/goodmoodmeals.com\/lv\/wp-json\/wp\/v2\/media\/6453"}],"wp:attachment":[{"href":"https:\/\/goodmoodmeals.com\/lv\/wp-json\/wp\/v2\/media?parent=2049"}],"wp:term":[{"taxonomy":"product_brand","embeddable":true,"href":"https:\/\/goodmoodmeals.com\/lv\/wp-json\/wp\/v2\/product_brand?post=2049"},{"taxonomy":"product_cat","embeddable":true,"href":"https:\/\/goodmoodmeals.com\/lv\/wp-json\/wp\/v2\/product_cat?post=2049"},{"taxonomy":"product_tag","embeddable":true,"href":"https:\/\/goodmoodmeals.com\/lv\/wp-json\/wp\/v2\/product_tag?post=2049"}],"curies":[{"name":"wp","href":"https:\/\/api.w.org\/{rel}","templated":true}]}}