{"id":2044,"date":"2024-10-21T08:55:50","date_gmt":"2024-10-21T05:55:50","guid":{"rendered":"https:\/\/goodmoodmeals.com\/product\/kartupeli-ar-cukgalu-un-dillu-merci\/"},"modified":"2026-04-02T10:13:28","modified_gmt":"2026-04-02T07:13:28","slug":"kartupeli-ar-cukgalu-un-dillu-merci","status":"publish","type":"product","link":"https:\/\/goodmoodmeals.com\/lv\/produkti\/kartupeli-ar-cukgalu-un-dillu-merci\/","title":{"rendered":"Kartupe\u013ci ar c\u016bkga\u013cu un di\u013c\u013cu m\u0113rci"},"content":{"rendered":"<p data-start=\"143\" data-end=\"536\"><strong data-start=\"143\" data-end=\"158\">Sast\u0101vda\u013cas<\/strong><br data-start=\"158\" data-end=\"161\" \/>Kartupe\u013ci (43%), m\u0113rce (38%) [kaus\u0113ts <strong>siers<\/strong><strong>(siers<\/strong> 32.7%, <strong>v\u0101jpiens<\/strong>, <strong>biezpiens<\/strong>, <strong>kr\u0113jums<\/strong>, emulg\u0113jo\u0161ie s\u0101\u013ci (E339, E450, E452), saus\u0101s s\u016bkalas, sausais <strong>v\u0101jpiens<\/strong>), burk\u0101ni, <strong>kr\u0113jums<\/strong>, rap\u0161u e\u013c\u013ca, <strong>kvie\u0161u<\/strong> milti, kartupe\u013cu ciete, s\u012bpoli, s\u0101ls, p\u0113ters\u012b\u013ci, citronpipari (melnie pipari, sk\u0101buma regulators: citronsk\u0101be, s\u012bpoli, cukurs, citronu sulas pulveris)], c\u016bkga\u013ca (17%), dilles (0,8%), pavasara s\u012bpoli.<\/p>\n<p data-start=\"538\" data-end=\"659\"><strong data-start=\"538\" data-end=\"551\">Alerg\u0113ni<\/strong><br data-start=\"551\" data-end=\"554\" \/>Satur: Var satur\u0113t: pienu, kvie\u0161us (lipekli)<br data-start=\"584\" data-end=\"587\" \/>Var satur\u0113t: olas, sojas, selerijas, sinepes, sezama, citu graudaugu produkti.<\/p>\n<p data-start=\"661\" data-end=\"732\"><em>Izgatavots un iepakots uz\u0146\u0113mum\u0101, kas apstr\u0101d\u0101 \u0161os alerg\u0113nus.<\/em><\/p>\n","protected":false},"excerpt":{"rendered":"<p><strong>Gar\u0161\u012bgi un s\u0101t\u012bgi kartupe\u013ci ar c\u016bkga\u013cu un dilles m\u0113rci &#8211; lieliski piem\u0113roti \u0101ra piedz\u012bvojumiem. <\/strong>Izbaudiet arom\u0101tiskus un mierino\u0161us <strong>liofiliz\u0113tus kartupe\u013cus ar c\u016bkga\u013cas un dilles m\u0113rci<\/strong>, kas ir ide\u0101li piem\u0113roti kempingiem, p\u0101rg\u0101jieniem un p\u0101rtikas uzglab\u0101\u0161anai \u0101rk\u0101rtas situ\u0101cij\u0101s. \u0160o vieglo, ilgi uzglab\u0101jamo \u0113dienu var pagatavot \u0101tri un vienk\u0101r\u0161i &#8211; tikai pievienojiet karstu \u016bdeni, lai pagatavotu s\u0101t\u012bgu un s\u0101t\u012bgu \u0113dienu. <strong>7 gadu glab\u0101\u0161anas termi\u0146\u0161<\/strong> &#8211; nav nepiecie\u0161ams sald\u0113t. Ar \u0161o <strong>gar\u0161\u012bgo un \u0113rto malt\u012bti<\/strong> nodro\u0161in\u0101siet sevi ar p\u0101rtiku ar\u012b ce\u013c\u0101.<\/p>\n<p style=\"text-align: center;\">\u2713 <strong>7 gadu der\u012bguma termi\u0146\u0161<\/strong><br \/>\n\u2713 <strong>Viegls un \u0101tri pagatavojams<\/strong><br \/>\n\u2713 <strong>Barojo\u0161s un s\u0101t\u012bgs<\/strong><br \/>\n\u2713 <strong>Nav nepiecie\u0161ams sald\u0113t<\/strong>.<\/p>\n","protected":false},"featured_media":6501,"comment_status":"open","ping_status":"closed","template":"","meta":[],"product_brand":[],"product_cat":[116,126],"product_tag":[],"class_list":{"0":"post-2044","1":"product","2":"type-product","3":"status-publish","4":"has-post-thumbnail","6":"product_cat-liofilizeta-partika","7":"product_cat-pamatedieni","9":"first","10":"instock","11":"taxable","12":"shipping-taxable","13":"purchasable","14":"product-type-simple"},"_links":{"self":[{"href":"https:\/\/goodmoodmeals.com\/lv\/wp-json\/wp\/v2\/product\/2044","targetHints":{"allow":["GET"]}}],"collection":[{"href":"https:\/\/goodmoodmeals.com\/lv\/wp-json\/wp\/v2\/product"}],"about":[{"href":"https:\/\/goodmoodmeals.com\/lv\/wp-json\/wp\/v2\/types\/product"}],"replies":[{"embeddable":true,"href":"https:\/\/goodmoodmeals.com\/lv\/wp-json\/wp\/v2\/comments?post=2044"}],"wp:featuredmedia":[{"embeddable":true,"href":"https:\/\/goodmoodmeals.com\/lv\/wp-json\/wp\/v2\/media\/6501"}],"wp:attachment":[{"href":"https:\/\/goodmoodmeals.com\/lv\/wp-json\/wp\/v2\/media?parent=2044"}],"wp:term":[{"taxonomy":"product_brand","embeddable":true,"href":"https:\/\/goodmoodmeals.com\/lv\/wp-json\/wp\/v2\/product_brand?post=2044"},{"taxonomy":"product_cat","embeddable":true,"href":"https:\/\/goodmoodmeals.com\/lv\/wp-json\/wp\/v2\/product_cat?post=2044"},{"taxonomy":"product_tag","embeddable":true,"href":"https:\/\/goodmoodmeals.com\/lv\/wp-json\/wp\/v2\/product_tag?post=2044"}],"curies":[{"name":"wp","href":"https:\/\/api.w.org\/{rel}","templated":true}]}}