{"id":2043,"date":"2024-10-21T08:55:50","date_gmt":"2024-10-21T08:55:50","guid":{"rendered":"https:\/\/goodmoodmeals.com\/product\/kartupeli-ar-maltas-galas-merci\/"},"modified":"2026-04-14T13:19:54","modified_gmt":"2026-04-14T10:19:54","slug":"kartupeli-ar-maltas-galas-merci","status":"publish","type":"product","link":"https:\/\/goodmoodmeals.com\/lv\/produkti\/kartupeli-ar-maltas-galas-merci\/","title":{"rendered":"Kartupe\u013ci ar malt\u0101s ga\u013cas m\u0113rci"},"content":{"rendered":"<p data-start=\"162\" data-end=\"597\"><strong data-start=\"162\" data-end=\"178\">Sast\u0101vs:<\/strong><br data-start=\"178\" data-end=\"181\" \/>Kartupe\u013ci 33%, m\u0113rce 38% (kaus\u0113ts <strong>siers<\/strong> [siers 32.7%, <strong>piens<\/strong>, <strong>biezpiens<\/strong>, <strong>kr\u0113jums<\/strong>, emulg\u0113jo\u0161ie s\u0101\u013ci (E339, E450, E452), <strong>s\u016bkalas<\/strong>], burk\u0101ni, <strong>kr\u0113jums<\/strong>, rap\u0161u e\u013c\u013ca, <strong>kvie\u0161u<\/strong> milti, kartupe\u013cu ciete, s\u012bpoli, s\u0101ls, p\u0113ters\u012b\u013ci, citronpipari [melnie pipari, citronsk\u0101be, s\u012bpoli, cukurs, citronu sulas pulveris]), ga\u013cas produkts 28 % (c\u016bkga\u013ca, liellopu ga\u013ca, \u016bdens, graudaugi<strong>[kvie\u0161i, rudzi, mie\u017ei<\/strong>], s\u012bpoli, <strong>sojas<\/strong> prote\u012bns, s\u016bkalu pulveris, gar\u0161vielas, augu prote\u012bni, glikoze).<\/p>\n<p data-start=\"599\" data-end=\"842\"><strong data-start=\"599\" data-end=\"624\">Inform\u0101cija par alerg\u0113niem:<\/strong><br data-start=\"624\" data-end=\"627\" \/><strong>Satur: <\/strong>pienu, kvie\u0161us, rudzus, mie\u017eus, soju.<br data-start=\"667\" data-end=\"670\" \/><strong>Var satur\u0113t<\/strong>: olas, selerijas, sinepes, sezams, citi graudaugi.<br data-start=\"738\" data-end=\"741\" \/><em>Ra\u017eots uz\u0146\u0113mum\u0101, kas apstr\u0101d\u0101 \u0161os alerg\u0113nus. Iepakojums satur absorbentu un ir ne\u0113dams.<\/em><\/p>\n","protected":false},"excerpt":{"rendered":"<p><strong>Tradicion\u0101la gar\u0161a Kartupe\u013ci ar malt\u0101s ga\u013cas m\u0113rci &#8211; barojo\u0161s \u0113diens piedz\u012bvojumiem br\u012bv\u0101 dab\u0101. <\/strong>Baudiet siltus un s\u0101t\u012bgus <strong>liofiliz\u0113tus kartupe\u013cus ar maltas ga\u013cas m\u0113rci<\/strong>, kas rad\u012bta tiem, kuri m\u012bl bag\u0101t\u012bgas gar\u0161as pat br\u012bv\u0101 dab\u0101. Neatkar\u012bgi no t\u0101, vai esat kemping\u0101, p\u0101rg\u0101jien\u0101 vai veidojat savu \u0101rk\u0101rtas p\u0101rtikas kr\u0101jumu, \u0161\u012b <strong>viegl\u0101 un ilgi uzglab\u0101jam\u0101 malt\u012bte<\/strong> ir gatava j\u016bsu ce\u013cojuma atbalstam. Vienk\u0101r\u0161i pievienojiet karstu \u016bdeni un izbaudiet <strong>m\u0101j\u0101s gatavotu \u0113dienu<\/strong> jebkur\u0101 viet\u0101. <strong>8 gadu der\u012bguma termi\u0146\u0161<\/strong> &#8211; nav nepiecie\u0161ams sald\u0113t. Palieciet s\u0101t\u012bgi un pilni ener\u0123ijas ar \u0161o <strong>gar\u0161\u012bgo un \u0113rto malt\u012bti<\/strong>.<\/p>\n<p style=\"text-align: center;\">\u2713 <strong>7 gadu der\u012bguma termi\u0146\u0161<\/strong><br \/>\n\u2713 <strong>Viegls un viegli pagatavojams<\/strong><br \/>\n\u2713 S\u0101t\u012bgs <strong>un s\u0101t\u012bgs<\/strong><br \/>\n\u2713 <strong>Nav nepiecie\u0161ams sald\u0113t<\/strong>.<\/p>\n","protected":false},"featured_media":6495,"comment_status":"open","ping_status":"closed","template":"","meta":[],"product_brand":[],"product_cat":[116,126],"product_tag":[],"class_list":{"0":"post-2043","1":"product","2":"type-product","3":"status-publish","4":"has-post-thumbnail","6":"product_cat-liofilizeta-partika","7":"product_cat-pamatedieni","9":"first","10":"instock","11":"taxable","12":"shipping-taxable","13":"purchasable","14":"product-type-simple"},"_links":{"self":[{"href":"https:\/\/goodmoodmeals.com\/lv\/wp-json\/wp\/v2\/product\/2043","targetHints":{"allow":["GET"]}}],"collection":[{"href":"https:\/\/goodmoodmeals.com\/lv\/wp-json\/wp\/v2\/product"}],"about":[{"href":"https:\/\/goodmoodmeals.com\/lv\/wp-json\/wp\/v2\/types\/product"}],"replies":[{"embeddable":true,"href":"https:\/\/goodmoodmeals.com\/lv\/wp-json\/wp\/v2\/comments?post=2043"}],"wp:featuredmedia":[{"embeddable":true,"href":"https:\/\/goodmoodmeals.com\/lv\/wp-json\/wp\/v2\/media\/6495"}],"wp:attachment":[{"href":"https:\/\/goodmoodmeals.com\/lv\/wp-json\/wp\/v2\/media?parent=2043"}],"wp:term":[{"taxonomy":"product_brand","embeddable":true,"href":"https:\/\/goodmoodmeals.com\/lv\/wp-json\/wp\/v2\/product_brand?post=2043"},{"taxonomy":"product_cat","embeddable":true,"href":"https:\/\/goodmoodmeals.com\/lv\/wp-json\/wp\/v2\/product_cat?post=2043"},{"taxonomy":"product_tag","embeddable":true,"href":"https:\/\/goodmoodmeals.com\/lv\/wp-json\/wp\/v2\/product_tag?post=2043"}],"curies":[{"name":"wp","href":"https:\/\/api.w.org\/{rel}","templated":true}]}}