{"id":2037,"date":"2024-10-21T08:55:50","date_gmt":"2024-10-21T05:55:50","guid":{"rendered":"https:\/\/goodmoodmeals.com\/product\/risu-pudins-ar-zemenem\/"},"modified":"2026-04-15T17:24:24","modified_gmt":"2026-04-15T14:24:24","slug":"risu-pudins-ar-zemenem","status":"publish","type":"product","link":"https:\/\/goodmoodmeals.com\/lv\/produkti\/risu-pudins-ar-zemenem\/","title":{"rendered":"R\u012bsu pudi\u0146\u0161 ar zemen\u0113m"},"content":{"rendered":"<p data-start=\"143\" data-end=\"240\"><strong data-start=\"143\" data-end=\"158\">Sast\u0101vda\u013cas<\/strong><br data-start=\"158\" data-end=\"161\" \/>R\u012bsu pudi\u0146\u0161 <strong>(kr\u0113jums<\/strong>, r\u012bsi 25%, cukurs, aromatiz\u0113t\u0101js vanil\u012bns); zemenes (23%).<\/p>\n<p data-start=\"242\" data-end=\"341\"><strong data-start=\"242\" data-end=\"255\">Alerg\u0113ni<\/strong><br data-start=\"255\" data-end=\"258\" \/>Satur: Piens<br data-start=\"272\" data-end=\"275\" \/>Var satur\u0113t: olas, sojas, selerijas, sinepes, sezama, graudaugu produkti.<\/p>\n<p data-start=\"343\" data-end=\"414\"><em>Izgatavots un iepakots uz\u0146\u0113mum\u0101, kas apstr\u0101d\u0101 \u0161os alerg\u0113nus.<\/em><\/p>\n","protected":false},"excerpt":{"rendered":"<p data-start=\"109\" data-end=\"485\">Izbaudiet <strong data-start=\"139\" data-end=\"186\">liofiliz\u0113ta r\u012bsu pudi\u0146a ar zemen\u0113m<\/strong> maigo gar\u0161u- lieliski piem\u0113rota kempingiem, p\u0101rg\u0101jieniem vai vienk\u0101r\u0161i baud\u012b\u0161anai m\u0101j\u0101s. \u0160o <strong data-start=\"251\" data-end=\"283\">vieglo un ilgi uzglab\u0101jamo<\/strong> desertu ir viegli pagatavot &#8211; vienk\u0101r\u0161i pievienojiet karstu \u016bdeni, lai ieg\u016btu kr\u0113m\u012bgu, bag\u0101t\u012bgu zeme\u0146u sap\u0146a gar\u0161u. <strong data-start=\"370\" data-end=\"391\">7 gadu der\u012bguma termi\u0146\u0161<\/strong> &#8211; nav nepiecie\u0161ams uzglab\u0101t ledusskap\u012b. Izbaudiet <strong data-start=\"434\" data-end=\"464\">\u012bstu zeme\u0146u gar\u0161u<\/strong> katr\u0101 karot\u0113!<\/p>\n<p style=\"text-align: center;\" data-start=\"487\" data-end=\"714\">\u2713 <strong data-start=\"489\" data-end=\"510\">7 gadu der\u012bguma termi\u0146\u0161<\/strong> <br data-start=\"540\" data-end=\"543\" \/>\u2713 <strong data-start=\"545\" data-end=\"579\">Viegls un \u0101tri pagatavojams<\/strong> <br data-start=\"612\" data-end=\"615\" \/>\u2713 <strong data-start=\"617\" data-end=\"636\">Kr\u0113m\u012bgs un aug\u013cu arom\u0101ts<\/strong> <br data-start=\"680\" data-end=\"683\" \/>\u2713 <strong data-start=\"685\" data-end=\"712\">Nav nepiecie\u0161ams sald\u0113t<\/strong>.<\/p>\n","protected":false},"featured_media":6462,"comment_status":"open","ping_status":"closed","template":"","meta":[],"product_brand":[],"product_cat":[125,136,116,145],"product_tag":[],"class_list":{"0":"post-2037","1":"product","2":"type-product","3":"status-publish","4":"has-post-thumbnail","6":"product_cat-brokastis","7":"product_cat-deserti","8":"product_cat-liofilizeta-partika","9":"product_cat-vegetars","11":"first","12":"instock","13":"taxable","14":"shipping-taxable","15":"purchasable","16":"product-type-simple"},"_links":{"self":[{"href":"https:\/\/goodmoodmeals.com\/lv\/wp-json\/wp\/v2\/product\/2037","targetHints":{"allow":["GET"]}}],"collection":[{"href":"https:\/\/goodmoodmeals.com\/lv\/wp-json\/wp\/v2\/product"}],"about":[{"href":"https:\/\/goodmoodmeals.com\/lv\/wp-json\/wp\/v2\/types\/product"}],"replies":[{"embeddable":true,"href":"https:\/\/goodmoodmeals.com\/lv\/wp-json\/wp\/v2\/comments?post=2037"}],"wp:featuredmedia":[{"embeddable":true,"href":"https:\/\/goodmoodmeals.com\/lv\/wp-json\/wp\/v2\/media\/6462"}],"wp:attachment":[{"href":"https:\/\/goodmoodmeals.com\/lv\/wp-json\/wp\/v2\/media?parent=2037"}],"wp:term":[{"taxonomy":"product_brand","embeddable":true,"href":"https:\/\/goodmoodmeals.com\/lv\/wp-json\/wp\/v2\/product_brand?post=2037"},{"taxonomy":"product_cat","embeddable":true,"href":"https:\/\/goodmoodmeals.com\/lv\/wp-json\/wp\/v2\/product_cat?post=2037"},{"taxonomy":"product_tag","embeddable":true,"href":"https:\/\/goodmoodmeals.com\/lv\/wp-json\/wp\/v2\/product_tag?post=2037"}],"curies":[{"name":"wp","href":"https:\/\/api.w.org\/{rel}","templated":true}]}}