{"id":2030,"date":"2024-10-21T08:55:51","date_gmt":"2024-10-21T05:55:51","guid":{"rendered":"https:\/\/goodmoodmeals.com\/product\/pasta-carbonara\/"},"modified":"2026-04-14T07:55:15","modified_gmt":"2026-04-14T04:55:15","slug":"pasta-carbonara","status":"publish","type":"product","link":"https:\/\/goodmoodmeals.com\/lv\/produkti\/pasta-carbonara\/","title":{"rendered":"Pasta Carbonara"},"content":{"rendered":"<h3 data-start=\"154\" data-end=\"169\">Sast\u0101vda\u013cas<\/h3>\n<p data-start=\"170\" data-end=\"655\">Makaroni 50% (cieto <strong>kvie\u0161u<\/strong> mannas putraimi, \u016bdens); m\u0113rce (kaus\u0113ts <strong>siers<\/strong><strong>(siers<\/strong> 32.7%, <strong>v\u0101jpiens<\/strong>, <strong>biezpiens, biezpiena biezpiens<\/strong>, <strong>kr\u0113jums<\/strong>, emulg\u0113jo\u0161ie s\u0101\u013ci (E 339, E 450, E 452), saus\u0101s <strong>s\u016bkalas<\/strong>, sausais <strong>v\u0101jpiens<\/strong>), burk\u0101ni, <strong>kr\u0113jums<\/strong>, rap\u0161u e\u013c\u013ca, <strong>kvie\u0161u<\/strong> milti, kartupe\u013cu ciete, s\u012bpoli, s\u0101ls, p\u0113ters\u012b\u013ci, citronpipari (melnie pipari, sk\u0101buma regulators: citronsk\u0101be, s\u012bpols, cukurs, citronu sulas pulveris), \u0137iploku pulveris); k\u016bpin\u0101ta c\u016bkga\u013ca (c\u016bkga\u013cas \u0161\u0137i\u0146\u0137is 96 %, \u016bdens, s\u0101ls, <strong>kvie\u0161u<\/strong> \u0161\u0137iedras, \u0137iploku granulas, dekstroze, melnie pipari); cietais <strong>siers<\/strong>; gar\u0161vielas.<\/p>\n<h3 data-start=\"662\" data-end=\"686\">Inform\u0101cija par alerg\u0113niem<\/h3>\n<p data-start=\"687\" data-end=\"914\"><strong data-start=\"687\" data-end=\"700\">Satur:<\/strong> lipekli (kvie\u0161i), pienu<br data-start=\"721\" data-end=\"724\" \/><strong data-start=\"724\" data-end=\"750\">Var satur\u0113t:<\/strong> olas, sojas, selerijas, sinepes, sezama, graudaugu produkti.<br data-start=\"795\" data-end=\"798\" \/><em>Izgatavots un iepakots uz\u0146\u0113mum\u0101, kas apstr\u0101d\u0101 \u0161os alerg\u0113nus. Iepakojums satur absorbentu un ir ne\u0113dams.<\/em><\/p>\n","protected":false},"excerpt":{"rendered":"<p data-start=\"19\" data-end=\"93\"><strong data-start=\"19\" data-end=\"91\">Kr\u0113m\u012bga un gar\u0161\u012bga Pasta carbonara &#8211; klasisks \u0113diens jebkur\u0101 viet\u0101. <\/strong>Izbaudiet bag\u0101t\u012bgo un kr\u0113m\u012bgo liofiliz\u0113tu <strong data-start=\"130\" data-end=\"162\">Pasta Carbonara<\/strong> gar\u0161u, kas ir ide\u0101li piem\u0113rota kempingiem, p\u0101rg\u0101jieniem vai p\u0101rtikas uzglab\u0101\u0161anai \u0101rk\u0101rtas situ\u0101cij\u0101s. \u0160is <strong data-start=\"225\" data-end=\"257\">vieglais un ilgi uzglab\u0101jamais<\/strong> \u0113diens ir ar garda malt\u012bte, apvienojot makaronus, kr\u0113m\u012bgu m\u0113rci un \u012bpa\u0161as gar\u0161vielu sast\u0101vda\u013cas, kas sniedz s\u0101t\u012bgu baud\u012bjumu. Vienk\u0101r\u0161i pievienojiet karstu \u016bdeni, lai pagatavotu restor\u0101na kvalit\u0101tes \u0113dienu jebkur\u0101 laik\u0101 un jebkur\u0101 viet\u0101. <strong data-start=\"447\" data-end=\"468\">7 gadu der\u012bguma termi\u0146\u0161<\/strong> &#8211; bez \u012bpa\u0161iem uzglab\u0101\u0161anas nosac\u012bjumiem.<\/p>\n<p style=\"text-align: center;\" data-start=\"499\" data-end=\"721\">\u2713 <strong data-start=\"501\" data-end=\"522\">7 gadu der\u012bguma termi\u0146\u0161<\/strong> <br data-start=\"552\" data-end=\"555\" \/>\u2713 <strong data-start=\"557\" data-end=\"591\">Viegls un \u0101tri pagatavojams<\/strong> <br data-start=\"624\" data-end=\"627\" \/>\u2713 <strong data-start=\"629\" data-end=\"646\">Bag\u0101t\u012bgs un kr\u0113m\u012bgs<\/strong> <br data-start=\"687\" data-end=\"690\" \/>\u2713 <strong data-start=\"692\" data-end=\"719\">Nav nepiecie\u0161ams sald\u0113t<\/strong>.<\/p>\n","protected":false},"featured_media":6459,"comment_status":"open","ping_status":"closed","template":"","meta":[],"product_brand":[],"product_cat":[124,116,126],"product_tag":[],"class_list":{"0":"post-2030","1":"product","2":"type-product","3":"status-publish","4":"has-post-thumbnail","6":"product_cat-bestselleri","7":"product_cat-liofilizeta-partika","8":"product_cat-pamatedieni","10":"first","11":"instock","12":"taxable","13":"shipping-taxable","14":"purchasable","15":"product-type-simple"},"_links":{"self":[{"href":"https:\/\/goodmoodmeals.com\/lv\/wp-json\/wp\/v2\/product\/2030","targetHints":{"allow":["GET"]}}],"collection":[{"href":"https:\/\/goodmoodmeals.com\/lv\/wp-json\/wp\/v2\/product"}],"about":[{"href":"https:\/\/goodmoodmeals.com\/lv\/wp-json\/wp\/v2\/types\/product"}],"replies":[{"embeddable":true,"href":"https:\/\/goodmoodmeals.com\/lv\/wp-json\/wp\/v2\/comments?post=2030"}],"wp:featuredmedia":[{"embeddable":true,"href":"https:\/\/goodmoodmeals.com\/lv\/wp-json\/wp\/v2\/media\/6459"}],"wp:attachment":[{"href":"https:\/\/goodmoodmeals.com\/lv\/wp-json\/wp\/v2\/media?parent=2030"}],"wp:term":[{"taxonomy":"product_brand","embeddable":true,"href":"https:\/\/goodmoodmeals.com\/lv\/wp-json\/wp\/v2\/product_brand?post=2030"},{"taxonomy":"product_cat","embeddable":true,"href":"https:\/\/goodmoodmeals.com\/lv\/wp-json\/wp\/v2\/product_cat?post=2030"},{"taxonomy":"product_tag","embeddable":true,"href":"https:\/\/goodmoodmeals.com\/lv\/wp-json\/wp\/v2\/product_tag?post=2030"}],"curies":[{"name":"wp","href":"https:\/\/api.w.org\/{rel}","templated":true}]}}