{"id":2025,"date":"2024-10-21T08:55:51","date_gmt":"2024-10-21T08:55:51","guid":{"rendered":"https:\/\/goodmoodmeals.com\/product\/perlu-miezi-ar-cukgalu\/"},"modified":"2026-04-14T20:30:56","modified_gmt":"2026-04-14T17:30:56","slug":"perlu-miezi-ar-cukgalu","status":"publish","type":"product","link":"https:\/\/goodmoodmeals.com\/lv\/produkti\/perlu-miezi-ar-cukgalu\/","title":{"rendered":"P\u0113r\u013cu gr\u016bbas ar c\u016bkga\u013cu"},"content":{"rendered":"<h3 data-start=\"147\" data-end=\"168\"><strong data-start=\"151\" data-end=\"166\">Sast\u0101vda\u013cas<\/strong><\/h3>\n<p data-start=\"169\" data-end=\"411\">P\u0113r\u013cu mie\u017ei (38%), m\u0113rce [burk\u0101ni, paprika, tom\u0101tu pasta (tom\u0101ti), rap\u0161u e\u013c\u013ca, <strong>kvie\u0161u<\/strong> milti, s\u012bpoli, <strong>selerijas<\/strong>, cukurs, s\u0101ls, gar\u0161vielas (paprika, s\u012bpoli, melnie pipari, rauga ekstrakts, <strong>seleriju<\/strong> s\u0113klas, \u0137iploki), as\u0101 paprika, \u0137iploki], c\u016bkga\u013ca (23,8%).<\/p>\n<p data-start=\"413\" data-end=\"534\"><strong data-start=\"413\" data-end=\"426\">Alerg\u0113ni<\/strong><br data-start=\"426\" data-end=\"429\" \/>Satur: lipekli (kvie\u0161u), seleriju<br data-start=\"461\" data-end=\"464\" \/>Var satur\u0113t: olas, sojas, piena, sinepes, sezama, citu graudaugu, citu graudaugu produkti.<\/p>\n<p data-start=\"536\" data-end=\"609\"><em data-start=\"536\" data-end=\"609\">Izgatavots un iepakots uz\u0146\u0113mum\u0101, kas apstr\u0101d\u0101 \u0161os alerg\u0113nus.<\/em><\/p>\n","protected":false},"excerpt":{"rendered":"<p data-start=\"136\" data-end=\"191\"><strong data-start=\"136\" data-end=\"191\">P\u0113r\u013cu mie\u017ei ar c\u016bkga\u013cu &#8211; barojo\u0161s liofiliz\u0113ts \u0113diens<\/strong><\/p>\n<p data-start=\"193\" data-end=\"417\">Izbaudiet bag\u0101t\u012bgo liofiliz\u0113tu p\u0113r\u013cu mie\u017eu ar c\u016bkga\u013cu gar\u0161u, ko pied\u0101v\u0101 Good Mood Meals. \u0160is vieglais, olbaltumviel\u0101m bag\u0101tais \u0113diens ir lieliski piem\u0113rots kempingiem, p\u0101rg\u0101jieniem vai \u0101rk\u0101rtas situ\u0101cij\u0101m. Vienk\u0101r\u0161i pievienojiet karstu \u016bdeni, lai sagatavotu siltu, s\u0101t\u012bgu malt\u012bti jebkur\u0101 viet\u0101.<\/p>\n<p data-start=\"419\" data-end=\"522\">\u2713 7 gadu der\u012bguma termi\u0146\u0161<br data-start=\"438\" data-end=\"441\" \/>\u2713 \u0100tri un viegli pagatavojams<br data-start=\"466\" data-end=\"469\" \/>\u2713 Augsts olbaltumvielu un \u0161\u0137iedrvielu saturs<br data-start=\"494\" data-end=\"497\" \/>\u2713 Nav nepiecie\u0161ams sald\u0113t.<\/p>\n","protected":false},"featured_media":6537,"comment_status":"open","ping_status":"closed","template":"","meta":[],"product_brand":[],"product_cat":[124,116,126],"product_tag":[],"class_list":{"0":"post-2025","1":"product","2":"type-product","3":"status-publish","4":"has-post-thumbnail","6":"product_cat-bestselleri","7":"product_cat-liofilizeta-partika","8":"product_cat-pamatedieni","10":"first","11":"instock","12":"taxable","13":"shipping-taxable","14":"purchasable","15":"product-type-simple"},"_links":{"self":[{"href":"https:\/\/goodmoodmeals.com\/lv\/wp-json\/wp\/v2\/product\/2025","targetHints":{"allow":["GET"]}}],"collection":[{"href":"https:\/\/goodmoodmeals.com\/lv\/wp-json\/wp\/v2\/product"}],"about":[{"href":"https:\/\/goodmoodmeals.com\/lv\/wp-json\/wp\/v2\/types\/product"}],"replies":[{"embeddable":true,"href":"https:\/\/goodmoodmeals.com\/lv\/wp-json\/wp\/v2\/comments?post=2025"}],"wp:featuredmedia":[{"embeddable":true,"href":"https:\/\/goodmoodmeals.com\/lv\/wp-json\/wp\/v2\/media\/6537"}],"wp:attachment":[{"href":"https:\/\/goodmoodmeals.com\/lv\/wp-json\/wp\/v2\/media?parent=2025"}],"wp:term":[{"taxonomy":"product_brand","embeddable":true,"href":"https:\/\/goodmoodmeals.com\/lv\/wp-json\/wp\/v2\/product_brand?post=2025"},{"taxonomy":"product_cat","embeddable":true,"href":"https:\/\/goodmoodmeals.com\/lv\/wp-json\/wp\/v2\/product_cat?post=2025"},{"taxonomy":"product_tag","embeddable":true,"href":"https:\/\/goodmoodmeals.com\/lv\/wp-json\/wp\/v2\/product_tag?post=2025"}],"curies":[{"name":"wp","href":"https:\/\/api.w.org\/{rel}","templated":true}]}}