{"id":2022,"date":"2024-10-21T11:55:51","date_gmt":"2024-10-21T08:55:51","guid":{"rendered":"https:\/\/goodmoodmeals.com\/product\/abolu-kanela-drupinat\/"},"modified":"2026-04-02T20:41:59","modified_gmt":"2026-04-02T17:41:59","slug":"abolu-kanela-drumstalas","status":"publish","type":"product","link":"https:\/\/goodmoodmeals.com\/lv\/produkti\/abolu-kanela-drumstalas\/","title":{"rendered":"\u0100bolu un kan\u0113\u013ca krambls"},"content":{"rendered":"<h3 data-start=\"131\" data-end=\"152\"><strong data-start=\"135\" data-end=\"150\">Sast\u0101vda\u013cas<\/strong><\/h3>\n<p data-start=\"153\" data-end=\"231\">Drumstalas <strong>(sviests,<\/strong> cukurs, <strong>kvie\u0161u<\/strong> milti), liofiliz\u0113ti \u0101boli (12%), kan\u0113lis (2%).<\/p>\n<p data-start=\"233\" data-end=\"354\"><strong data-start=\"233\" data-end=\"246\">Alerg\u0113ni<\/strong><br data-start=\"246\" data-end=\"249\" \/>Satur: pienu, lipekli (kvie\u0161u)<br data-start=\"279\" data-end=\"282\" \/>Var satur\u0113t: olas, sojas, selerijas, sinepes, sezama, citu graudaugu produkti.<\/p>\n<p data-start=\"356\" data-end=\"429\"><em data-start=\"356\" data-end=\"429\">Izgatavots un iepakots uz\u0146\u0113mum\u0101, kas apstr\u0101d\u0101 \u0161os alerg\u0113nus.<\/em><\/p>\n","protected":false},"excerpt":{"rendered":"<p data-start=\"108\" data-end=\"187\"><strong data-start=\"108\" data-end=\"187\">Salds un krauk\u0161\u0137\u012bgs \u0101bolu kan\u0113\u013ca deserts &#8211; jebkur\u0101 situ\u0101cij\u0101<\/strong><\/p>\n<p data-start=\"189\" data-end=\"551\">Izbaudiet liofiliz\u0113tu \u0101bolu ar kan\u0113li drumstalas gar\u0161u, kas sast\u0101v no \u0101boliem, kan\u0113\u013ca un krauk\u0161\u0137\u012bgas drumstal\u0101m. \u0160is vieglais un ilgi uzglab\u0101jamais deserts ir lieliski piem\u0113rots kempingiem, p\u0101rg\u0101jieniem vai \u0101trai malt\u012btei m\u0101j\u0101s, un to ir viegli pagatavot &#8211; vienk\u0101r\u0161i pievienojiet karstu \u016bdeni, lai ieg\u016btu siltu un s\u0101t\u012bgu baud\u012bjumu. 7 gadu der\u012bguma termi\u0146\u0161 &#8211; nav nepiecie\u0161ams uzglab\u0101t ledusskap\u012b.<\/p>\n<p data-start=\"553\" data-end=\"766\">\u2713 7 gadu der\u012bguma termi\u0146\u0161 <br data-start=\"602\" data-end=\"605\" \/>\u2713 Viegls un \u0101tri pagatavojams <br data-start=\"670\" data-end=\"673\" \/>\u2713 Barojo\u0161s gardums <br data-start=\"738\" data-end=\"741\" \/>\u2713 Nav nepiecie\u0161ams sald\u0113t<\/p>\n","protected":false},"featured_media":6447,"comment_status":"open","ping_status":"closed","template":"","meta":[],"product_brand":[],"product_cat":[124,125,136,116,145],"product_tag":[],"class_list":{"0":"post-2022","1":"product","2":"type-product","3":"status-publish","4":"has-post-thumbnail","6":"product_cat-bestselleri","7":"product_cat-brokastis","8":"product_cat-deserti","9":"product_cat-liofilizeta-partika","10":"product_cat-vegetars","12":"first","13":"instock","14":"taxable","15":"shipping-taxable","16":"purchasable","17":"product-type-simple"},"_links":{"self":[{"href":"https:\/\/goodmoodmeals.com\/lv\/wp-json\/wp\/v2\/product\/2022","targetHints":{"allow":["GET"]}}],"collection":[{"href":"https:\/\/goodmoodmeals.com\/lv\/wp-json\/wp\/v2\/product"}],"about":[{"href":"https:\/\/goodmoodmeals.com\/lv\/wp-json\/wp\/v2\/types\/product"}],"replies":[{"embeddable":true,"href":"https:\/\/goodmoodmeals.com\/lv\/wp-json\/wp\/v2\/comments?post=2022"}],"wp:featuredmedia":[{"embeddable":true,"href":"https:\/\/goodmoodmeals.com\/lv\/wp-json\/wp\/v2\/media\/6447"}],"wp:attachment":[{"href":"https:\/\/goodmoodmeals.com\/lv\/wp-json\/wp\/v2\/media?parent=2022"}],"wp:term":[{"taxonomy":"product_brand","embeddable":true,"href":"https:\/\/goodmoodmeals.com\/lv\/wp-json\/wp\/v2\/product_brand?post=2022"},{"taxonomy":"product_cat","embeddable":true,"href":"https:\/\/goodmoodmeals.com\/lv\/wp-json\/wp\/v2\/product_cat?post=2022"},{"taxonomy":"product_tag","embeddable":true,"href":"https:\/\/goodmoodmeals.com\/lv\/wp-json\/wp\/v2\/product_tag?post=2022"}],"curies":[{"name":"wp","href":"https:\/\/api.w.org\/{rel}","templated":true}]}}