{"id":2017,"date":"2024-10-21T11:55:51","date_gmt":"2024-10-21T08:55:51","guid":{"rendered":"https:\/\/goodmoodmeals.com\/product\/plov\/"},"modified":"2026-04-14T20:30:56","modified_gmt":"2026-04-14T17:30:56","slug":"plov","status":"publish","type":"product","link":"https:\/\/goodmoodmeals.com\/lv\/produkti\/plov\/","title":{"rendered":"Plovs"},"content":{"rendered":"<p data-start=\"81\" data-end=\"244\"><strong data-start=\"81\" data-end=\"96\">Sast\u0101vda\u013cas<\/strong><br data-start=\"96\" data-end=\"99\" \/>R\u012bsi, c\u016bkga\u013ca, burk\u0101ni, rap\u0161u e\u013c\u013ca, kartupe\u013cu ciete, s\u0101ls, gar\u0161vielas (s\u012bpoli, \u0137iploki, baziliks, piparm\u0113tra, raudene, timi\u0101ns, sarkanie saldie pipari, koriandrs, gar\u0161vielas).<\/p>\n<p data-start=\"246\" data-end=\"409\"><strong data-start=\"246\" data-end=\"259\">Alerg\u0113ni<\/strong><\/p>\n<p data-start=\"246\" data-end=\"409\">Var satur\u0113t: Sojas, piena, sojas, selerijas, sinepju, sezama, graudaugu.<br data-start=\"335\" data-end=\"338\" \/><em>Ra\u017eots un iepakots r\u016bpn\u012bc\u0101, kas apstr\u0101d\u0101 \u0161os alerg\u0113nus<\/em>.<\/p>\n","protected":false},"excerpt":{"rendered":"<p data-start=\"81\" data-end=\"141\"><strong data-start=\"81\" data-end=\"141\">Plovs &#8211; gar\u0161\u012bgs un tradicion\u0101ls \u0113diens, ko pied\u0101v\u0101 Good Mood Meals<\/strong><\/p>\n<p data-start=\"143\" data-end=\"508\">Izbaudiet bag\u0101t\u012bgo un arom\u0101tisko liofiliz\u0113t\u0101 Plova gar\u0161u &#8211; tradicion\u0101lo \u0113dienu ar maigu ga\u013cu, smar\u017e\u012bgiem r\u012bsiem un arom\u0101tisk\u0101m gar\u0161viel\u0101m. \u0160is vieglais un ilgi uzglab\u0101jamais \u0113diens, kas lieliski piem\u0113rots kempingiem, p\u0101rg\u0101jieniem vai \u0101rk\u0101rtas situ\u0101cij\u0101m, ir bag\u0101ts ar olbaltumviel\u0101m un uzturviel\u0101m. Vienk\u0101r\u0161i pievienojiet karstu \u016bdeni un izbaudiet siltu, m\u0101j\u0101s gatavotu \u0113dienu jebkur\u0101 viet\u0101. 7 gadu glab\u0101\u0161anas termi\u0146\u0161 &#8211; nav nepiecie\u0161ams sald\u0113t.<\/p>\n<p data-start=\"510\" data-end=\"723\">\u2713 7 gadu der\u012bguma termi\u0146\u0161 &#8211; ide\u0101li piem\u0113rots ilgsto\u0161ai uzglab\u0101\u0161anai<br data-start=\"559\" data-end=\"562\" \/>\u2713 Viegls un \u0101tri pagatavojams &#8211; lieliski piem\u0113rots piedz\u012bvojumiem br\u012bv\u0101 dab\u0101<br data-start=\"627\" data-end=\"630\" \/>\u2713 S\u0101t\u012bgs un arom\u0101tisks &#8211; bag\u0101t\u012bgs ar olbaltumviel\u0101m, r\u012bsiem un gar\u0161viel\u0101m<br data-start=\"695\" data-end=\"698\" \/>\u2713 Nav nepiecie\u0161ams sald\u0113t.<\/p>\n","protected":false},"featured_media":6492,"comment_status":"open","ping_status":"closed","template":"","meta":[],"product_brand":[],"product_cat":[116,126],"product_tag":[],"class_list":{"0":"post-2017","1":"product","2":"type-product","3":"status-publish","4":"has-post-thumbnail","6":"product_cat-liofilizeta-partika","7":"product_cat-pamatedieni","9":"first","10":"instock","11":"taxable","12":"shipping-taxable","13":"purchasable","14":"product-type-simple"},"_links":{"self":[{"href":"https:\/\/goodmoodmeals.com\/lv\/wp-json\/wp\/v2\/product\/2017","targetHints":{"allow":["GET"]}}],"collection":[{"href":"https:\/\/goodmoodmeals.com\/lv\/wp-json\/wp\/v2\/product"}],"about":[{"href":"https:\/\/goodmoodmeals.com\/lv\/wp-json\/wp\/v2\/types\/product"}],"replies":[{"embeddable":true,"href":"https:\/\/goodmoodmeals.com\/lv\/wp-json\/wp\/v2\/comments?post=2017"}],"wp:featuredmedia":[{"embeddable":true,"href":"https:\/\/goodmoodmeals.com\/lv\/wp-json\/wp\/v2\/media\/6492"}],"wp:attachment":[{"href":"https:\/\/goodmoodmeals.com\/lv\/wp-json\/wp\/v2\/media?parent=2017"}],"wp:term":[{"taxonomy":"product_brand","embeddable":true,"href":"https:\/\/goodmoodmeals.com\/lv\/wp-json\/wp\/v2\/product_brand?post=2017"},{"taxonomy":"product_cat","embeddable":true,"href":"https:\/\/goodmoodmeals.com\/lv\/wp-json\/wp\/v2\/product_cat?post=2017"},{"taxonomy":"product_tag","embeddable":true,"href":"https:\/\/goodmoodmeals.com\/lv\/wp-json\/wp\/v2\/product_tag?post=2017"}],"curies":[{"name":"wp","href":"https:\/\/api.w.org\/{rel}","templated":true}]}}