{"id":2010,"date":"2024-10-28T11:47:47","date_gmt":"2024-10-28T09:47:47","guid":{"rendered":"https:\/\/goodmoodmeals.com\/product\/risi-un-vistas-gala\/"},"modified":"2026-04-09T22:20:46","modified_gmt":"2026-04-09T19:20:46","slug":"risi-un-vistas-gala","status":"publish","type":"product","link":"https:\/\/goodmoodmeals.com\/lv\/produkti\/risi-un-vistas-gala\/","title":{"rendered":"R\u012bsi ar vistas fileju"},"content":{"rendered":"<p data-start=\"224\" data-end=\"409\"><strong data-start=\"224\" data-end=\"239\">Sast\u0101vda\u013cas<\/strong><br data-start=\"239\" data-end=\"242\" \/>R\u012bsi (75%), vistas kr\u016bti\u0146a (21%), burk\u0101ni, rap\u0161u e\u013c\u013ca, kartupe\u013cu ciete, s\u0101ls, gar\u0161vielas (s\u012bpoli, \u0137iploki, baziliks, piparm\u0113tra, raudene, timi\u0101ns, sarkanie pipari, koriandrs, gar\u0161vielas).<\/p>\n<p data-start=\"411\" data-end=\"449\"><strong data-start=\"411\" data-end=\"424\">Alerg\u0113ni<\/strong><br data-start=\"424\" data-end=\"427\" \/>Tie\u0161as kl\u0101tb\u016btnes nav.<\/p>\n<p data-start=\"451\" data-end=\"532\">Var satur\u0113t: olas, sojas, piena, selerijas, sinepes, sezama, citu graudaugu.<\/p>\n<p data-start=\"534\" data-end=\"605\"><em>Izgatavots un iepakots uz\u0146\u0113mum\u0101, kas apstr\u0101d\u0101 \u0161os alerg\u0113nus.<\/em><\/p>\n","protected":false},"excerpt":{"rendered":"<p data-start=\"184\" data-end=\"258\"><strong data-start=\"184\" data-end=\"256\">R\u012bsi ar vistas ga\u013cu &#8211; pilnv\u0113rt\u012bgs un s\u0101t\u012bgs \u0113diens, ko pied\u0101v\u0101 Good Mood Meals<\/strong><\/p>\n<p data-start=\"260\" data-end=\"457\">Izbaudiet bag\u0101t\u012bgo, s\u0101t\u012bgo liofiliz\u0113to malt\u012bti R\u012bsi ar vistu &#8211; olbaltumviel\u0101m bag\u0101tu, ener\u0123iju saturo\u0161u malt\u012bti, kas ide\u0101li piem\u0113rota kempingiem, p\u0101rg\u0101jieniem vai uzglab\u0101\u0161anai \u0101rk\u0101rtas situ\u0101cij\u0101s. Viegls, ilgnotur\u012bgs un gatavs da\u017eu min\u016b\u0161u laik\u0101.<\/p>\n<p data-start=\"459\" data-end=\"572\">\u2713 7 gadu der\u012bguma termi\u0146\u0161<br data-start=\"478\" data-end=\"481\" \/>\u2713 Viegls un \u0101tri pagatavojams<br data-start=\"513\" data-end=\"516\" \/>\u2713 Bag\u0101t\u012bgs ar olbaltumviel\u0101m un s\u0101t\u012bgs<br data-start=\"540\" data-end=\"543\" \/>\u2713 Nav nepiecie\u0161ams sald\u0113t.<\/p>\n","protected":false},"featured_media":6489,"comment_status":"open","ping_status":"closed","template":"","meta":[],"product_brand":[],"product_cat":[116,126],"product_tag":[],"class_list":{"0":"post-2010","1":"product","2":"type-product","3":"status-publish","4":"has-post-thumbnail","6":"product_cat-liofilizeta-partika","7":"product_cat-pamatedieni","9":"first","10":"instock","11":"taxable","12":"shipping-taxable","13":"purchasable","14":"product-type-simple"},"_links":{"self":[{"href":"https:\/\/goodmoodmeals.com\/lv\/wp-json\/wp\/v2\/product\/2010","targetHints":{"allow":["GET"]}}],"collection":[{"href":"https:\/\/goodmoodmeals.com\/lv\/wp-json\/wp\/v2\/product"}],"about":[{"href":"https:\/\/goodmoodmeals.com\/lv\/wp-json\/wp\/v2\/types\/product"}],"replies":[{"embeddable":true,"href":"https:\/\/goodmoodmeals.com\/lv\/wp-json\/wp\/v2\/comments?post=2010"}],"wp:featuredmedia":[{"embeddable":true,"href":"https:\/\/goodmoodmeals.com\/lv\/wp-json\/wp\/v2\/media\/6489"}],"wp:attachment":[{"href":"https:\/\/goodmoodmeals.com\/lv\/wp-json\/wp\/v2\/media?parent=2010"}],"wp:term":[{"taxonomy":"product_brand","embeddable":true,"href":"https:\/\/goodmoodmeals.com\/lv\/wp-json\/wp\/v2\/product_brand?post=2010"},{"taxonomy":"product_cat","embeddable":true,"href":"https:\/\/goodmoodmeals.com\/lv\/wp-json\/wp\/v2\/product_cat?post=2010"},{"taxonomy":"product_tag","embeddable":true,"href":"https:\/\/goodmoodmeals.com\/lv\/wp-json\/wp\/v2\/product_tag?post=2010"}],"curies":[{"name":"wp","href":"https:\/\/api.w.org\/{rel}","templated":true}]}}