{"id":2008,"date":"2024-10-21T08:55:51","date_gmt":"2024-10-21T05:55:51","guid":{"rendered":"https:\/\/goodmoodmeals.com\/product\/omlete\/"},"modified":"2026-04-10T09:54:45","modified_gmt":"2026-04-10T06:54:45","slug":"omlete","status":"publish","type":"product","link":"https:\/\/goodmoodmeals.com\/lv\/produkti\/omlete\/","title":{"rendered":"Omlete"},"content":{"rendered":"<p data-start=\"167\" data-end=\"281\"><strong data-start=\"167\" data-end=\"182\">Sast\u0101vda\u013cas<\/strong><br data-start=\"182\" data-end=\"185\" \/><strong>Olu<\/strong> masa (65%), kukur\u016bza, \u016bdens, s\u0101ls, paprika, <strong>kr\u0113jums<\/strong>, rap\u0161u e\u013c\u013ca, <strong>selerijas<\/strong>, s\u012bpoli, \u0137iploki, gar\u0161vielas.<\/p>\n<p data-start=\"283\" data-end=\"388\"><strong data-start=\"283\" data-end=\"296\">Alerg\u0113ni<\/strong><br data-start=\"296\" data-end=\"299\" \/>Satur: olas, piens, selerijas<br data-start=\"327\" data-end=\"330\" \/>Var satur\u0113t: Sojas, sinepju, sezama, citu graudaugu produktus.<\/p>\n<p data-start=\"390\" data-end=\"461\"><em>Izgatavots un iepakots uz\u0146\u0113mum\u0101, kas apstr\u0101d\u0101 \u0161os alerg\u0113nus.<\/em><\/p>\n","protected":false},"excerpt":{"rendered":"<p data-start=\"93\" data-end=\"404\">Izbaudiet vieglo un olbaltumviel\u0101m bag\u0101to <strong data-start=\"137\" data-end=\"162\">liofiliz\u0113t\u0101s omletes<\/strong> gar\u0161u, kas ir ide\u0101li piem\u0113rota kempingiem, p\u0101rg\u0101jieniem vai p\u0101rtikas uzglab\u0101\u0161anai \u0101rk\u0101rtas situ\u0101cij\u0101s. \u0160o <strong data-start=\"225\" data-end=\"257\">vieglo un ilgi uzglab\u0101jamo<\/strong> malt\u012bti ir viegli pagatavot &#8211; vienk\u0101r\u0161i pievienojiet karstu \u016bdeni, lai pagatavotu m\u012bkstu, p\u016bkainu omleti ar dab\u012bg\u0101m gar\u0161\u0101m. <strong data-start=\"354\" data-end=\"375\">7 gadu glab\u0101\u0161anas termi\u0146\u0161<\/strong> &#8211; nav nepiecie\u0161ams sald\u0113t.<\/p>\n<p style=\"text-align: center;\" data-start=\"406\" data-end=\"625\">\u2713 <strong data-start=\"408\" data-end=\"429\">7 gadu der\u012bguma termi\u0146\u0161<\/strong> <br data-start=\"461\" data-end=\"464\" \/>\u2713 <strong data-start=\"466\" data-end=\"500\">Viegls un \u0101tri pagatavojams<\/strong> <br data-start=\"531\" data-end=\"534\" \/>\u2713 <strong data-start=\"536\" data-end=\"568\">Augsts olbaltumvielu saturs un s\u0101t\u012bgums<\/strong> <br data-start=\"591\" data-end=\"594\" \/>\u2713 <strong data-start=\"596\" data-end=\"623\">Nav nepiecie\u0161ams sald\u0113t<\/strong>.<\/p>\n","protected":false},"featured_media":6516,"comment_status":"open","ping_status":"closed","template":"","meta":[],"product_brand":[],"product_cat":[125,116],"product_tag":[],"class_list":{"0":"post-2008","1":"product","2":"type-product","3":"status-publish","4":"has-post-thumbnail","6":"product_cat-brokastis","7":"product_cat-liofilizeta-partika","9":"first","10":"instock","11":"taxable","12":"shipping-taxable","13":"purchasable","14":"product-type-simple"},"_links":{"self":[{"href":"https:\/\/goodmoodmeals.com\/lv\/wp-json\/wp\/v2\/product\/2008","targetHints":{"allow":["GET"]}}],"collection":[{"href":"https:\/\/goodmoodmeals.com\/lv\/wp-json\/wp\/v2\/product"}],"about":[{"href":"https:\/\/goodmoodmeals.com\/lv\/wp-json\/wp\/v2\/types\/product"}],"replies":[{"embeddable":true,"href":"https:\/\/goodmoodmeals.com\/lv\/wp-json\/wp\/v2\/comments?post=2008"}],"wp:featuredmedia":[{"embeddable":true,"href":"https:\/\/goodmoodmeals.com\/lv\/wp-json\/wp\/v2\/media\/6516"}],"wp:attachment":[{"href":"https:\/\/goodmoodmeals.com\/lv\/wp-json\/wp\/v2\/media?parent=2008"}],"wp:term":[{"taxonomy":"product_brand","embeddable":true,"href":"https:\/\/goodmoodmeals.com\/lv\/wp-json\/wp\/v2\/product_brand?post=2008"},{"taxonomy":"product_cat","embeddable":true,"href":"https:\/\/goodmoodmeals.com\/lv\/wp-json\/wp\/v2\/product_cat?post=2008"},{"taxonomy":"product_tag","embeddable":true,"href":"https:\/\/goodmoodmeals.com\/lv\/wp-json\/wp\/v2\/product_tag?post=2008"}],"curies":[{"name":"wp","href":"https:\/\/api.w.org\/{rel}","templated":true}]}}