{"id":2002,"date":"2024-10-28T10:00:16","date_gmt":"2024-10-28T08:00:16","guid":{"rendered":"https:\/\/goodmoodmeals.com\/product\/72-stundu-maltites-komplekts\/"},"modified":"2026-03-26T16:06:16","modified_gmt":"2026-03-26T14:06:16","slug":"72-stundu-maltites-komplekts","status":"publish","type":"product","link":"https:\/\/goodmoodmeals.com\/lv\/produkti\/72-stundu-maltites-komplekts\/","title":{"rendered":"72 stundu p\u0101rtikas deva"},"content":{"rendered":"<h2>72 stundu p\u0101rtikas produktu komplekts<\/h2>\n<p>M\u016bsu 72 stundu liofiliz\u0113t\u0101s p\u0101rtikas komplekts ir izstr\u0101d\u0101ts, lai nodro\u0161in\u0101tu gar\u0161\u012bgu, augstas kvalit\u0101tes un ilgi uzglab\u0101jamu \u0113dienu, kad tas ir visvair\u0101k nepiecie\u0161ams. Neatkar\u012bgi no t\u0101, vai esat p\u0101rg\u0101jien\u0101, kemping\u0101 vai gatavojaties \u0101rk\u0101rtas situ\u0101cij\u0101m, \u0161is &#8220;viss vien\u0101&#8221; p\u0101rtikas produktu komplekts pied\u0101v\u0101 uzticamu uzturu viegl\u0101 un kompakt\u0101 form\u0101t\u0101. <\/p>\n<h3>Kas atrodams iek\u0161\u0101?<\/h3>\n<h4>Pamat\u0113dieni (7 gadu der\u012bguma termi\u0146\u0161)<\/h4>\n<ul>\n<li>2 \u00d7 Omlete<\/li>\n<li>2 \u00d7 Gula\u0161a zupa<\/li>\n<li>1 \u00d7 Vistas karijs<\/li>\n<li>1 \u00d7 Dzelteno zir\u0146u biezeni ar ga\u013cu<\/li>\n<li>1 \u00d7 Plovs<\/li>\n<li>1 \u00d7 Gri\u0137i ar vistas ga\u013cu un dilles m\u0113rci<\/li>\n<\/ul>\n<h4>Uzkodas (3 gadu der\u012bguma termi\u0146\u0161)<\/h4>\n<ul>\n<li>2 \u00d7 rudzu maize (Lielezers)<\/li>\n<li>1 \u00d7 \u0161okol\u0101des batoni\u0146\u0161<\/li>\n<li>1 \u00d7 grauzd\u0113tas pupi\u0146as (Pupuchi)<\/li>\n<li>2 \u00d7 roz\u012bnes<\/li>\n<li>3 \u00d7 cukura porcijas<\/li>\n<\/ul>\n<h4>Dz\u0113rieni (1 gada der\u012bguma termi\u0146\u0161)<\/h4>\n<ul>\n<li>3 \u00d7 \u0161\u0137\u012bsto\u0161\u0101 kafija<\/li>\n<li>2 \u00d7 t\u0113jas maisi\u0146i<\/li>\n<\/ul>\n<h3>K\u0101p\u0113c izv\u0113l\u0113ties \u0161o av\u0101rijas p\u0101rtikas produktu komplektu?<\/h3>\n<ul>\n<li>\u2713 Piln\u012bga 3 dienu p\u0101rtikas un dz\u0113rienu nodro\u0161in\u0101\u0161ana<\/li>\n<li>\u2713 Ilgs glab\u0101\u0161anas laiks &#8211; \u0113dieni: 7 gadi, uzkodas: 3 gadi, dz\u0113rieni: 1 gads.<\/li>\n<li>\u2713 Viegli pagatavojams &#8211; vienk\u0101r\u0161i pievienojiet karstu \u016bdeni<\/li>\n<li>\u2713 Viegls, p\u0101rn\u0113s\u0101jams un kompakts racion\u0101lais iepakojums<\/li>\n<\/ul>\n<h3>Inform\u0101cija par alerg\u0113niem<\/h3>\n<p>\u0160aj\u0101 devas komplekt\u0101 var b\u016bt \u0113dieni vai sast\u0101vda\u013cas, kas satur \u0161\u0101dus alerg\u0113nus: <strong>olas, piens, lipeklis (kvie\u0161i), selerijas, sojas, sinepes, sinepes, sezams<\/strong>.<\/p>\n<p><em>To ra\u017eo un iepako ra\u017eotn\u0113, kur\u0101 p\u0101rstr\u0101d\u0101 ar\u012b \u0161os alerg\u0113nus un citus graudaugus.<\/em><\/p>\n","protected":false},"excerpt":{"rendered":"<p><strong>Good Mood Meals 72 stundu liofiliz\u0113tas p\u0101rtikas devas komplekts &#8211; ir uzticams uzturs jebkurai situ\u0101cijai<\/strong><br \/>\nPalieciet pa\u0113du\u0161i un uzl\u0101d\u0113ti ar m\u016bsu 72 stundu av\u0101rijas devu komplektu. Komplekt\u0101 ir 8 s\u0101t\u012bgas liofiliz\u0113tas malt\u012btes, uzkodas un dz\u0113rieni, un tas ir viegls, ilgnotur\u012bgs un viegli pagatavojams &#8211; ide\u0101li piem\u0113rots piedz\u012bvojumiem br\u012bv\u0101 dab\u0101 vai gatav\u012bbai kr\u012bzes situ\u0101cij\u0101m. <\/p>\n<p>\u2713 7 gadu glab\u0101\u0161anas termi\u0146\u0161 galvenajiem \u0113dieniem<\/p>\n<p>\u2713 Viegls un kompakts, lai to var\u0113tu pa\u0146emt un pa\u0146emt l\u012bdzi<\/p>\n<p>\u2713 Ietver malt\u012btes, uzkodas un karstos dz\u0113rienus.<\/p>\n<p>\u2713 Nav nepiecie\u0161ama dzes\u0113\u0161ana<\/p>\n","protected":false},"featured_media":6634,"comment_status":"open","ping_status":"closed","template":"","meta":[],"product_brand":[],"product_cat":[117,116],"product_tag":[],"class_list":{"0":"post-2002","1":"product","2":"type-product","3":"status-publish","4":"has-post-thumbnail","6":"product_cat-komplekti","7":"product_cat-liofilizeta-partika","9":"first","10":"outofstock","11":"taxable","12":"shipping-taxable","13":"purchasable","14":"product-type-simple"},"_links":{"self":[{"href":"https:\/\/goodmoodmeals.com\/lv\/wp-json\/wp\/v2\/product\/2002","targetHints":{"allow":["GET"]}}],"collection":[{"href":"https:\/\/goodmoodmeals.com\/lv\/wp-json\/wp\/v2\/product"}],"about":[{"href":"https:\/\/goodmoodmeals.com\/lv\/wp-json\/wp\/v2\/types\/product"}],"replies":[{"embeddable":true,"href":"https:\/\/goodmoodmeals.com\/lv\/wp-json\/wp\/v2\/comments?post=2002"}],"wp:featuredmedia":[{"embeddable":true,"href":"https:\/\/goodmoodmeals.com\/lv\/wp-json\/wp\/v2\/media\/6634"}],"wp:attachment":[{"href":"https:\/\/goodmoodmeals.com\/lv\/wp-json\/wp\/v2\/media?parent=2002"}],"wp:term":[{"taxonomy":"product_brand","embeddable":true,"href":"https:\/\/goodmoodmeals.com\/lv\/wp-json\/wp\/v2\/product_brand?post=2002"},{"taxonomy":"product_cat","embeddable":true,"href":"https:\/\/goodmoodmeals.com\/lv\/wp-json\/wp\/v2\/product_cat?post=2002"},{"taxonomy":"product_tag","embeddable":true,"href":"https:\/\/goodmoodmeals.com\/lv\/wp-json\/wp\/v2\/product_tag?post=2002"}],"curies":[{"name":"wp","href":"https:\/\/api.w.org\/{rel}","templated":true}]}}