{"id":1980,"date":"2024-10-24T17:45:24","date_gmt":"2024-10-24T17:45:24","guid":{"rendered":"https:\/\/goodmoodmeals.com\/noteikumi-un-nosacijumi\/"},"modified":"2024-11-29T09:33:35","modified_gmt":"2024-11-29T09:33:35","slug":"noteikumi-un-nosacijumi","status":"publish","type":"page","link":"https:\/\/goodmoodmeals.com\/lv\/noteikumi-un-nosacijumi\/","title":{"rendered":"Noteikumi un nosac\u012bjumi"},"content":{"rendered":"\n\n\n<h2 class=\"wp-block-heading\"><strong>Standarta noteikumi un nosac\u012bjumi un inform\u0101cija par klientu<\/strong><\/h2>\n\n\n\n<p><strong>P\u0101rdev\u0113js<\/strong> &#8211; tie\u0161saistes tirdzniec\u012bbas platformas www.goodmoodmeals.com, turpm\u0101k tekst\u0101 &#8211; &#8220;Interneta veikals&#8221;, \u012bpa\u0161nieks, kop\u0101 ar vis\u0101m ar to saist\u012btaj\u0101m ties\u012bb\u0101m, ir AS &#8220;ROGA-AGRO&#8221;, re\u0123istr\u0101cijas Nr. 40003101668, ar juridisko un pasta adresi L\u012bvzemes iela 11\/13, Salaspils, Salaspils novads, LV-2169. P\u0101rdev\u0113js savas saimniecisk\u0101s darb\u012bbas ietvaros pied\u0101v\u0101 un p\u0101rdod preces Pirc\u0113jam saska\u0146\u0101 ar \u0161o distances l\u012bgumu, turpm\u0101k tekst\u0101 &#8211; &#8220;L\u012bgums&#8221;. <\/p>\n\n\n\n<p class=\"has-text-align-left\"><strong>P\u0101rdev\u0113ja identit\u0101te<\/strong><\/p>\n\n\n\n<ul class=\"wp-block-list\">\n<li>JSC &#8220;ROGA-AGRO&#8221;<\/li>\n\n\n\n<li>Livzemes iela 11\/13<\/li>\n\n\n\n<li>LV2169 Salaspils, Salaspils novads, Latvija  <\/li>\n\n\n\n<li>T\u0101lrunis: +371 27026200<\/li>\n\n\n\n<li>E-pasts: <a>info@goodmoodmeals.com<\/a><\/li>\n<\/ul>\n\n\n\n<p><strong>Pirc\u0113js<\/strong> &#8211; ties\u012bbsp\u0113j\u012bga fiziska persona, kas ir re\u0123istr\u0113jusies Interneta veikal\u0101 un veic pas\u016bt\u012bjumu. Re\u0123istr\u0113joties Pirc\u0113js apliecina, ka vi\u0146\u0161 ir ties\u012bgs veikt pirkumus Interneta veikal\u0101. <\/p>\n\n\n\n<p><strong>L\u012bgums<\/strong> tiek uzskat\u012bts par nosl\u0113gtu, kad Pirc\u0113js veic pas\u016bt\u012bjumu un samaksu par prec\u0113m saska\u0146\u0101 ar \u0161iem Noteikumiem.<\/p>\n\n\n\n<p><strong>P\u0101rdev\u0113js<\/strong> patur ties\u012bbas vienpus\u0113ji groz\u012bt vai papildin\u0101t L\u012bguma noteikumus. Pirc\u0113jam ir saisto\u0161a t\u0101 L\u012bguma versija, kas ir sp\u0113k\u0101 pas\u016bt\u012bjuma iesnieg\u0161anas br\u012bd\u012b. <\/p>\n\n\n\n<p><strong>P\u0101rdev\u0113js<\/strong> patur ties\u012bbas ierobe\u017eot Pirc\u0113ja piek\u013cuvi Interneta veikalam vai anul\u0113t vi\u0146a re\u0123istr\u0101ciju bez iepriek\u0161\u0113ja br\u012bdin\u0101juma, ja P\u0101rdev\u0113js uzskata, ka Pirc\u0113js p\u0101rk\u0101pj vai var p\u0101rk\u0101pt L\u012bguma noteikumus vai m\u0113\u0123ina kait\u0113t P\u0101rdev\u0113jam, Interneta veikala funkcionalit\u0101tei vai dro\u0161\u012bbai, vai tre\u0161aj\u0101m person\u0101m.<\/p>\n\n\n\n<p><strong>Veicot pas\u016bt\u012bjumu<\/strong>, pirc\u0113js apliecina, ka ir izlas\u012bjis, sapratis un piln\u012bb\u0101 piekr\u012bt \u0161im l\u012bgumam un taj\u0101 ietvertajiem noteikumiem. Pirc\u0113js ap\u0146emas p\u0101rskat\u012bt L\u012bguma noteikumus katru reizi, kad veic pirkumu. Ja Pirc\u0113js nav izlas\u012bjis L\u012bguma noteikumus vai nepiekr\u012bt tiem, vi\u0146\u0161 nav ties\u012bgs pas\u016bt\u012bt preces no Interneta veikala.  <\/p>\n\n\n\n<h2 class=\"wp-block-heading\"><strong>Pre\u010du pas\u016bt\u012b\u0161ana<\/strong><\/h2>\n\n\n\n<p>Veicot pas\u016bt\u012bjumu, ir j\u0101nor\u0101da sa\u0146\u0113m\u0113ja adrese, v\u0101rds, uzv\u0101rds un t\u0101lru\u0146a numurs;<\/p>\n\n\n\n<p>Veicot pas\u016bt\u012bjumu, Pirc\u0113js apliecina, ka vi\u0146\u0161 ir izv\u0113l\u0113jies ieg\u0101d\u0101ties preces saska\u0146\u0101 ar \u0161aj\u0101 L\u012bgum\u0101 izkl\u0101st\u012btajiem noteikumiem;<\/p>\n\n\n\n<p>Veicot pas\u016bt\u012bjumu, Klients apliecina, ka ir sasniedzis vismaz 18 gadu vecumu un ir iepazinies ar distances l\u012bguma noteikumiem un tiem piekr\u012bt;<\/p>\n\n\n\n<h2 class=\"wp-block-heading\"><strong>Cena, pieg\u0101des izmaksas un maks\u0101\u0161anas k\u0101rt\u012bba<\/strong><\/h2>\n\n\n\n<p>Interneta veikal\u0101 iesniegtaj\u0101 pas\u016bt\u012bjum\u0101 Pre\u010du cenas ir nor\u0101d\u012btas eiro (EUR) ar PVN. Preces tiek p\u0101rdotas Klientam par cenu, kas domin\u0113 Interneta veikal\u0101 pas\u016bt\u012bjuma veik\u0161anas br\u012bd\u012b; <\/p>\n\n\n\n<p>Pirc\u0113js veic samaksu par Prec\u0113m un pieg\u0101di uzreiz p\u0113c pas\u016bt\u012bjuma veik\u0161anas, izmantojot k\u0101du no tie\u0161saistes veikal\u0101 nor\u0101d\u012btaj\u0101m maks\u0101jumu sist\u0113m\u0101m;<\/p>\n\n\n\n<p>Pirc\u0113js par pas\u016bt\u012btaj\u0101m prec\u0113m un pieg\u0101di maks\u0101 pas\u016bt\u012bjuma iesnieg\u0161anas br\u012bd\u012b vai veicot priek\u0161apmaksu, pamatojoties uz sa\u0146emto r\u0113\u0137inu. Tikai p\u0113c tam, kad ir sa\u0146emts maks\u0101jums par prec\u0113m un pieg\u0101di, pas\u016bt\u012bjums tiek izpild\u012bts un tiek noteikts pieg\u0101des datums. Maks\u0101jums tiek uzskat\u012bts par veiktu, kad visa maks\u0101juma summa ir sa\u0146emta p\u0101rdev\u0113ja bankas kont\u0101, kas nor\u0101d\u012bts maks\u0101juma noteikumos. Pre\u010du un pieg\u0101des cen\u0101 ir iek\u013cauts PVN;   <\/p>\n\n\n\n<p>Pieg\u0101des izmaksu cenas, kas nor\u0101d\u012btas Tie\u0161saistes veikal\u0101, tiek piem\u0113rotas Preces pas\u016bt\u012b\u0161anas br\u012bd\u012b. Pas\u016bt\u012bjuma summa, kas sast\u0101v no Pre\u010du cenas un pieg\u0101des izmaks\u0101m, Pirc\u0113jam ir pieejama pas\u016bt\u012bjuma procesa laik\u0101 pirms pas\u016bt\u012bjuma apstiprin\u0101\u0161anas. <\/p>\n\n\n\n<h2 class=\"wp-block-heading\"><strong>Pieg\u0101de<\/strong><\/h2>\n\n\n\n<p>J\u016bsu pas\u016bt\u012bjumi tiek apstr\u0101d\u0101ti darba dien\u0101s no Pirmdienas l\u012bdz Piektdienai 10:00 &#8211; 17:00.<\/p>\n\n\n\n<p>Ja j\u016bsu pas\u016bt\u012bt\u0101s preces ir noliktav\u0101, pas\u016bt\u012bjumu sa\u0146emsiet 2-10 darba dienu laik\u0101.<\/p>\n\n\n\n<p>Ja j\u016bsu pas\u016bt\u012bt\u0101s preces nav noliktav\u0101, m\u0113s sazin\u0101simies ar jums, lai inform\u0113tu par pirmo iesp\u0113jamo pieg\u0101des laiku.<\/p>\n\n\n\n<p>M\u016bsu pieg\u0101des partneri ir Omniva un DPD<\/p>\n\n\n\n<p>M\u016bsu pieg\u0101des cenas ir sp\u0113k\u0101 person\u0101m, kas p\u0113rk no m\u016bsu interneta veikala.<\/p>\n\n\n\n<p>Preces tiek pieg\u0101d\u0101tas tikai P\u0101rdev\u0113ja nor\u0101d\u012btaj\u0101 teritorij\u0101. P\u0101rdev\u0113js pie\u0146ems pas\u016bt\u012bjumu tikai tad, ja Pirc\u0113ja nor\u0101d\u012bt\u0101 pieg\u0101des adrese atrodas nor\u0101d\u012btaj\u0101 teritorij\u0101; <\/p>\n\n\n\n<p>P\u0101rdev\u0113js dar\u012bs visu iesp\u0113jamo, lai nodro\u0161in\u0101tu, ka Pirc\u0113ja pas\u016bt\u012bjums tiek izpild\u012bts piln\u012bb\u0101, ta\u010du P\u0101rdev\u0113js to nevar garant\u0113t. Ja veikala r\u012bc\u012bb\u0101 nav pas\u016bt\u012bto Pre\u010du vai nav pietiekama Pre\u010du daudzuma, P\u0101rdev\u0113js patur ties\u012bbas nepieg\u0101d\u0101t Preces vai pieg\u0101d\u0101t maz\u0101ku Pre\u010du daudzumu; <\/p>\n\n\n\n<p>Pirc\u0113ja pas\u016bt\u012bt\u0101s preces tiek pieg\u0101d\u0101tas uz Pirc\u0113ja pas\u016bt\u012bjum\u0101 nor\u0101d\u012bto adresi. Pas\u016bt\u012bjum\u0101 nor\u0101d\u012btajai personai preces ir j\u0101sav\u0101c pa\u0161ai. Ja pas\u016bt\u012bt\u0101s preces pas\u016bt\u012bjum\u0101 nor\u0101d\u012btaj\u0101 adres\u0113 sa\u0146em cita persona, nevis pas\u016bt\u012bjum\u0101 nor\u0101d\u012bt\u0101 persona, tiek uzskat\u012bts, ka pas\u016bt\u012bjumu ir sa\u0146\u0113musi pas\u016bt\u012bjum\u0101 nor\u0101d\u012bt\u0101 persona. P\u0101rdev\u0113js nek\u0101d\u0101 gad\u012bjum\u0101 nav atbild\u012bgs par jebk\u0101diem zaud\u0113jumiem, kas Pirc\u0113jam vai tre\u0161aj\u0101m person\u0101m radu\u0161ies t\u0101d\u0113\u013c, ka Pirc\u0113js ir nor\u0101d\u012bjis nepareizu pieg\u0101des adresi vai nepiln\u012bgus sa\u0146\u0113m\u0113ja datus, vai ja preces pieg\u0101des adres\u0113 ir sa\u0146\u0113musi cita persona;   <\/p>\n\n\n\n<p>Ja pre\u010du pieg\u0101de nav iesp\u0113jama Pirc\u0113ja vainas vai no Pirc\u0113ja neatkar\u012bgu apst\u0101k\u013cu d\u0113\u013c (Pirc\u0113js ir nor\u0101d\u012bjis nepareizu adresi, Pirc\u0113js vai pas\u016bt\u012bjum\u0101 nor\u0101d\u012bt\u0101 persona nav atrodama nor\u0101d\u012btaj\u0101 adres\u0113, nor\u0101d\u012btaj\u0101 adres\u0113 nav iesp\u0113jams piek\u013c\u016bt u.c. objekt\u012bvu iemeslu d\u0113\u013c), preces netiek s\u016bt\u012btas atk\u0101rtoti un nauda par prec\u0113m tiek atmaks\u0101ta, iz\u0146emot pieg\u0101des maksu un par boj\u0101t\u0101m prec\u0113m, ja preces atgrie\u0161anas rezult\u0101t\u0101 t\u0101s ir boj\u0101tas. Ja Pirc\u0113jam pas\u016bt\u012bjuma iesnieg\u0161anas br\u012bd\u012b tika pie\u0161\u0137irta pieg\u0101des atlaide, bet pre\u010du pieg\u0101de nav iesp\u0113jama no P\u0101rdev\u0113ja neatkar\u012bgu apst\u0101k\u013cu d\u0113\u013c, P\u0101rdev\u0113js patur ties\u012bbas atskait\u012bt pilnu pieg\u0101des maksu no Pirc\u0113jam atmaks\u0101jam\u0101s summas; <\/p>\n\n\n\n<p>P\u0101rdev\u0113js pieg\u0101d\u0101 preces Pirc\u0113jam Interneta veikal\u0101 nor\u0101d\u012btaj\u0101 termi\u0146\u0101, ja tiek pied\u0101v\u0101ti da\u017e\u0101di pieg\u0101des termi\u0146i. Pirc\u0113js piekr\u012bt, ka gad\u012bjum\u0101, ja pre\u010du pieg\u0101de var aizkav\u0113ties neparedz\u0113tu, no P\u0101rdev\u0113ja neatkar\u012bgu apst\u0101k\u013cu d\u0113\u013c, P\u0101rdev\u0113js var sazin\u0101ties ar Pirc\u0113ju un vienoties par alternat\u012bvu pieg\u0101des laiku; <\/p>\n\n\n\n<p>Ja Pirc\u0113js pieg\u0101des br\u012bd\u012b konstat\u0113, ka s\u016bt\u012bjuma iepakojums ir boj\u0101ts (sapl\u0113sta iepakojuma eti\u0137ete vai citi \u0101r\u0113ji boj\u0101jumi), vi\u0146am pre\u010du sa\u0146em\u0161anas dien\u0101 ir j\u0101nofotograf\u0113 boj\u0101t\u0101 prece. Neatbilst\u012bbu apraksta br\u012bv\u0101 form\u0101 un 5 dienu laik\u0101 nos\u016bta fotoatt\u0113lu uz <a href=\"mailto:info@goodmoodmeals.com\">info@goodmoodmeals.com<\/a>. Pret\u0113j\u0101 gad\u012bjum\u0101 prece tiek uzskat\u012bta par pieg\u0101d\u0101tu bez boj\u0101jumiem. P\u0101rdev\u0113js 3 (tr\u012bs) darba dienu laik\u0101 p\u0113c e-pasta sa\u0146em\u0161anas p\u0101rbauda pazi\u0146ojum\u0101 nor\u0101d\u012btos apst\u0101k\u013cus un sazin\u0101s ar Pirc\u0113ju, lai rastu situ\u0101cijas risin\u0101jumu.<\/p>\n\n\n\n<p>Ja Pirc\u0113js neiev\u0113ro iepriek\u0161\u0113j\u0101 punkta noteikumus, P\u0101rdev\u0113js nav atbild\u012bgs par Pirc\u0113jam nodar\u012btajiem zaud\u0113jumiem.<\/p>\n\n\n\n<h2 class=\"wp-block-heading\"><strong>Kompens\u0101cijas un atgrie\u0161ana  <\/strong><\/h2>\n\n\n\n<p>Pat\u0113r\u0113t\u0101jam ir ties\u012bbas atteikties no l\u012bguma, kas nosl\u0113gts ar <strong>goodmoodmeals.com<\/strong> t\u012bmek\u013ca vietni, <strong>14 dienu<\/strong> laik\u0101. \u0160is termi\u0146\u0161 s\u0101kas no dienas, kad pat\u0113r\u0113t\u0101js sa\u0146em preces. <\/p>\n\n\n\n<p>Tom\u0113r <strong>uz<\/strong> prec\u0113m, kas ir piel\u0101gotas vai izgatavotas saska\u0146\u0101 ar klienta, kur\u0161 ir l\u012bgumsl\u0113dz\u0113ja puse, \u012bpa\u0161\u0101m pras\u012bb\u0101m, <strong>atgrie\u0161anas ties\u012bbas neattiecas<\/strong>.<\/p>\n\n\n\n<p>Ja pirc\u0113js izv\u0113las atteikties no l\u012bguma, m\u0113s nekav\u0113joties, ne v\u0113l\u0101k k\u0101 <strong>14 dienu<\/strong> laik\u0101 p\u0113c atgriezt\u0101s preces sa\u0146em\u0161anas, atmaks\u0101sim visus klienta veiktos maks\u0101jumus. Pirc\u0113jam ir pien\u0101kums <strong>nekav\u0113joties,<\/strong> bet ne v\u0113l\u0101k k\u0101 <strong>14 dienu<\/strong> laik\u0101 p\u0113c atteikuma piepras\u012bjuma iesnieg\u0161anas atgriezt no p\u0101rdev\u0113ja sa\u0146emt\u0101s preces. <\/p>\n\n\n\n<p>Ja s\u0101kotn\u0113j\u0101 pirkuma komplekt\u0101cij\u0101 bija iek\u013cauts rekl\u0101mas vai bezmaksas produkts, tas ir j\u0101nos\u016bta atpaka\u013c kop\u0101 ar ieg\u0101d\u0101taj\u0101m prec\u0113m.<\/p>\n\n\n\n<p>Par pre\u010du atgrie\u0161anas izmaks\u0101m ir atbild\u012bgs pat\u0113r\u0113t\u0101js, un kompens\u0101cija sedz tikai summu, kas samaks\u0101ta par pa\u0161u produktu. Pieg\u0101des maksa un maks\u0101jumu apstr\u0101des izmaksas netiek atmaks\u0101tas. <\/p>\n\n\n\n<p>Lai izmantotu atteikuma ties\u012bbas, pirc\u0113jam ir j\u0101iesniedz br\u012bvas formas atteikuma pieteikums pa e-pastu <strong>goodmoodmeals.com<\/strong>, nor\u0101dot \u0161\u0101du inform\u0101ciju:<\/p>\n\n\n\n<ul class=\"wp-block-list\">\n<li>Pas\u016bt\u012bto vai atpaka\u013c nos\u016bt\u012bto pre\u010du nosaukums<\/li>\n\n\n\n<li>Pas\u016bt\u012bjuma iesnieg\u0161anas datums<\/li>\n\n\n\n<li>Pas\u016bt\u012bjuma sa\u0146em\u0161anas datums<\/li>\n\n\n\n<li>Pirc\u0113ja pilns v\u0101rds un uzv\u0101rds<\/li>\n\n\n\n<li>Pirc\u0113ja kontaktinform\u0101cija<\/li>\n<\/ul>\n\n\n\n<p>Atgrieztaj\u0101m prec\u0113m j\u0101b\u016bt neizmantot\u0101m un j\u0101atrodas ori\u0123in\u0101laj\u0101 iepakojum\u0101. Ja preces tika iz\u0146emtas no iepakojuma p\u0101rbaudei, t\u0101s nedr\u012bkst b\u016bt lietotas un j\u0101p\u0101rbauda tikai t\u0101d\u0101 veid\u0101, k\u0101 tas b\u016btu iesp\u0113jams fizisk\u0101 veikal\u0101. Preces, kas iz\u0146emtas no ori\u0123in\u0101l\u0101 iepakojuma, r\u016bp\u012bgi j\u0101p\u0101rpako, lai izvair\u012btos no boj\u0101jumiem atgrie\u0161anas laik\u0101. Kompens\u0101cija par atgrieztaj\u0101m prec\u0113m tiks veikta 14 dienu laik\u0101, p\u0101rskaitot l\u012bdzek\u013cus uz bankas kontu, kas izmantots s\u0101kotn\u0113jam maks\u0101jumam.<\/p>\n\n\n\n<p><strong>Atgrie\u0161an\u0101s adrese:<\/strong><\/p>\n\n\n\n<p>ROGA-AGRO<br>L\u012bvzemes iela 11\/13<br>LV2169 Salaspils, Latvija<\/p>\n\n\n\n<h2 class=\"wp-block-heading\"><strong>Maks\u0101juma noteikumi<\/strong><\/h2>\n\n\n\n<p><strong>Pieejam\u0101s maks\u0101jumu metodes:<\/strong><\/p>\n\n\n\n<ul class=\"wp-block-list\">\n<li>Kred\u012btkarte<\/li>\n\n\n\n<li>PayPal<\/li>\n\n\n\n<li>Apple Pay<\/li>\n\n\n\n<li>Bankas p\u0101rskait\u012bjums (priek\u0161apmaksa)<\/li>\n<\/ul>\n\n\n\n<p><strong>Bankas p\u0101rskait\u012bjuma deta\u013cas:<\/strong><\/p>\n\n\n\n<p>Konta tur\u0113t\u0101js: ROGA-AGRO&#8221;<br>Adrese: LV2169 Salaspils, Salaspils novads, Latvija <br>Banka: SEB banka Bankas kods: SEB BANKAS KODS:<br> IBAN: LV22UNLA0033320466238<\/p>\n\n\n\n<h2 class=\"wp-block-heading\"><strong>Citi noteikumi<\/strong><\/h2>\n\n\n\n<p>Ja preces pirc\u0113jam tiek pieg\u0101d\u0101tas nov\u0113loti vai netiek pieg\u0101d\u0101tas Pirc\u0113ja vainas vai no Pirc\u0113ja neatkar\u012bgu apst\u0101k\u013cu d\u0113\u013c, P\u0101rdev\u0113js nav atbild\u012bgs par pieg\u0101des noteikumu p\u0101rk\u0101pumiem.<\/p>\n\n\n\n<p>Ja piek\u013cuve Interneta veikalam, re\u0123istr\u0101cija Interneta veikal\u0101 vai pas\u016bt\u012bjuma veik\u0161ana Interneta veikal\u0101 nav iesp\u0113jama vai ir apgr\u016btin\u0101ta tehnisku iemeslu vai no P\u0101rdev\u0113ja neatkar\u012bgu iemeslu d\u0113\u013c, P\u0101rdev\u0113js nav atbild\u012bgs par Pirc\u0113jam vai tre\u0161\u0101m person\u0101m nodar\u012btajiem zaud\u0113jumiem.<\/p>\n\n\n\n<p>P\u0101rdev\u0113js nav atbild\u012bgs par sek\u0101m, ja Pirc\u0113ja dator\u0101 vai monitor\u0101 redzamais Interneta veikala Pre\u010du att\u0113ls jebk\u0101d\u0101 zi\u0146\u0101 at\u0161\u0137iras no Pre\u010du izskata dab\u0101 Pirc\u0113ja datora vai monitora \u012bpa\u0161\u012bbu d\u0113\u013c.<\/p>\n\n\n\n<h2 class=\"wp-block-heading\"><strong>S\u016bdz\u012bbu un \u0101rpustiesas str\u012bdu izskat\u012b\u0161anas proced\u016bra<\/strong><\/h2>\n\n\n\n<p>S\u016bdz\u012bbas par pre\u010du kvalit\u0101ti un citiem ar pirkumu saist\u012btiem jaut\u0101jumiem j\u0101iesniedz elektroniski uz e-pasta adresi <a href=\"mailto:info@goodmoodmeals.com\">info@goodmoodmeals.com<\/a> vai rakstiski uz adresi Livzemes iela 11\/13, Salaspils, Salaspils novads, LV-2169.Visas s\u016bdz\u012bbas tiks izskat\u012btas 7 darba dienu laik\u0101 p\u0113c s\u016bdz\u012bbas sa\u0146em\u0161anas, atbildi nos\u016btot uz s\u016bdz\u012bb\u0101 nor\u0101d\u012bto kontaktinform\u0101cijas adresi.<\/p>\n\n\n\n<p>Ja j\u016bsu s\u016bdz\u012bba tiek atz\u012bta par nepamatotu un j\u016bs nepiekr\u012btat tam, ka s\u016bdz\u012bba tiek atz\u012bta par nepamatotu, jums ir ties\u012bbas izmantot normat\u012bvajos aktos paredz\u0113t\u0101s alternat\u012bv\u0101s str\u012bdu iz\u0161\u0137ir\u0161anas iesp\u0113jas, iesniedzot pre\u010du p\u0101rdev\u0113jam rakstisku iesniegumu par str\u012bda iz\u0161\u0137ir\u0161anu \u0101rpustiesas k\u0101rt\u012bb\u0101, kur\u0101 j\u0101nor\u0101da:<\/p>\n\n\n\n<ul class=\"wp-block-list\">\n<li>v\u0101rds, uzv\u0101rds, kontaktinform\u0101cija;<\/li>\n\n\n\n<li>pieteikuma iesnieg\u0161anas datumu;<\/li>\n\n\n\n<li>str\u012bda b\u016bt\u012bbu, pras\u012bbas un to pamatojumu.<\/li>\n<\/ul>\n\n\n\n<p>Inform\u0101cija par \u0101rpustiesas str\u012bdu risin\u0101\u0161anas iesp\u0113j\u0101m un \u0101rpustiesas str\u012bdu risin\u0101t\u0101jiem:<\/p>\n\n\n\n<p>Inform\u0101cija par str\u012bdu iz\u0161\u0137ir\u0161anas procesu: www.ptac.gov.lv\/lv\/content\/stridu-risinasanas-process<\/p>\n\n\n\n<p>Inform\u0101cija par pat\u0113r\u0113t\u0101ju \u0101rpustiesas str\u012bdu risin\u0101t\u0101ju datub\u0101zi: www.ptac.gov.lv\/lv\/content\/arpustiesas-pateretaju-stridu-risinataju-datubaze.<\/p>\n\n\n\n<p>Inform\u0101cija par str\u012bdu iz\u0161\u0137ir\u0161anu tie\u0161saist\u0113 (ODR): ja rodas probl\u0113mas ar tie\u0161saist\u0113 ieg\u0101d\u0101tu produktu, klients var izmantot ODR platformu, lai iesniegtu s\u016bdz\u012bbu, kuru izskat\u012bs neatkar\u012bga str\u012bdu iz\u0161\u0137ir\u0161anas iest\u0101de. Saite uz SIT platformu: <a href=\"https:\/\/ec.europa.eu\/consumers\/odr\/main\/index.cfm?event=main.home2.show&amp;lng=LV\">https:\/\/ec.europa.eu\/consumers\/odr\/main\/index.cfm?event=main.home2.show&amp;lng=LV<\/a> <\/p>\n\n\n\n<p>Lai atrisin\u0101tu probl\u0113mas, kas rodas ES dal\u012bbvalst\u012bs, sazinieties ar Eiropas Pat\u0113r\u0113t\u0101ju centriem (ECC-Net).<\/p>\n\n\n\n<p><\/p>\n","protected":false},"excerpt":{"rendered":"<p>Standarta noteikumi un nosac\u012bjumi un inform\u0101cija par klientu P\u0101rdev\u0113js &#8211; tie\u0161saistes tirdzniec\u012bbas platformas www.goodmoodmeals.com, turpm\u0101k tekst\u0101 &#8211; &#8220;Interneta veikals&#8221;, \u012bpa\u0161nieks, kop\u0101 ar vis\u0101m ar to saist\u012btaj\u0101m ties\u012bb\u0101m, ir AS &#8220;ROGA-AGRO&#8221;, re\u0123istr\u0101cijas Nr. 40003101668, ar juridisko un pasta adresi L\u012bvzemes iela 11\/13, Salaspils, Salaspils novads, LV-2169. P\u0101rdev\u0113js savas saimniecisk\u0101s darb\u012bbas ietvaros pied\u0101v\u0101 un p\u0101rdod preces Pirc\u0113jam [&#8230;]\n","protected":false},"author":1,"featured_media":0,"parent":0,"menu_order":0,"comment_status":"closed","ping_status":"closed","template":"","meta":{"footnotes":""},"class_list":["post-1980","page","type-page","status-publish","hentry"],"_links":{"self":[{"href":"https:\/\/goodmoodmeals.com\/lv\/wp-json\/wp\/v2\/pages\/1980","targetHints":{"allow":["GET"]}}],"collection":[{"href":"https:\/\/goodmoodmeals.com\/lv\/wp-json\/wp\/v2\/pages"}],"about":[{"href":"https:\/\/goodmoodmeals.com\/lv\/wp-json\/wp\/v2\/types\/page"}],"author":[{"embeddable":true,"href":"https:\/\/goodmoodmeals.com\/lv\/wp-json\/wp\/v2\/users\/1"}],"replies":[{"embeddable":true,"href":"https:\/\/goodmoodmeals.com\/lv\/wp-json\/wp\/v2\/comments?post=1980"}],"version-history":[{"count":0,"href":"https:\/\/goodmoodmeals.com\/lv\/wp-json\/wp\/v2\/pages\/1980\/revisions"}],"wp:attachment":[{"href":"https:\/\/goodmoodmeals.com\/lv\/wp-json\/wp\/v2\/media?parent=1980"}],"curies":[{"name":"wp","href":"https:\/\/api.w.org\/{rel}","templated":true}]}}