{"id":1966,"date":"2024-10-26T08:29:22","date_gmt":"2024-10-26T08:29:22","guid":{"rendered":"https:\/\/goodmoodmeals.com\/maksajumi\/"},"modified":"2024-11-01T15:51:20","modified_gmt":"2024-11-01T15:51:20","slug":"maksajumi","status":"publish","type":"page","link":"https:\/\/goodmoodmeals.com\/lv\/maksajumi\/","title":{"rendered":"Maks\u0101jumi"},"content":{"rendered":"\n<h2 class=\"wp-block-heading\"><strong>Maks\u0101juma noteikumi<\/strong><\/h2>\n\n<p><strong>Maks\u0101juma noteikumi<\/strong><\/p>\n\n<ol class=\"wp-block-list\">\n<li><strong>Pie\u0146emam\u0101s maks\u0101\u0161anas metodes<\/strong><br\/>M\u016bsu e-komercijas vietn\u0113 ir pieejamas liel\u0101k\u0101s kred\u012btkartes, debetkartes un citas dro\u0161as maks\u0101jumu iesp\u0113jas, ko nodro\u0161ina SEB bankai piedero\u0161ais v\u0101rteja EveryPay. Visi dar\u012bjumi tiek apstr\u0101d\u0101ti viet\u0113j\u0101 val\u016bt\u0101, k\u0101 nor\u0101d\u012bts pie kases. <\/li>\n\n\n\n<li><strong>Maks\u0101jumu apstr\u0101de<\/strong><br\/>Maks\u0101jumi tiek dro\u0161i apstr\u0101d\u0101ti, izmantojot EveryPay p\u0113c pas\u016bt\u012bjuma apstiprin\u0101\u0161anas. EveryPay dro\u0161a \u0161ifr\u0113\u0161ana un aizsardz\u012bba pret kr\u0101p\u0161anu, ko atbalsta SEB banka, nodro\u0161ina visu dar\u012bjumu konfidencialit\u0101ti un dro\u0161\u012bbu. <\/li>\n\n\n\n<li><strong>Neveiksm\u012bgi vai noraid\u012bti maks\u0101jumi<\/strong><br\/>Ja maks\u0101jums tiek noraid\u012bts, jums tiks nos\u016bt\u012bts pazi\u0146ojums un aicin\u0101jums atjaunin\u0101t maks\u0101jumu metodi. Pas\u016bt\u012bjumi ar neveiksm\u012bgiem maks\u0101jumiem tiks autom\u0101tiski atcelti, ja 48 stundu laik\u0101 netiks atrisin\u0101ti. <\/li>\n\n\n\n<li><strong>Nor\u0113\u0137inu un konta precizit\u0101te<\/strong><br\/>J\u016bs piekr\u012btat sniegt prec\u012bzu nor\u0113\u0137inu inform\u0101ciju un past\u0101v\u012bgi atjaunin\u0101t to, tostarp nor\u0113\u0137inu adresi, maks\u0101juma veidu un kontaktinform\u0101ciju. Jebkuras neatbilst\u012bbas var izrais\u012bt pas\u016bt\u012bjuma aizkav\u0113\u0161anos vai atcel\u0161anu. <\/li>\n\n\n\n<li><strong>Dro\u0161\u012bba un priv\u0101tums<\/strong><br\/>EveryPay izmanto dro\u0161u tehnolo\u0123iju, lai aizsarg\u0101tu j\u016bsu maks\u0101jumu datus. M\u0113s neglab\u0101jam kred\u012btkar\u0161u inform\u0101ciju savos serveros, un visi dar\u012bjumi atbilst piem\u0113rojamiem datu aizsardz\u012bbas standartiem. <\/li>\n\n\n\n<li><strong>Sazinieties ar mums<\/strong><br\/>Lai sa\u0146emtu ar maks\u0101jumiem saist\u012btus jaut\u0101jumus, l\u016bdzu, sazinieties ar m\u016bsu klientu apkalpo\u0161anas komandu pa e-pastu <a href=\"mailto:info@goodmoodmeals.com\">info@goodmoodmeals.com<\/a>.<\/li>\n<\/ol>\n\n<ul class=\"wp-block-list\">\n<li>Kred\u012btkarte<\/li>\n\n\n\n<li>PayPal<\/li>\n\n\n\n<li>Apple Pay<\/li>\n\n\n\n<li>Bankas p\u0101rskait\u012bjums (priek\u0161apmaksa)<\/li>\n<\/ul>\n\n<p><strong>Bankas p\u0101rskait\u012bjuma deta\u013cas:<\/strong><\/p>\n\n<p>Konta tur\u0113t\u0101js: ROGA-AGRO&#8221;<br\/>Adrese: LV2169 Salaspils, Salaspils<\/p>\n\n<p>Veicot dar\u012bjumu m\u016bsu vietn\u0113, j\u016bs piekr\u012btat \u0161iem Maks\u0101jumu noteikumiem.<\/p>\n\n<p><\/p>\n","protected":false},"excerpt":{"rendered":"<p>Maks\u0101juma noteikumi Maks\u0101juma noteikumi Bankas p\u0101rskait\u012bjuma deta\u013cas: Konta tur\u0113t\u0101js: ROGA-AGRO&#8221;Adrese: LV2169 Salaspils, Salaspils Veicot dar\u012bjumu m\u016bsu vietn\u0113, j\u016bs piekr\u012btat \u0161iem Maks\u0101jumu noteikumiem.<\/p>\n","protected":false},"author":1,"featured_media":0,"parent":0,"menu_order":0,"comment_status":"closed","ping_status":"closed","template":"","meta":{"footnotes":""},"class_list":["post-1966","page","type-page","status-publish","hentry"],"_links":{"self":[{"href":"https:\/\/goodmoodmeals.com\/lv\/wp-json\/wp\/v2\/pages\/1966","targetHints":{"allow":["GET"]}}],"collection":[{"href":"https:\/\/goodmoodmeals.com\/lv\/wp-json\/wp\/v2\/pages"}],"about":[{"href":"https:\/\/goodmoodmeals.com\/lv\/wp-json\/wp\/v2\/types\/page"}],"author":[{"embeddable":true,"href":"https:\/\/goodmoodmeals.com\/lv\/wp-json\/wp\/v2\/users\/1"}],"replies":[{"embeddable":true,"href":"https:\/\/goodmoodmeals.com\/lv\/wp-json\/wp\/v2\/comments?post=1966"}],"version-history":[{"count":0,"href":"https:\/\/goodmoodmeals.com\/lv\/wp-json\/wp\/v2\/pages\/1966\/revisions"}],"wp:attachment":[{"href":"https:\/\/goodmoodmeals.com\/lv\/wp-json\/wp\/v2\/media?parent=1966"}],"curies":[{"name":"wp","href":"https:\/\/api.w.org\/{rel}","templated":true}]}}