{"id":1965,"date":"2024-10-26T10:05:03","date_gmt":"2024-10-26T07:05:03","guid":{"rendered":"https:\/\/goodmoodmeals.com\/atbalsts\/"},"modified":"2026-03-29T23:12:01","modified_gmt":"2026-03-29T20:12:01","slug":"atbalsts","status":"publish","type":"page","link":"https:\/\/goodmoodmeals.com\/lv\/atbalsts\/","title":{"rendered":"Atbalsts"},"content":{"rendered":"\n\n\n<h2 class=\"wp-block-heading has-text-align-center\" style=\"font-size:30px\">K\u0101 m\u0113s varam pal\u012bdz\u0113t?<\/h2>\n\n\n\n<div class=\"wp-block-group alignfull is-layout-constrained wp-container-core-group-is-layout-a93d0d1d wp-block-group-is-layout-constrained\" style=\"padding-top:var(--wp--preset--spacing--40);padding-right:var(--wp--preset--spacing--30);padding-bottom:var(--wp--preset--spacing--40);padding-left:var(--wp--preset--spacing--30)\">\n<div class=\"wp-block-group alignwide is-vertical is-content-justification-center is-layout-flex wp-container-core-group-is-layout-9a7cdcfd wp-block-group-is-layout-flex\"><nav class=\"is-responsive items-justified-center wp-block-navigation is-content-justification-center is-layout-flex wp-container-core-navigation-is-layout-b636cbb1 wp-block-navigation-is-layout-flex\" aria-label=\"Navig\u0101cija\" \n\t\t data-wp-interactive=\"core\/navigation\" data-wp-context='{\"overlayOpenedBy\":{\"click\":false,\"hover\":false,\"focus\":false},\"type\":\"overlay\",\"roleAttribute\":\"\",\"ariaLabel\":\"Menu\"}'><button aria-haspopup=\"dialog\" aria-label=\"Open menu\" class=\"wp-block-navigation__responsive-container-open\" \n\t\t\t\tdata-wp-on--click=\"actions.openMenuOnClick\"\n\t\t\t\tdata-wp-on--keydown=\"actions.handleMenuKeydown\"\n\t\t\t><svg width=\"24\" height=\"24\" xmlns=\"http:\/\/www.w3.org\/2000\/svg\" viewBox=\"0 0 24 24\"><path d=\"M5 5v1.5h14V5H5z\"><\/path><path d=\"M5 12.8h14v-1.5H5v1.5z\"><\/path><path d=\"M5 19h14v-1.5H5V19z\"><\/path><\/svg><\/button>\n\t\t\t\t<div class=\"wp-block-navigation__responsive-container\"  id=\"modal-1\" \n\t\t\t\tdata-wp-class--has-modal-open=\"state.isMenuOpen\"\n\t\t\t\tdata-wp-class--is-menu-open=\"state.isMenuOpen\"\n\t\t\t\tdata-wp-watch=\"callbacks.initMenu\"\n\t\t\t\tdata-wp-on--keydown=\"actions.handleMenuKeydown\"\n\t\t\t\tdata-wp-on--focusout=\"actions.handleMenuFocusout\"\n\t\t\t\ttabindex=\"-1\"\n\t\t\t>\n\t\t\t\t\t<div class=\"wp-block-navigation__responsive-close\" tabindex=\"-1\">\n\t\t\t\t\t\t<div class=\"wp-block-navigation__responsive-dialog\" \n\t\t\t\tdata-wp-bind--aria-modal=\"state.ariaModal\"\n\t\t\t\tdata-wp-bind--aria-label=\"state.ariaLabel\"\n\t\t\t\tdata-wp-bind--role=\"state.roleAttribute\"\n\t\t\t>\n\t\t\t\t\t\t\t<button aria-label=\"Close menu\" class=\"wp-block-navigation__responsive-container-close\" \n\t\t\t\tdata-wp-on--click=\"actions.closeMenuOnClick\"\n\t\t\t><svg xmlns=\"http:\/\/www.w3.org\/2000\/svg\" viewBox=\"0 0 24 24\" width=\"24\" height=\"24\" aria-hidden=\"true\" focusable=\"false\"><path d=\"m13.06 12 6.47-6.47-1.06-1.06L12 10.94 5.53 4.47 4.47 5.53 10.94 12l-6.47 6.47 1.06 1.06L12 13.06l6.47 6.47 1.06-1.06L13.06 12Z\"><\/path><\/svg><\/button>\n\t\t\t\t\t\t\t<div class=\"wp-block-navigation__responsive-container-content\" \n\t\t\t\tdata-wp-watch=\"callbacks.focusFirstElement\"\n\t\t\t id=\"modal-1-content\">\n\t\t\t\t\t\t\t\t<ul class=\"wp-block-navigation__container is-responsive items-justified-center wp-block-navigation\"><li class=\" wp-block-navigation-item wp-block-navigation-link has-small-font-size\"><a class=\"wp-block-navigation-item__content\"  href=\"https:\/\/goodmoodmeals.com\/lv\/par-mums\/\"><span class=\"wp-block-navigation-item__label\">Par mums<\/span><\/a><\/li><\/ul><ul class=\"wp-block-navigation__container is-responsive items-justified-center wp-block-navigation\"><li class=\" wp-block-navigation-item wp-block-navigation-link has-small-font-size\"><a class=\"wp-block-navigation-item__content\"  href=\"https:\/\/goodmoodmeals.com\/shop\/\"><span class=\"wp-block-navigation-item__label\">Veikals<\/span><\/a><\/li><li class=\" wp-block-navigation-item wp-block-navigation-link has-small-font-size\"><a class=\"wp-block-navigation-item__content\"  href=\"https:\/\/goodmoodmeals.com\/lv\/biezak-uzdotie-jautajumi\/\"><span class=\"wp-block-navigation-item__label\">Bie\u017e\u0101k uzdotie jaut\u0101jumi<\/span><\/a><\/li><li class=\" wp-block-navigation-item wp-block-navigation-link has-small-font-size\"><a class=\"wp-block-navigation-item__content\"  href=\"https:\/\/goodmoodmeals.com\/lv\/\"><span class=\"wp-block-navigation-item__label\">S\u0101kums<\/span><\/a><\/li><li class=\" wp-block-navigation-item wp-block-navigation-link has-small-font-size\"><a class=\"wp-block-navigation-item__content\"  href=\"https:\/\/goodmoodmeals.com\/lv\/maksajumi\/\"><span class=\"wp-block-navigation-item__label\">Maks\u0101jumi<\/span><\/a><\/li><li class=\" wp-block-navigation-item wp-block-navigation-link has-small-font-size\"><a class=\"wp-block-navigation-item__content\"  href=\"https:\/\/goodmoodmeals.com\/lv\/atmaksasanas-un-atgriesanas-politika\/\"><span class=\"wp-block-navigation-item__label\">Atmaksas un pre\u010du atgrie\u0161anas politika<\/span><\/a><\/li><li class=\" wp-block-navigation-item wp-block-navigation-link has-small-font-size\"><a class=\"wp-block-navigation-item__content\"  href=\"https:\/\/goodmoodmeals.com\/lv\/precu-nosutisana-piegade\/\"><span class=\"wp-block-navigation-item__label\">Pre\u010du nos\u016bt\u012b\u0161ana \/ pieg\u0101de<\/span><\/a><\/li><li class=\" wp-block-navigation-item wp-block-navigation-link has-small-font-size\"><a class=\"wp-block-navigation-item__content\"  href=\"https:\/\/goodmoodmeals.com\/lv\/noteikumi-un-nosacijumi\/\"><span class=\"wp-block-navigation-item__label\">Noteikumi un Nosac\u012bjumi<\/span><\/a><\/li><\/ul>\n\t\t\t\t\t\t\t<\/div>\n\t\t\t\t\t\t<\/div>\n\t\t\t\t\t<\/div>\n\t\t\t\t<\/div><\/nav><\/div>\n<\/div>\n\n\n\n<p class=\"has-text-align-center\" style=\"font-size:24px;line-height:.9\"><strong>Vai jums ir jaut\u0101jums?<\/strong><\/p>\n\n\n\n<div class=\"gmm-mailto-block\">\n<style>\n  .gmm-mailto-block {\n    font-family: inherit;\n    display: flex;\n    flex-wrap: wrap;\n    gap: 8px 24px;\n    align-items: center;\n  }\n  .gmm-mailto-block .gmm-mailto-text {\n    color: #555;\n    font-size: 14px;\n    margin: 0;\n  }\n  .gmm-mailto-block .gmm-mailto-text a {\n    color: #24482d;\n    font-weight: 600;\n    text-decoration: none;\n    border-bottom: 1px solid rgba(36,72,45,0.3);\n    transition: border-color 0.2s;\n  }\n  .gmm-mailto-block .gmm-mailto-text a:hover {\n    border-color: #24482d;\n  }\n  .gmm-mailto-divider {\n    color: #d1d5db;\n    font-size: 14px;\n  }\n  @media(max-width:600px){\n    .gmm-mailto-divider { display: none; }\n    .gmm-mailto-block { flex-direction: column; align-items: flex-start; gap: 6px; }\n  }\n<\/style>\n\n<p class=\"gmm-mailto-text\">Rakstiet mums uz <a href=\"mailto:info@goodmoodmeals.com\">info@goodmoodmeals.com<\/a><\/p>\n\n\n\n<p><\/p>\n","protected":false},"excerpt":{"rendered":"<p>K\u0101 m\u0113s varam pal\u012bdz\u0113t? Vai jums ir jaut\u0101jums? Rakstiet mums uz info@goodmoodmeals.com<\/p>\n","protected":false},"author":1,"featured_media":0,"parent":0,"menu_order":0,"comment_status":"closed","ping_status":"closed","template":"","meta":{"footnotes":""},"class_list":["post-1965","page","type-page","status-publish","hentry"],"_links":{"self":[{"href":"https:\/\/goodmoodmeals.com\/lv\/wp-json\/wp\/v2\/pages\/1965","targetHints":{"allow":["GET"]}}],"collection":[{"href":"https:\/\/goodmoodmeals.com\/lv\/wp-json\/wp\/v2\/pages"}],"about":[{"href":"https:\/\/goodmoodmeals.com\/lv\/wp-json\/wp\/v2\/types\/page"}],"author":[{"embeddable":true,"href":"https:\/\/goodmoodmeals.com\/lv\/wp-json\/wp\/v2\/users\/1"}],"replies":[{"embeddable":true,"href":"https:\/\/goodmoodmeals.com\/lv\/wp-json\/wp\/v2\/comments?post=1965"}],"version-history":[{"count":3,"href":"https:\/\/goodmoodmeals.com\/lv\/wp-json\/wp\/v2\/pages\/1965\/revisions"}],"predecessor-version":[{"id":7125,"href":"https:\/\/goodmoodmeals.com\/lv\/wp-json\/wp\/v2\/pages\/1965\/revisions\/7125"}],"wp:attachment":[{"href":"https:\/\/goodmoodmeals.com\/lv\/wp-json\/wp\/v2\/media?parent=1965"}],"curies":[{"name":"wp","href":"https:\/\/api.w.org\/{rel}","templated":true}]}}