{"id":1941,"date":"2024-10-26T13:58:31","date_gmt":"2024-10-26T13:58:31","guid":{"rendered":"https:\/\/goodmoodmeals.com\/konfidencialitates-politika\/"},"modified":"2024-11-05T10:33:58","modified_gmt":"2024-11-05T10:33:58","slug":"konfidencialitates-politika","status":"publish","type":"page","link":"https:\/\/goodmoodmeals.com\/lv\/konfidencialitates-politika\/","title":{"rendered":"Priv\u0101tuma politika"},"content":{"rendered":"\n<hr class=\"wp-block-separator has-alpha-channel-opacity\"\/>\n\n<p><strong>Priv\u0101tuma politika<\/strong><\/p>\n\n<p>J\u016bsu priv\u0101tums mums ir svar\u012bgs!<\/p>\n\n<p>M\u016bsu m\u0113r\u0137is ir pan\u0101kt, lai j\u016bs justos dro\u0161i, kad mums kop\u012bgojat savus personas datus. \u0160\u012bs priv\u0101tuma politikas m\u0113r\u0137is ir sniegt jums k\u0101 datu subjektam inform\u0101ciju par personas datu apstr\u0101des m\u0113r\u0137i, apjomu, aizsardz\u012bbu un ilgumu datu v\u0101k\u0161anas laik\u0101 un j\u016bsu personas datu apstr\u0101des laik\u0101. <\/p>\n\n<p>M\u0113s ar\u012b v\u0113lamies, lai j\u016bs zin\u0101tu, ka m\u0113s veicam nepiecie\u0161amos pas\u0101kumus, lai nodro\u0161in\u0101tu j\u016bsu personas datu dro\u0161\u012bbu un to apstr\u0101di saska\u0146\u0101 ar sp\u0113k\u0101 eso\u0161ajiem datu aizsardz\u012bbas ties\u012bbu aktiem. M\u0113s esam iec\u0113lu\u0161i datu aizsardz\u012bbas inspektoru, kas ir atbild\u012bgs par m\u016bsu atbilst\u012bbas \u0161iem likumiem uzraudz\u012bbu. <\/p>\n\n<p>Viss, kas jums j\u0101dara, ir j\u0101iesniedz prec\u012bzi dati, lai m\u0113s var\u0113tu apstr\u0101d\u0101t un pieg\u0101d\u0101t j\u016bsu pas\u016bt\u012bjumu no Good Mood Meals tie\u0161saistes veikala.<\/p>\n\n<p>\u0160aj\u0101 konfidencialit\u0101tes politik\u0101 atrad\u012bsiet inform\u0101ciju par to, k\u0101dus personas datus m\u0113s v\u0101cam un apstr\u0101d\u0101jam, k\u0101ds ir to m\u0113r\u0137is, cik ilgi tos glab\u0101jam un citu svar\u012bgu inform\u0101ciju. Pirms sniedzat mums savus personas datus, aicin\u0101m j\u016bs iepaz\u012bties ar \u0161\u012bs politikas noteikumiem. L\u016bdzu, \u0146emiet v\u0113r\u0101 ar\u012b to, ka noteikumi var tikt main\u012bti un atjaunin\u0101ti.  <\/p>\n\n<p>Ja j\u016bs nepiekr\u012btat \u0161iem Noteikumiem un \u0161ai Priv\u0101tuma politikai, diem\u017e\u0113l m\u0113s nevar\u0113sim jums sniegt visus vai da\u017eus no m\u016bsu pakalpojumiem (turpm\u0101k &#8211; Pakalpojumi).<\/p>\n\n<p>Re\u0123istr\u0113joties t\u012bmek\u013ca vietn\u0113 <a href=\"http:\/\/www.goodmoodmeals.com\/\">www.goodmoodmeals.com<\/a>, j\u016bs uzticat A\/S Roga-Agro (re\u0123istr\u0101cijas numurs 40003101668, juridisk\u0101 adrese: L\u012bvzemes iela 11\/13, Salaspils, Salaspils novads, LV-2169, Latvija) k\u0101 datu p\u0101rzinim (turpm\u0101k &#8211; Sabiedr\u012bba, m\u0113s, P\u0101rzinis) savus personas datus un pie\u0161\u0137ir mums ties\u012bbas tos apstr\u0101d\u0101t saska\u0146\u0101 ar \u0161o Politiku (turpm\u0101k &#8211; Politika) un &#8220;Local top! e-veikals&#8221; p\u0101rdo\u0161anas l\u012bguma noteikumiem (turpm\u0101k &#8211; Noteikumi). Inform\u0113jam j\u016bs, ka m\u0113s apstr\u0101d\u0101sim j\u016bsu personas datus tikai tad, ja j\u016bs izv\u0113l\u0113sieties tos mums sniegt. <\/p>\n\n<p><strong>Kas ir personas dati, k\u0101dus personas datus m\u0113s apstr\u0101d\u0101jam un k\u0101p\u0113c?<\/strong><\/p>\n\n<p><em>Re\u0123istr\u0101cija<\/em><\/p>\n\n<p>Personas dati ir jebk\u0101da inform\u0101cija, kas attiecas uz identific\u0113tu vai identific\u0113jamu fizisku personu (&#8220;datu subjekts&#8221;); identific\u0113jama fiziska persona ir persona, kuru var tie\u0161i vai netie\u0161i identific\u0113t, jo \u012bpa\u0161i atsaucoties uz identifikatoru, piem\u0113ram, v\u0101rdu, identifik\u0101cijas numuru, atra\u0161an\u0101s vietas datiem, tie\u0161saistes identifikatoru, vai vienu vai vair\u0101kiem faktoriem, kas raksturo \u0161\u012bs personas fizisko, fiziolo\u0123isko, \u0123en\u0113tisko, gar\u012bgo, ekonomisko, kult\u016bras vai soci\u0101lo identit\u0101ti.<\/p>\n\n<p>Re\u0123istr\u0113joties vietn\u0113 <a href=\"http:\/\/www.goodmoodmeals.com\/\">www.goodmoodmeals.com<\/a>, jums ir j\u0101pie\u0146em vietnes lieto\u0161anas noteikumi (j\u0101piekr\u012bt L\u012bgumam). J\u016bsu personas datu snieg\u0161ana ir oblig\u0101ta, jo, to neizpildot, j\u016bs nevar\u0113siet nosl\u0113gt L\u012bgumu un izmantot m\u016bsu Pakalpojumus. Re\u0123istr\u0113joties j\u016bs nosl\u0113dzat L\u012bgumu un apliecin\u0101t, ka j\u016bsu personas dati ir prec\u012bzi un pareizi un ka esat vismaz 18 gadus vecs. M\u0113s neesam atbild\u012bgi par j\u016bsu sniegtajiem neprec\u012bzajiem, nepiln\u012bgajiem vai nepareizajiem personas datiem. Ja j\u016bs sniedzat k\u0101da cita personas datus, A\/S Roga-Agro patur ties\u012bbas v\u0113rsties pie jums ar regresa pras\u012bbu gad\u012bjum\u0101.    <\/p>\n\n<p>L\u012bgumam nepiecie\u0161amie dati:<\/p>\n\n<ul class=\"wp-block-list\">\n<li><strong>Datu kategorijas:<\/strong> J\u016bsu v\u0101rds, uzv\u0101rds, adrese (pils\u0113ta, iela vai m\u0101jas numurs, dz\u012bvok\u013ca numurs), e-pasta adrese un t\u0101lru\u0146a numurs.<\/li>\n\n\n\n<li><strong>Datu apstr\u0101des juridiskais pamats<\/strong>: L\u012bguma nosl\u0113g\u0161ana un izpilde, kur\u0101 j\u016bs esat l\u012bgumsl\u0113dz\u0113ja puse, un m\u016bsu likum\u012bgo intere\u0161u aizsardz\u012bba.<\/li>\n\n\n\n<li><strong>Datu apstr\u0101des termins<\/strong>: Viss periods, kur\u0101 ir sp\u0113k\u0101 L\u012bgums un kur\u0101 j\u016bs izmantojat m\u016bsu Pakalpojumus. M\u0113s varam ilg\u0101k glab\u0101t pier\u0101d\u012bjumus par L\u012bgumu un ar to saist\u012bto dokument\u0101ciju, l\u012bdz beidzas no l\u012bgumsaist\u012bb\u0101m izrieto\u0161o pras\u012bbu termi\u0146\u0161 vai ja tas nepiecie\u0161ams, lai aizsarg\u0101tu m\u016bsu likum\u012bg\u0101s intereses pret pretenzij\u0101m, iebildumiem vai pras\u012bb\u0101m. <\/li>\n<\/ul>\n\n<p>Pamatojoties uz j\u016bsu personas datiem, kas iesniegti, re\u0123istr\u0113joties vietn\u0113 <a href=\"http:\/\/www.goodmoodmeals.com\/\">www.goodmoodmeals.com<\/a>, p\u0113c L\u012bguma nosl\u0113g\u0161anas tiek izveidots unik\u0101ls lietot\u0101ja profils (konts), kas \u013cauj mums identific\u0113t j\u016bs k\u0101 re\u0123istr\u0113tu vietnes lietot\u0101ju un sniegt jums pakalpojumus, k\u0101 nor\u0101d\u012bts L\u012bgum\u0101 un \u0161aj\u0101 politik\u0101.<\/p>\n\n<p>M\u0113s j\u016bs atpaz\u012bstam, pamatojoties uz j\u016bsu sniegtajiem personas datiem, kad, piem\u0113ram, v\u0113laties atjaunin\u0101t vai main\u012bt savus datus, sazin\u0101ties ar mums saist\u012bb\u0101 ar sniegto personisko inform\u0101ciju vai izmantot ties\u012bbas, kas saist\u012btas ar personas datu apstr\u0101di, u. c.<\/p>\n\n<p><strong>J\u016bsu konta administr\u0113\u0161ana<\/strong><\/p>\n\n<p>M\u0113s apstr\u0101d\u0101jam j\u016bsu personas datus, lai uzraudz\u012btu un p\u0101rvald\u012btu j\u016bsu kontu.<\/p>\n\n<p><em>Konta dati<\/em><\/p>\n\n<ul class=\"wp-block-list\">\n<li><strong>Datu kategorijas:<\/strong> Dati, kas sniegti re\u0123istr\u0101cijas laik\u0101 ( <a href=\"http:\/\/www.goodmoodmeals.com\/\">vietn\u0113 www.goodmoodmeals.com<\/a>), konta pieteik\u0161an\u0101s dati, konta darb\u012bbas, tostarp tehniskie p\u0101rl\u016bko\u0161anas dati (IP adrese, savienojuma un p\u0101rl\u016bko\u0161anas tehnisk\u0101 inform\u0101cija).<\/li>\n\n\n\n<li><strong>Datu apstr\u0101des juridiskais pamats<\/strong>: L\u012bgums un izveidotais konts, lai izpild\u012btu l\u012bgumsaist\u012bbas un aizsarg\u0101tu m\u016bsu likum\u012bg\u0101s intereses.<\/li>\n\n\n\n<li><strong>Datu apstr\u0101des termins<\/strong>: Viss periods, kur\u0101 esat konta lietot\u0101js. Vieno\u0161an\u0101s nosl\u0113g\u0161anas apliecin\u0101jums var tikt saglab\u0101ts ilg\u0101k, ja tas nepiecie\u0161ams, lai aizst\u0101v\u0113tu pret pretenzij\u0101m, iebildumiem vai pras\u012bb\u0101m. <\/li>\n<\/ul>\n\n<p><strong>J\u016bsu pirkuma datu apstr\u0101de<\/strong><\/p>\n\n<p>Lai sniegtu jums Pakalpojumus un da\u017e\u0101dus labumus &#8211; nosl\u0113gtu un izpild\u012btu l\u012bgumsaist\u012bbas, sa\u0146emtu maks\u0101jumus par prec\u0113m, izsniegtu kompens\u0101ciju (ja atgrie\u017eat ieg\u0101d\u0101t\u0101s preces), pie\u0161\u0137irtu atlaides utt. &#8211; m\u0113s papildus re\u0123istr\u0101cijas datiem apstr\u0101d\u0101jam datus, kas saist\u012bti ar j\u016bsu pirkuma dar\u012bjumiem (turpm\u0101k &#8211; pirkuma dati), un izsniedzam jums gr\u0101matved\u012bbas dokumentus saska\u0146\u0101 ar Latvijas Republikas normat\u012bvo aktu pras\u012bb\u0101m. <\/p>\n\n<p><em>Iepirkuma dati pakalpojumu administr\u0113\u0161anai<\/em><\/p>\n\n<ul class=\"wp-block-list\">\n<li><strong>Datu kategorijas:<\/strong> J\u016bsu v\u0101rds, uzv\u0101rds, e-pasta adrese, t\u0101lru\u0146a numurs, pieg\u0101des adrese, paraksts (ja j\u016bs person\u012bgi pie\u0146emat preces), pirkuma un pieg\u0101des datums un laiks, pre\u010du nosaukumi, daudzumi, pirkuma cenas un piem\u0113rot\u0101s atlaides, maks\u0101juma veids un maks\u0101juma inform\u0101cija.<\/li>\n\n\n\n<li><strong>Datu apstr\u0101des juridiskais pamats<\/strong>: L\u012bgums un izveidotais konts, lai izpild\u012btu l\u012bgumsaist\u012bbas, aizsarg\u0101tu likum\u012bg\u0101s intereses un izpild\u012btu juridisk\u0101s saist\u012bbas.<\/li>\n\n\n\n<li><strong>Datu apstr\u0101des termins<\/strong>: Gr\u0101matved\u012bbas dokumenti &#8211; 5 gadi no pirkuma datuma un pavadz\u012bmes paraksta. L\u012bgums ar jums un ar to saist\u012btie gr\u0101matved\u012bbas dokumenti var tikt glab\u0101ti ilg\u0101k, l\u012bdz beidzas no l\u012bgumsaist\u012bb\u0101m izrieto\u0161o pras\u012bbu termi\u0146\u0161 vai ja tas nepiecie\u0161ams, lai aizsarg\u0101tu m\u016bsu likum\u012bg\u0101s intereses pret pretenzij\u0101m, iebildumiem vai pras\u012bb\u0101m. <\/li>\n<\/ul>\n\n<p><strong>Pied\u0101v\u0101jumi un inform\u0101cijas snieg\u0161ana<\/strong><\/p>\n\n<p>Ja, re\u0123istr\u0113joties t\u012bmek\u013ca vietn\u0113 <a href=\"http:\/\/www.goodmoodmeals.com\/\">www.goodmoodmeals.com<\/a>, esat piekritis sa\u0146emt no mums pied\u0101v\u0101jumus un\/vai aktu\u0101los pied\u0101v\u0101jumus pa e-pastu vai SMS atjaunin\u0101jumus uz t\u0101lruni, m\u0113s apstr\u0101d\u0101sim j\u016bsu personas datus, lai sniegtu \u0161\u0101dus pied\u0101v\u0101jumus un inform\u0101ciju, tostarp visp\u0101r\u012bgus jaunumus, inform\u0101ciju par m\u016bsu un m\u016bsu partneru pied\u0101v\u0101jumiem, atlaid\u0113m, izp\u0101rdo\u0161an\u0101m, aicin\u0101jumus piedal\u012bties akcij\u0101s, loterij\u0101s un laim\u0113t balvas, l\u016bgt j\u016bsu atsauksmes par m\u016bsu pakalpojumiem un produktiem utt. M\u0113s sniegsim pied\u0101v\u0101jumus un inform\u0101ciju j\u016bsu kont\u0101 un citos j\u016bsu v\u0113lamos veidos, piem\u0113ram, pa e-pastu vai SMS uz j\u016bsu nor\u0101d\u012bto t\u0101lru\u0146a numuru. <\/p>\n\n<p><strong>K\u0101 m\u0113s glab\u0101jam un izn\u012bcin\u0101m datus<\/strong><\/p>\n\n<p>Beidzoties \u0161aj\u0101 politik\u0101 nor\u0101d\u012btajam datu apstr\u0101des un glab\u0101\u0161anas periodam, m\u0113s dro\u0161i izn\u012bcin\u0101sim dokumentus, kas satur j\u016bsu personas datus, vai, ja tas nor\u0101d\u012bts politik\u0101, tos dro\u0161i un neatgriezeniski anonimiz\u0113sim.<\/p>\n\n<p><strong>Sazinieties ar mums<\/strong><\/p>\n\n<ul class=\"wp-block-list\">\n<li>Pa e-pastu: <a href=\"mailto:info@goodmoodmeals.com\">info@goodmoodmeals.com<\/a><\/li>\n\n\n\n<li>pa t\u0101lruni:  <code>+371 67981004<\/code><\/li>\n\n\n\n<li>Pasta korespondence: L\u012bvzemes iela 11\/13, Salaspils, LV-2169, Latvija. V\u0113stuli l\u016bdzam adres\u0113t A\/S Roga-Agro administr\u0101cijai. <\/li>\n<\/ul>\n\n<p><\/p>\n","protected":false},"excerpt":{"rendered":"<p>Priv\u0101tuma politika J\u016bsu priv\u0101tums mums ir svar\u012bgs! M\u016bsu m\u0113r\u0137is ir pan\u0101kt, lai j\u016bs justos dro\u0161i, kad mums kop\u012bgojat savus personas datus. \u0160\u012bs priv\u0101tuma politikas m\u0113r\u0137is ir sniegt jums k\u0101 datu subjektam inform\u0101ciju par personas datu apstr\u0101des m\u0113r\u0137i, apjomu, aizsardz\u012bbu un ilgumu datu v\u0101k\u0161anas laik\u0101 un j\u016bsu personas datu apstr\u0101des laik\u0101. M\u0113s ar\u012b v\u0113lamies, lai j\u016bs [&#8230;]\n","protected":false},"author":1,"featured_media":0,"parent":0,"menu_order":0,"comment_status":"closed","ping_status":"closed","template":"","meta":{"footnotes":""},"class_list":["post-1941","page","type-page","status-publish","hentry"],"_links":{"self":[{"href":"https:\/\/goodmoodmeals.com\/lv\/wp-json\/wp\/v2\/pages\/1941","targetHints":{"allow":["GET"]}}],"collection":[{"href":"https:\/\/goodmoodmeals.com\/lv\/wp-json\/wp\/v2\/pages"}],"about":[{"href":"https:\/\/goodmoodmeals.com\/lv\/wp-json\/wp\/v2\/types\/page"}],"author":[{"embeddable":true,"href":"https:\/\/goodmoodmeals.com\/lv\/wp-json\/wp\/v2\/users\/1"}],"replies":[{"embeddable":true,"href":"https:\/\/goodmoodmeals.com\/lv\/wp-json\/wp\/v2\/comments?post=1941"}],"version-history":[{"count":0,"href":"https:\/\/goodmoodmeals.com\/lv\/wp-json\/wp\/v2\/pages\/1941\/revisions"}],"wp:attachment":[{"href":"https:\/\/goodmoodmeals.com\/lv\/wp-json\/wp\/v2\/media?parent=1941"}],"curies":[{"name":"wp","href":"https:\/\/api.w.org\/{rel}","templated":true}]}}