{"id":1935,"date":"2024-10-26T13:46:51","date_gmt":"2024-10-26T13:46:51","guid":{"rendered":"https:\/\/goodmoodmeals.com\/ka-veikt-pasutijumu\/"},"modified":"2024-11-02T14:27:30","modified_gmt":"2024-11-02T14:27:30","slug":"ka-veikt-pasutijumu","status":"publish","type":"page","link":"https:\/\/goodmoodmeals.com\/lv\/ka-veikt-pasutijumu\/","title":{"rendered":"K\u0101 veikt pas\u016bt\u012bjumu"},"content":{"rendered":"\n<hr class=\"wp-block-separator has-alpha-channel-opacity\"\/>\n\n<p><strong>K\u0101 pas\u016bt\u012bt<\/strong> <\/p>\n\n<ol class=\"wp-block-list\">\n<li>Atrodiet v\u0113lamo produktu un noklik\u0161\u0137iniet uz <strong>Pievienot grozam<\/strong>.<\/li>\n\n\n\n<li>P\u0113c preces pievieno\u0161anas tiks par\u0101d\u012bts apstiprin\u0101juma zi\u0146ojums: <strong>Produkts pievienots grozam<\/strong>.<\/li>\n\n\n\n<li>Lai apskat\u012btu preces vai p\u0101rietu pie kases, noklik\u0161\u0137iniet uz <strong>Grozs<\/strong>. Jums b\u016bs divas iesp\u0113jas: <strong>Skat\u012bt grozu<\/strong> un <strong>Izrakst\u012bties<\/strong>. Izv\u0113lieties <strong>Checkout<\/strong> un aizpildiet nepiecie\u0161amos laukus, tostarp savu v\u0101rdu, e-pastu un t\u0101lru\u0146a numuru.  <\/li>\n\n\n\n<li>Izv\u0113lieties v\u0113lamo pieg\u0101des metodi. P\u0113c iepaz\u012b\u0161an\u0101s ar m\u016bsu p\u0101rdo\u0161anas noteikumiem un nosac\u012bjumiem atz\u012bm\u0113jiet izv\u0113les r\u016bti\u0146u, lai apstiprin\u0101tu savu piekri\u0161anu. <\/li>\n\n\n\n<li>Ja j\u016bsu inform\u0101cija ir pareiza, redz\u0113siet pieejam\u0101s maks\u0101jumu iesp\u0113jas, tostarp kred\u012btkarti, bankas saiti, Google Pay, Apple Pay un PayPal.<\/li>\n\n\n\n<li>Apsveicam! -J\u016bs esat veicis pas\u016bt\u012bjumu! <\/li>\n<\/ol>\n\n<p><\/p>\n","protected":false},"excerpt":{"rendered":"<p>K\u0101 pas\u016bt\u012bt<\/p>\n","protected":false},"author":1,"featured_media":0,"parent":0,"menu_order":0,"comment_status":"closed","ping_status":"closed","template":"","meta":{"footnotes":""},"class_list":["post-1935","page","type-page","status-publish","hentry"],"_links":{"self":[{"href":"https:\/\/goodmoodmeals.com\/lv\/wp-json\/wp\/v2\/pages\/1935","targetHints":{"allow":["GET"]}}],"collection":[{"href":"https:\/\/goodmoodmeals.com\/lv\/wp-json\/wp\/v2\/pages"}],"about":[{"href":"https:\/\/goodmoodmeals.com\/lv\/wp-json\/wp\/v2\/types\/page"}],"author":[{"embeddable":true,"href":"https:\/\/goodmoodmeals.com\/lv\/wp-json\/wp\/v2\/users\/1"}],"replies":[{"embeddable":true,"href":"https:\/\/goodmoodmeals.com\/lv\/wp-json\/wp\/v2\/comments?post=1935"}],"version-history":[{"count":0,"href":"https:\/\/goodmoodmeals.com\/lv\/wp-json\/wp\/v2\/pages\/1935\/revisions"}],"wp:attachment":[{"href":"https:\/\/goodmoodmeals.com\/lv\/wp-json\/wp\/v2\/media?parent=1935"}],"curies":[{"name":"wp","href":"https:\/\/api.w.org\/{rel}","templated":true}]}}