{"id":1921,"date":"2024-11-01T09:49:58","date_gmt":"2024-11-01T09:49:58","guid":{"rendered":"https:\/\/goodmoodmeals.com\/sikfailu-politika\/"},"modified":"2024-11-01T15:44:20","modified_gmt":"2024-11-01T15:44:20","slug":"sikfailu-politika","status":"publish","type":"page","link":"https:\/\/goodmoodmeals.com\/lv\/sikfailu-politika\/","title":{"rendered":"S\u012bkfailu politika"},"content":{"rendered":"\n<hr class=\"wp-block-separator has-alpha-channel-opacity\"\/>\n\n<p><strong>1. Visp\u0101r\u012bgi noteikumi<\/strong><\/p>\n\n<p>Akciju sabiedr\u012bba &#8220;Roga-Agro&#8221; (re\u0123. 40003101668), kas atrodas L\u012bvzemes iel\u0101 11\/13, Salaspil\u012b, Salaspils novad\u0101, Salaspils novads, LV-2169, e-pasts: <a>info@goodmoodmeals.com<\/a>, m\u0101jas lapa: <a href=\"https:\/\/www.goodmoodmeals.com\">https:\/\/www.goodmoodmeals.com<\/a> (turpm\u0101k tekst\u0101 &#8211; &#8220;Sabiedr\u012bba&#8221;), ap\u0146emas aizsarg\u0101t savas m\u0101jas lapas <a href=\"https:\/\/www.goodmoodmeals.com\">https:\/\/www.goodmoodmeals.com<\/a> (turpm\u0101k tekst\u0101 &#8211; &#8220;M\u0101jas lapa&#8221;) dro\u0161\u012bbu, k\u0101 ar\u012b aizsarg\u0101t t\u0101s apmekl\u0113t\u0101ju personisko inform\u0101ciju un ties\u012bbas.<\/p>\n\n<p>\u0160\u012bs S\u012bkdat\u0146u politikas m\u0113r\u0137is ir sniegt apmekl\u0113t\u0101jiem papildu inform\u0101ciju par Vietn\u0113 izmantotaj\u0101m tehnolo\u0123ij\u0101m un to, k\u0101 Sabiedr\u012bba t\u0101s izmanto.<\/p>\n\n<p><strong>2. Inform\u0101cija par s\u012bkdatn\u0113m<\/strong><\/p>\n\n<p>S\u012bkfaili ir mazi burtu un ciparu faili, kas tiek lejupiel\u0101d\u0113ti un saglab\u0101ti j\u016bsu ier\u012bc\u0113 (piem\u0113ram, dator\u0101, viedt\u0101lrun\u012b, plan\u0161etdator\u0101), izmantojot t\u012bmek\u013ca p\u0101rl\u016bkprogrammu, kad j\u016bs apmekl\u0113jat t\u012bmek\u013ca vietni. \u0160ie faili var izsekot apmekl\u0113taj\u0101m lap\u0101m, saglab\u0101t ievad\u012bto inform\u0101ciju vai atcer\u0113ties preferences, piem\u0113ram, valodas iestat\u012bjumus. <\/p>\n\n<p><strong>3. S\u012bkdat\u0146u m\u0113r\u0137is un juridiskais pamats<\/strong><\/p>\n\n<p>S\u012bkfaili atvieglo m\u016bsu digit\u0101lo pakalpojumu, piem\u0113ram, tie\u0161saistes maks\u0101jumu, izmanto\u0161anu, sniedz ieskatu par to, k\u0101 apmekl\u0113t\u0101ji izmanto m\u016bsu Vietni, un pal\u012bdz mums uzlabot m\u016bsu pied\u0101v\u0101tos pakalpojumus.<\/p>\n\n<p>M\u0113s izmantojam vair\u0101ku veidu s\u012bkfailus, tostarp &#8220;oblig\u0101tos&#8221; s\u012bkfailus, kas ir iesp\u0113joti p\u0113c noklus\u0113juma.<\/p>\n\n<p><strong>4. S\u012bkdat\u0146u veidi un to izmanto\u0161ana<\/strong><\/p>\n\n<p>M\u0113s izmantojam tikai b\u016btiskus s\u012bkfailus. Piekr\u012btot jebkurai s\u012bkfailu kategorijai, j\u016bs piekr\u012btat vis\u0101m \u0161\u012bs kategorijas s\u012bkdatn\u0113m (skatiet s\u012bkfailu detaliz\u0113tu sarakstu zem\u0101k). <\/p>\n\n<p><strong>Nepiecie\u0161am\u0101s s\u012bkdatnes<\/strong><\/p>\n\n<p>Nepiecie\u0161amie s\u012bkfaili ir nepiecie\u0161ami, lai piek\u013c\u016btu da\u017e\u0101d\u0101m vietnes da\u013c\u0101m. \u0160\u012bs s\u012bkdatnes tiek saglab\u0101tas j\u016bsu ier\u012bc\u0113 apmekl\u0113juma laik\u0101 un tiek autom\u0101tiski iestat\u012btas, rea\u0123\u0113jot uz t\u0101d\u0101m darb\u012bb\u0101m k\u0101 konfidencialit\u0101tes preferen\u010du iestat\u012b\u0161ana, pierakst\u012b\u0161an\u0101s vai veidlapu aizpild\u012b\u0161ana. \u0160\u012bs s\u012bkdatnes ir nepiecie\u0161amas vietnes darb\u012bbai, t\u0101p\u0113c t\u0101m nav nepiecie\u0161ama lietot\u0101ja piekri\u0161ana.  <\/p>\n\n<p><strong>5. Piekri\u0161ana s\u012bkdatn\u0113m<\/strong><\/p>\n\n<p>Apmekl\u0113jot \u0161o vietni, par\u0101d\u012bsies pazi\u0146ojums, kas nor\u0101da, ka tiek izmantotas s\u012bkdatnes. Izv\u0113loties &#8220;Es piekr\u012btu&#8221;, tiek apstiprin\u0101ts, ka esat iepazinies ar inform\u0101ciju par s\u012bkfailiem, to m\u0113r\u0137iem un piekr\u012btat to izmanto\u0161anai \u0161aj\u0101 vietn\u0113. <\/p>\n\n<p><strong>6. S\u012bkfailu noraid\u012b\u0161ana<\/strong><\/p>\n\n<p>&#8220;Nepiecie\u0161amaj\u0101m&#8221; s\u012bkdatn\u0113m nav nepiecie\u0161ama piekri\u0161ana, jo t\u0101s nodro\u0161ina piln\u012bgu un nep\u0101rtrauktu Vietnes satura r\u0101d\u012b\u0161anu, \u013caujot jums pieteikties un baud\u012bt atbilsto\u0161u p\u0101rl\u016bko\u0161anas pieredzi.<\/p>\n\n<p><strong>7. Piekri\u0161anas atsauk\u0161ana<\/strong><\/p>\n\n<p>J\u016bs varat atteikties no visiem s\u012bkfailiem. Vair\u0101k inform\u0101cijas par s\u012bkfailu dz\u0113\u0161anu var atrast: https: <a href=\"https:\/\/www.aboutcookies.org\">\/\/www.aboutcookies.org<\/a>. <\/p>\n\n<p><strong>8. Politikas izmai\u0146as<\/strong><\/p>\n\n<p>Ja rodas jaut\u0101jumi par personas datu apstr\u0101di, l\u016bdzu, skatiet uz\u0146\u0113muma konfidencialit\u0101tes politiku vietn\u0113 <a href=\"https:\/\/goodmoodmeals.com\/privacy-policy\/\">https:\/\/goodmoodmeals.com\/privacy-policy<\/a>.<\/p>\n\n<p>Uz\u0146\u0113mums patur ties\u012bbas jebkur\u0101 laik\u0101 groz\u012bt \u0161o S\u012bkfailu politiku. Visi atjaunin\u0101jumi tiks public\u0113ti vietn\u0113 <a href=\"https:\/\/www.goodmoodmeals.com\">https:\/\/www.goodmoodmeals.com<\/a>. <\/p>\n","protected":false},"excerpt":{"rendered":"<p>1. Visp\u0101r\u012bgi noteikumi Akciju sabiedr\u012bba &#8220;Roga-Agro&#8221; (re\u0123. 40003101668), kas atrodas L\u012bvzemes iel\u0101 11\/13, Salaspil\u012b, Salaspils novad\u0101, Salaspils novads, LV-2169, e-pasts: info@goodmoodmeals.com, m\u0101jas lapa: https:\/\/www.goodmoodmeals.com (turpm\u0101k tekst\u0101 &#8211; &#8220;Sabiedr\u012bba&#8221;), ap\u0146emas aizsarg\u0101t savas m\u0101jas lapas https:\/\/www.goodmoodmeals.com (turpm\u0101k tekst\u0101 &#8211; &#8220;M\u0101jas lapa&#8221;) dro\u0161\u012bbu, k\u0101 ar\u012b aizsarg\u0101t t\u0101s apmekl\u0113t\u0101ju personisko inform\u0101ciju un ties\u012bbas. \u0160\u012bs S\u012bkdat\u0146u politikas m\u0113r\u0137is ir sniegt [&#8230;]\n","protected":false},"author":1,"featured_media":0,"parent":0,"menu_order":0,"comment_status":"closed","ping_status":"closed","template":"","meta":{"footnotes":""},"class_list":["post-1921","page","type-page","status-publish","hentry"],"_links":{"self":[{"href":"https:\/\/goodmoodmeals.com\/lv\/wp-json\/wp\/v2\/pages\/1921","targetHints":{"allow":["GET"]}}],"collection":[{"href":"https:\/\/goodmoodmeals.com\/lv\/wp-json\/wp\/v2\/pages"}],"about":[{"href":"https:\/\/goodmoodmeals.com\/lv\/wp-json\/wp\/v2\/types\/page"}],"author":[{"embeddable":true,"href":"https:\/\/goodmoodmeals.com\/lv\/wp-json\/wp\/v2\/users\/1"}],"replies":[{"embeddable":true,"href":"https:\/\/goodmoodmeals.com\/lv\/wp-json\/wp\/v2\/comments?post=1921"}],"version-history":[{"count":0,"href":"https:\/\/goodmoodmeals.com\/lv\/wp-json\/wp\/v2\/pages\/1921\/revisions"}],"wp:attachment":[{"href":"https:\/\/goodmoodmeals.com\/lv\/wp-json\/wp\/v2\/media?parent=1921"}],"curies":[{"name":"wp","href":"https:\/\/api.w.org\/{rel}","templated":true}]}}