{"id":1905,"date":"2024-10-24T12:39:20","date_gmt":"2024-10-24T09:39:20","guid":{"rendered":"https:\/\/goodmoodmeals.com\/precu-nosutisana-piegade\/"},"modified":"2026-04-01T17:10:47","modified_gmt":"2026-04-01T14:10:47","slug":"precu-nosutisana-piegade","status":"publish","type":"page","link":"https:\/\/goodmoodmeals.com\/lv\/precu-nosutisana-piegade\/","title":{"rendered":"Pre\u010du nos\u016bt\u012b\u0161ana \/ pieg\u0101de"},"content":{"rendered":"\n<!-- Good Mood Meals \u2013 Shipping Selector with Free Shipping Info -->\n<div class=\"gmm-ship\" id=\"gmm-ship\">\n  <label for=\"gmm-country\" class=\"gmm-ship__label\"><strong>Izv\u0113lieties savu valsti:<\/strong><\/label>\n  <select id=\"gmm-country\" class=\"gmm-ship__select\" aria-describedby=\"gmm-note\">\n    <option value=\"\">&#8212; Izv\u0113lieties valsti &#8212;<\/option>\n    <option>Austria<\/option>\n    <option>Belgium<\/option>\n    <option>Bulgaria<\/option>\n    <option>Croatia<\/option>\n    <option>Czech<\/option>\n    <option>Denmark<\/option>\n    <option>Estonia<\/option>\n    <option>Finland<\/option>\n    <option>France<\/option>\n    <option>Germany<\/option>\n    <option>Hungary<\/option>\n    <option>Italy<\/option>\n    <option>Latvia<\/option>\n    <option>Lithuania<\/option>\n    <option>Luxembourg<\/option>\n    <option>Netherlands<\/option>\n    <option>Portugal<\/option>\n    <option>Romania<\/option>\n    <option>Slovakia<\/option>\n    <option>Slovenia<\/option>\n    <option>Spain<\/option>\n    <option>Sweden<\/option>\n  <\/select>\n\n  <div id=\"gmm-result\" class=\"gmm-ship__card\" style=\"display:none;\" aria-live=\"polite\">\n    <div class=\"gmm-ship__row\">\n      <div class=\"gmm-ship__label2\">DPD pakom\u0101ts<\/div>\n      <div class=\"gmm-ship__value\"><span id=\"gmm-dpd\">\u2014<\/span> <small class=\"gmm-ship__hint\" id=\"gmm-dpd-time\"><\/small><\/div>\n    <\/div>\n    <div class=\"gmm-ship__row\">\n      <div class=\"gmm-ship__label2\">Omniva pakom\u0101ts \/ starptautisk\u0101 pieg\u0101de<\/div>\n      <div class=\"gmm-ship__value\"><span id=\"gmm-omniva\">\u2014<\/span> <small class=\"gmm-ship__hint\" id=\"gmm-omniva-time\"><\/small><\/div>\n    <\/div>\n    <div class=\"gmm-ship__row\">\n      <div class=\"gmm-ship__label2\">Bezmaksas pieg\u0101des slieksnis<\/div>\n      <div class=\"gmm-ship__value\" id=\"gmm-free\"><\/div>\n    <\/div>\n  <\/div>\n\n  <p id=\"gmm-note\" class=\"gmm-ship__note\">\n    Pas\u016bt\u012bjumi tiek apstr\u0101d\u0101ti no pirmdienas l\u012bdz piektdienai, 09:00\u201317:00. J\u016bs sa\u0146emsiet izseko\u0161anas saiti, tikl\u012bdz s\u0101ksim gatavot j\u016bsu pas\u016bt\u012bjumu.\n  <\/p>\n<\/div>\n\n<style>\n  .gmm-ship { max-width: 720px; }\n  .gmm-ship__label { display:block; margin-bottom:6px; }\n  .gmm-ship__select {\n    width: 100%;\n    max-width: 520px; \/* was 420px *\/\n    min-width: 280px;\n    padding: 10px 40px 10px 12px; \/* extra right space for arrow *\/\n    border: 1px solid rgba(0,0,0,.15);\n    border-radius: 6px;\n    box-sizing: border-box;\n    font-size: 16px;\n    line-height: 1.3;\n    white-space: nowrap;\n  }\n  .gmm-ship__card {\n    margin-top: 14px;\n    padding: 14px 16px;\n    border: 1px solid rgba(36, 72, 45, 0.80);\n    border-radius: 8px;\n    background: rgba(255,255,255,.06);\n  }\n  .gmm-ship__row {\n    display: flex;\n    justify-content: space-between;\n    align-items: baseline;\n    padding: 10px 0;\n    border-bottom: 1px dashed rgba(36, 72, 45, 0.80);\n  }\n  .gmm-ship__row:last-child { border-bottom:0; }\n  .gmm-ship__label2 { font-weight:700; }\n  .gmm-ship__value { font-weight:600; }\n  .gmm-ship__hint { opacity:.85; margin-left:8px; font-weight:400; }\n  .gmm-ship__note { margin-top:10px; font-size:.95rem; opacity:.9; }\n  @media (max-width:600px){\n     .gmm-ship__select {\n      max-width: 100%;\n      font-size: 16px;\n    .gmm-ship__row { flex-direction:column; gap:6px; }\n    .gmm-ship__value { width:100%; }\n  }\n<\/style>\n\n<script>\n  \/\/ Prices & free shipping thresholds\n  const GMM_DATA = {\n    \"Austria\":      { dpd:\"\u20ac4.99\", omniva:\"\u20ac9.99\", threshold: \"\u20ac150\" },\n    \"Belgium\":      { dpd:\"\u20ac4.99\", omniva:\"\u20ac9.99\", threshold: \"\u20ac150\" },\n    \"Bulgaria\":     { dpd:\"\u20ac4.99\", omniva:\"\u20ac9.99\", threshold: \"\u20ac150\" },\n    \"Croatia\":      { dpd:null,    omniva:\"\u20ac9.99\", threshold: \"\u20ac150\" },\n    \"Czech\":        { dpd:\"\u20ac4.99\", omniva:\"\u20ac9.99\", threshold: \"\u20ac150\" },\n    \"Denmark\":      { dpd:\"\u20ac4.99\", omniva:\"\u20ac9.99\", threshold: \"\u20ac150\" },\n    \"Estonia\":      { dpd:\"\u20ac3.50\", omniva:\"\u20ac4.99\", baltics:true, threshold: \"\u20ac70\" },\n    \"Finland\":      { dpd:\"\u20ac4.99\", omniva:\"\u20ac6.99\", threshold: \"\u20ac70\" },\n    \"France\":       { dpd:\"\u20ac4.99\", omniva:\"\u20ac9.99\", threshold: \"\u20ac150\" },\n    \"Germany\":      { dpd:\"\u20ac4.99\", omniva:\"\u20ac9.99\", threshold: \"\u20ac150\" },\n    \"Hungary\":      { dpd:\"\u20ac4.99\", omniva:\"\u20ac9.99\", threshold: \"\u20ac150\" },\n    \"Italy\":        { dpd:null,    omniva:\"\u20ac9.99\", threshold: \"\u20ac150\" },\n    \"Latvia\":       { dpd:\"\u20ac2.50\", omniva:\"\u20ac3.50\", baltics:true, threshold: \"\u20ac70\" },\n    \"Lithuania\":    { dpd:\"\u20ac3.50\", omniva:\"\u20ac4.99\", baltics:true, threshold: \"\u20ac70\" },\n    \"Luxembourg\":   { dpd:\"\u20ac4.99\", omniva:\"\u20ac9.99\", threshold: \"\u20ac150\" },\n    \"Netherlands\":  { dpd:\"\u20ac4.99\", omniva:\"\u20ac9.99\", threshold: \"\u20ac150\" },\n    \"Portugal\":     { dpd:\"\u20ac4.99\", omniva:\"\u20ac9.99\", threshold: \"\u20ac150\" },\n    \"Romania\":      { dpd:null,    omniva:\"\u20ac9.99\", threshold: \"\u20ac150\" },\n    \"Slovakia\":     { dpd:\"\u20ac4.99\", omniva:\"\u20ac9.99\", threshold: \"\u20ac150\" },\n    \"Slovenia\":     { dpd:\"\u20ac4.99\", omniva:\"\u20ac9.99\", threshold: \"\u20ac150\" },\n    \"Spain\":        { dpd:\"\u20ac4.99\", omniva:\"\u20ac9.99\", threshold: \"\u20ac150\" },\n    \"Sweden\":       { dpd:\"\u20ac4.99\", omniva:\"\u20ac9.99\", threshold: \"\u20ac150\" }\n  };\n\n  const DPD_DEFAULT_TIME = \"2\u20135 darba dienas\";\n  const OMNIVA_DEFAULT_TIME = \"2\u201310 darba dienas\";\n  const BALTICS_TIME = \"1\u20133 darba dienas\";\n\n  function gmmUpdate(country){\n    const row = GMM_DATA[country];\n    const card = document.getElementById('gmm-result');\n    if (!row){ card.style.display='none'; return; }\n\n    document.getElementById('gmm-dpd').textContent = row.dpd ?? \"Nav pieejams\";\n    document.getElementById('gmm-omniva').textContent = row.omniva ?? \"Nav pieejams\";\n    document.getElementById('gmm-free').textContent = row.threshold ? `Bezmaksas pieg\u0101de no ${row.threshold}` : \"\u2014\";\n\n    const dpdT = document.getElementById('gmm-dpd-time');\n    const omT  = document.getElementById('gmm-omniva-time');\n\n    const timeLabel = row.baltics ? BALTICS_TIME : null;\n    dpdT.textContent = row.dpd ? `(${timeLabel || DPD_DEFAULT_TIME})` : \"\";\n    omT.textContent  = row.omniva ? `(${timeLabel || OMNIVA_DEFAULT_TIME})` : \"\";\n\n    card.style.display = 'block';\n  }\n\n  document.getElementById('gmm-country').addEventListener('change', function(){\n    gmmUpdate(this.value);\n  });\n<\/script>\n\n\n\n<h3 class=\"wp-block-heading\">Pre\u010du pieg\u0101de<\/h3>\n\n\n\n<ol class=\"wp-block-list\">\n<li>Pas\u016bt\u012bjumi tiek apstr\u0101d\u0101ti darba dien\u0101s no pirmdienas l\u012bdz piektdienai no plkst. 10:00 l\u012bdz 17:00.<\/li>\n\n\n\n<li>Ja pas\u016bt\u012bt\u0101s preces ir noliktav\u0101, pas\u016bt\u012bjumu sa\u0146emsiet <strong>2-10 darba dienu<\/strong> laik\u0101. (Atkar\u012bb\u0101 no pieg\u0101des valsts. Baltijas valst\u012bs &#8211; Latvij\u0101, Igaunij\u0101 un Lietuv\u0101 &#8211; pieg\u0101de parasti ilgst ne vair\u0101k k\u0101 4 dienas.)<\/li>\n\n\n\n<li>Ja preces nav noliktav\u0101, m\u0113s sazin\u0101simies ar jums, lai nor\u0101d\u012btu iesp\u0113jami tuv\u0101ko pieg\u0101des laiku.<\/li>\n\n\n\n<li>M\u016bsu pieg\u0101des partneris ir <strong>DPD<\/strong> un <strong>Omniva<\/strong>.<\/li>\n\n\n\n<li>Pieg\u0101des cenas attiecas tikai uz person\u0101m, kas ieg\u0101d\u0101jas m\u016bsu tie\u0161saistes veikal\u0101.<\/li>\n\n\n\n<li>Preces tiek pieg\u0101d\u0101tas tikai P\u0101rdev\u0113ja nor\u0101d\u012btaj\u0101 pieg\u0101des teritorij\u0101. Pas\u016bt\u012bjumi tiks pie\u0146emti tikai tad, ja Pirc\u0113ja pieg\u0101des adrese atrodas \u0161aj\u0101 teritorij\u0101. <\/li>\n\n\n\n<li>P\u0101rdev\u0113js cent\u012bsies izpild\u012bt Pirc\u0113ja pas\u016bt\u012bjumu piln\u012bb\u0101, ta\u010du nevar garant\u0113t pieejam\u012bbu. Ja pas\u016bt\u012bt\u0101s preces nav pieejamas vai to daudzums ir nepietiekams, P\u0101rdev\u0113js patur ties\u012bbas nepieg\u0101d\u0101t preces vai pieg\u0101d\u0101t da\u013c\u0113ju pieg\u0101di. <\/li>\n\n\n\n<li>Preces tiks pieg\u0101d\u0101tas uz Pirc\u0113ja pas\u016bt\u012bjum\u0101 nor\u0101d\u012bto adresi. Pas\u016bt\u012bjum\u0101 nor\u0101d\u012btajai personai preces ir j\u0101sa\u0146em person\u012bgi. Ja k\u0101ds cits sa\u0146em preces nor\u0101d\u012btaj\u0101 adres\u0113, tiek uzskat\u012bts, ka pas\u016bt\u012bjum\u0101 nor\u0101d\u012bt\u0101 persona ir pie\u0146\u0113musi pieg\u0101di. P\u0101rdev\u0113js nav atbild\u012bgs par jebk\u0101diem zaud\u0113jumiem, ja ir nor\u0101d\u012bti nepareizi pieg\u0101des dati vai ja preces nor\u0101d\u012btaj\u0101 adres\u0113 sa\u0146em cita persona.   <\/li>\n\n\n\n<li>Ja pieg\u0101de nav iesp\u0113jama Pirc\u0113ja vainas d\u0113\u013c vai no P\u0101rdev\u0113ja neatkar\u012bgu apst\u0101k\u013cu d\u0113\u013c (piem\u0113ram, nepareiza adrese, Pirc\u0113ja promb\u016btne, nepieejama adrese), preces netiks s\u016bt\u012btas atk\u0101rtoti. Pirkuma summa, iz\u0146emot pieg\u0101des maksu, tiks atmaks\u0101ta. Gad\u012bjumos, kad Pirc\u0113js ir sa\u0146\u0113mis atlaidi pieg\u0101dei, bet pieg\u0101de nav notikusi no P\u0101rdev\u0113ja neatkar\u012bgu iemeslu d\u0113\u013c, P\u0101rdev\u0113js var no atmaks\u0101t\u0101s summas atskait\u012bt pilnu pieg\u0101des maksu.  <\/li>\n\n\n\n<li>P\u0101rdev\u0113js pieg\u0101d\u0101s preces Interneta veikal\u0101 nor\u0101d\u012btaj\u0101 laik\u0101. Ja rodas neparedz\u0113ti kav\u0113jumi, kas ir \u0101rpus P\u0101rdev\u0113ja kontroles, P\u0101rdev\u0113js sazin\u0101sies ar Pirc\u0113ju, lai vienotos par jaunu pieg\u0101des laiku. <\/li>\n\n\n\n<li>Ja Pirc\u0113js pieg\u0101des br\u012bd\u012b pamana iepakojuma boj\u0101jumus (piem\u0113ram, sapl\u0113stu iepakojumu vai citus redzamus boj\u0101jumus), vi\u0146am ir j\u0101nofotograf\u0113 boj\u0101t\u0101 prece un par to j\u0101zi\u0146o pa e-pastu uz \u0161\u0101du adresi. <strong><a>info@goodmoodmeals.com <\/a>5 dien<\/strong>u laik\u0101. Pirc\u0113jam j\u0101apraksta probl\u0113ma un j\u0101iesniedz fotogr\u0101fija, izmantojot tam paredz\u0113to veidlapu. Ja \u0161aj\u0101 termi\u0146\u0101 par probl\u0113mu netiks zi\u0146ots, tiks pie\u0146emts, ka preces tika pieg\u0101d\u0101tas neboj\u0101tas. P\u0101rdev\u0113js izskat\u012bs s\u016bdz\u012bbu <strong>3 darba dienu<\/strong> laik\u0101 un sadarbosies ar Pirc\u0113ju, lai atrisin\u0101tu probl\u0113mu.<\/li>\n\n\n\n<li>Iepriek\u0161 min\u0113to zi\u0146o\u0161anas pras\u012bbu neiev\u0113ro\u0161ana atbr\u012bvo P\u0101rdev\u0113ju no atbild\u012bbas par jebk\u0101diem Pirc\u0113jam rad\u012btiem zaud\u0113jumiem.<\/li>\n<\/ol>\n","protected":false},"excerpt":{"rendered":"<p>Izv\u0113lieties savu valsti: &#8212; Izv\u0113lieties valsti &#8212;AustriaBelgiumBulgariaCroatiaCzechDenmarkEstoniaFinlandFranceGermanyHungaryItalyLatviaLithuaniaLuxembourgNetherlandsPortugalRomaniaSlovakiaSloveniaSpainSweden DPD pakom\u0101ts \u2014 Omniva pakom\u0101ts \/ starptautisk\u0101 pieg\u0101de \u2014 Bezmaksas pieg\u0101des slieksnis Pas\u016bt\u012bjumi tiek apstr\u0101d\u0101ti no pirmdienas l\u012bdz piektdienai, 09:00\u201317:00. J\u016bs sa\u0146emsiet izseko\u0161anas saiti, tikl\u012bdz s\u0101ksim gatavot j\u016bsu pas\u016bt\u012bjumu. Pre\u010du pieg\u0101de<\/p>\n","protected":false},"author":1,"featured_media":0,"parent":0,"menu_order":0,"comment_status":"closed","ping_status":"closed","template":"","meta":{"footnotes":""},"class_list":["post-1905","page","type-page","status-publish","hentry"],"_links":{"self":[{"href":"https:\/\/goodmoodmeals.com\/lv\/wp-json\/wp\/v2\/pages\/1905","targetHints":{"allow":["GET"]}}],"collection":[{"href":"https:\/\/goodmoodmeals.com\/lv\/wp-json\/wp\/v2\/pages"}],"about":[{"href":"https:\/\/goodmoodmeals.com\/lv\/wp-json\/wp\/v2\/types\/page"}],"author":[{"embeddable":true,"href":"https:\/\/goodmoodmeals.com\/lv\/wp-json\/wp\/v2\/users\/1"}],"replies":[{"embeddable":true,"href":"https:\/\/goodmoodmeals.com\/lv\/wp-json\/wp\/v2\/comments?post=1905"}],"version-history":[{"count":1,"href":"https:\/\/goodmoodmeals.com\/lv\/wp-json\/wp\/v2\/pages\/1905\/revisions"}],"predecessor-version":[{"id":7375,"href":"https:\/\/goodmoodmeals.com\/lv\/wp-json\/wp\/v2\/pages\/1905\/revisions\/7375"}],"wp:attachment":[{"href":"https:\/\/goodmoodmeals.com\/lv\/wp-json\/wp\/v2\/media?parent=1905"}],"curies":[{"name":"wp","href":"https:\/\/api.w.org\/{rel}","templated":true}]}}