{"id":1895,"date":"2024-10-24T12:10:22","date_gmt":"2024-10-24T12:10:22","guid":{"rendered":"https:\/\/goodmoodmeals.com\/atmaksasanas-un-atgriesanas-politika\/"},"modified":"2024-11-29T09:33:06","modified_gmt":"2024-11-29T09:33:06","slug":"atmaksasanas-un-atgriesanas-politika","status":"publish","type":"page","link":"https:\/\/goodmoodmeals.com\/lv\/atmaksasanas-un-atgriesanas-politika\/","title":{"rendered":"Atmaks\u0101\u0161anas un atgrie\u0161anas politika"},"content":{"rendered":"\n<h1 class=\"wp-block-heading\"><strong>Kompens\u0101cijas un atgrie\u0161ana<\/strong><\/h1>\n\n\n\n<hr class=\"wp-block-separator has-alpha-channel-opacity\"\/>\n\n\n\n<p>Pat\u0113r\u0113t\u0101jam ir ties\u012bbas atteikties no l\u012bguma, kas nosl\u0113gts ar <strong>goodmoodmeals.com<\/strong> t\u012bmek\u013ca vietni, <strong>14 dienu<\/strong> laik\u0101. \u0160is termi\u0146\u0161 s\u0101kas no dienas, kad pat\u0113r\u0113t\u0101js sa\u0146em preces. <\/p>\n\n\n\n<p>Tom\u0113r <strong>uz<\/strong> prec\u0113m, kas ir piel\u0101gotas vai izgatavotas saska\u0146\u0101 ar klienta, kur\u0161 ir l\u012bgumsl\u0113dz\u0113ja puse, \u012bpa\u0161\u0101m pras\u012bb\u0101m, <strong>atgrie\u0161anas ties\u012bbas neattiecas<\/strong>.<\/p>\n\n\n\n<p>Ja pirc\u0113js izv\u0113las atteikties no l\u012bguma, m\u0113s nekav\u0113joties, ne v\u0113l\u0101k k\u0101 <strong>14 dienu<\/strong> laik\u0101 p\u0113c atgriezt\u0101s preces sa\u0146em\u0161anas, atmaks\u0101sim visus klienta veiktos maks\u0101jumus. Pirc\u0113jam ir pien\u0101kums <strong>nekav\u0113joties,<\/strong> bet ne v\u0113l\u0101k k\u0101 <strong>14 dienu<\/strong> laik\u0101 p\u0113c atteikuma piepras\u012bjuma iesnieg\u0161anas atgriezt no p\u0101rdev\u0113ja sa\u0146emt\u0101s preces. <\/p>\n\n\n\n<p>Ja s\u0101kotn\u0113j\u0101 pirkuma komplekt\u0101cij\u0101 bija iek\u013cauts rekl\u0101mas vai bezmaksas produkts, tas ir j\u0101nos\u016bta atpaka\u013c kop\u0101 ar ieg\u0101d\u0101taj\u0101m prec\u0113m.<\/p>\n\n\n\n<p>Par pre\u010du atgrie\u0161anas izmaks\u0101m ir atbild\u012bgs pat\u0113r\u0113t\u0101js, un kompens\u0101cija sedz tikai summu, kas samaks\u0101ta par pa\u0161u produktu. Pieg\u0101des maksa un maks\u0101jumu apstr\u0101des izmaksas netiek atmaks\u0101tas. <\/p>\n\n\n\n<p>Lai izmantotu atteikuma ties\u012bbas, pirc\u0113jam ir j\u0101iesniedz br\u012bvas formas atteikuma pieteikums pa e-pastu <strong>goodmoodmeals.com<\/strong>, nor\u0101dot \u0161\u0101du inform\u0101ciju:<\/p>\n\n\n\n<ul class=\"wp-block-list\">\n<li>Pas\u016bt\u012bto vai atpaka\u013c nos\u016bt\u012bto pre\u010du nosaukums<\/li>\n\n\n\n<li>Pas\u016bt\u012bjuma iesnieg\u0161anas datums<\/li>\n\n\n\n<li>Pas\u016bt\u012bjuma sa\u0146em\u0161anas datums<\/li>\n\n\n\n<li>Pirc\u0113ja pilns v\u0101rds un uzv\u0101rds<\/li>\n\n\n\n<li>Pirc\u0113ja kontaktinform\u0101cija<\/li>\n<\/ul>\n\n\n\n<p>Atgrieztaj\u0101m prec\u0113m j\u0101b\u016bt neizmantot\u0101m un j\u0101atrodas ori\u0123in\u0101laj\u0101 iepakojum\u0101. Ja preces tika iz\u0146emtas no iepakojuma p\u0101rbaudei, t\u0101s nedr\u012bkst b\u016bt lietotas un j\u0101p\u0101rbauda tikai t\u0101d\u0101 veid\u0101, k\u0101 tas b\u016btu iesp\u0113jams fizisk\u0101 veikal\u0101. Preces, kas iz\u0146emtas no ori\u0123in\u0101l\u0101 iepakojuma, r\u016bp\u012bgi j\u0101p\u0101rpako, lai izvair\u012btos no boj\u0101jumiem atgrie\u0161anas laik\u0101. Kompens\u0101cija par atgrieztaj\u0101m prec\u0113m tiks veikta 14 dienu laik\u0101, p\u0101rskaitot l\u012bdzek\u013cus uz bankas kontu, kas izmantots s\u0101kotn\u0113jam maks\u0101jumam.<\/p>\n\n\n\n<p><p><\/p><h2>Nepiecie\u0161ama pal\u012bdz\u012bba?<\/h2><\/p>\n\n\n\n<p>Jaut\u0101jumus par naudas atmaksu un atgrie\u0161anu var uzdot, rakstot mums uz <a href=\"mailto:info@goodmoodmeals.com\">e-pasta adresi info@goodmoodmeals.com<\/a>.<\/p>\n\n\n\n<p><\/p>\n","protected":false},"excerpt":{"rendered":"<p>Kompens\u0101cijas un atgrie\u0161ana Pat\u0113r\u0113t\u0101jam ir ties\u012bbas atteikties no l\u012bguma, kas nosl\u0113gts ar goodmoodmeals.com t\u012bmek\u013ca vietni, 14 dienu laik\u0101. \u0160is termi\u0146\u0161 s\u0101kas no dienas, kad pat\u0113r\u0113t\u0101js sa\u0146em preces. Tom\u0113r uz prec\u0113m, kas ir piel\u0101gotas vai izgatavotas saska\u0146\u0101 ar klienta, kur\u0161 ir l\u012bgumsl\u0113dz\u0113ja puse, \u012bpa\u0161\u0101m pras\u012bb\u0101m, atgrie\u0161anas ties\u012bbas neattiecas. Ja pirc\u0113js izv\u0113las atteikties no l\u012bguma, m\u0113s nekav\u0113joties, [&#8230;]\n","protected":false},"author":1,"featured_media":0,"parent":0,"menu_order":0,"comment_status":"closed","ping_status":"closed","template":"","meta":{"footnotes":""},"class_list":["post-1895","page","type-page","status-publish","hentry"],"_links":{"self":[{"href":"https:\/\/goodmoodmeals.com\/lv\/wp-json\/wp\/v2\/pages\/1895","targetHints":{"allow":["GET"]}}],"collection":[{"href":"https:\/\/goodmoodmeals.com\/lv\/wp-json\/wp\/v2\/pages"}],"about":[{"href":"https:\/\/goodmoodmeals.com\/lv\/wp-json\/wp\/v2\/types\/page"}],"author":[{"embeddable":true,"href":"https:\/\/goodmoodmeals.com\/lv\/wp-json\/wp\/v2\/users\/1"}],"replies":[{"embeddable":true,"href":"https:\/\/goodmoodmeals.com\/lv\/wp-json\/wp\/v2\/comments?post=1895"}],"version-history":[{"count":0,"href":"https:\/\/goodmoodmeals.com\/lv\/wp-json\/wp\/v2\/pages\/1895\/revisions"}],"wp:attachment":[{"href":"https:\/\/goodmoodmeals.com\/lv\/wp-json\/wp\/v2\/media?parent=1895"}],"curies":[{"name":"wp","href":"https:\/\/api.w.org\/{rel}","templated":true}]}}