{"id":1869,"date":"2024-10-17T10:58:41","date_gmt":"2024-10-17T07:58:41","guid":{"rendered":"https:\/\/goodmoodmeals.com\/biezak-uzdotie-jautajumi\/"},"modified":"2025-04-25T14:09:29","modified_gmt":"2025-04-25T14:09:29","slug":"biezak-uzdotie-jautajumi","status":"publish","type":"page","link":"https:\/\/goodmoodmeals.com\/lv\/biezak-uzdotie-jautajumi\/","title":{"rendered":"BUJ"},"content":{"rendered":"\n\n\t<section class=\"section dark hide-for-small has-scroll-for-more\" id=\"section_169937963\">\n\t\t<div class=\"section-bg fill\" >\n\t\t\t<img decoding=\"async\" width=\"2481\" height=\"3508\" src=\"https:\/\/goodmoodmeals.com\/wp-content\/uploads\/2024\/10\/1-oranzs-01.png\" class=\"bg attachment-original size-original\" alt=\"\" \/>\t\t\t\t\t\t<div class=\"section-bg-overlay absolute fill\"><\/div><button class=\"scroll-for-more z-5 icon absolute bottom h-center\" aria-label=\"Scroll for more\"><i class=\"icon-angle-down\" aria-hidden=\"true\" style=\"font-size:42px;\"><\/i><\/button>\n\t\t\t\n\n\t\t<\/div>\n\n\t\t\n\n\t\t<div class=\"section-content relative\">\n\t\t\t\n\n<div class=\"row align-center\"  id=\"row-1908258991\">\n\n\n\t<div id=\"col-1332744346\" class=\"col medium-10 small-12 large-10\"  >\n\t\t\t\t<div class=\"col-inner text-center\"  >\n\t\t\t\n\t\t\t\n\n\t<div id=\"text-683746893\" class=\"text\">\n\t\t\n\n<h2>K\u0101 m\u0113s varam pal\u012bdz\u0113t?<\/h2>\n\t\t\n<style>\n#text-683746893 {\n  font-size: 1.5rem;\n}\n<\/style>\n\t<\/div>\n\t\n\t<div id=\"gap-589938964\" class=\"gap-element clearfix\" style=\"display:block; height:auto;\">\n\t\t\n<style>\n#gap-589938964 {\n  padding-top: 30px;\n}\n<\/style>\n\t<\/div>\n\t\n\n<div class=\"searchform-wrapper ux-search-box relative form-flat is-normal\"><form role=\"search\" method=\"get\" class=\"searchform\" action=\"https:\/\/goodmoodmeals.com\/lv\/\">\n\t<div class=\"flex-row relative\">\n\t\t\t\t\t\t<div class=\"flex-col flex-grow\">\n\t\t\t<label class=\"screen-reader-text\" for=\"woocommerce-product-search-field-0\">Search for:<\/label>\n\t\t\t<input type=\"search\" id=\"woocommerce-product-search-field-0\" class=\"search-field mb-0\" placeholder=\"Find your meal\" value=\"\" name=\"s\" \/>\n\t\t\t<input type=\"hidden\" name=\"post_type\" value=\"product\" \/>\n\t\t\t\t\t\t\t<input type=\"hidden\" name=\"lang\" value=\"lv\" \/>\n\t\t\t\t\t<\/div>\n\t\t<div class=\"flex-col\">\n\t\t\t<button type=\"submit\" value=\"Search\" class=\"ux-search-submit submit-button secondary button  icon mb-0\" aria-label=\"Submit\">\n\t\t\t\t<i class=\"icon-search\" aria-hidden=\"true\"><\/i>\t\t\t<\/button>\n\t\t<\/div>\n\t<\/div>\n\t<div class=\"live-search-results text-left z-top\"><\/div>\n<\/form>\n<\/div>\n\n\t<div id=\"gap-1270007256\" class=\"gap-element clearfix\" style=\"display:block; height:auto;\">\n\t\t\n<style>\n#gap-1270007256 {\n  padding-top: 30px;\n}\n<\/style>\n\t<\/div>\n\t\n\n\n\t\t<\/div>\n\t\t\t\t\t<\/div>\n\n\t\n\n<\/div>\n\n\t\t<\/div>\n\n\t\t\n<style>\n#section_169937963 {\n  padding-top: 30px;\n  padding-bottom: 30px;\n  min-height: 600px;\n}\n#section_169937963 .section-bg-overlay {\n  background-color: rgba(0, 0, 0, 0.355);\n}\n#section_169937963 .section-bg img {\n  object-position: 47% 30%;\n}\n<\/style>\n\t<\/section>\n\t\n\n\t<section class=\"section dark show-for-small has-scroll-for-more\" id=\"section_19775611\">\n\t\t<div class=\"section-bg fill\" >\n\t\t\t<img decoding=\"async\" width=\"2481\" height=\"3508\" src=\"https:\/\/goodmoodmeals.com\/wp-content\/uploads\/2024\/10\/1-oranzs-01.png\" class=\"bg attachment-original size-original\" alt=\"\" \/>\t\t\t\t\t\t<div class=\"section-bg-overlay absolute fill\"><\/div><button class=\"scroll-for-more z-5 icon absolute bottom h-center\" aria-label=\"Scroll for more\"><i class=\"icon-angle-down\" aria-hidden=\"true\" style=\"font-size:42px;\"><\/i><\/button>\n\t\t\t\n\n\t\t<\/div>\n\n\t\t\n\n\t\t<div class=\"section-content relative\">\n\t\t\t\n\n<div class=\"row align-center\"  id=\"row-1197364422\">\n\n\n\t<div id=\"col-2010011157\" class=\"col medium-10 small-12 large-10\"  >\n\t\t\t\t<div class=\"col-inner text-center\"  >\n\t\t\t\n\t\t\t\n\n\t<div id=\"text-2147741271\" class=\"text\">\n\t\t\n\n<h2>K\u0101 m\u0113s varam pal\u012bdz\u0113t?<\/h2>\n\t\t\n<style>\n#text-2147741271 {\n  font-size: 1.5rem;\n}\n<\/style>\n\t<\/div>\n\t\n\t<div id=\"gap-408417437\" class=\"gap-element clearfix\" style=\"display:block; height:auto;\">\n\t\t\n<style>\n#gap-408417437 {\n  padding-top: 30px;\n}\n<\/style>\n\t<\/div>\n\t\n\n<div class=\"searchform-wrapper ux-search-box relative form-flat is-normal\"><form role=\"search\" method=\"get\" class=\"searchform\" action=\"https:\/\/goodmoodmeals.com\/lv\/\">\n\t<div class=\"flex-row relative\">\n\t\t\t\t\t\t<div class=\"flex-col flex-grow\">\n\t\t\t<label class=\"screen-reader-text\" for=\"woocommerce-product-search-field-1\">Search for:<\/label>\n\t\t\t<input type=\"search\" id=\"woocommerce-product-search-field-1\" class=\"search-field mb-0\" placeholder=\"Find your meal\" value=\"\" name=\"s\" \/>\n\t\t\t<input type=\"hidden\" name=\"post_type\" value=\"product\" \/>\n\t\t\t\t\t\t\t<input type=\"hidden\" name=\"lang\" value=\"lv\" \/>\n\t\t\t\t\t<\/div>\n\t\t<div class=\"flex-col\">\n\t\t\t<button type=\"submit\" value=\"Search\" class=\"ux-search-submit submit-button secondary button  icon mb-0\" aria-label=\"Submit\">\n\t\t\t\t<i class=\"icon-search\" aria-hidden=\"true\"><\/i>\t\t\t<\/button>\n\t\t<\/div>\n\t<\/div>\n\t<div class=\"live-search-results text-left z-top\"><\/div>\n<\/form>\n<\/div>\n\n\t<div id=\"gap-2119173128\" class=\"gap-element clearfix\" style=\"display:block; height:auto;\">\n\t\t\n<style>\n#gap-2119173128 {\n  padding-top: 30px;\n}\n<\/style>\n\t<\/div>\n\t\n\n\n\t\t<\/div>\n\t\t\t\t\t<\/div>\n\n\t\n\n<\/div>\n\n\t\t<\/div>\n\n\t\t\n<style>\n#section_19775611 {\n  padding-top: 30px;\n  padding-bottom: 30px;\n  min-height: 350px;\n}\n#section_19775611 .section-bg-overlay {\n  background-color: rgba(0, 0, 0, 0.355);\n}\n#section_19775611 .section-bg img {\n  object-position: 47% 30%;\n}\n@media (min-width:550px) {\n  #section_19775611 {\n    min-height: 600px;\n  }\n}\n<\/style>\n\t<\/section>\n\t\n\n\t<section class=\"section\" id=\"section_1683882059\">\n\t\t<div class=\"section-bg fill\" >\n\t\t\t\t\t\t\t\t\t\n\t\t\t\n\n\t\t<\/div>\n\n\t\t\n\n\t\t<div class=\"section-content relative\">\n\t\t\t\n\n<div class=\"row\"  id=\"row-1134452527\">\n\n\n\t<div id=\"col-431028694\" class=\"col small-12 large-12\"  >\n\t\t\t\t<div class=\"col-inner text-center\"  >\n\t\t\t\n\t\t\t\n\n<h3>Izp\u0113tiet zin\u0101\u0161anu b\u0101zi<\/h3>\n\n\t\t<\/div>\n\t\t\t\t\t<\/div>\n\n\t\n\n<\/div>\n<div class=\"row align-equal row-box-shadow-2-hover\"  id=\"row-1397106220\">\n\n\n\t<div id=\"col-614619930\" class=\"col medium-6 small-12 large-4\"  data-animate=\"bounceInUp\">\n\t\t\t\t<div class=\"col-inner\"  >\n\t\t\t\n\t\t\t\n\n\n\t<a class=\"plain\" href=\"https:\/\/goodmoodmeals.com\/lv\/precu-nosutisana-piegade\/\" >\t<div class=\"icon-box featured-box icon-box-center text-center\"  >\n\t\t\t\t\t<div class=\"icon-box-img\" style=\"width: 48px\">\n\t\t\t\t<div class=\"icon\">\n\t\t\t\t\t<div class=\"icon-inner\" >\n\t\t\t\t\t\t<img decoding=\"async\" width=\"96\" height=\"96\" src=\"https:\/\/goodmoodmeals.com\/wp-content\/uploads\/2024\/10\/truck-line-2.png\" class=\"attachment-medium size-medium\" alt=\"\" \/>\t\t\t\t\t<\/div>\n\t\t\t\t<\/div>\n\t\t\t<\/div>\n\t\t\t\t<div class=\"icon-box-text last-reset\">\n\t\t\t\t\t\t\t\t\t\n\n<h3>Pieg\u0101de<\/h3>\n\n\t\t<\/div>\n\t<\/div>\n\t<\/a>\n\t\n\n\t\t<\/div>\n\t\t\t\t\t<\/div>\n\n\t\n\n\t<div id=\"col-1486912901\" class=\"col medium-6 small-12 large-4\"  data-animate=\"bounceInUp\">\n\t\t\t\t<div class=\"col-inner\"  >\n\t\t\t\n\t\t\t\n\n\n\t<a class=\"plain\" href=\"https:\/\/goodmoodmeals.com\/lv\/maksajumi\/\" >\t<div class=\"icon-box featured-box icon-box-center text-center\"  >\n\t\t\t\t\t<div class=\"icon-box-img\" style=\"width: 48px\">\n\t\t\t\t<div class=\"icon\">\n\t\t\t\t\t<div class=\"icon-inner\" >\n\t\t\t\t\t\t<img decoding=\"async\" width=\"96\" height=\"96\" src=\"https:\/\/goodmoodmeals.com\/wp-content\/uploads\/2024\/10\/bank-card-2-line.png\" class=\"attachment-medium size-medium\" alt=\"\" \/>\t\t\t\t\t<\/div>\n\t\t\t\t<\/div>\n\t\t\t<\/div>\n\t\t\t\t<div class=\"icon-box-text last-reset\">\n\t\t\t\t\t\t\t\t\t\n\n<h3>Maks\u0101jumi<\/h3>\n\n\t\t<\/div>\n\t<\/div>\n\t<\/a>\n\t\n\n\t\t<\/div>\n\t\t\t\t\t<\/div>\n\n\t\n\n\t<div id=\"col-944167863\" class=\"col medium-6 small-12 large-4\"  data-animate=\"bounceInUp\">\n\t\t\t\t<div class=\"col-inner\"  >\n\t\t\t\n\t\t\t\n\n\n\t<a class=\"plain\" href=\"https:\/\/goodmoodmeals.com\/lv\/atmaksasanas-un-atgriesanas-politika\/\" >\t<div class=\"icon-box featured-box icon-box-center text-center\"  >\n\t\t\t\t\t<div class=\"icon-box-img\" style=\"width: 48px\">\n\t\t\t\t<div class=\"icon\">\n\t\t\t\t\t<div class=\"icon-inner\" >\n\t\t\t\t\t\t<img decoding=\"async\" width=\"96\" height=\"96\" src=\"https:\/\/goodmoodmeals.com\/wp-content\/uploads\/2024\/10\/arrow-left-right-line.png\" class=\"attachment-medium size-medium\" alt=\"\" \/>\t\t\t\t\t<\/div>\n\t\t\t\t<\/div>\n\t\t\t<\/div>\n\t\t\t\t<div class=\"icon-box-text last-reset\">\n\t\t\t\t\t\t\t\t\t\n\n<h3>Atgrie\u017e<\/h3>\n\n\t\t<\/div>\n\t<\/div>\n\t<\/a>\n\t\n\n\t\t<\/div>\n\t\t\t\t\t<\/div>\n\n\t\n\n\t<div id=\"col-1522331123\" class=\"col medium-6 small-12 large-4\"  data-animate=\"bounceInUp\">\n\t\t\t\t<div class=\"col-inner\"  >\n\t\t\t\n\t\t\t\n\n\n\t<a class=\"plain\" href=\"https:\/\/goodmoodmeals.com\/my-account\/orders\/\" >\t<div class=\"icon-box featured-box icon-box-center text-center\"  >\n\t\t\t\t\t<div class=\"icon-box-img\" style=\"width: 48px\">\n\t\t\t\t<div class=\"icon\">\n\t\t\t\t\t<div class=\"icon-inner\" >\n\t\t\t\t\t\t<img decoding=\"async\" width=\"96\" height=\"96\" src=\"https:\/\/goodmoodmeals.com\/wp-content\/uploads\/2024\/10\/archive-line.png\" class=\"attachment-medium size-medium\" alt=\"\" \/>\t\t\t\t\t<\/div>\n\t\t\t\t<\/div>\n\t\t\t<\/div>\n\t\t\t\t<div class=\"icon-box-text last-reset\">\n\t\t\t\t\t\t\t\t\t\n\n<h3>Pas\u016bt\u012bjumi<\/h3>\n\n\t\t<\/div>\n\t<\/div>\n\t<\/a>\n\t\n\n\t\t<\/div>\n\t\t\t\t\t<\/div>\n\n\t\n\n\t<div id=\"col-1738626975\" class=\"col medium-6 small-12 large-4\"  data-animate=\"bounceInUp\">\n\t\t\t\t<div class=\"col-inner\"  >\n\t\t\t\n\t\t\t\n\n\n\t<a class=\"plain\" href=\"https:\/\/goodmoodmeals.com\/my-account\/edit-account\/\" >\t<div class=\"icon-box featured-box icon-box-center text-center\"  >\n\t\t\t\t\t<div class=\"icon-box-img\" style=\"width: 48px\">\n\t\t\t\t<div class=\"icon\">\n\t\t\t\t\t<div class=\"icon-inner\" >\n\t\t\t\t\t\t<img decoding=\"async\" width=\"96\" height=\"96\" src=\"https:\/\/goodmoodmeals.com\/wp-content\/uploads\/2024\/10\/user-smile-line.png\" class=\"attachment-medium size-medium\" alt=\"\" \/>\t\t\t\t\t<\/div>\n\t\t\t\t<\/div>\n\t\t\t<\/div>\n\t\t\t\t<div class=\"icon-box-text last-reset\">\n\t\t\t\t\t\t\t\t\t\n\n<h3>Konts<\/h3>\n\n\t\t<\/div>\n\t<\/div>\n\t<\/a>\n\t\n\n\t\t<\/div>\n\t\t\t\t\t<\/div>\n\n\t\n\n\t<div id=\"col-1289467525\" class=\"col medium-6 small-12 large-4\"  data-animate=\"bounceInUp\">\n\t\t\t\t<div class=\"col-inner\"  >\n\t\t\t\n\t\t\t\n\n\n\t<a class=\"plain\" href=\"https:\/\/goodmoodmeals.com\/lv\/noteikumi-un-nosacijumi\/\" >\t<div class=\"icon-box featured-box icon-box-center text-center\"  >\n\t\t\t\t\t<div class=\"icon-box-img\" style=\"width: 48px\">\n\t\t\t\t<div class=\"icon\">\n\t\t\t\t\t<div class=\"icon-inner\" >\n\t\t\t\t\t\t<img decoding=\"async\" width=\"96\" height=\"96\" src=\"https:\/\/goodmoodmeals.com\/wp-content\/uploads\/2024\/10\/file-list-line.png\" class=\"attachment-medium size-medium\" alt=\"\" \/>\t\t\t\t\t<\/div>\n\t\t\t\t<\/div>\n\t\t\t<\/div>\n\t\t\t\t<div class=\"icon-box-text last-reset\">\n\t\t\t\t\t\t\t\t\t\n\n<h3>Noteikumi<\/h3>\n\n\t\t<\/div>\n\t<\/div>\n\t<\/a>\n\t\n\n\t\t<\/div>\n\t\t\t\t\t<\/div>\n\n\t\n\n\n<style>\n#row-1397106220 > .col > .col-inner {\n  padding: 40px 40px 40px 40px;\n  background-color: rgb(255,255,255);\n  border-radius: 20px;\n}\n<\/style>\n<\/div>\n\n\t\t<\/div>\n\n\t\t\n<style>\n#section_1683882059 {\n  padding-top: 60px;\n  padding-bottom: 60px;\n  background-color: rgb(250, 250, 250);\n}\n<\/style>\n\t<\/section>\n\t\n\n\t<section class=\"section\" id=\"section_602414231\">\n\t\t<div class=\"section-bg fill\" >\n\t\t\t\t\t\t\t\t\t\n\t\t\t\n\n\t\t<\/div>\n\n\t\t\n\n\t\t<div class=\"section-content relative\">\n\t\t\t\n\n<div class=\"row\"  id=\"row-1633750139\">\n\n\n\t<div id=\"col-2034549738\" class=\"col small-12 large-12\"  >\n\t\t\t\t<div class=\"col-inner text-center\"  >\n\t\t\t\n\t\t\t\n\n<h3>Tendenci\u0101lie raksti<\/h3>\n\n\t\t<\/div>\n\t\t\t\t\t<\/div>\n\n\t\n\n<\/div>\n<div class=\"row\"  id=\"row-1973930839\">\n\n\n\t<div id=\"col-1247840036\" class=\"col medium-12 small-12 large-6\"  >\n\t\t\t\t<div class=\"col-inner\"  >\n\t\t\t\n\t\t\t\n\n<div class=\"accordion\">\n\n\t<div id=\"accordion-693025029\" class=\"accordion-item\">\n\t\t<a id=\"accordion-693025029-label\" class=\"accordion-title plain\" href=\"#accordion-item-how-it&#039;s-made\" aria-expanded=\"false\" aria-controls=\"accordion-693025029-content\">\n\t\t\t<button class=\"toggle\" aria-label=\"Toggle\"><i class=\"icon-angle-down\" aria-hidden=\"true\"><\/i><\/button>\n\t\t\t<span>How it's made<\/span>\n\t\t<\/a>\n\t\t<div id=\"accordion-693025029-content\" class=\"accordion-inner\" aria-labelledby=\"accordion-693025029-label\">\n\t\t\t\n\n<p>At <strong>Good Mood Meals<\/strong>, we take pride in every step of the process to deliver meals that are delicious, nutritious, and perfect for any adventure.<\/p>\n<ol>\n<li><strong>Fresh Ingredients<\/strong>: We start with high-quality, fresh ingredients selected for their taste and nutritional value.<\/li>\n<li><strong>Homemade Cooking<\/strong>: All meals are carefully prepared and cooked by us in our own facility, ensuring the best flavors and quality in every dish.<\/li>\n<li><strong>Freeze-Drying Process<\/strong>: Once cooked to perfection, the meals are freeze-dried at our facility using advanced technology. This removes moisture while locking in nutrients, taste, and texture.<\/li>\n<li><strong>Packaging<\/strong>: The freeze-dried meals are sealed in lightweight, airtight packaging to stay fresh, easy to transport, and ready whenever you need them.<\/li>\n<\/ol>\n<p>With Good Mood Meals, you get wholesome, homemade meals, perfectly preserved for your next adventure \u2013 just add water and enjoy!<\/p>\n\n\t\t<\/div>\n\t<\/div>\n\t\n\t<div id=\"accordion-570071668\" class=\"accordion-item\">\n\t\t<a id=\"accordion-570071668-label\" class=\"accordion-title plain\" href=\"#accordion-item-kas-ir-\u017e\u0101v\u0113\u0161ana-ar-sasald\u0113\u0161anu?\" aria-expanded=\"false\" aria-controls=\"accordion-570071668-content\">\n\t\t\t<button class=\"toggle\" aria-label=\"Toggle\"><i class=\"icon-angle-down\" aria-hidden=\"true\"><\/i><\/button>\n\t\t\t<span>Kas ir \u017e\u0101v\u0113\u0161ana ar sasald\u0113\u0161anu?<\/span>\n\t\t<\/a>\n\t\t<div id=\"accordion-570071668-content\" class=\"accordion-inner\" aria-labelledby=\"accordion-570071668-label\">\n\t\t\t\n\n<p>Good Mood Meals koncepcija ir liofiliz\u0101cija. \u0160is process ietver \u016bdens sublim\u0101ciju no ledus l\u012bdz tvaikiem, apejot \u0161\u0137idro st\u0101vokli, un p\u0113c tam \u016bdens tiek atdal\u012bts no saus\u0101 sl\u0101\u0146a. T\u0101d\u0113j\u0101di tiek saglab\u0101ti aptuveni 97 % malt\u012b\u0161u uzturv\u0113rt\u012bbas un nodro\u0161in\u0101ts l\u012bdz pat 7 gadu der\u012bguma termi\u0146\u0161.  <\/p>\n\n\t\t<\/div>\n\t<\/div>\n\t\n\t<div id=\"accordion-207802791\" class=\"accordion-item\">\n\t\t<a id=\"accordion-207802791-label\" class=\"accordion-title plain\" href=\"#accordion-item-k\u0101-sagatavot-produktus?\" aria-expanded=\"false\" aria-controls=\"accordion-207802791-content\">\n\t\t\t<button class=\"toggle\" aria-label=\"Toggle\"><i class=\"icon-angle-down\" aria-hidden=\"true\"><\/i><\/button>\n\t\t\t<span>K\u0101 sagatavot produktus?<\/span>\n\t\t<\/a>\n\t\t<div id=\"accordion-207802791-content\" class=\"accordion-inner\" aria-labelledby=\"accordion-207802791-label\">\n\t\t\t\n\n<div style=\"width: 700px;\" class=\"wp-video\"><video class=\"wp-video-shortcode\" id=\"video-1869-1\" width=\"700\" height=\"700\" preload=\"metadata\" controls=\"controls\"><source type=\"video\/mp4\" src=\"https:\/\/goodmoodmeals.com\/wp-content\/uploads\/2024\/10\/gmm_velo_ver2-copy-RESIZE-Videobolt.net_.mp4?_=1\" \/><a href=\"https:\/\/goodmoodmeals.com\/wp-content\/uploads\/2024\/10\/gmm_velo_ver2-copy-RESIZE-Videobolt.net_.mp4\">https:\/\/goodmoodmeals.com\/wp-content\/uploads\/2024\/10\/gmm_velo_ver2-copy-RESIZE-Videobolt.net_.mp4<\/a><\/video><\/div>\n\t<div id=\"text-3412970877\" class=\"text\">\n\t\t\n\n\n\t\t\n<style>\n#text-3412970877 {\n  font-size: 0.95rem;\n  text-align: center;\n}\n<\/style>\n\t<\/div>\n\t\n\n\t\t<\/div>\n\t<\/div>\n\t\n\t<div id=\"accordion-2500573882\" class=\"accordion-item\">\n\t\t<a id=\"accordion-2500573882-label\" class=\"accordion-title plain\" href=\"#accordion-item-freeze-dried-vs-dehydrated\" aria-expanded=\"false\" aria-controls=\"accordion-2500573882-content\">\n\t\t\t<button class=\"toggle\" aria-label=\"Toggle\"><i class=\"icon-angle-down\" aria-hidden=\"true\"><\/i><\/button>\n\t\t\t<span>Freeze-dried vs Dehydrated<\/span>\n\t\t<\/a>\n\t\t<div id=\"accordion-2500573882-content\" class=\"accordion-inner\" aria-labelledby=\"accordion-2500573882-label\">\n\t\t\t\n\n\n  \n    <div id=\"row-1242721005\" class=\"slider slider-auto-height row-collapse slider-nav-circle\" data-flickity-options='{&quot;imagesLoaded&quot;: true, &quot;dragThreshold&quot; : 5, &quot;cellAlign&quot;: &quot;left&quot;,&quot;wrapAround&quot;: true,&quot;prevNextButtons&quot;: true,&quot;percentPosition&quot;: true,&quot;pageDots&quot;: false, &quot;rightToLeft&quot;: false, &quot;autoPlay&quot; : false}'>\n\n  <div class=\"col post-item\" >\n\t\t\t<div class=\"col-inner\">\n\t\t\t\t<div class=\"box box-overlay dark box-text-bottom box-blog-post has-hover\">\n            \t\t\t\t\t<div class=\"box-image\" >\n  \t\t\t\t\t\t<div class=\"image-overlay-remove image-cover\" style=\"padding-top:56%;\">\n\t\t\t\t\t\t\t<a href=\"https:\/\/goodmoodmeals.com\/lv\/freeze-dried-meals-vs-dehydrated-meals-what-sets-them-apart\/\" class=\"plain\" aria-label=\"Freeze-Dried Meals vs. Dehydrated Meals: What Sets Them Apart?\">\n\t\t\t\t\t\t\t\t<img decoding=\"async\" width=\"1020\" height=\"534\" src=\"https:\/\/goodmoodmeals.com\/wp-content\/uploads\/2024\/12\/Difference-And-Comparison-Between-Coffee-And-Tea-Facebook-Post-1200-x-628-px-1-1024x536.png\" class=\"attachment-large size-large wp-post-image\" alt=\"\" srcset=\"https:\/\/goodmoodmeals.com\/wp-content\/uploads\/2024\/12\/Difference-And-Comparison-Between-Coffee-And-Tea-Facebook-Post-1200-x-628-px-1-1024x536.png 1024w, https:\/\/goodmoodmeals.com\/wp-content\/uploads\/2024\/12\/Difference-And-Comparison-Between-Coffee-And-Tea-Facebook-Post-1200-x-628-px-1-300x157.png 300w, https:\/\/goodmoodmeals.com\/wp-content\/uploads\/2024\/12\/Difference-And-Comparison-Between-Coffee-And-Tea-Facebook-Post-1200-x-628-px-1-768x402.png 768w, https:\/\/goodmoodmeals.com\/wp-content\/uploads\/2024\/12\/Difference-And-Comparison-Between-Coffee-And-Tea-Facebook-Post-1200-x-628-px-1-1536x804.png 1536w, https:\/\/goodmoodmeals.com\/wp-content\/uploads\/2024\/12\/Difference-And-Comparison-Between-Coffee-And-Tea-Facebook-Post-1200-x-628-px-1-510x267.png 510w, https:\/\/goodmoodmeals.com\/wp-content\/uploads\/2024\/12\/Difference-And-Comparison-Between-Coffee-And-Tea-Facebook-Post-1200-x-628-px-1.png 1650w\" sizes=\"(max-width: 1020px) 100vw, 1020px\" \/>\t\t\t\t\t\t\t<\/a>\n  \t\t\t\t\t\t\t<div class=\"overlay\" style=\"background-color: rgba(0, 0, 0, 0.09)\"><\/div>  \t\t\t\t\t\t\t  \t\t\t\t\t\t<\/div>\n  \t\t\t\t\t\t  \t\t\t\t\t<\/div>\n          \t\t\t\t\t<div class=\"box-text show-on-hover hover-bounce text-center is-large\" style=\"padding:10% 0px 10% 0px;\">\n\t\t\t\t\t<div class=\"box-text-inner blog-post-inner\">\n\n\t\t\t\t\t\n\t\t\t\t\t\t\t\t\t\t\t<p class=\"cat-label tag-label is-xxsmall op-7 uppercase\">\n\t\t\t\t\tUncategorized @lv \t\t\t\t\t<\/p>\n\t\t\t\t\t\t\t\t\t\t<h5 class=\"post-title is-large \">\n\t\t\t\t\t\t<a href=\"https:\/\/goodmoodmeals.com\/lv\/freeze-dried-meals-vs-dehydrated-meals-what-sets-them-apart\/\" class=\"plain\">Freeze-Dried Meals vs. Dehydrated Meals: What Sets Them Apart?<\/a>\n\t\t\t\t\t<\/h5>\n\t\t\t\t\t<div class=\"post-meta is-small op-8\">Decembris 2, 2024<\/div>\t\t\t\t\t<div class=\"is-divider\"><\/div>\n\t\t\t\t\t                    \n\t\t\t\t\t\n\t\t\t\t\t\n\t\t\t\t\t<\/div>\n\t\t\t\t\t<\/div>\n\t\t\t\t\t\t\t\t\t<\/div>\n\t\t\t<\/div>\n\t\t<\/div><\/div>\n\n\n\t\t<\/div>\n\t<\/div>\n\t\n\n<\/div>\n\n\t\t<\/div>\n\t\t\t\t\t<\/div>\n\n\t\n\n\t<div id=\"col-482672286\" class=\"col medium-12 small-12 large-6\"  >\n\t\t\t\t<div class=\"col-inner\"  >\n\t\t\t\n\t\t\t\n\n<div class=\"accordion\">\n\n\t<div id=\"accordion-3066403156\" class=\"accordion-item\">\n\t\t<a id=\"accordion-3066403156-label\" class=\"accordion-title plain\" href=\"#accordion-item-ko-dar\u012bt,-ja-man-ir-j\u0101maina-pieg\u0101des-adrese?\" aria-expanded=\"false\" aria-controls=\"accordion-3066403156-content\">\n\t\t\t<button class=\"toggle\" aria-label=\"Toggle\"><i class=\"icon-angle-down\" aria-hidden=\"true\"><\/i><\/button>\n\t\t\t<span>Ko dar\u012bt, ja man ir j\u0101maina pieg\u0101des adrese?<\/span>\n\t\t<\/a>\n\t\t<div id=\"accordion-3066403156-content\" class=\"accordion-inner\" aria-labelledby=\"accordion-3066403156-label\">\n\t\t\t\n\n<p>Ja jums ir nepiecie\u0161ams atjaunin\u0101t pieg\u0101des adresi, p\u0113c iesp\u0113jas \u0101tr\u0101k sazinieties ar m\u016bsu klientu atbalsta komandu. Ja j\u016bsu pas\u016bt\u012bjums nav nos\u016bt\u012bts, m\u0113s atjaunin\u0101sim datn\u0113 eso\u0161o adresi. Pas\u016bt\u012bjumiem, kas jau ir nos\u016bt\u012bti, m\u0113s dar\u012bsim visu iesp\u0113jamo, lai pal\u012bdz\u0113tu, ta\u010du izmai\u0146as ne vienm\u0113r ir iesp\u0113jamas.  <\/p>\n\n\t\t<\/div>\n\t<\/div>\n\t\n\t<div id=\"accordion-2048063889\" class=\"accordion-item\">\n\t\t<a id=\"accordion-2048063889-label\" class=\"accordion-title plain\" href=\"#accordion-item-kas-notiek-ar-maniem-personas-datiem?\" aria-expanded=\"false\" aria-controls=\"accordion-2048063889-content\">\n\t\t\t<button class=\"toggle\" aria-label=\"Toggle\"><i class=\"icon-angle-down\" aria-hidden=\"true\"><\/i><\/button>\n\t\t\t<span>Kas notiek ar maniem personas datiem?<\/span>\n\t\t<\/a>\n\t\t<div id=\"accordion-2048063889-content\" class=\"accordion-inner\" aria-labelledby=\"accordion-2048063889-label\">\n\t\t\t\n\n<p>M\u0113s apkopojam tikai nepiecie\u0161amos datus, lai apstr\u0101d\u0101tu pas\u016bt\u012bjumus un uzlabotu j\u016bsu pieredzi. J\u016bsu inform\u0101cija nekad netiek kop\u012bgota vai p\u0101rdota, un m\u0113s iev\u0113rojam stingrus dro\u0161\u012bbas pas\u0101kumus. S\u012bk\u0101ku inform\u0101ciju skatiet m\u016bsu <a href=\"https:\/\/goodmoodmeals.com\/lv\/konfidencialitates-politika\/\">konfidencialit\u0101tes politik\u0101<\/a>.  <\/p>\n\n\t\t<\/div>\n\t<\/div>\n\t\n\t<div id=\"accordion-4284037025\" class=\"accordion-item\">\n\t\t<a id=\"accordion-4284037025-label\" class=\"accordion-title plain\" href=\"#accordion-item-vai-es-varu-sa\u0146emt-pieg\u0101di-taj\u0101-pa\u0161\u0101-dien\u0101?\" aria-expanded=\"false\" aria-controls=\"accordion-4284037025-content\">\n\t\t\t<button class=\"toggle\" aria-label=\"Toggle\"><i class=\"icon-angle-down\" aria-hidden=\"true\"><\/i><\/button>\n\t\t\t<span>Vai es varu sa\u0146emt pieg\u0101di taj\u0101 pa\u0161\u0101 dien\u0101?<\/span>\n\t\t<\/a>\n\t\t<div id=\"accordion-4284037025-content\" class=\"accordion-inner\" aria-labelledby=\"accordion-4284037025-label\">\n\t\t\t\n\n<p data-start=\"0\" data-end=\"199\">We do not currently offer same-day delivery. Standard delivery times vary depending on your location, but we strive to process and ship orders as quickly as possible, no later than within 24 hours.<\/p>\n<p data-start=\"201\" data-end=\"370\" data-is-last-node=\"\">For expedited delivery options, please check our available shipping methods at checkout or contact us via email or phone: <strong data-start=\"323\" data-end=\"349\"><a rel=\"noopener\" data-start=\"325\" data-end=\"347\">info@goodmoodmeals.com<\/a><\/strong> | <strong data-start=\"352\" data-end=\"369\">+371 20018946<\/strong>.<\/p>\n\n\t\t<\/div>\n\t<\/div>\n\t\n\n<\/div>\n\n\t\t<\/div>\n\t\t\t\t\t<\/div>\n\n\t\n\n<\/div>\n<div class=\"row\"  id=\"row-1447074817\">\n\n\n\t<div id=\"col-93057616\" class=\"col small-12 large-12\"  >\n\t\t\t\t<div class=\"col-inner text-center\" style=\"background-color:rgb(255, 255, 255);\" >\n\t\t\t\n\t\t\t\n\n<h3>  Joproj\u0101m ir jaut\u0101jumi?<br><\/h3>\n<p>L\u016bdzu, sazinieties ar mums, lai uzzin\u0101tu vair\u0101k.<\/p>\n<a href=\"https:\/\/goodmoodmeals.com\/lv\/atbalsts\/\" class=\"button primary\" style=\"border-radius:5px;padding:10px 30px 10px 30px;\">\n\t\t<span>Sazinieties ar mums<\/span>\n\t<\/a>\n\n\n\n\t\t<\/div>\n\t\t\t\t\n<style>\n#col-93057616 > .col-inner {\n  padding: 40px 40px 40px 40px;\n  margin: 40px 0px 0px 0px;\n  border-radius: 20px;\n}\n<\/style>\n\t<\/div>\n\n\t\n\n<\/div>\n\n\t\t<\/div>\n\n\t\t\n<style>\n#section_602414231 {\n  padding-top: 80px;\n  padding-bottom: 80px;\n}\n<\/style>\n\t<\/section>\n\t\n\n","protected":false},"excerpt":{"rendered":"","protected":false},"author":1,"featured_media":0,"parent":0,"menu_order":0,"comment_status":"closed","ping_status":"closed","template":"page-blank.php","meta":{"footnotes":""},"class_list":["post-1869","page","type-page","status-publish","hentry"],"_links":{"self":[{"href":"https:\/\/goodmoodmeals.com\/lv\/wp-json\/wp\/v2\/pages\/1869","targetHints":{"allow":["GET"]}}],"collection":[{"href":"https:\/\/goodmoodmeals.com\/lv\/wp-json\/wp\/v2\/pages"}],"about":[{"href":"https:\/\/goodmoodmeals.com\/lv\/wp-json\/wp\/v2\/types\/page"}],"author":[{"embeddable":true,"href":"https:\/\/goodmoodmeals.com\/lv\/wp-json\/wp\/v2\/users\/1"}],"replies":[{"embeddable":true,"href":"https:\/\/goodmoodmeals.com\/lv\/wp-json\/wp\/v2\/comments?post=1869"}],"version-history":[{"count":0,"href":"https:\/\/goodmoodmeals.com\/lv\/wp-json\/wp\/v2\/pages\/1869\/revisions"}],"wp:attachment":[{"href":"https:\/\/goodmoodmeals.com\/lv\/wp-json\/wp\/v2\/media?parent=1869"}],"curies":[{"name":"wp","href":"https:\/\/api.w.org\/{rel}","templated":true}]}}