{"id":1867,"date":"2024-10-17T10:59:11","date_gmt":"2024-10-17T07:59:11","guid":{"rendered":"https:\/\/goodmoodmeals.com\/blogs\/"},"modified":"2024-11-01T15:29:42","modified_gmt":"2024-11-01T15:29:42","slug":"blogs","status":"publish","type":"page","link":"https:\/\/goodmoodmeals.com\/lv\/blogs\/","title":{"rendered":"Blogs"},"content":{"rendered":"\n\n  \n    <div class=\"row large-columns-1 medium-columns-1 small-columns-1 row-full-width slider row-slider slider-nav-reveal slider-nav-push\"  data-flickity-options='{&quot;imagesLoaded&quot;: true, &quot;groupCells&quot;: &quot;100%&quot;, &quot;dragThreshold&quot; : 5, &quot;cellAlign&quot;: &quot;left&quot;,&quot;wrapAround&quot;: true,&quot;prevNextButtons&quot;: true,&quot;percentPosition&quot;: true,&quot;pageDots&quot;: false, &quot;rightToLeft&quot;: false, &quot;autoPlay&quot; : false}' >\n\n  <div class=\"col post-item\" >\n\t\t\t<div class=\"col-inner\">\n\t\t\t\t<div class=\"box box-default box-text-bottom box-blog-post has-hover\">\n            \t\t\t\t\t<div class=\"box-image\" >\n  \t\t\t\t\t\t<div class=\"image-cover\" style=\"padding-top:56.25%;\">\n\t\t\t\t\t\t\t<a href=\"https:\/\/goodmoodmeals.com\/lv\/ka-sagatavot-liofilizetus-edienus-vienkarss-soli-pa-solim-celvedis\/\" class=\"plain\" aria-label=\"K\u0101 sagatavot liofiliz\u0113tus \u0113dienus: Vienk\u0101r\u0161s soli pa solim ce\u013cvedis\">\n\t\t\t\t\t\t\t\t<img decoding=\"async\" width=\"1200\" height=\"621\" src=\"https:\/\/goodmoodmeals.com\/wp-content\/uploads\/2026\/03\/goodmoodmeals_howto.webp\" class=\"attachment-original size-original wp-post-image\" alt=\"Good Mood Meals How to prepare\n\nGood Mood Meals and steaming pot of water\" srcset=\"https:\/\/goodmoodmeals.com\/wp-content\/uploads\/2026\/03\/goodmoodmeals_howto.webp 1200w, https:\/\/goodmoodmeals.com\/wp-content\/uploads\/2026\/03\/goodmoodmeals_howto-300x155.webp 300w, https:\/\/goodmoodmeals.com\/wp-content\/uploads\/2026\/03\/goodmoodmeals_howto-1024x530.webp 1024w, https:\/\/goodmoodmeals.com\/wp-content\/uploads\/2026\/03\/goodmoodmeals_howto-768x397.webp 768w, https:\/\/goodmoodmeals.com\/wp-content\/uploads\/2026\/03\/goodmoodmeals_howto-510x264.webp 510w\" sizes=\"(max-width: 1200px) 100vw, 1200px\" \/>\t\t\t\t\t\t\t<\/a>\n  \t\t\t\t\t\t\t  \t\t\t\t\t\t\t  \t\t\t\t\t\t<\/div>\n  \t\t\t\t\t\t  \t\t\t\t\t<\/div>\n          \t\t\t\t\t<div class=\"box-text text-center\" >\n\t\t\t\t\t<div class=\"box-text-inner blog-post-inner\">\n\n\t\t\t\t\t\n\t\t\t\t\t\t\t\t\t\t<h5 class=\"post-title is-large \">\n\t\t\t\t\t\t<a href=\"https:\/\/goodmoodmeals.com\/lv\/ka-sagatavot-liofilizetus-edienus-vienkarss-soli-pa-solim-celvedis\/\" class=\"plain\">K\u0101 sagatavot liofiliz\u0113tus \u0113dienus: Vienk\u0101r\u0161s soli pa solim ce\u013cvedis<\/a>\n\t\t\t\t\t<\/h5>\n\t\t\t\t\t\t\t\t\t\t<div class=\"is-divider\"><\/div>\n\t\t\t\t\t\t\t\t\t\t<p class=\"from_the_blog_excerpt \">\n\t\t\t\t\t\tLiofiliz\u0113to \u0113dienu ce\u013cvedis K\u0101 sagatavot liofiliz\u0113tus \u0113dienus: Vienk\u0101r\u0161s soli pa solim ce\u013cvedis Liofiliz\u0113tie \u0113dieni ir [...]\t\t\t\t\t<\/p>\n\t\t\t\t\t                    \n\t\t\t\t\t\n\t\t\t\t\t\n\t\t\t\t\t<\/div>\n\t\t\t\t\t<\/div>\n\t\t\t\t\t\t\t\t\t\t\t\t\t\t\t\t<div class=\"badge absolute top post-date badge-outline\">\n\t\t\t\t\t\t\t<div class=\"badge-inner\">\n\t\t\t\t\t\t\t\t<span class=\"post-date-day\">25<\/span><br>\n\t\t\t\t\t\t\t\t<span class=\"post-date-month is-xsmall\">Mar<\/span>\n\t\t\t\t\t\t\t<\/div>\n\t\t\t\t\t\t<\/div>\n\t\t\t\t\t\t\t\t\t<\/div>\n\t\t\t<\/div>\n\t\t<\/div><div class=\"col post-item\" >\n\t\t\t<div class=\"col-inner\">\n\t\t\t\t<div class=\"box box-default box-text-bottom box-blog-post has-hover\">\n            \t\t\t\t\t<div class=\"box-image\" >\n  \t\t\t\t\t\t<div class=\"image-cover\" style=\"padding-top:56.25%;\">\n\t\t\t\t\t\t\t<a href=\"https:\/\/goodmoodmeals.com\/lv\/kas-ir-liofilizeta-partika\/\" class=\"plain\" aria-label=\"Kas ir liofiliz\u0113ta p\u0101rtika? Sublim\u0113ts \u0113diens un malt\u012btes t\u016brismam\">\n\t\t\t\t\t\t\t\t<img decoding=\"async\" width=\"750\" height=\"750\" src=\"https:\/\/goodmoodmeals.com\/wp-content\/uploads\/2025\/12\/liofilizeta_partika.jpg\" class=\"attachment-original size-original wp-post-image\" alt=\"Liofiliz\u0113tas p\u0101rtikas ra\u017eo\u0161ana \u2013 sublim\u0113ts \u0113diens un sald\u0113ti \u017e\u0101v\u0113tas malt\u012btes no Latvijas ra\u017eot\u0101ja\" srcset=\"https:\/\/goodmoodmeals.com\/wp-content\/uploads\/2025\/12\/liofilizeta_partika.jpg 750w, https:\/\/goodmoodmeals.com\/wp-content\/uploads\/2025\/12\/liofilizeta_partika-300x300.jpg 300w, https:\/\/goodmoodmeals.com\/wp-content\/uploads\/2025\/12\/liofilizeta_partika-150x150.jpg 150w, https:\/\/goodmoodmeals.com\/wp-content\/uploads\/2025\/12\/liofilizeta_partika-510x510.jpg 510w, https:\/\/goodmoodmeals.com\/wp-content\/uploads\/2025\/12\/liofilizeta_partika-100x100.jpg 100w\" sizes=\"(max-width: 750px) 100vw, 750px\" \/>\t\t\t\t\t\t\t<\/a>\n  \t\t\t\t\t\t\t  \t\t\t\t\t\t\t  \t\t\t\t\t\t<\/div>\n  \t\t\t\t\t\t  \t\t\t\t\t<\/div>\n          \t\t\t\t\t<div class=\"box-text text-center\" >\n\t\t\t\t\t<div class=\"box-text-inner blog-post-inner\">\n\n\t\t\t\t\t\n\t\t\t\t\t\t\t\t\t\t<h5 class=\"post-title is-large \">\n\t\t\t\t\t\t<a href=\"https:\/\/goodmoodmeals.com\/lv\/kas-ir-liofilizeta-partika\/\" class=\"plain\">Kas ir liofiliz\u0113ta p\u0101rtika? Sublim\u0113ts \u0113diens un malt\u012btes t\u016brismam<\/a>\n\t\t\t\t\t<\/h5>\n\t\t\t\t\t\t\t\t\t\t<div class=\"is-divider\"><\/div>\n\t\t\t\t\t\t\t\t\t\t<p class=\"from_the_blog_excerpt \">\n\t\t\t\t\t\tKas ir liofiliz\u0113ta p\u0101rtika un k\u0101p\u0113c t\u0101 ir lab\u0101k\u0101 izv\u0113le akt\u012bvai dz\u012bvei? Liofiliz\u0113ta p\u0101rtika, ko [...]\t\t\t\t\t<\/p>\n\t\t\t\t\t                    \n\t\t\t\t\t\n\t\t\t\t\t\n\t\t\t\t\t<\/div>\n\t\t\t\t\t<\/div>\n\t\t\t\t\t\t\t\t\t\t\t\t\t\t\t\t<div class=\"badge absolute top post-date badge-outline\">\n\t\t\t\t\t\t\t<div class=\"badge-inner\">\n\t\t\t\t\t\t\t\t<span class=\"post-date-day\">18<\/span><br>\n\t\t\t\t\t\t\t\t<span class=\"post-date-month is-xsmall\">Dec<\/span>\n\t\t\t\t\t\t\t<\/div>\n\t\t\t\t\t\t<\/div>\n\t\t\t\t\t\t\t\t\t<\/div>\n\t\t\t<\/div>\n\t\t<\/div><div class=\"col post-item\" >\n\t\t\t<div class=\"col-inner\">\n\t\t\t\t<div class=\"box box-default box-text-bottom box-blog-post has-hover\">\n            \t\t\t\t\t<div class=\"box-image\" >\n  \t\t\t\t\t\t<div class=\"image-cover\" style=\"padding-top:56.25%;\">\n\t\t\t\t\t\t\t<a href=\"https:\/\/goodmoodmeals.com\/lv\/freeze-dried-meals-vs-dehydrated-meals-what-sets-them-apart\/\" class=\"plain\" aria-label=\"Freeze-Dried Meals vs. Dehydrated Meals: What Sets Them Apart?\">\n\t\t\t\t\t\t\t\t<img decoding=\"async\" width=\"1650\" height=\"864\" src=\"https:\/\/goodmoodmeals.com\/wp-content\/uploads\/2024\/12\/Difference-And-Comparison-Between-Coffee-And-Tea-Facebook-Post-1200-x-628-px-1.png\" class=\"attachment-original size-original wp-post-image\" alt=\"\" srcset=\"https:\/\/goodmoodmeals.com\/wp-content\/uploads\/2024\/12\/Difference-And-Comparison-Between-Coffee-And-Tea-Facebook-Post-1200-x-628-px-1.png 1650w, https:\/\/goodmoodmeals.com\/wp-content\/uploads\/2024\/12\/Difference-And-Comparison-Between-Coffee-And-Tea-Facebook-Post-1200-x-628-px-1-300x157.png 300w, https:\/\/goodmoodmeals.com\/wp-content\/uploads\/2024\/12\/Difference-And-Comparison-Between-Coffee-And-Tea-Facebook-Post-1200-x-628-px-1-1024x536.png 1024w, https:\/\/goodmoodmeals.com\/wp-content\/uploads\/2024\/12\/Difference-And-Comparison-Between-Coffee-And-Tea-Facebook-Post-1200-x-628-px-1-768x402.png 768w, https:\/\/goodmoodmeals.com\/wp-content\/uploads\/2024\/12\/Difference-And-Comparison-Between-Coffee-And-Tea-Facebook-Post-1200-x-628-px-1-1536x804.png 1536w, https:\/\/goodmoodmeals.com\/wp-content\/uploads\/2024\/12\/Difference-And-Comparison-Between-Coffee-And-Tea-Facebook-Post-1200-x-628-px-1-510x267.png 510w\" sizes=\"(max-width: 1650px) 100vw, 1650px\" \/>\t\t\t\t\t\t\t<\/a>\n  \t\t\t\t\t\t\t  \t\t\t\t\t\t\t  \t\t\t\t\t\t<\/div>\n  \t\t\t\t\t\t  \t\t\t\t\t<\/div>\n          \t\t\t\t\t<div class=\"box-text text-center\" >\n\t\t\t\t\t<div class=\"box-text-inner blog-post-inner\">\n\n\t\t\t\t\t\n\t\t\t\t\t\t\t\t\t\t<h5 class=\"post-title is-large \">\n\t\t\t\t\t\t<a href=\"https:\/\/goodmoodmeals.com\/lv\/freeze-dried-meals-vs-dehydrated-meals-what-sets-them-apart\/\" class=\"plain\">Freeze-Dried Meals vs. Dehydrated Meals: What Sets Them Apart?<\/a>\n\t\t\t\t\t<\/h5>\n\t\t\t\t\t\t\t\t\t\t<div class=\"is-divider\"><\/div>\n\t\t\t\t\t\t\t\t\t\t<p class=\"from_the_blog_excerpt \">\n\t\t\t\t\t\tWhen it comes to convenient, lightweight, and long-lasting food options, freeze-dried and dehydrated meals are [...]\t\t\t\t\t<\/p>\n\t\t\t\t\t                    \n\t\t\t\t\t\n\t\t\t\t\t\n\t\t\t\t\t<\/div>\n\t\t\t\t\t<\/div>\n\t\t\t\t\t\t\t\t\t\t\t\t\t\t\t\t<div class=\"badge absolute top post-date badge-outline\">\n\t\t\t\t\t\t\t<div class=\"badge-inner\">\n\t\t\t\t\t\t\t\t<span class=\"post-date-day\">02<\/span><br>\n\t\t\t\t\t\t\t\t<span class=\"post-date-month is-xsmall\">Dec<\/span>\n\t\t\t\t\t\t\t<\/div>\n\t\t\t\t\t\t<\/div>\n\t\t\t\t\t\t\t\t\t<\/div>\n\t\t\t<\/div>\n\t\t<\/div><div class=\"col post-item\" >\n\t\t\t<div class=\"col-inner\">\n\t\t\t\t<div class=\"box box-default box-text-bottom box-blog-post has-hover\">\n            \t\t\t\t\t<div class=\"box-image\" >\n  \t\t\t\t\t\t<div class=\"image-cover\" style=\"padding-top:56.25%;\">\n\t\t\t\t\t\t\t<a href=\"https:\/\/goodmoodmeals.com\/lv\/spanijas-kalnu-celu-iepazisana-ar-velosipedu-vertigi-padomi\/\" class=\"plain\" aria-label=\"Sp\u0101nijas kalnu ce\u013cu iepaz\u012b\u0161ana ar velosip\u0113du &#8211; v\u0113rt\u012bgi padomi\">\n\t\t\t\t\t\t\t\t<img decoding=\"async\" width=\"1086\" height=\"724\" src=\"https:\/\/goodmoodmeals.com\/wp-content\/uploads\/2024\/10\/52701d7d-d8c2-4ba8-8954-304a33f6ec29.jpg\" class=\"attachment-original size-original wp-post-image\" alt=\"\" srcset=\"https:\/\/goodmoodmeals.com\/wp-content\/uploads\/2024\/10\/52701d7d-d8c2-4ba8-8954-304a33f6ec29.jpg 1086w, https:\/\/goodmoodmeals.com\/wp-content\/uploads\/2024\/10\/52701d7d-d8c2-4ba8-8954-304a33f6ec29-510x340.jpg 510w, https:\/\/goodmoodmeals.com\/wp-content\/uploads\/2024\/10\/52701d7d-d8c2-4ba8-8954-304a33f6ec29-300x200.jpg 300w, https:\/\/goodmoodmeals.com\/wp-content\/uploads\/2024\/10\/52701d7d-d8c2-4ba8-8954-304a33f6ec29-1024x683.jpg 1024w, https:\/\/goodmoodmeals.com\/wp-content\/uploads\/2024\/10\/52701d7d-d8c2-4ba8-8954-304a33f6ec29-768x512.jpg 768w\" sizes=\"(max-width: 1086px) 100vw, 1086px\" \/>\t\t\t\t\t\t\t<\/a>\n  \t\t\t\t\t\t\t  \t\t\t\t\t\t\t  \t\t\t\t\t\t<\/div>\n  \t\t\t\t\t\t  \t\t\t\t\t<\/div>\n          \t\t\t\t\t<div class=\"box-text text-center\" >\n\t\t\t\t\t<div class=\"box-text-inner blog-post-inner\">\n\n\t\t\t\t\t\n\t\t\t\t\t\t\t\t\t\t<h5 class=\"post-title is-large \">\n\t\t\t\t\t\t<a href=\"https:\/\/goodmoodmeals.com\/lv\/spanijas-kalnu-celu-iepazisana-ar-velosipedu-vertigi-padomi\/\" class=\"plain\">Sp\u0101nijas kalnu ce\u013cu iepaz\u012b\u0161ana ar velosip\u0113du &#8211; v\u0113rt\u012bgi padomi<\/a>\n\t\t\t\t\t<\/h5>\n\t\t\t\t\t\t\t\t\t\t<div class=\"is-divider\"><\/div>\n\t\t\t\t\t\t\t\t\t\t<p class=\"from_the_blog_excerpt \">\n\t\t\t\t\t\t\t\t\t\t\t<\/p>\n\t\t\t\t\t                    \n\t\t\t\t\t\n\t\t\t\t\t\n\t\t\t\t\t<\/div>\n\t\t\t\t\t<\/div>\n\t\t\t\t\t\t\t\t\t\t\t\t\t\t\t\t<div class=\"badge absolute top post-date badge-outline\">\n\t\t\t\t\t\t\t<div class=\"badge-inner\">\n\t\t\t\t\t\t\t\t<span class=\"post-date-day\">17<\/span><br>\n\t\t\t\t\t\t\t\t<span class=\"post-date-month is-xsmall\">Oct<\/span>\n\t\t\t\t\t\t\t<\/div>\n\t\t\t\t\t\t<\/div>\n\t\t\t\t\t\t\t\t\t<\/div>\n\t\t\t<\/div>\n\t\t<\/div><\/div>\n\n\n  \n    <div class=\"row large-columns-5 medium-columns-3 small-columns-2 row-xsmall\" data-flatsome-instagram=\"9ff5737f9f:eyJ1c2VybmFtZSI6Imdvb2Rtb29kbWVhbHMiLCJjb2xfc3BhY2luZyI6InhzbWFsbCIsIl9pZCI6Imluc3RhZ3JhbS0xIn0=\">\n  <div class=\"col\" ><div class=\"col-inner\"><div class=\"img has-hover no-overflow\">\n\t\t\t\t\t<div class=\"dark instagram-image-container image-overlay-remove instagram-image-type--placeholder\">\n\t\t\t\t\t\t<a href=\"#\" target=\"_blank\" rel=\"noopener\" class=\"plain\" aria-label=\"Instagram image\">\n\t\t\t\t\t\t\t<img decoding=\"async\" src=\"\" alt=\"\"\/>\t\t\t\t\t\t\t\t\t\t\t\t\t\t\t\t\t\t\t\t<\/a>\n\t\t\t\t\t<\/div>\n\t\t\t\t<\/div><\/div><\/div><div class=\"col\" ><div class=\"col-inner\"><div class=\"img has-hover no-overflow\">\n\t\t\t\t\t<div class=\"dark instagram-image-container image-overlay-remove instagram-image-type--placeholder\">\n\t\t\t\t\t\t<a href=\"#\" target=\"_blank\" rel=\"noopener\" class=\"plain\" aria-label=\"Instagram image\">\n\t\t\t\t\t\t\t<img decoding=\"async\" src=\"\" alt=\"\"\/>\t\t\t\t\t\t\t\t\t\t\t\t\t\t\t\t\t\t\t\t<\/a>\n\t\t\t\t\t<\/div>\n\t\t\t\t<\/div><\/div><\/div><div class=\"col\" ><div class=\"col-inner\"><div class=\"img has-hover no-overflow\">\n\t\t\t\t\t<div class=\"dark instagram-image-container image-overlay-remove instagram-image-type--placeholder\">\n\t\t\t\t\t\t<a href=\"#\" target=\"_blank\" rel=\"noopener\" class=\"plain\" aria-label=\"Instagram image\">\n\t\t\t\t\t\t\t<img decoding=\"async\" src=\"\" alt=\"\"\/>\t\t\t\t\t\t\t\t\t\t\t\t\t\t\t\t\t\t\t\t<\/a>\n\t\t\t\t\t<\/div>\n\t\t\t\t<\/div><\/div><\/div><div class=\"col\" ><div class=\"col-inner\"><div class=\"img has-hover no-overflow\">\n\t\t\t\t\t<div class=\"dark instagram-image-container image-overlay-remove instagram-image-type--placeholder\">\n\t\t\t\t\t\t<a href=\"#\" target=\"_blank\" rel=\"noopener\" class=\"plain\" aria-label=\"Instagram image\">\n\t\t\t\t\t\t\t<img decoding=\"async\" src=\"\" alt=\"\"\/>\t\t\t\t\t\t\t\t\t\t\t\t\t\t\t\t\t\t\t\t<\/a>\n\t\t\t\t\t<\/div>\n\t\t\t\t<\/div><\/div><\/div><div class=\"col\" ><div class=\"col-inner\"><div class=\"img has-hover no-overflow\">\n\t\t\t\t\t<div class=\"dark instagram-image-container image-overlay-remove instagram-image-type--placeholder\">\n\t\t\t\t\t\t<a href=\"#\" target=\"_blank\" rel=\"noopener\" class=\"plain\" aria-label=\"Instagram image\">\n\t\t\t\t\t\t\t<img decoding=\"async\" src=\"\" alt=\"\"\/>\t\t\t\t\t\t\t\t\t\t\t\t\t\t\t\t\t\t\t\t<\/a>\n\t\t\t\t\t<\/div>\n\t\t\t\t<\/div><\/div><\/div><div class=\"col\" ><div class=\"col-inner\"><div class=\"img has-hover no-overflow\">\n\t\t\t\t\t<div class=\"dark instagram-image-container image-overlay-remove instagram-image-type--placeholder\">\n\t\t\t\t\t\t<a href=\"#\" target=\"_blank\" rel=\"noopener\" class=\"plain\" aria-label=\"Instagram image\">\n\t\t\t\t\t\t\t<img decoding=\"async\" src=\"\" alt=\"\"\/>\t\t\t\t\t\t\t\t\t\t\t\t\t\t\t\t\t\t\t\t<\/a>\n\t\t\t\t\t<\/div>\n\t\t\t\t<\/div><\/div><\/div><div class=\"col\" ><div class=\"col-inner\"><div class=\"img has-hover no-overflow\">\n\t\t\t\t\t<div class=\"dark instagram-image-container image-overlay-remove instagram-image-type--placeholder\">\n\t\t\t\t\t\t<a href=\"#\" target=\"_blank\" rel=\"noopener\" class=\"plain\" aria-label=\"Instagram image\">\n\t\t\t\t\t\t\t<img decoding=\"async\" src=\"\" alt=\"\"\/>\t\t\t\t\t\t\t\t\t\t\t\t\t\t\t\t\t\t\t\t<\/a>\n\t\t\t\t\t<\/div>\n\t\t\t\t<\/div><\/div><\/div><div class=\"col\" ><div class=\"col-inner\"><div class=\"img has-hover no-overflow\">\n\t\t\t\t\t<div class=\"dark instagram-image-container image-overlay-remove instagram-image-type--placeholder\">\n\t\t\t\t\t\t<a href=\"#\" target=\"_blank\" rel=\"noopener\" class=\"plain\" aria-label=\"Instagram image\">\n\t\t\t\t\t\t\t<img decoding=\"async\" src=\"\" alt=\"\"\/>\t\t\t\t\t\t\t\t\t\t\t\t\t\t\t\t\t\t\t\t<\/a>\n\t\t\t\t\t<\/div>\n\t\t\t\t<\/div><\/div><\/div><div class=\"col\" ><div class=\"col-inner\"><div class=\"img has-hover no-overflow\">\n\t\t\t\t\t<div class=\"dark instagram-image-container image-overlay-remove instagram-image-type--placeholder\">\n\t\t\t\t\t\t<a href=\"#\" target=\"_blank\" rel=\"noopener\" class=\"plain\" aria-label=\"Instagram image\">\n\t\t\t\t\t\t\t<img decoding=\"async\" src=\"\" alt=\"\"\/>\t\t\t\t\t\t\t\t\t\t\t\t\t\t\t\t\t\t\t\t<\/a>\n\t\t\t\t\t<\/div>\n\t\t\t\t<\/div><\/div><\/div><div class=\"col\" ><div class=\"col-inner\"><div class=\"img has-hover no-overflow\">\n\t\t\t\t\t<div class=\"dark instagram-image-container image-overlay-remove instagram-image-type--placeholder\">\n\t\t\t\t\t\t<a href=\"#\" target=\"_blank\" rel=\"noopener\" class=\"plain\" aria-label=\"Instagram image\">\n\t\t\t\t\t\t\t<img decoding=\"async\" src=\"\" alt=\"\"\/>\t\t\t\t\t\t\t\t\t\t\t\t\t\t\t\t\t\t\t\t<\/a>\n\t\t\t\t\t<\/div>\n\t\t\t\t<\/div><\/div><\/div><\/div>\n\n\n","protected":false},"excerpt":{"rendered":"","protected":false},"author":1,"featured_media":0,"parent":0,"menu_order":0,"comment_status":"closed","ping_status":"closed","template":"","meta":{"footnotes":""},"class_list":["post-1867","page","type-page","status-publish","hentry"],"_links":{"self":[{"href":"https:\/\/goodmoodmeals.com\/lv\/wp-json\/wp\/v2\/pages\/1867","targetHints":{"allow":["GET"]}}],"collection":[{"href":"https:\/\/goodmoodmeals.com\/lv\/wp-json\/wp\/v2\/pages"}],"about":[{"href":"https:\/\/goodmoodmeals.com\/lv\/wp-json\/wp\/v2\/types\/page"}],"author":[{"embeddable":true,"href":"https:\/\/goodmoodmeals.com\/lv\/wp-json\/wp\/v2\/users\/1"}],"replies":[{"embeddable":true,"href":"https:\/\/goodmoodmeals.com\/lv\/wp-json\/wp\/v2\/comments?post=1867"}],"version-history":[{"count":0,"href":"https:\/\/goodmoodmeals.com\/lv\/wp-json\/wp\/v2\/pages\/1867\/revisions"}],"wp:attachment":[{"href":"https:\/\/goodmoodmeals.com\/lv\/wp-json\/wp\/v2\/media?parent=1867"}],"curies":[{"name":"wp","href":"https:\/\/api.w.org\/{rel}","templated":true}]}}