{"id":1855,"date":"2024-10-17T10:58:19","date_gmt":"2024-10-17T07:58:19","guid":{"rendered":"https:\/\/goodmoodmeals.com\/par-mums\/"},"modified":"2026-05-07T17:25:12","modified_gmt":"2026-05-07T14:25:12","slug":"par-mums","status":"publish","type":"page","link":"https:\/\/goodmoodmeals.com\/lv\/par-mums\/","title":{"rendered":"Par mums"},"content":{"rendered":"\n\n\t<section class=\"section dark\" id=\"section_1490413845\">\n\t\t<div class=\"section-bg fill\" >\n\t\t\t\t\t\t\t\t\t<div class=\"section-bg-overlay absolute fill\"><\/div>\n\t\t\t\n\n\t\t<\/div>\n\n\t\t\n\n\t\t<div class=\"section-content relative\">\n\t\t\t\n\n\n\n<section class=\"gmm-about-page\">\n  <div class=\"gmm-about-container\">\n\n    <div class=\"gmm-about-hero\">\n      <span class=\"gmm-about-eyebrow\">KAS M\u0112S ESAM<\/span>\n      <h1>Par mums<\/h1>\n      <p class=\"gmm-about-intro\">\n        M\u0113s izveidoj\u0101m Good Mood Meals ar vienk\u0101r\u0161u p\u0101rliec\u012bbu:\n        <strong>Piedz\u012bvojumu vai p\u0101rg\u0101jienu p\u0101rtikai ir j\u0101gar\u0161o k\u0101 \u012bstam un gardam \u0113dienam.<\/strong>\n      <\/p>\n    <\/div>\n\n    <div class=\"gmm-about-story-wrap\">\n\n      <div class=\"gmm-about-brand-block\">\n        <div class=\"gmm-brand-card\">\n          <img decoding=\"async\"\n            src=\"https:\/\/goodmoodmeals.com\/wp-content\/uploads\/2024\/10\/gmmLogoFooter.svg\"\n            alt=\"Good Mood Meals logo\"\n            class=\"gmm-brand-logo\"\n          \/>\n\n          <div class=\"gmm-company-details\">\n            <h3>Uz\u0146\u0113muma rekviz\u012bti<\/h3>\n\n            <p><strong>AS \u201cROGA-AGRO\u201d<\/strong><\/p>\n\n            <p>\n              Re\u0123istr\u0101cijas Nr.: 40003101668<br>\n              PVN maks\u0101t\u0101ja Nr.: LV40003101668\n            <\/p>\n\n            <p>\n              L\u012bvzemes iela 11\/13<br>\n              Salaspils, Salaspils novads<br>\n              LV-2169, Latvija\n            <\/p>\n\n            <p>\n              T\u0101lrunis: <a href=\"tel:+37120018946\">+371 20018946<\/a><br>\n              E-pasts: <a href=\"mailto:info@goodmoodmeals.com\">info@goodmoodmeals.com<\/a>\n            <\/p>\n          <\/div>\n\n          <p class=\"gmm-brand-caption\">\n            \u012asts \u0113diens. Tikai viegl\u0101ks.\n          <\/p>\n\n          <div class=\"gmm-socials\">\n            <a href=\"https:\/\/www.instagram.com\/goodmoodmeals\/\" target=\"_blank\" rel=\"noopener noreferrer\" aria-label=\"Instagram\">Instagram<\/a>\n            <a href=\"https:\/\/www.facebook.com\/goodmoodmeals\/\" target=\"_blank\" rel=\"noopener noreferrer\" aria-label=\"Facebook\">Facebook<\/a>\n            <a href=\"https:\/\/www.youtube.com\/@GoodMoodMeals\" target=\"_blank\" rel=\"noopener noreferrer\" aria-label=\"YouTube\">YouTube<\/a>\n            <a href=\"https:\/\/www.linkedin.com\/company\/goodmoodmeals\" target=\"_blank\" rel=\"noopener noreferrer\" aria-label=\"LinkedIn\">LinkedIn<\/a>\n          <\/div>\n        <\/div>\n      <\/div>\n\n      <div class=\"gmm-about-story\">\n        <span class=\"gmm-story-badge\">K\u0101 viss s\u0101k\u0101s<\/span>\n        <h2>Rad\u012bts, balstoties uz pieredzi.<br> Rad\u012bts jebk\u0101diem apst\u0101k\u013ciem.<\/h2>\n\n        <p>\n          Ar vair\u0101k nek\u0101 30 gadu pieredzi p\u0101rtikas ra\u017eo\u0161an\u0101, milit\u0101r\u0101s p\u0101rtikas sektor\u0101 un lauksaimniec\u012bb\u0101,\n          m\u0113s izveidoj\u0101m Good Mood Meals, lai pied\u0101v\u0101tu ko lab\u0101ku. \u0112dienu, kas ir praktisks, ilgi uzglab\u0101jams\n          un patiesi baud\u0101ms.\n        <\/p>\n\n        <p>\n          Neatkar\u012bgi no t\u0101, vai esi dab\u0101, ce\u013c\u0101, str\u0101d\u0101 garas stundas, gatavojies neparedz\u0113t\u0101m situ\u0101cij\u0101m vai vienk\u0101r\u0161i tev nav laika gatavot \u2013\n          ar Good Mood Meals vari pa\u013cauties uz vienm\u0113r gardu un kvalitat\u012bvu \u0113dienu.\n        <\/p>\n\n        <p>\n          Apvienojot m\u016bsu ra\u017eo\u0161anas zin\u0101\u0161anas ar moderno liofiliz\u0101cijas tehnolo\u0123iju,\n          m\u0113s rad\u0101m \u0113dienu, kas ir viegls, ilgi uzglab\u0101jams un gatavs lieto\u0161anai jebkur\u0101 br\u012bd\u012b \u2014\n          bez konservantiem, bez liek\u0101m piedev\u0101m un bez \u012bpa\u0161\u0101m uzglab\u0101\u0161anas pras\u012bb\u0101m.\n        <\/p>\n\n        <p class=\"gmm-about-highlight\">\n          Good Mood Meals pied\u0101v\u0101 malt\u012btes no dab\u012bg\u0101m sast\u0101vda\u013c\u0101m, apvienojot sabalans\u0113tu uzturu ar \u0113rt\u012bbu \u2014 lai kur dz\u012bve tevi aizvestu.\n        <\/p>\n      <\/div>\n    <\/div>\n\n    <div class=\"gmm-about-values\">\n      <div class=\"gmm-value-card\">\n        <h3>\u012asts \u0113diens. Tikai viegl\u0101ks.<\/h3>\n        <p>\n          M\u0113s rad\u0101m \u0113dienu, ko tu patie\u0161\u0101m v\u0113lies \u0113st \u2014 nevis tikai t\u0101du, kas noder ekstr\u0113m\u0101s situ\u0101cij\u0101s.\n        <\/p>\n      <\/div>\n\n      <div class=\"gmm-value-card\">\n        <h3>Rad\u012bts \u0113rt\u012bbai un jebk\u0101diem apst\u0101k\u013ciem<\/h3>\n        <p>\n          \u0100tri pagatavojams, viegli pa\u0146emams l\u012bdzi un vienk\u0101r\u0161i uzglab\u0101jams ikdienai, ce\u013cam un piedz\u012bvojumiem.\n        <\/p>\n      <\/div>\n\n      <div class=\"gmm-value-card\">\n        <h3>Liofiliz\u0101cija &#8211; gudra p\u0101rtikas tehnolo\u0123ija<\/h3>\n        <p>\n          Liofiliz\u0101cija pal\u012bdz saglab\u0101t gar\u0161u, tekst\u016bru un uzturv\u0113rt\u012bbu gadiem ilgi, vienlaikus padarot \u0113dienu vieglu un praktisku.\n        <\/p>\n      <\/div>\n    <\/div>\n\n    <div class=\"gmm-about-stats\">\n      <div class=\"gmm-stat-card\">\n        <div class=\"gmm-stat-number\">30<\/div>\n        <div class=\"gmm-stat-text\">Gadu pieredze p\u0101rtikas ra\u017eo\u0161an\u0101<\/div>\n      <\/div>\n\n      <div class=\"gmm-stat-card\">\n        <div class=\"gmm-stat-number\">15<\/div>\n        <div class=\"gmm-stat-text\">Gadu pieredze milit\u0101ro uzturdevu risin\u0101jumos<\/div>\n      <\/div>\n\n      <div class=\"gmm-stat-card\">\n        <div class=\"gmm-stat-number\">8<\/div>\n        <div class=\"gmm-stat-text\">Gadu der\u012bguma termi\u0146\u0161 bez \u012bpa\u0161iem uzglab\u0101\u0161anas apst\u0101k\u013ciem<\/div>\n      <\/div>\n\n      <div class=\"gmm-stat-card\">\n        <div class=\"gmm-stat-number\">0<\/div>\n        <div class=\"gmm-stat-text\">Konservanti. Tikai \u012bstas sast\u0101vda\u013cas un gudra tehnolo\u0123ija.<\/div>\n      <\/div>\n    <\/div>\n\n    <div class=\"gmm-about-video-section\">\n      <div class=\"gmm-about-video-content\">\n        <span class=\"gmm-story-badge\">M\u016bsu st\u0101sts anim\u0101cij\u0101<\/span>\n        <h2>Don&#8217;t let the kitchen trap you<\/h2>\n        <p>\n          Augstas kvalit\u0101tes anim\u0101cijas st\u0101sts, ko Good Mood Meals z\u012bmolam izveidoja Sense Media \u2014\n          profesion\u0101ls digit\u0101l\u0101s anim\u0101cijas uz\u0146\u0113mums. Anim\u0101cija par\u0101da m\u016bsu ideju:\n          labam \u0113dienam ir j\u0101b\u016bt vienk\u0101r\u0161am, praktiskam un pieejamam tur, kur tas ir nepiecie\u0161ams.\n        <\/p>\n\n        <a\n          href=\"https:\/\/www.sensemedia.eu\/projects\/good-mood-meals\"\n          target=\"_blank\"\n          rel=\"noopener noreferrer\"\n          class=\"gmm-video-credit-link\"\n        >\n          Apskat\u012bt Sense Media projektu\n        <\/a>\n      <\/div>\n\n      <div class=\"gmm-about-video-wrap\">\n        <iframe\n          src=\"https:\/\/www.youtube.com\/embed\/cTBFdHfnO6c?si=yn1rPijqZp-44_lP\"\n          title=\"Ne\u013cauj virtuvei sevi iesprostot - Good Mood Meals anim\u0101cija no Sense Media\"\n          frameborder=\"0\"\n          allow=\"accelerometer; autoplay; clipboard-write; encrypted-media; gyroscope; picture-in-picture; web-share\"\n          referrerpolicy=\"strict-origin-when-cross-origin\"\n          allowfullscreen>\n        <\/iframe>\n      <\/div>\n    <\/div>\n\n  <\/div>\n<\/section>\n\n\n\t\t<\/div>\n\n\t\t\n<style>\n#section_1490413845 {\n  padding-top: 30px;\n  padding-bottom: 30px;\n  min-height: 500px;\n}\n#section_1490413845 .section-bg-overlay {\n  background-color: #2f5d3a;\n}\n<\/style>\n\t<\/section>\n\t\n\n","protected":false},"excerpt":{"rendered":"","protected":false},"author":1,"featured_media":0,"parent":0,"menu_order":0,"comment_status":"closed","ping_status":"closed","template":"page-blank.php","meta":{"footnotes":""},"class_list":["post-1855","page","type-page","status-publish","hentry"],"_links":{"self":[{"href":"https:\/\/goodmoodmeals.com\/lv\/wp-json\/wp\/v2\/pages\/1855","targetHints":{"allow":["GET"]}}],"collection":[{"href":"https:\/\/goodmoodmeals.com\/lv\/wp-json\/wp\/v2\/pages"}],"about":[{"href":"https:\/\/goodmoodmeals.com\/lv\/wp-json\/wp\/v2\/types\/page"}],"author":[{"embeddable":true,"href":"https:\/\/goodmoodmeals.com\/lv\/wp-json\/wp\/v2\/users\/1"}],"replies":[{"embeddable":true,"href":"https:\/\/goodmoodmeals.com\/lv\/wp-json\/wp\/v2\/comments?post=1855"}],"version-history":[{"count":10,"href":"https:\/\/goodmoodmeals.com\/lv\/wp-json\/wp\/v2\/pages\/1855\/revisions"}],"predecessor-version":[{"id":8725,"href":"https:\/\/goodmoodmeals.com\/lv\/wp-json\/wp\/v2\/pages\/1855\/revisions\/8725"}],"wp:attachment":[{"href":"https:\/\/goodmoodmeals.com\/lv\/wp-json\/wp\/v2\/media?parent=1855"}],"curies":[{"name":"wp","href":"https:\/\/api.w.org\/{rel}","templated":true}]}}