{"id":8581,"date":"2026-04-13T11:05:53","date_gmt":"2026-04-13T08:05:53","guid":{"rendered":"https:\/\/goodmoodmeals.com\/product\/ryziu-pudingas-su-chia-uogomis-ir-baltymais\/"},"modified":"2026-04-30T18:17:59","modified_gmt":"2026-04-30T15:17:59","slug":"ryziu-pudingas-su-chia-uogomis-ir-baltymais","status":"publish","type":"product","link":"https:\/\/goodmoodmeals.com\/lt\/product\/ryziu-pudingas-su-chia-uogomis-ir-baltymais\/","title":{"rendered":"Ry\u017ei\u0173 pudingas su chia, uogomis ir baltymais"},"content":{"rendered":"<p data-start=\"13\" data-end=\"102\">Ry\u017eiai 30 %; uogos 12 %; chia s\u0117klos 5 %; saldi <strong>grietin\u0117l\u0117<\/strong>; <strong>pienas<\/strong>; cukrus; ry\u017ei\u0173 baltymai 2 %; vanilinas<\/p>\n<p data-start=\"104\" data-end=\"113\">Alergenai<\/p>\n<p data-start=\"115\" data-end=\"138\">Sud\u0117tyje yra: Sud\u0117tyje yra pieno (grietin\u0117l\u0117s).<\/p>\n<p data-start=\"140\" data-end=\"265\" data-is-last-node=\"\" data-is-only-node=\"\">Sud\u0117tyje gali b\u016bti: kiau\u0161ini\u0173, sojos, garsty\u010di\u0173, sezamo ir kit\u0173 gr\u016bd\u0173.<br \/>\nPagaminta ir supakuota \u012fmon\u0117je, kurioje apdorojami \u0161ie alergenai.<\/p>\n","protected":false},"excerpt":{"rendered":"<p>Ry\u017eiai 30 %; uogos 12 %; chia s\u0117klos 5 %; saldi grietin\u0117l\u0117; pienas; cukrus; ry\u017ei\u0173 baltymai 2 %; vanilinas Alergenai Sud\u0117tyje yra: Sud\u0117tyje yra pieno (grietin\u0117l\u0117s). Sud\u0117tyje gali b\u016bti: kiau\u0161ini\u0173, sojos, garsty\u010di\u0173, sezamo ir kit\u0173 gr\u016bd\u0173. Pagaminta ir supakuota \u012fmon\u0117je, kurioje apdorojami \u0161ie alergenai.<\/p>\n","protected":false},"featured_media":8582,"comment_status":"open","ping_status":"closed","template":"","meta":[],"product_brand":[],"product_cat":[229,222,228],"product_tag":[],"class_list":{"0":"post-8581","1":"product","2":"type-product","3":"status-publish","4":"has-post-thumbnail","6":"product_cat-desertai","7":"product_cat-liofilizuotas-maistas","8":"product_cat-pusryciai","10":"first","11":"instock","12":"taxable","13":"shipping-taxable","14":"purchasable","15":"product-type-simple"},"_links":{"self":[{"href":"https:\/\/goodmoodmeals.com\/lt\/wp-json\/wp\/v2\/product\/8581","targetHints":{"allow":["GET"]}}],"collection":[{"href":"https:\/\/goodmoodmeals.com\/lt\/wp-json\/wp\/v2\/product"}],"about":[{"href":"https:\/\/goodmoodmeals.com\/lt\/wp-json\/wp\/v2\/types\/product"}],"replies":[{"embeddable":true,"href":"https:\/\/goodmoodmeals.com\/lt\/wp-json\/wp\/v2\/comments?post=8581"}],"wp:featuredmedia":[{"embeddable":true,"href":"https:\/\/goodmoodmeals.com\/lt\/wp-json\/wp\/v2\/media\/8582"}],"wp:attachment":[{"href":"https:\/\/goodmoodmeals.com\/lt\/wp-json\/wp\/v2\/media?parent=8581"}],"wp:term":[{"taxonomy":"product_brand","embeddable":true,"href":"https:\/\/goodmoodmeals.com\/lt\/wp-json\/wp\/v2\/product_brand?post=8581"},{"taxonomy":"product_cat","embeddable":true,"href":"https:\/\/goodmoodmeals.com\/lt\/wp-json\/wp\/v2\/product_cat?post=8581"},{"taxonomy":"product_tag","embeddable":true,"href":"https:\/\/goodmoodmeals.com\/lt\/wp-json\/wp\/v2\/product_tag?post=8581"}],"curies":[{"name":"wp","href":"https:\/\/api.w.org\/{rel}","templated":true}]}}