{"id":8576,"date":"2026-01-19T17:43:04","date_gmt":"2026-01-19T15:43:04","guid":{"rendered":"https:\/\/goodmoodmeals.com\/product\/kreminiai-vistienos-makaronai\/"},"modified":"2026-04-30T18:20:48","modified_gmt":"2026-04-30T15:20:48","slug":"kreminiai-vistienos-makaronai","status":"publish","type":"product","link":"https:\/\/goodmoodmeals.com\/lt\/product\/kreminiai-vistienos-makaronai\/","title":{"rendered":"Kreminiai vi\u0161tienos makaronai"},"content":{"rendered":"<h3>Sudedamosios dalys<\/h3>\n<p>Makaronai (45 %, kiet\u0173j\u0173 <strong>kvie\u010di\u0173<\/strong> man\u0173 kruopos, vanduo), pada\u017eas (40 %) (pada\u017eas: lydytas <strong>s\u016bris<\/strong> ( <strong>var\u0161k\u0117<\/strong>, <strong>s\u016bris<\/strong> 32,7 %, saldi grietin\u0117l\u0117, <strong>pieno<\/strong> baltymai, vanduo,<strong> sviestas,<\/strong> emulsinimo druska (E331)); morkos; saldi <strong>grietin\u0117l\u0117<\/strong>; raps\u0173 aliejus; <strong>kvietiniai<\/strong> miltai; bulvi\u0173 krakmolas; svog\u016bnai; druska; petra\u017eol\u0117s; juodieji pipirai), vi\u0161tiena (20 %).   <\/p>\n<h3>Alergenai<\/h3>\n<p><strong>Sud\u0117tyje yra:<\/strong> Pienas, glitimas<strong>(kvie\u010diai<\/strong>)<\/p>\n<p><strong>Sud\u0117tyje gali b\u016bti:<\/strong> Kiau\u0161iniai, soja, garsty\u010dios, sezamas, kiti gr\u016bdai.<\/p>\n<p><em>Pagaminta ir supakuota \u012fmon\u0117je, kurioje apdorojami \u0161ie alergenai.<\/em><\/p>\n","protected":false},"excerpt":{"rendered":"<p><strong>Kreminiai vi\u0161tienos makaronai &#8211; sotus ir raminantis maistas i\u0161 &#8222;Good Mood Meals&#8221;<\/strong><br \/>\nM\u0117gaukit\u0117s nuostabaus kreminio skonio liofilizuotais kreminiais kreminiais vi\u0161tienos makaronais, pagamintais i\u0161 \u0161velnios vi\u0161tienos, makaron\u0173 ir \u0161velnaus s\u016brio pada\u017eo su dar\u017eov\u0117mis bei \u017eolel\u0117mis. Lengvi, ilgai i\u0161liekantys ir paruo\u0161iami per kelias minutes &#8211; puikiai tinka stovyklavimui, \u017eygiams ar atsargin\u0117ms atsargoms. <\/p>\n<p>\u2713 8 met\u0173 galiojimo laikas<\/p>\n<p>\u2713 Lengvas ir greitas paruo\u0161imas<\/p>\n<p>\u2713 Kreminis, sotus ir turtingas baltym\u0173<\/p>\n<p>\u2713 Nereikia \u0161aldymo<\/p>\n","protected":false},"featured_media":8577,"comment_status":"open","ping_status":"closed","template":"","meta":[],"product_brand":[],"product_cat":[222,223],"product_tag":[],"class_list":{"0":"post-8576","1":"product","2":"type-product","3":"status-publish","4":"has-post-thumbnail","6":"product_cat-liofilizuotas-maistas","7":"product_cat-pagrindiniai-patiekalai","9":"first","10":"instock","11":"taxable","12":"shipping-taxable","13":"purchasable","14":"product-type-simple"},"_links":{"self":[{"href":"https:\/\/goodmoodmeals.com\/lt\/wp-json\/wp\/v2\/product\/8576","targetHints":{"allow":["GET"]}}],"collection":[{"href":"https:\/\/goodmoodmeals.com\/lt\/wp-json\/wp\/v2\/product"}],"about":[{"href":"https:\/\/goodmoodmeals.com\/lt\/wp-json\/wp\/v2\/types\/product"}],"replies":[{"embeddable":true,"href":"https:\/\/goodmoodmeals.com\/lt\/wp-json\/wp\/v2\/comments?post=8576"}],"wp:featuredmedia":[{"embeddable":true,"href":"https:\/\/goodmoodmeals.com\/lt\/wp-json\/wp\/v2\/media\/8577"}],"wp:attachment":[{"href":"https:\/\/goodmoodmeals.com\/lt\/wp-json\/wp\/v2\/media?parent=8576"}],"wp:term":[{"taxonomy":"product_brand","embeddable":true,"href":"https:\/\/goodmoodmeals.com\/lt\/wp-json\/wp\/v2\/product_brand?post=8576"},{"taxonomy":"product_cat","embeddable":true,"href":"https:\/\/goodmoodmeals.com\/lt\/wp-json\/wp\/v2\/product_cat?post=8576"},{"taxonomy":"product_tag","embeddable":true,"href":"https:\/\/goodmoodmeals.com\/lt\/wp-json\/wp\/v2\/product_tag?post=8576"}],"curies":[{"name":"wp","href":"https:\/\/api.w.org\/{rel}","templated":true}]}}