{"id":8572,"date":"2026-01-19T17:36:35","date_gmt":"2026-01-19T15:36:35","guid":{"rendered":"https:\/\/goodmoodmeals.com\/product\/grikiai-su-vistiena-ir-grietineles-padazu\/"},"modified":"2026-04-30T18:21:28","modified_gmt":"2026-04-30T15:21:28","slug":"grikiai-su-vistiena-ir-grietineles-padazu","status":"publish","type":"product","link":"https:\/\/goodmoodmeals.com\/lt\/product\/grikiai-su-vistiena-ir-grietineles-padazu\/","title":{"rendered":"Grikiai su vi\u0161tiena ir grietin\u0117l\u0117s pada\u017eu"},"content":{"rendered":"<h3>Sudedamosios dalys<\/h3>\n<p>Grikiai (40 %), pada\u017eas (40 %) (pada\u017eas: lydytas <strong>s\u016bris<\/strong> ( <strong>var\u0161k\u0117<\/strong>, <strong>s\u016bris<\/strong> 32,7 %, saldi <strong> grietin\u0117l\u0117<\/strong>, <strong>pieno<\/strong> baltymai, vanduo, <strong>sviestas<\/strong>, emulsinimo druska (E331)); morkos; saldi <strong>grietin\u0117l\u0117<\/strong>; raps\u0173 aliejus; <strong>kvietiniai<\/strong> miltai; bulvi\u0173 krakmolas; svog\u016bnai; druska; petra\u017eol\u0117s; juodieji pipirai), vi\u0161tiena (20 %).   <\/p>\n<h3>Alergenai<\/h3>\n<p><strong>Sud\u0117tyje yra:<\/strong> Pienas, glitimas<strong>(kvie\u010diai<\/strong>)<\/p>\n<p><strong>Sud\u0117tyje gali b\u016bti:<\/strong> Kiau\u0161iniai, soja, garsty\u010dios, sezamas, kiti gr\u016bdai.<\/p>\n<p><em>Pagaminta ir supakuota \u012fmon\u0117je, kurioje apdorojami \u0161ie alergenai.<\/em><\/p>\n","protected":false},"excerpt":{"rendered":"<p><strong>Kreminiai grikiai su vi\u0161tiena &#8211; sotus ir guod\u017eiantis maistas i\u0161 &#8222;Good Mood Meals&#8221;<\/strong><br \/>\nM\u0117gaukit\u0117s sodriu ir kreminiu \u0161altyje d\u017eiovint\u0173 griki\u0173 su vi\u0161tiena skoniu, pagamintu i\u0161 sveik\u0173 griki\u0173, \u0161velnios vi\u0161tienos ir \u0161velnaus pada\u017eo su dar\u017eov\u0117mis bei \u017eolel\u0117mis. Lengvi, ilgai i\u0161liekantys ir paruo\u0161iami per kelias minutes &#8211; puikiai tinka stovyklavimui, \u017eygiams ar atsargin\u0117ms atsargoms. <\/p>\n<p>\u2713 8 met\u0173 galiojimo laikas<\/p>\n<p>\u2713 Lengvas ir greitas paruo\u0161imas<\/p>\n<p>\u2713 Kreminis ir \u012fdaras<\/p>\n<p>\u2713 Nereikia \u0161aldymo<\/p>\n","protected":false},"featured_media":8573,"comment_status":"open","ping_status":"closed","template":"","meta":[],"product_brand":[],"product_cat":[222,223],"product_tag":[],"class_list":{"0":"post-8572","1":"product","2":"type-product","3":"status-publish","4":"has-post-thumbnail","6":"product_cat-liofilizuotas-maistas","7":"product_cat-pagrindiniai-patiekalai","9":"first","10":"instock","11":"sale","12":"taxable","13":"shipping-taxable","14":"purchasable","15":"product-type-simple"},"_links":{"self":[{"href":"https:\/\/goodmoodmeals.com\/lt\/wp-json\/wp\/v2\/product\/8572","targetHints":{"allow":["GET"]}}],"collection":[{"href":"https:\/\/goodmoodmeals.com\/lt\/wp-json\/wp\/v2\/product"}],"about":[{"href":"https:\/\/goodmoodmeals.com\/lt\/wp-json\/wp\/v2\/types\/product"}],"replies":[{"embeddable":true,"href":"https:\/\/goodmoodmeals.com\/lt\/wp-json\/wp\/v2\/comments?post=8572"}],"wp:featuredmedia":[{"embeddable":true,"href":"https:\/\/goodmoodmeals.com\/lt\/wp-json\/wp\/v2\/media\/8573"}],"wp:attachment":[{"href":"https:\/\/goodmoodmeals.com\/lt\/wp-json\/wp\/v2\/media?parent=8572"}],"wp:term":[{"taxonomy":"product_brand","embeddable":true,"href":"https:\/\/goodmoodmeals.com\/lt\/wp-json\/wp\/v2\/product_brand?post=8572"},{"taxonomy":"product_cat","embeddable":true,"href":"https:\/\/goodmoodmeals.com\/lt\/wp-json\/wp\/v2\/product_cat?post=8572"},{"taxonomy":"product_tag","embeddable":true,"href":"https:\/\/goodmoodmeals.com\/lt\/wp-json\/wp\/v2\/product_tag?post=8572"}],"curies":[{"name":"wp","href":"https:\/\/api.w.org\/{rel}","templated":true}]}}